{"id":30913,"date":"2025-06-11T20:19:31","date_gmt":"2025-06-11T18:19:31","guid":{"rendered":"https:\/\/goodstuff.com.pl\/pure-shampoo-ph-neutrales-autoshampoo-fuer-beschichteten-lack-good-stuff\/"},"modified":"2026-03-04T10:21:57","modified_gmt":"2026-03-04T09:21:57","slug":"pure-shampoo","status":"publish","type":"page","link":"https:\/\/goodstuff.com.pl\/de\/autopflege\/waschen\/pure-shampoo\/","title":{"rendered":"Pure Shampoo \u2013 pH-Neutral &#038; Versiegelungsfreundlich | Good Stuff"},"content":{"rendered":"[vc_row type=&#8221;full_width_background&#8221; full_screen_row_position=&#8221;middle&#8221; column_margin=&#8221;default&#8221; column_direction=&#8221;default&#8221; column_direction_tablet=&#8221;default&#8221; column_direction_phone=&#8221;default&#8221; bg_color=&#8221;#212121&#8243; bg_image=&#8221;27330&#8243; bg_position=&#8221;left top&#8221; background_image_loading=&#8221;lazy-load&#8221; bg_repeat=&#8221;no-repeat&#8221; scene_position=&#8221;center&#8221; top_padding=&#8221;4%&#8221; bottom_padding=&#8221;6%&#8221; text_color=&#8221;light&#8221; text_align=&#8221;left&#8221; row_border_radius=&#8221;none&#8221; row_border_radius_applies=&#8221;bg&#8221; overflow=&#8221;visible&#8221; color_overlay=&#8221;#212121&#8243; overlay_strength=&#8221;0.8&#8243; gradient_direction=&#8221;left_to_right&#8221; shape_divider_position=&#8221;bottom&#8221; bg_image_animation=&#8221;none&#8221; parallax_bg=&#8221;true&#8221; parallax_bg_speed=&#8221;fast&#8221; shape_type=&#8221;&#8221; gradient_type=&#8221;default&#8221;][vc_column column_padding=&#8221;no-extra-padding&#8221; column_padding_tablet=&#8221;inherit&#8221; column_padding_phone=&#8221;inherit&#8221; column_padding_position=&#8221;all&#8221; column_element_direction_desktop=&#8221;default&#8221; column_element_spacing=&#8221;default&#8221; desktop_text_alignment=&#8221;default&#8221; tablet_text_alignment=&#8221;default&#8221; phone_text_alignment=&#8221;default&#8221; background_color_opacity=&#8221;1&#8243; background_hover_color_opacity=&#8221;1&#8243; column_backdrop_filter=&#8221;none&#8221; column_shadow=&#8221;none&#8221; column_border_radius=&#8221;none&#8221; column_link_target=&#8221;_self&#8221; column_position=&#8221;default&#8221; gradient_direction=&#8221;left_to_right&#8221; overlay_strength=&#8221;0.3&#8243; width=&#8221;1\/1&#8243; tablet_width_inherit=&#8221;default&#8221; animation_type=&#8221;default&#8221; bg_image_animation=&#8221;none&#8221; border_type=&#8221;simple&#8221; column_border_width=&#8221;none&#8221; column_border_style=&#8221;solid&#8221;][nectar_highlighted_text text_color=&#8221;#ff7070&#8243; style=&#8221;text_outline&#8221; outline_thickness=&#8221;extra_thick&#8221; text_direction=&#8221;default&#8221; custom_font_size=&#8221;3vw&#8221;]\n<h1 data-product-id=\"125\"><em>Pure Shampoo<\/em> <span style=\"font-weight: normal; font-size: 0.8em;\">&#8211; Sicheres, stark sch\u00e4umendes Autoshampoo<\/span><\/h1>\n[\/nectar_highlighted_text][vc_row_inner column_margin=&#8221;30px&#8221; column_direction=&#8221;default&#8221; column_direction_tablet=&#8221;default&#8221; column_direction_phone=&#8221;default&#8221; text_align=&#8221;left&#8221; row_position=&#8221;default&#8221; row_position_tablet=&#8221;inherit&#8221; row_position_phone=&#8221;inherit&#8221; overflow=&#8221;visible&#8221; pointer_events=&#8221;all&#8221;][vc_column_inner column_padding=&#8221;no-extra-padding&#8221; column_padding_tablet=&#8221;inherit&#8221; column_padding_phone=&#8221;inherit&#8221; column_padding_position=&#8221;all&#8221; column_element_direction_desktop=&#8221;default&#8221; column_element_spacing=&#8221;default&#8221; desktop_text_alignment=&#8221;default&#8221; tablet_text_alignment=&#8221;default&#8221; phone_text_alignment=&#8221;default&#8221; background_color_opacity=&#8221;1&#8243; background_hover_color_opacity=&#8221;1&#8243; column_backdrop_filter=&#8221;none&#8221; column_shadow=&#8221;none&#8221; column_border_radius=&#8221;none&#8221; column_link_target=&#8221;_self&#8221; overflow=&#8221;visible&#8221; gradient_direction=&#8221;left_to_right&#8221; overlay_strength=&#8221;0.3&#8243; width=&#8221;1\/2&#8243; tablet_width_inherit=&#8221;default&#8221; animation_type=&#8221;default&#8221; bg_image_animation=&#8221;none&#8221; border_type=&#8221;simple&#8221; column_border_width=&#8221;none&#8221; column_border_style=&#8221;solid&#8221;][nectar_cta btn_style=&#8221;basic&#8221; heading_tag=&#8221;h6&#8243; border_radius=&#8221;10&#8243; button_color=&#8221;default&#8221; text_color=&#8221;#fbb921&#8243; text_color_hover=&#8221;#ffffff&#8221; button_border_color=&#8221;#fbb921&#8243; button_border_color_hover=&#8221;#ffffff&#8221; button_border_thickness=&#8221;4px&#8221; link_type=&#8221;regular&#8221; alignment=&#8221;center&#8221; alignment_tablet=&#8221;default&#8221; alignment_phone=&#8221;default&#8221; constrain_group_3=&#8221;yes&#8221; display=&#8221;block&#8221; display_tablet=&#8221;inherit&#8221; display_phone=&#8221;inherit&#8221; icon_family=&#8221;linecons&#8221; class=&#8221;buy-button&#8221; font_size_desktop=&#8221;20&#8243; link_text=&#8221;Bei autorisierten H\u00e4ndlern kaufen&#8221; padding_top=&#8221;11&#8243; padding_bottom=&#8221;11&#8243; padding_left=&#8221;11&#8243; padding_right=&#8221;11&#8243; icon_linecons=&#8221;vc_li vc_li-star&#8221;][vc_gallery css=&#8221;&#8221; type=&#8221;image_grid&#8221; images=&#8221;27759,27755,27763&#8243; image_grid_loading=&#8221;lazy-load&#8221; layout=&#8221;2&#8243; item_spacing=&#8221;5px&#8221; gallery_style=&#8221;7&#8243; load_in_animation=&#8221;none&#8221; img_size=&#8221;full&#8221;]<div id=\"ultimate-video-989269d4bf8ce8676\" class=\"ult-video  vc_custom_1746091464098 ult-adjust-bottom-margin ultimate-video-989269d4bf8ce8676 ultv-1207 \"><div class=\"ultv-video ultv-aspect-ratio-16_9 ultv-subscribe-responsive-none\" data-videotype=\"uv_iframe\">\n\t\t\t\t\t\t<div class=\"ultv-video__outer-wrap\" data-autoplay=\"0\" data-device=\"false\"  data-iconbg=\"#3A3A3A\" data-overcolor=\"\" data-defaultbg=\"#1f1f1e\" data-defaultplay=\"defaulticon\"><div class=\"ultv-video__play\" data-src=\"https:\/\/www.youtube.com\/embed\/iaqmSss73gw?rel=0&amp;start&amp;end&amp;controls=1&amp;mute=0&amp;modestbranding=0&amp;autoplay=1\">\n\t\t\t\t\t\t\t\t<img decoding=\"async\" class=\"ultv-video__thumb\" src=\"https:\/\/i.ytimg.com\/vi\/iaqmSss73gw\/maxresdefault.jpg\"\/>\n\t\t\t\t\t\t\t\t<div class=\"ultv-video__play-icon  ultv-animation-none\" style=\"width:75px\"><svg height=\"100%\" version=\"1.1\" viewBox=\"0 0 68 48\" width=\"100%\"><path class=\"ultv-youtube-icon-bg\" d=\"m .66,37.62 c 0,0 .66,4.70 2.70,6.77 2.58,2.71 5.98,2.63 7.49,2.91 5.43,.52 23.10,.68 23.12,.68 .00,-1.3e-5 14.29,-0.02 23.81,-0.71 1.32,-0.15 4.22,-0.17 6.81,-2.89 2.03,-2.07 2.70,-6.77 2.70,-6.77 0,0 .67,-5.52 .67,-11.04 l 0,-5.17 c 0,-5.52 -0.67,-11.04 -0.67,-11.04 0,0 -0.66,-4.70 -2.70,-6.77 C 62.03,.86 59.13,.84 57.80,.69 48.28,0 34.00,0 34.00,0 33.97,0 19.69,0 10.18,.69 8.85,.84 5.95,.86 3.36,3.58 1.32,5.65 .66,10.35 .66,10.35 c 0,0 -0.55,4.50 -0.66,9.45 l 0,8.36 c .10,4.94 .66,9.45 .66,9.45 z\" fill=\"#1f1f1e\" ><\/path><path d=\"m 26.96,13.67 18.37,9.62 -18.37,9.55 -0.00,-19.17 z\" fill=\"#fff\"><\/path><path d=\"M 45.02,23.46 45.32,23.28 26.96,13.67 43.32,22.34 45.02,23.46 z\" fill=\"#ccc\"><\/path><\/svg><\/div> <\/div> <\/div><div class=\"ultv-subscribe-bar ult-responsive\"  data-ultimate-target='.ult-video.ultv-1207 .ultv-subscribe-bar'  data-responsive-json-new='{\"font-size\":\"\",\"line-height\":\"\"}'  style = \"color:#fff; background-color:#1b1b1b; \">\n\t\t\t\t<div class=\"ultv-subscribe-bar-prefix\" style=\"font-weight:normal;\">Subscribe to our YouTube Channel<\/div>\n\t\t\t\t<div class=\"ultv-subscribe-content\">\n\t\t\t\t\t<script src=\"https:\/\/apis.google.com\/js\/platform.js\"><\/script> <!-- Need to be enqueued from someplace else --><div class=\"g-ytsubscribe\" data-channelid=\"UCdaZpJ6Aql4hFcnLbtO_FGg\" data-count=\"hidden\"><\/div><\/div> <\/div><\/div><\/div>[\/vc_column_inner][vc_column_inner column_padding=&#8221;padding-5-percent&#8221; column_padding_tablet=&#8221;inherit&#8221; column_padding_phone=&#8221;inherit&#8221; column_padding_position=&#8221;left-right&#8221; column_element_direction_desktop=&#8221;default&#8221; column_element_spacing=&#8221;default&#8221; desktop_text_alignment=&#8221;default&#8221; tablet_text_alignment=&#8221;default&#8221; phone_text_alignment=&#8221;default&#8221; background_color_opacity=&#8221;1&#8243; background_hover_color_opacity=&#8221;1&#8243; column_backdrop_filter=&#8221;none&#8221; column_shadow=&#8221;none&#8221; column_border_radius=&#8221;none&#8221; column_link_target=&#8221;_self&#8221; overflow=&#8221;visible&#8221; gradient_direction=&#8221;left_to_right&#8221; overlay_strength=&#8221;0.3&#8243; width=&#8221;1\/2&#8243; tablet_width_inherit=&#8221;default&#8221; animation_type=&#8221;default&#8221; bg_image_animation=&#8221;none&#8221; border_type=&#8221;simple&#8221; column_border_width=&#8221;none&#8221; column_border_style=&#8221;solid&#8221; column_padding_type=&#8221;default&#8221; gradient_type=&#8221;default&#8221;][vc_column_text css=&#8221;&#8221; text_direction=&#8221;default&#8221;]\n<h2>pH-neutrales Autoshampoo f\u00fcr beschichteten und gewachsten Lack<\/h2>\n[\/vc_column_text][vc_column_text css=&#8221;&#8221; text_direction=&#8221;default&#8221;]\n<p class=\"\" data-start=\"445\" data-end=\"752\"><strong data-start=\"445\" data-end=\"472\">Good Stuff Pure Shampoo<\/strong> ist ein hochwertiges <strong data-start=\"486\" data-end=\"512\">pH-neutrales Autoshampoo<\/strong> f\u00fcr eine sichere und effektive Fahrzeugw\u00e4sche. Der reichhaltige Schaum und die hervorragende Schmierung verringern die Reibung w\u00e4hrend des Waschvorgangs und helfen, Kratzer und Schleifspuren zu vermeiden. Damit ist es ideal f\u00fcr die Unterhaltsw\u00e4sche von lackierten oder gewachsten Fahrzeugen. <\/p>\n<p class=\"\" data-start=\"754\" data-end=\"1036\">Mit seiner sanft gleitenden Formel und dem angenehmen <strong data-start=\"799\" data-end=\"816\">Keksduft<\/strong> bietet Pure Shampoo ein \u00e4u\u00dferst angenehmes Benutzererlebnis. Sein neutraler pH-Wert gew\u00e4hrleistet die Kompatibilit\u00e4t mit keramischen Beschichtungen, Versiegelungen und herk\u00f6mmlichen Wachsen. So bleiben die Schutzschichten erhalten, w\u00e4hrend die Oberfl\u00e4che gr\u00fcndlich gereinigt wird. <\/p>\n<h3 class=\"\" data-start=\"1038\" data-end=\"1057\">\u2705 Wichtige Merkmale:<\/h3>\n<ul data-start=\"1058\" data-end=\"1388\">\n<li class=\"\" data-start=\"1058\" data-end=\"1124\">\n<p class=\"\" data-start=\"1060\" data-end=\"1124\"><strong data-start=\"1060\" data-end=\"1074\">pH-neutral<\/strong> &#8211; sicher f\u00fcr beschichtete, gewachste und ungesch\u00fctzte Lacke<\/p>\n<\/li>\n<li class=\"\" data-start=\"1125\" data-end=\"1210\">\n<p class=\"\" data-start=\"1127\" data-end=\"1210\"><strong data-start=\"1127\" data-end=\"1164\">Hervorragend sch\u00e4umend und schmierend<\/strong> &#8211; verhindert Ablagerungen und erh\u00f6ht die Waschsicherheit<\/p>\n<\/li>\n<li class=\"\" data-start=\"1211\" data-end=\"1280\">\n<p class=\"\" data-start=\"1213\" data-end=\"1280\"><strong data-start=\"1213\" data-end=\"1230\">Keksduft<\/strong> &#8211; angenehmer und unverwechselbarer Duft w\u00e4hrend der Anwendung<\/p>\n<\/li>\n<li class=\"\" data-start=\"1281\" data-end=\"1337\">\n<p class=\"\" data-start=\"1283\" data-end=\"1337\"><strong data-start=\"1283\" data-end=\"1302\">Geringe Trocknungsrate<\/strong> &#8211; reduziert das Risiko von Seifenflecken<\/p>\n<\/li>\n<li class=\"\" data-start=\"1338\" data-end=\"1388\">\n<p class=\"\" data-start=\"1340\" data-end=\"1388\"><strong data-start=\"1340\" data-end=\"1388\">Erh\u00e4ltlich in den Gr\u00f6\u00dfen 500ml, 1000ml und 5000ml<\/strong><\/p>\n<\/li>\n<\/ul>\n<hr class=\"\" data-start=\"1390\" data-end=\"1393\">\n<h3 class=\"\" data-start=\"1395\" data-end=\"1410\">Wie zu verwenden:<\/h3>\n<ol data-start=\"1411\" data-end=\"1722\">\n<li class=\"\" data-start=\"1411\" data-end=\"1466\">\n<p class=\"\" data-start=\"1414\" data-end=\"1466\">Sp\u00fclen Sie das Auto gr\u00fcndlich mit Wasser unter Druck ab<\/p>\n<\/li>\n<li class=\"\" data-start=\"1467\" data-end=\"1523\">\n<p class=\"\" data-start=\"1470\" data-end=\"1523\">Gie\u00dfen Sie <strong data-start=\"1475\" data-end=\"1521\">30-40 ml Shampoo auf 10 Liter Wasser<\/strong><\/p>\n<\/li>\n<li class=\"\" data-start=\"1524\" data-end=\"1578\">\n<p class=\"\" data-start=\"1527\" data-end=\"1578\">Mischen Sie mit einem starken Wasserstrahl, um Schaum zu erzeugen.<\/p>\n<\/li>\n<li class=\"\" data-start=\"1579\" data-end=\"1653\">\n<p class=\"\" data-start=\"1582\" data-end=\"1653\">Waschen Sie das Fahrzeug von oben nach unten mit einem Mikrofaserhandschuh oder Schwamm.<\/p>\n<\/li>\n<li class=\"\" data-start=\"1654\" data-end=\"1685\">\n<p class=\"\" data-start=\"1657\" data-end=\"1685\">Erneut unter Druck absp\u00fclen<\/p>\n<\/li>\n<li class=\"\" data-start=\"1686\" data-end=\"1722\">\n<p class=\"\" data-start=\"1689\" data-end=\"1722\">Trocknen Sie das Auto mit einem Handtuch ab<\/p>\n<\/li>\n<\/ol>\n<hr class=\"\" data-start=\"1724\" data-end=\"1727\">\n<p class=\"\" data-start=\"1729\" data-end=\"1929\"><strong data-start=\"1729\" data-end=\"1870\">Good Stuff Pure Shampoo ist die perfekte Wahl f\u00fcr Profis und Enthusiasten, die ein sicheres, effektives und angenehmes Wascherlebnis suchen.<\/strong>  Zuverl\u00e4ssig f\u00fcr alle, die Wert auf Leistung und Schutz legen.<\/p>\n[\/vc_column_text][nectar_cta btn_style=&#8221;basic&#8221; heading_tag=&#8221;h6&#8243; border_radius=&#8221;10&#8243; button_color=&#8221;default&#8221; text_color=&#8221;#fbb921&#8243; text_color_hover=&#8221;#ffffff&#8221; button_border_color=&#8221;#fbb921&#8243; button_border_color_hover=&#8221;#ffffff&#8221; button_border_thickness=&#8221;4px&#8221; link_type=&#8221;regular&#8221; alignment=&#8221;center&#8221; alignment_tablet=&#8221;default&#8221; alignment_phone=&#8221;default&#8221; constrain_group_3=&#8221;yes&#8221; display=&#8221;block&#8221; display_tablet=&#8221;inherit&#8221; display_phone=&#8221;inherit&#8221; icon_family=&#8221;linecons&#8221; class=&#8221;buy-button&#8221; font_size_desktop=&#8221;20&#8243; link_text=&#8221;Bei autorisierten H\u00e4ndlern kaufen&#8221; padding_top=&#8221;11&#8243; padding_bottom=&#8221;11&#8243; padding_left=&#8221;11&#8243; padding_right=&#8221;11&#8243; icon_linecons=&#8221;vc_li vc_li-star&#8221;]\n\t\t\t<div class=\"ult_dual_button  ult-adjust-bottom-margin to-center  \"  data-response=\"on\" id=\"ult_btn_3785209314\">\n\n\t\t\t<div id=\"dualbtn-6971\" class=\"ulitmate_dual_buttons ult-dual-btn3 ult_main_dualbtn \" data-bcolor=\"#ffffff\"data-bhcolor=\"\">\n\n\t\t\t<div class=\"ult_dualbutton-wrapper btn-inline place-template bt1 \"><a href=\"https:\/\/goodstuff.com.pl\/products\/wash\/microfiber-wash\/\" title=\"Microfiber Wash \u2013 Detailing Towel Detergent for Maximum Absorbency | Good Stuff\"  class=\"ult_ivan_button round-square with-icon icon-before with-text place-template ult_dual1\" style=\";margin-right:px;;background-color:#ffffff !important;; border-color:#ffffff;border-style:solid;border-width:2px;border-radius:35px;;\">\n\t\t\t<span class=\"ult-dual-btn-1 Style 2\" style=\"\"  data-bgcolor=\"#ffffff\" data-bghovercolor=\"#fdb713\" data-icon_color=\"#333333\" data-icon_hover_color=\"#333333\" data-textcolor=\"#333333\" data-texthovercolor=\"#333333\" data-iconbgcolor=\"transperent\" data-iconbghovercolor=\"transperent\" data-iconborder=\"transperent\" data-iconhoverborder=\"transperent\" >\n\t\t\t<span class=\"icon-simple icon-left1 ult_btn1span ult-dual-btn-no-icon\"  style=\";padding-left:0px; \"><\/span>\n\t\t\t<span class=\"text-btn ult-dual-button-title ult-responsive\"  data-ultimate-target='#dualbtn-6971 .ult-dual-button-title'  data-responsive-json-new='{\"font-size\":\"desktop:15px;\",\"line-height\":\"desktop:15px;\"}'  style=\"font-weight:normal;color:#333333;\">PREVIOUS<\/span>\n\n\t\t\t<\/span>\n\t\t\t<\/a><span class=\"middle-text\" style=\"line-height: 1.8em;color:#3d3d3b;background-color:#fdb713;border-color:#ffffff;border-width:2px;border-style:solid;border-radius:px;\">\n\t\t\t<span class=\"middle-inner\"  >or<\/span>\n\t\t\t<\/span>\n\n\t\t\t<\/div>\n\n\t\t\t<div class=\"ult_dualbutton-wrapper btn-inline place-template btn2 \"><a href=\"https:\/\/goodstuff.com.pl\/products\/wash\/snow-foam\/\" title=\"Snow Foam \u2013 pH-Neutral Thick Pre-Wash Foam for Cars | Good Stuff\"  class=\"ult_ivan_button round-square with-icon icon-after with-text place-template ult_dual2\"  style=\";background-color:#ffffff !important;;margin-left:px;;border-color:#ffffff;border-style:solid;border-width:2px;border-radius:35px;\">\n\t\t\t<span class=\"ult-dual-btn-2 Style 2\"  data-bgcolor=\"#ffffff\" data-bghovercolor=\"#fdb713\" data-icon_color=\"#333333\" data-icon_hover_color=\"#333333\" data-textcolor=\"#333333\" data-texthovercolor=\"#333333\" data-iconbgcolor=\"transperent\" data-iconbghovercolor=\"transperent\" data-iconborder=\"transperent\" data-iconhoverborder=\"transperent\" >\n\t\t\t<span class=\"text-btn ult-dual-button-title\" style=\"font-weight:normal;color:#333333;\">N\u00c4CHSTES<\/span>\n\n\t\t\t<span class=\"icon-simple icon-right2 ult_btn1span ult-dual-btn-no-icon\"  style=\";padding-left:0px; \"><\/span>\n\t\t\t<\/span>\n\t\t\t<\/a><\/div>\n\t\t\t<\/div>\n\t\t\t<\/div>[\/vc_column_inner][\/vc_row_inner][\/vc_column][\/vc_row]\n","protected":false},"excerpt":{"rendered":"<p>[vc_row type=&#8221;full_width_background&#8221; full_screen_row_position=&#8221;middle&#8221; column_margin=&#8221;default&#8221; column_direction=&#8221;default&#8221; column_direction_tablet=&#8221;default&#8221; column_direction_phone=&#8221;default&#8221; bg_color=&#8221;#212121&#8243; bg_image=&#8221;27330&#8243; bg_position=&#8221;left top&#8221; background_image_loading=&#8221;lazy-load&#8221; bg_repeat=&#8221;no-repeat&#8221; scene_position=&#8221;center&#8221; top_padding=&#8221;4%&#8221; bottom_padding=&#8221;6%&#8221; text_color=&#8221;light&#8221; text_align=&#8221;left&#8221; row_border_radius=&#8221;none&#8221; row_border_radius_applies=&#8221;bg&#8221; overflow=&#8221;visible&#8221; color_overlay=&#8221;#212121&#8243; overlay_strength=&#8221;0.8&#8243; gradient_direction=&#8221;left_to_right&#8221; shape_divider_position=&#8221;bottom&#8221; bg_image_animation=&#8221;none&#8221; parallax_bg=&#8221;true&#8221; parallax_bg_speed=&#8221;fast&#8221; shape_type=&#8221;&#8221; gradient_type=&#8221;default&#8221;][vc_column&#8230;<\/p>\n","protected":false},"author":1,"featured_media":30921,"parent":31215,"menu_order":0,"comment_status":"closed","ping_status":"closed","template":"","meta":{"footnotes":""},"class_list":["post-30913","page","type-page","status-publish","has-post-thumbnail"],"publishpress_future_action":{"enabled":false,"date":"2026-04-14 10:25:48","action":"change-status","newStatus":"draft","terms":[],"taxonomy":"translation_priority","extraData":[]},"publishpress_future_workflow_manual_trigger":{"enabledWorkflows":[]},"_links":{"self":[{"href":"https:\/\/goodstuff.com.pl\/de\/wp-json\/wp\/v2\/pages\/30913","targetHints":{"allow":["GET"]}}],"collection":[{"href":"https:\/\/goodstuff.com.pl\/de\/wp-json\/wp\/v2\/pages"}],"about":[{"href":"https:\/\/goodstuff.com.pl\/de\/wp-json\/wp\/v2\/types\/page"}],"author":[{"embeddable":true,"href":"https:\/\/goodstuff.com.pl\/de\/wp-json\/wp\/v2\/users\/1"}],"replies":[{"embeddable":true,"href":"https:\/\/goodstuff.com.pl\/de\/wp-json\/wp\/v2\/comments?post=30913"}],"version-history":[{"count":8,"href":"https:\/\/goodstuff.com.pl\/de\/wp-json\/wp\/v2\/pages\/30913\/revisions"}],"predecessor-version":[{"id":33624,"href":"https:\/\/goodstuff.com.pl\/de\/wp-json\/wp\/v2\/pages\/30913\/revisions\/33624"}],"up":[{"embeddable":true,"href":"https:\/\/goodstuff.com.pl\/de\/wp-json\/wp\/v2\/pages\/31215"}],"wp:featuredmedia":[{"embeddable":true,"href":"https:\/\/goodstuff.com.pl\/de\/wp-json\/wp\/v2\/media\/30921"}],"wp:attachment":[{"href":"https:\/\/goodstuff.com.pl\/de\/wp-json\/wp\/v2\/media?parent=30913"}],"curies":[{"name":"wp","href":"https:\/\/api.w.org\/{rel}","templated":true}]}}