{"id":31260,"date":"2025-06-16T10:38:54","date_gmt":"2025-06-16T08:38:54","guid":{"rendered":"https:\/\/goodstuff.com.pl\/hochleistungs-chemikalien-fuer-die-autopflege-fuer-profis\/autowaschmittel-shampoos-schaeume-insektenentferner-good-stuff\/snow-foam-ph-neutraler-dicker-vorwaschschaum-fur-autos-good-stuff\/"},"modified":"2026-03-04T10:10:48","modified_gmt":"2026-03-04T09:10:48","slug":"snow-foam","status":"publish","type":"page","link":"https:\/\/goodstuff.com.pl\/de\/autopflege\/waschen\/snow-foam\/","title":{"rendered":"Snow Foam \u2013 pH-Neutraler Vorwaschschaum | Good Stuff"},"content":{"rendered":"[vc_row type=&#8221;full_width_background&#8221; full_screen_row_position=&#8221;middle&#8221; column_margin=&#8221;default&#8221; column_direction=&#8221;default&#8221; column_direction_tablet=&#8221;default&#8221; column_direction_phone=&#8221;default&#8221; bg_color=&#8221;#212121&#8243; bg_image=&#8221;27330&#8243; bg_position=&#8221;left top&#8221; background_image_loading=&#8221;lazy-load&#8221; bg_repeat=&#8221;no-repeat&#8221; scene_position=&#8221;center&#8221; top_padding=&#8221;4%&#8221; bottom_padding=&#8221;6%&#8221; text_color=&#8221;light&#8221; text_align=&#8221;left&#8221; row_border_radius=&#8221;none&#8221; row_border_radius_applies=&#8221;bg&#8221; overflow=&#8221;visible&#8221; color_overlay=&#8221;#212121&#8243; overlay_strength=&#8221;0.8&#8243; gradient_direction=&#8221;left_to_right&#8221; shape_divider_position=&#8221;bottom&#8221; bg_image_animation=&#8221;none&#8221; parallax_bg=&#8221;true&#8221; parallax_bg_speed=&#8221;fast&#8221; shape_type=&#8221;&#8221; gradient_type=&#8221;default&#8221;][vc_column column_padding=&#8221;no-extra-padding&#8221; column_padding_tablet=&#8221;inherit&#8221; column_padding_phone=&#8221;inherit&#8221; column_padding_position=&#8221;all&#8221; column_element_direction_desktop=&#8221;default&#8221; column_element_spacing=&#8221;default&#8221; desktop_text_alignment=&#8221;default&#8221; tablet_text_alignment=&#8221;default&#8221; phone_text_alignment=&#8221;default&#8221; background_color_opacity=&#8221;1&#8243; background_hover_color_opacity=&#8221;1&#8243; column_backdrop_filter=&#8221;none&#8221; column_shadow=&#8221;none&#8221; column_border_radius=&#8221;none&#8221; column_link_target=&#8221;_self&#8221; column_position=&#8221;default&#8221; gradient_direction=&#8221;left_to_right&#8221; overlay_strength=&#8221;0.3&#8243; width=&#8221;1\/1&#8243; tablet_width_inherit=&#8221;default&#8221; animation_type=&#8221;default&#8221; bg_image_animation=&#8221;none&#8221; border_type=&#8221;simple&#8221; column_border_width=&#8221;none&#8221; column_border_style=&#8221;solid&#8221;][nectar_highlighted_text text_color=&#8221;#ff7070&#8243; style=&#8221;text_outline&#8221; outline_thickness=&#8221;extra_thick&#8221; text_direction=&#8221;default&#8221; custom_font_size=&#8221;3vw&#8221;]\n<h1 data-product-id=\"130\">Snow Foam <span style=\"font-weight: normal; font-size: 0.8em;\">&#8211; Stark sch\u00e4umend, f\u00fcr effektive Schmutzentfernung<\/span><\/h1>\n[\/nectar_highlighted_text][vc_row_inner column_margin=&#8221;30px&#8221; column_direction=&#8221;default&#8221; column_direction_tablet=&#8221;default&#8221; column_direction_phone=&#8221;default&#8221; text_align=&#8221;left&#8221; row_position=&#8221;default&#8221; row_position_tablet=&#8221;inherit&#8221; row_position_phone=&#8221;inherit&#8221; overflow=&#8221;visible&#8221; pointer_events=&#8221;all&#8221;][vc_column_inner column_padding=&#8221;no-extra-padding&#8221; column_padding_tablet=&#8221;inherit&#8221; column_padding_phone=&#8221;inherit&#8221; column_padding_position=&#8221;all&#8221; column_element_direction_desktop=&#8221;default&#8221; column_element_spacing=&#8221;default&#8221; desktop_text_alignment=&#8221;default&#8221; tablet_text_alignment=&#8221;default&#8221; phone_text_alignment=&#8221;default&#8221; background_color_opacity=&#8221;1&#8243; background_hover_color_opacity=&#8221;1&#8243; column_backdrop_filter=&#8221;none&#8221; column_shadow=&#8221;none&#8221; column_border_radius=&#8221;none&#8221; column_link_target=&#8221;_self&#8221; overflow=&#8221;visible&#8221; gradient_direction=&#8221;left_to_right&#8221; overlay_strength=&#8221;0.3&#8243; width=&#8221;1\/2&#8243; tablet_width_inherit=&#8221;default&#8221; animation_type=&#8221;default&#8221; bg_image_animation=&#8221;none&#8221; border_type=&#8221;simple&#8221; column_border_width=&#8221;none&#8221; column_border_style=&#8221;solid&#8221;][nectar_cta btn_style=&#8221;basic&#8221; heading_tag=&#8221;h6&#8243; border_radius=&#8221;10&#8243; button_color=&#8221;default&#8221; text_color=&#8221;#fbb921&#8243; text_color_hover=&#8221;#ffffff&#8221; button_border_color=&#8221;#fbb921&#8243; button_border_color_hover=&#8221;#ffffff&#8221; button_border_thickness=&#8221;4px&#8221; link_type=&#8221;regular&#8221; alignment=&#8221;center&#8221; alignment_tablet=&#8221;default&#8221; alignment_phone=&#8221;default&#8221; constrain_group_3=&#8221;yes&#8221; display=&#8221;block&#8221; display_tablet=&#8221;inherit&#8221; display_phone=&#8221;inherit&#8221; icon_family=&#8221;linecons&#8221; class=&#8221;buy-button&#8221; font_size_desktop=&#8221;20&#8243; link_text=&#8221;Bei autorisierten H\u00e4ndlern kaufen&#8221; padding_top=&#8221;11&#8243; padding_bottom=&#8221;11&#8243; padding_left=&#8221;11&#8243; padding_right=&#8221;11&#8243; icon_linecons=&#8221;vc_li vc_li-star&#8221;][vc_gallery css=&#8221;&#8221; type=&#8221;image_grid&#8221; images=&#8221;32502,32507&#8243; image_grid_loading=&#8221;lazy-load&#8221; layout=&#8221;2&#8243; item_spacing=&#8221;default&#8221; gallery_style=&#8221;7&#8243; load_in_animation=&#8221;none&#8221; img_size=&#8221;full&#8221;]<div id=\"ultimate-video-583569d4c0f84b2c1\" class=\"ult-video  vc_custom_1746092065111 ult-adjust-bottom-margin ultimate-video-583569d4c0f84b2c1 ultv-4279 \"><div class=\"ultv-video ultv-aspect-ratio-16_9 ultv-subscribe-responsive-none\" data-videotype=\"uv_iframe\">\n\t\t\t\t\t\t<div class=\"ultv-video__outer-wrap\" data-autoplay=\"0\" data-device=\"false\"  data-iconbg=\"#3A3A3A\" data-overcolor=\"\" data-defaultbg=\"#1f1f1e\" data-defaultplay=\"defaulticon\"><div class=\"ultv-video__play\" data-src=\"https:\/\/www.youtube.com\/embed\/VpQ1CQTL-3U?rel=0&amp;start&amp;end&amp;controls=1&amp;mute=0&amp;modestbranding=0&amp;autoplay=1\">\n\t\t\t\t\t\t\t\t<img decoding=\"async\" class=\"ultv-video__thumb\" src=\"https:\/\/i.ytimg.com\/vi\/VpQ1CQTL-3U\/maxresdefault.jpg\"\/>\n\t\t\t\t\t\t\t\t<div class=\"ultv-video__play-icon  ultv-animation-none\" style=\"width:75px\"><svg height=\"100%\" version=\"1.1\" viewBox=\"0 0 68 48\" width=\"100%\"><path class=\"ultv-youtube-icon-bg\" d=\"m .66,37.62 c 0,0 .66,4.70 2.70,6.77 2.58,2.71 5.98,2.63 7.49,2.91 5.43,.52 23.10,.68 23.12,.68 .00,-1.3e-5 14.29,-0.02 23.81,-0.71 1.32,-0.15 4.22,-0.17 6.81,-2.89 2.03,-2.07 2.70,-6.77 2.70,-6.77 0,0 .67,-5.52 .67,-11.04 l 0,-5.17 c 0,-5.52 -0.67,-11.04 -0.67,-11.04 0,0 -0.66,-4.70 -2.70,-6.77 C 62.03,.86 59.13,.84 57.80,.69 48.28,0 34.00,0 34.00,0 33.97,0 19.69,0 10.18,.69 8.85,.84 5.95,.86 3.36,3.58 1.32,5.65 .66,10.35 .66,10.35 c 0,0 -0.55,4.50 -0.66,9.45 l 0,8.36 c .10,4.94 .66,9.45 .66,9.45 z\" fill=\"#1f1f1e\" ><\/path><path d=\"m 26.96,13.67 18.37,9.62 -18.37,9.55 -0.00,-19.17 z\" fill=\"#fff\"><\/path><path d=\"M 45.02,23.46 45.32,23.28 26.96,13.67 43.32,22.34 45.02,23.46 z\" fill=\"#ccc\"><\/path><\/svg><\/div> <\/div> <\/div><div class=\"ultv-subscribe-bar ult-responsive\"  data-ultimate-target='.ult-video.ultv-4279 .ultv-subscribe-bar'  data-responsive-json-new='{\"font-size\":\"\",\"line-height\":\"\"}'  style = \"color:#fff; background-color:#1b1b1b; \">\n\t\t\t\t<div class=\"ultv-subscribe-bar-prefix\" style=\"font-weight:normal;\">Subscribe to our YouTube Channel<\/div>\n\t\t\t\t<div class=\"ultv-subscribe-content\">\n\t\t\t\t\t<script src=\"https:\/\/apis.google.com\/js\/platform.js\"><\/script> <!-- Need to be enqueued from someplace else --><div class=\"g-ytsubscribe\" data-channelid=\"UCdaZpJ6Aql4hFcnLbtO_FGg\" data-count=\"hidden\"><\/div><\/div> <\/div><\/div><\/div>[\/vc_column_inner][vc_column_inner column_padding=&#8221;padding-5-percent&#8221; column_padding_tablet=&#8221;inherit&#8221; column_padding_phone=&#8221;inherit&#8221; column_padding_position=&#8221;left-right&#8221; column_element_direction_desktop=&#8221;default&#8221; column_element_spacing=&#8221;default&#8221; desktop_text_alignment=&#8221;default&#8221; tablet_text_alignment=&#8221;default&#8221; phone_text_alignment=&#8221;default&#8221; background_color_opacity=&#8221;1&#8243; background_hover_color_opacity=&#8221;1&#8243; column_backdrop_filter=&#8221;none&#8221; column_shadow=&#8221;none&#8221; column_border_radius=&#8221;none&#8221; column_link_target=&#8221;_self&#8221; overflow=&#8221;visible&#8221; gradient_direction=&#8221;left_to_right&#8221; overlay_strength=&#8221;0.3&#8243; width=&#8221;1\/2&#8243; tablet_width_inherit=&#8221;default&#8221; animation_type=&#8221;default&#8221; bg_image_animation=&#8221;none&#8221; border_type=&#8221;simple&#8221; column_border_width=&#8221;none&#8221; column_border_style=&#8221;solid&#8221; column_padding_type=&#8221;default&#8221; gradient_type=&#8221;default&#8221;][vc_column_text css=&#8221;&#8221; text_direction=&#8221;default&#8221;]\n<h2>Dicker pH-neutraler Schneeschaum f\u00fcr eine sichere Vorreinigung<\/h2>\n[\/vc_column_text][vc_column_text css=&#8221;&#8221; text_direction=&#8221;default&#8221;]\n<p class=\"\" data-start=\"476\" data-end=\"754\"><strong data-start=\"476\" data-end=\"500\">Good Stuff Snow Foam<\/strong> ist ein konzentrierter <strong data-start=\"519\" data-end=\"534\">Aktivschaum<\/strong>, der f\u00fcr die Vorwaschphase der Autodetailpflege entwickelt wurde. Mit seinem <strong data-start=\"594\" data-end=\"616\">dicken, stabilen Schaum<\/strong> und seinem <strong data-start=\"621\" data-end=\"635\">neutralen pH-Wert<\/strong> l\u00f6st dieses Produkt sicher Schmutz, Stra\u00dfenbelag und Verunreinigungen, ohne Wachse, Versiegelungen oder Keramikbeschichtungen anzugreifen. <\/p>\n<p class=\"\" data-start=\"756\" data-end=\"1090\">Snow Foam eignet sich perfekt f\u00fcr die Verwendung mit einer <strong data-start=\"779\" data-end=\"814\">Schaumlanze oder einem Handschaumzerst\u00e4uber<\/strong> und bietet ein befriedigendes Anwendungserlebnis, das durch einen <strong data-start=\"884\" data-end=\"906\">angenehmen Duft<\/strong> noch verst\u00e4rkt wird. Snow Foam ist in vier Farbvarianten erh\u00e4ltlich: <strong data-start=\"945\" data-end=\"978\">wei\u00df, mint, pink und orange<\/strong>. Er hilft, das Risiko von Kratzern bei der Kontaktw\u00e4sche zu verringern, indem er Verschmutzungen aufweicht, bevor die Hauptw\u00e4sche beginnt. <\/p>\n<h3 class=\"\" data-start=\"1092\" data-end=\"1111\">\u2705 Wichtige Merkmale:<\/h3>\n<ul data-start=\"1112\" data-end=\"1510\">\n<li class=\"\" data-start=\"1112\" data-end=\"1178\">\n<p class=\"\" data-start=\"1114\" data-end=\"1178\"><strong data-start=\"1114\" data-end=\"1139\">Dicker und stabiler Schaum<\/strong> f\u00fcr maximale Haftung und Reinigungskraft<\/p>\n<\/li>\n<li class=\"\" data-start=\"1179\" data-end=\"1259\">\n<p class=\"\" data-start=\"1181\" data-end=\"1259\"><strong data-start=\"1181\" data-end=\"1195\">pH-neutral<\/strong> &#8211; sicher auf allen Au\u00dfenfl\u00e4chen, einschlie\u00dflich Beschichtungen und Wachsen<\/p>\n<\/li>\n<li class=\"\" data-start=\"1260\" data-end=\"1332\">\n<p class=\"\" data-start=\"1262\" data-end=\"1332\"><strong data-start=\"1262\" data-end=\"1298\">Erh\u00e4ltlich in vier Farbvarianten<\/strong> &#8211; wei\u00df, mint, rosa und orange<\/p>\n<\/li>\n<li class=\"\" data-start=\"1333\" data-end=\"1394\">\n<p class=\"\" data-start=\"1335\" data-end=\"1394\"><strong data-start=\"1335\" data-end=\"1353\">Angenehmer Duft<\/strong> f\u00fcr ein angenehmeres Reinigungserlebnis<\/p>\n<\/li>\n<li class=\"\" data-start=\"1395\" data-end=\"1451\">\n<p class=\"\" data-start=\"1397\" data-end=\"1451\"><strong data-start=\"1397\" data-end=\"1449\">Funktioniert perfekt mit Schaumpistolen und Handspr\u00fchern<\/strong><\/p>\n<\/li>\n<li class=\"\" data-start=\"1452\" data-end=\"1510\">\n<p class=\"\" data-start=\"1454\" data-end=\"1510\"><strong data-start=\"1454\" data-end=\"1510\">Erh\u00e4ltlich in den Gr\u00f6\u00dfen 1000ml, 2000ml und 5000mml<\/strong><\/p>\n<\/li>\n<\/ul>\n<hr class=\"\" data-start=\"1512\" data-end=\"1515\">\n<h3 class=\"\" data-start=\"1517\" data-end=\"1532\">Wie zu verwenden:<\/h3>\n<ol data-start=\"1533\" data-end=\"1742\">\n<li class=\"\" data-start=\"1533\" data-end=\"1600\">\n<p class=\"\" data-start=\"1536\" data-end=\"1600\">Tragen Sie das Produkt mit einer Schaumpistole oder einem Spr\u00fchger\u00e4t auf ein <strong data-start=\"1555\" data-end=\"1570\">trockenes Fahrzeug<\/strong> auf.<\/p>\n<\/li>\n<li class=\"\" data-start=\"1601\" data-end=\"1641\">\n<p class=\"\" data-start=\"1604\" data-end=\"1641\">Decken Sie das gesamte \u00c4u\u00dfere mit Schaumstoff ab<\/p>\n<\/li>\n<li class=\"\" data-start=\"1642\" data-end=\"1690\">\n<p class=\"\" data-start=\"1645\" data-end=\"1690\">Lassen Sie den Schaum <strong data-start=\"1673\" data-end=\"1688\">5-7 Minuten<\/strong> einwirken.<\/p>\n<\/li>\n<li class=\"\" data-start=\"1691\" data-end=\"1742\">\n<p class=\"\" data-start=\"1694\" data-end=\"1742\">Gr\u00fcndlich mit einem <strong data-start=\"1718\" data-end=\"1742\">Hochdruckreiniger<\/strong> absp\u00fclen<\/p>\n<\/li>\n<\/ol>\n<hr class=\"\" data-start=\"1744\" data-end=\"1747\">\n<h3 class=\"\" data-start=\"1749\" data-end=\"1774\">Empfohlene Verd\u00fcnnung:<\/h3>\n<ul data-start=\"1775\" data-end=\"1905\">\n<li class=\"\" data-start=\"1775\" data-end=\"1850\">\n<p class=\"\" data-start=\"1777\" data-end=\"1850\"><strong data-start=\"1777\" data-end=\"1790\">Schaumpistole:<\/strong> Verd\u00fcnnen Sie je nach gew\u00fcnschter Dicke von <strong data-start=\"1803\" data-end=\"1817\">1:9 bis 1:5<\/strong> <\/p>\n<\/li>\n<li class=\"\" data-start=\"1851\" data-end=\"1905\">\n<p class=\"\" data-start=\"1853\" data-end=\"1905\"><strong data-start=\"1853\" data-end=\"1870\">Handspr\u00fcher:<\/strong> Verwenden Sie <strong data-start=\"1875\" data-end=\"1894\">50-60 ml pro 1L<\/strong> Wasser<\/p>\n<\/li>\n<\/ul>\n<p class=\"\" data-start=\"1907\" data-end=\"1968\">\u26a0\ufe0f <strong data-start=\"1910\" data-end=\"1968\">Nicht auf hei\u00dfen Oberfl\u00e4chen oder unter direkter Sonneneinstrahlung anwenden.<\/strong><\/p>\n[\/vc_column_text][nectar_cta btn_style=&#8221;basic&#8221; heading_tag=&#8221;h6&#8243; border_radius=&#8221;10&#8243; button_color=&#8221;default&#8221; text_color=&#8221;#fbb921&#8243; text_color_hover=&#8221;#ffffff&#8221; button_border_color=&#8221;#fbb921&#8243; button_border_color_hover=&#8221;#ffffff&#8221; button_border_thickness=&#8221;4px&#8221; link_type=&#8221;regular&#8221; alignment=&#8221;center&#8221; alignment_tablet=&#8221;default&#8221; alignment_phone=&#8221;default&#8221; constrain_group_3=&#8221;yes&#8221; display=&#8221;block&#8221; display_tablet=&#8221;inherit&#8221; display_phone=&#8221;inherit&#8221; icon_family=&#8221;linecons&#8221; class=&#8221;buy-button&#8221; font_size_desktop=&#8221;20&#8243; link_text=&#8221;Bei autorisierten H\u00e4ndlern kaufen&#8221; padding_top=&#8221;11&#8243; padding_bottom=&#8221;11&#8243; padding_left=&#8221;11&#8243; padding_right=&#8221;11&#8243; icon_linecons=&#8221;vc_li vc_li-star&#8221;]\n\t\t\t<div class=\"ult_dual_button  ult-adjust-bottom-margin to-center  \"  data-response=\"on\" id=\"ult_btn_1871693364\">\n\n\t\t\t<div id=\"dualbtn-1797\" class=\"ulitmate_dual_buttons ult-dual-btn3 ult_main_dualbtn \" data-bcolor=\"#ffffff\"data-bhcolor=\"\">\n\n\t\t\t<div class=\"ult_dualbutton-wrapper btn-inline place-template bt1 \"><a href=\"https:\/\/goodstuff.com.pl\/products\/wash\/pure-shampoo\/\" title=\"Pure Shampoo \u2013 pH-Neutral Car Shampoo for Coated Paint | Good Stuff\"  class=\"ult_ivan_button round-square with-icon icon-before with-text place-template ult_dual1\" style=\";margin-right:px;;background-color:#ffffff !important;; border-color:#ffffff;border-style:solid;border-width:2px;border-radius:35px;;\">\n\t\t\t<span class=\"ult-dual-btn-1 Style 2\" style=\"\"  data-bgcolor=\"#ffffff\" data-bghovercolor=\"#fdb713\" data-icon_color=\"#333333\" data-icon_hover_color=\"#333333\" data-textcolor=\"#333333\" data-texthovercolor=\"#333333\" data-iconbgcolor=\"transperent\" data-iconbghovercolor=\"transperent\" data-iconborder=\"transperent\" data-iconhoverborder=\"transperent\" >\n\t\t\t<span class=\"icon-simple icon-left1 ult_btn1span ult-dual-btn-no-icon\"  style=\";padding-left:0px; \"><\/span>\n\t\t\t<span class=\"text-btn ult-dual-button-title ult-responsive\"  data-ultimate-target='#dualbtn-1797 .ult-dual-button-title'  data-responsive-json-new='{\"font-size\":\"desktop:15px;\",\"line-height\":\"desktop:15px;\"}'  style=\"font-weight:normal;color:#333333;\">PREVIOUS<\/span>\n\n\t\t\t<\/span>\n\t\t\t<\/a><span class=\"middle-text\" style=\"line-height: 1.8em;color:#3d3d3b;background-color:#fdb713;border-color:#ffffff;border-width:2px;border-style:solid;border-radius:px;\">\n\t\t\t<span class=\"middle-inner\"  >or<\/span>\n\t\t\t<\/span>\n\n\t\t\t<\/div>\n\n\t\t\t<div class=\"ult_dualbutton-wrapper btn-inline place-template btn2 \"><a href=\"https:\/\/goodstuff.com.pl\/products\/wash\/snow-foam-mint\/\" title=\"Snow Foam Mint \u2013 Mint-Scented pH-Neutral Pre-Wash Foam | Good Stuff\"  class=\"ult_ivan_button round-square with-icon icon-after with-text place-template ult_dual2\"  style=\";background-color:#ffffff !important;;margin-left:px;;border-color:#ffffff;border-style:solid;border-width:2px;border-radius:35px;\">\n\t\t\t<span class=\"ult-dual-btn-2 Style 2\"  data-bgcolor=\"#ffffff\" data-bghovercolor=\"#fdb713\" data-icon_color=\"#333333\" data-icon_hover_color=\"#333333\" data-textcolor=\"#333333\" data-texthovercolor=\"#333333\" data-iconbgcolor=\"transperent\" data-iconbghovercolor=\"transperent\" data-iconborder=\"transperent\" data-iconhoverborder=\"transperent\" >\n\t\t\t<span class=\"text-btn ult-dual-button-title\" style=\"font-weight:normal;color:#333333;\">N\u00c4CHSTES<\/span>\n\n\t\t\t<span class=\"icon-simple icon-right2 ult_btn1span ult-dual-btn-no-icon\"  style=\";padding-left:0px; \"><\/span>\n\t\t\t<\/span>\n\t\t\t<\/a><\/div>\n\t\t\t<\/div>\n\t\t\t<\/div>[\/vc_column_inner][\/vc_row_inner][\/vc_column][\/vc_row]\n","protected":false},"excerpt":{"rendered":"<p>[vc_row type=&#8221;full_width_background&#8221; full_screen_row_position=&#8221;middle&#8221; column_margin=&#8221;default&#8221; column_direction=&#8221;default&#8221; column_direction_tablet=&#8221;default&#8221; column_direction_phone=&#8221;default&#8221; bg_color=&#8221;#212121&#8243; bg_image=&#8221;27330&#8243; bg_position=&#8221;left top&#8221; background_image_loading=&#8221;lazy-load&#8221; bg_repeat=&#8221;no-repeat&#8221; scene_position=&#8221;center&#8221; top_padding=&#8221;4%&#8221; bottom_padding=&#8221;6%&#8221; text_color=&#8221;light&#8221; text_align=&#8221;left&#8221; row_border_radius=&#8221;none&#8221; row_border_radius_applies=&#8221;bg&#8221; overflow=&#8221;visible&#8221; color_overlay=&#8221;#212121&#8243; overlay_strength=&#8221;0.8&#8243; gradient_direction=&#8221;left_to_right&#8221; shape_divider_position=&#8221;bottom&#8221; bg_image_animation=&#8221;none&#8221; parallax_bg=&#8221;true&#8221; parallax_bg_speed=&#8221;fast&#8221; shape_type=&#8221;&#8221; gradient_type=&#8221;default&#8221;][vc_column&#8230;<\/p>\n","protected":false},"author":1,"featured_media":31264,"parent":31215,"menu_order":0,"comment_status":"closed","ping_status":"closed","template":"","meta":{"footnotes":""},"class_list":["post-31260","page","type-page","status-publish","has-post-thumbnail"],"publishpress_future_action":{"enabled":false,"date":"2026-04-14 10:31:52","action":"change-status","newStatus":"draft","terms":[],"taxonomy":"translation_priority","extraData":[]},"publishpress_future_workflow_manual_trigger":{"enabledWorkflows":[]},"_links":{"self":[{"href":"https:\/\/goodstuff.com.pl\/de\/wp-json\/wp\/v2\/pages\/31260","targetHints":{"allow":["GET"]}}],"collection":[{"href":"https:\/\/goodstuff.com.pl\/de\/wp-json\/wp\/v2\/pages"}],"about":[{"href":"https:\/\/goodstuff.com.pl\/de\/wp-json\/wp\/v2\/types\/page"}],"author":[{"embeddable":true,"href":"https:\/\/goodstuff.com.pl\/de\/wp-json\/wp\/v2\/users\/1"}],"replies":[{"embeddable":true,"href":"https:\/\/goodstuff.com.pl\/de\/wp-json\/wp\/v2\/comments?post=31260"}],"version-history":[{"count":7,"href":"https:\/\/goodstuff.com.pl\/de\/wp-json\/wp\/v2\/pages\/31260\/revisions"}],"predecessor-version":[{"id":33617,"href":"https:\/\/goodstuff.com.pl\/de\/wp-json\/wp\/v2\/pages\/31260\/revisions\/33617"}],"up":[{"embeddable":true,"href":"https:\/\/goodstuff.com.pl\/de\/wp-json\/wp\/v2\/pages\/31215"}],"wp:featuredmedia":[{"embeddable":true,"href":"https:\/\/goodstuff.com.pl\/de\/wp-json\/wp\/v2\/media\/31264"}],"wp:attachment":[{"href":"https:\/\/goodstuff.com.pl\/de\/wp-json\/wp\/v2\/media?parent=31260"}],"curies":[{"name":"wp","href":"https:\/\/api.w.org\/{rel}","templated":true}]}}