{"id":31344,"date":"2025-06-16T11:05:17","date_gmt":"2025-06-16T09:05:17","guid":{"rendered":"https:\/\/goodstuff.com.pl\/hochleistungs-chemikalien-fuer-die-autopflege-fuer-profis\/produkte-fuer-die-fahrzeugaufbereitung-im-innenraum-reinigen-schuetzen-auffrischen-good-stuff\/apc-allzweck-auto-reiniger-fuer-innen-aussen-good-stuff\/"},"modified":"2026-01-19T09:21:22","modified_gmt":"2026-01-19T08:21:22","slug":"apc","status":"publish","type":"page","link":"https:\/\/goodstuff.com.pl\/de\/autopflege\/innenraum\/apc\/","title":{"rendered":"APC &#8211; Allzweck-Auto-Reiniger f\u00fcr Innen &amp; Au\u00dfen | Good Stuff"},"content":{"rendered":"[vc_row type=&#8221;full_width_background&#8221; full_screen_row_position=&#8221;middle&#8221; column_margin=&#8221;default&#8221; column_direction=&#8221;default&#8221; column_direction_tablet=&#8221;default&#8221; column_direction_phone=&#8221;default&#8221; bg_color=&#8221;#212121&#8243; bg_image=&#8221;28949&#8243; bg_position=&#8221;center top&#8221; background_image_loading=&#8221;lazy-load&#8221; bg_repeat=&#8221;no-repeat&#8221; scene_position=&#8221;center&#8221; top_padding=&#8221;4%&#8221; bottom_padding=&#8221;6%&#8221; text_color=&#8221;light&#8221; text_align=&#8221;left&#8221; row_border_radius=&#8221;none&#8221; row_border_radius_applies=&#8221;bg&#8221; overflow=&#8221;visible&#8221; color_overlay=&#8221;#212121&#8243; overlay_strength=&#8221;0.8&#8243; gradient_direction=&#8221;left_to_right&#8221; shape_divider_position=&#8221;bottom&#8221; bg_image_animation=&#8221;none&#8221; parallax_bg=&#8221;true&#8221; parallax_bg_speed=&#8221;fast&#8221; shape_type=&#8221;&#8221; gradient_type=&#8221;default&#8221;][vc_column column_padding=&#8221;no-extra-padding&#8221; column_padding_tablet=&#8221;inherit&#8221; column_padding_phone=&#8221;inherit&#8221; column_padding_position=&#8221;all&#8221; column_element_direction_desktop=&#8221;default&#8221; column_element_spacing=&#8221;default&#8221; desktop_text_alignment=&#8221;default&#8221; tablet_text_alignment=&#8221;default&#8221; phone_text_alignment=&#8221;default&#8221; background_color_opacity=&#8221;1&#8243; background_hover_color_opacity=&#8221;1&#8243; column_backdrop_filter=&#8221;none&#8221; column_shadow=&#8221;none&#8221; column_border_radius=&#8221;none&#8221; column_link_target=&#8221;_self&#8221; column_position=&#8221;default&#8221; gradient_direction=&#8221;left_to_right&#8221; overlay_strength=&#8221;0.3&#8243; width=&#8221;1\/1&#8243; tablet_width_inherit=&#8221;default&#8221; animation_type=&#8221;default&#8221; bg_image_animation=&#8221;none&#8221; border_type=&#8221;simple&#8221; column_border_width=&#8221;none&#8221; column_border_style=&#8221;solid&#8221;][nectar_highlighted_text text_color=&#8221;#ff7070&#8243; style=&#8221;text_outline&#8221; outline_thickness=&#8221;extra_thick&#8221; text_direction=&#8221;default&#8221; custom_font_size=&#8221;3vw&#8221;]\n<h1 data-product-id=\"108\">APC &#8211; Leistungsstarker Allzweckreiniger<\/h1>\n[\/nectar_highlighted_text][vc_row_inner column_margin=&#8221;30px&#8221; column_direction=&#8221;default&#8221; column_direction_tablet=&#8221;default&#8221; column_direction_phone=&#8221;default&#8221; text_align=&#8221;left&#8221; row_position=&#8221;default&#8221; row_position_tablet=&#8221;inherit&#8221; row_position_phone=&#8221;inherit&#8221; overflow=&#8221;visible&#8221; pointer_events=&#8221;all&#8221;][vc_column_inner column_padding=&#8221;no-extra-padding&#8221; column_padding_tablet=&#8221;inherit&#8221; column_padding_phone=&#8221;inherit&#8221; column_padding_position=&#8221;all&#8221; column_element_direction_desktop=&#8221;default&#8221; column_element_spacing=&#8221;default&#8221; desktop_text_alignment=&#8221;default&#8221; tablet_text_alignment=&#8221;default&#8221; phone_text_alignment=&#8221;default&#8221; background_color_opacity=&#8221;1&#8243; background_hover_color_opacity=&#8221;1&#8243; column_backdrop_filter=&#8221;none&#8221; column_shadow=&#8221;none&#8221; column_border_radius=&#8221;none&#8221; column_link_target=&#8221;_self&#8221; overflow=&#8221;visible&#8221; gradient_direction=&#8221;left_to_right&#8221; overlay_strength=&#8221;0.3&#8243; width=&#8221;1\/2&#8243; tablet_width_inherit=&#8221;default&#8221; animation_type=&#8221;default&#8221; bg_image_animation=&#8221;none&#8221; border_type=&#8221;simple&#8221; column_border_width=&#8221;none&#8221; column_border_style=&#8221;solid&#8221;][vc_gallery css=&#8221;&#8221; type=&#8221;image_grid&#8221; images=&#8221;28051,28055,28020&#8243; image_grid_loading=&#8221;lazy-load&#8221; layout=&#8221;2&#8243; item_spacing=&#8221;default&#8221; gallery_style=&#8221;5&#8243; load_in_animation=&#8221;none&#8221; img_size=&#8221;full&#8221;][nectar_video_player_self_hosted video_webm=&#8221;https:\/\/goodstuff.com.pl\/wp-content\/uploads\/2025\/05\/apc-good-stuff-.webm&#8221; player_functionality=&#8221;default&#8221; hide_controls=&#8221;yes&#8221; loop=&#8221;yes&#8221; autoplay=&#8221;yes&#8221; autoplay_func=&#8221;scroll_based&#8221; video_loading=&#8221;default&#8221; border_radius=&#8221;10px&#8221; box_shadow=&#8221;small_depth&#8221; advanced_gradient_display_type=&#8221;linear&#8221;][\/vc_column_inner][vc_column_inner column_padding=&#8221;padding-5-percent&#8221; column_padding_tablet=&#8221;inherit&#8221; column_padding_phone=&#8221;inherit&#8221; column_padding_position=&#8221;left-right&#8221; column_element_direction_desktop=&#8221;default&#8221; column_element_spacing=&#8221;default&#8221; desktop_text_alignment=&#8221;default&#8221; tablet_text_alignment=&#8221;default&#8221; phone_text_alignment=&#8221;default&#8221; background_color_opacity=&#8221;1&#8243; background_hover_color_opacity=&#8221;1&#8243; column_backdrop_filter=&#8221;none&#8221; column_shadow=&#8221;none&#8221; column_border_radius=&#8221;none&#8221; column_link_target=&#8221;_self&#8221; overflow=&#8221;visible&#8221; gradient_direction=&#8221;left_to_right&#8221; overlay_strength=&#8221;0.3&#8243; width=&#8221;1\/2&#8243; tablet_width_inherit=&#8221;default&#8221; animation_type=&#8221;default&#8221; bg_image_animation=&#8221;none&#8221; border_type=&#8221;simple&#8221; column_border_width=&#8221;none&#8221; column_border_style=&#8221;solid&#8221; column_padding_type=&#8221;default&#8221; gradient_type=&#8221;default&#8221;][nectar_responsive_text inherited_font_style=&#8221;default&#8221; text_color=&#8221;#ffffff&#8221; text_direction=&#8221;default&#8221; font_size_desktop=&#8221;25&#8243;]\n<h2>APC &#8211; Mehrzweckreiniger f\u00fcr den Innen- und Au\u00dfenbereich<\/h2>\n[\/nectar_responsive_text][vc_column_text css=&#8221;&#8221; text_direction=&#8221;default&#8221;]\n<p class=\"\" data-start=\"448\" data-end=\"762\"><strong data-start=\"448\" data-end=\"488\">Good Stuff APC (All Purpose Cleaner)<\/strong> ist eine <strong data-start=\"494\" data-end=\"544\">konzentrierte Mehrzweckreinigungsl\u00f6sung<\/strong>, die sowohl f\u00fcr Innen- als auch f\u00fcr Au\u00dfenfl\u00e4chen entwickelt wurde. Mit seiner verbesserten Reinigungskraft und seinem breiten Anwendungsbereich ist er ideal f\u00fcr alles, von <strong data-start=\"688\" data-end=\"706\">Reifen und Felgen<\/strong> bis hin zu <strong data-start=\"710\" data-end=\"761\">Kunststoffen am Armaturenbrett, Motorr\u00e4umen und Fu\u00dfmatten<\/strong>.<\/p>\n<p class=\"\" data-start=\"764\" data-end=\"1017\">Dieses flexible Produkt kann auch als <strong data-start=\"806\" data-end=\"824\">Vorwaschmittel<\/strong> verwendet werden und ist bei richtiger Verd\u00fcnnung sicher f\u00fcr die meisten Automaterialien geeignet. Es hat einen dezenten <strong data-start=\"918\" data-end=\"941\">M\u00e4nnerparf\u00fcmduft<\/strong>, der den Reinigungsprozess angenehmer macht, ohne die Sinne zu \u00fcberw\u00e4ltigen.<\/p>\n<h3 class=\"\" data-start=\"1019\" data-end=\"1038\">\u2705 Wichtige Merkmale:<\/h3>\n<ul data-start=\"1039\" data-end=\"1359\">\n<li class=\"\" data-start=\"1039\" data-end=\"1104\">\n<p class=\"\" data-start=\"1041\" data-end=\"1104\"><strong data-start=\"1041\" data-end=\"1072\">Hochkonzentrierte Formel<\/strong> &#8211; einstellbar von 1:4 bis 1:50<\/p>\n<\/li>\n<li class=\"\" data-start=\"1105\" data-end=\"1179\">\n<p class=\"\" data-start=\"1107\" data-end=\"1179\"><strong data-start=\"1107\" data-end=\"1177\">Wirksam auf Kunststoff, Gummi, Stoff, Motoren und Au\u00dfenverkleidungen<\/strong><\/p>\n<\/li>\n<li class=\"\" data-start=\"1180\" data-end=\"1226\">\n<p class=\"\" data-start=\"1182\" data-end=\"1226\"><strong data-start=\"1182\" data-end=\"1224\">F\u00fcr den Innen- und Au\u00dfenbereich geeignet<\/strong><\/p>\n<\/li>\n<li class=\"\" data-start=\"1227\" data-end=\"1268\">\n<p class=\"\" data-start=\"1229\" data-end=\"1268\"><strong data-start=\"1229\" data-end=\"1266\">Kann als Vorwaschmittel verwendet werden<\/strong><\/p>\n<\/li>\n<li class=\"\" data-start=\"1269\" data-end=\"1300\">\n<p class=\"\" data-start=\"1271\" data-end=\"1300\"><strong data-start=\"1271\" data-end=\"1298\">Subtiler, frischer Duft<\/strong><\/p>\n<\/li>\n<li class=\"\" data-start=\"1301\" data-end=\"1359\">\n<p class=\"\" data-start=\"1303\" data-end=\"1359\"><strong data-start=\"1303\" data-end=\"1359\">Erh\u00e4ltlich in den Gr\u00f6\u00dfen 500ml, 1000ml, 2000ml und 5000ml<\/strong><\/p>\n<\/li>\n<\/ul>\n<hr class=\"\" data-start=\"1361\" data-end=\"1364\">\n<h3 class=\"\" data-start=\"1366\" data-end=\"1381\">Wie zu verwenden:<\/h3>\n<ol data-start=\"1382\" data-end=\"1627\">\n<li class=\"\" data-start=\"1382\" data-end=\"1470\">\n<p class=\"\" data-start=\"1385\" data-end=\"1470\">Verd\u00fcnnen Sie das Produkt je nach Oberfl\u00e4che und Verschmutzungsgrad (von <strong data-start=\"1449\" data-end=\"1467\">1:4 bis 1:50<\/strong>)<\/p>\n<\/li>\n<li class=\"\" data-start=\"1471\" data-end=\"1531\">\n<p class=\"\" data-start=\"1474\" data-end=\"1531\">Direkt auf die Oberfl\u00e4che oder auf eine Reinigungsb\u00fcrste spr\u00fchen<\/p>\n<\/li>\n<li class=\"\" data-start=\"1532\" data-end=\"1563\">\n<p class=\"\" data-start=\"1535\" data-end=\"1563\">Bewegen Sie die Oberfl\u00e4che sanft<\/p>\n<\/li>\n<li class=\"\" data-start=\"1564\" data-end=\"1627\">\n<p class=\"\" data-start=\"1567\" data-end=\"1627\">Mit klarem Wasser absp\u00fclen oder mit einem trockenen Mikrofasertuch abwischen<\/p>\n<\/li>\n<\/ol>\n<p class=\"\" data-start=\"1629\" data-end=\"1727\">\u26a0\ufe0f  <strong data-start=\"1632\" data-end=\"1727\">Testen Sie das Produkt vor der vollst\u00e4ndigen Anwendung immer an einer unauff\u00e4lligen Stelle. Nicht auf hei\u00dfe Oberfl\u00e4chen auftragen. <\/strong><\/p>\n<hr class=\"\" data-start=\"1729\" data-end=\"1732\">\n<p class=\"\" data-start=\"1734\" data-end=\"1871\"><strong data-start=\"1734\" data-end=\"1871\">APC ist ein absolutes Muss in der Ausr\u00fcstung eines jeden Detailers &#8211; perfekt f\u00fcr die Tiefenreinigung des gesamten Fahrzeugs mit nur einem sicheren, effektiven Produkt.<\/strong><\/p>\n[\/vc_column_text][nectar_cta btn_style=&#8221;basic&#8221; heading_tag=&#8221;h6&#8243; border_radius=&#8221;10&#8243; button_color=&#8221;default&#8221; text_color=&#8221;#fbb921&#8243; text_color_hover=&#8221;#ffffff&#8221; button_border_color=&#8221;#fbb921&#8243; button_border_color_hover=&#8221;#ffffff&#8221; button_border_thickness=&#8221;4px&#8221; link_type=&#8221;regular&#8221; alignment=&#8221;center&#8221; alignment_tablet=&#8221;default&#8221; alignment_phone=&#8221;default&#8221; constrain_group_3=&#8221;yes&#8221; display=&#8221;block&#8221; display_tablet=&#8221;inherit&#8221; display_phone=&#8221;inherit&#8221; icon_family=&#8221;linecons&#8221; class=&#8221;buy-button&#8221; font_size_desktop=&#8221;20&#8243; link_text=&#8221;Bei autorisierten H\u00e4ndlern kaufen&#8221; padding_top=&#8221;11&#8243; padding_bottom=&#8221;11&#8243; padding_left=&#8221;11&#8243; padding_right=&#8221;11&#8243; icon_linecons=&#8221;vc_li vc_li-star&#8221;]<style type=\"text\/css\" data-key=\"share-buttons-sizes-s-\">.essb_links.essb_size_s .essb_link_svg_icon svg{height:16px;width:auto}.essb_links.essb_size_s .essb_icon{width:30px !important;height:30px !important}.essb_links.essb_size_s .essb_icon:before{font-size:16px !important;top:7px !important;left:7px !important}.essb_links.essb_size_s li a .essb_network_name{font-size:12px !important;font-weight:400 !important;line-height:12px !important}.essb_links.essb_size_s .essb_totalcount_item .essb_t_l_big,.essb_links.essb_size_s .essb_totalcount_item .essb_t_r_big{font-size:16px !important;line-height:16px !important}.essb_links.essb_size_s .essb_totalcount_item .essb_t_l_big .essb_t_nb_after,.essb_links.essb_size_s .essb_totalcount_item .essb_t_r_big .essb_t_nb_after{font-size:9px !important;line-height:9px !important;margin-top:1px !important}.essb_links.essb_size_s .essb_totalcount_item .essb_t_l_big.essb_total_icon:before,.essb_links.essb_size_s .essb_totalcount_item .essb_t_r_big.essb_total_icon:before{font-size:16px !important;line-height:26px !important}<\/style><div class=\"essb_links essb_displayed_1679913842 essb_share essb_template_color-leafs essb_1116943150 essb_size_s print-no\" id=\"essb_displayed_1679913842_1116943150\" data-essb-postid=\"31344\" data-essb-position=\"1679913842\" data-essb-button-style=\"icon\" data-essb-template=\"color-leafs\" data-essb-counter-pos=\"hidden\" data-essb-url=\"https:\/\/goodstuff.com.pl\/de\/autopflege\/innenraum\/apc\/\" data-essb-fullurl=\"https:\/\/goodstuff.com.pl\/de\/autopflege\/innenraum\/apc\/\" data-essb-instance=\"1116943150\"><ul class=\"essb_links_list essb_force_hide_name essb_force_hide\"><li class=\"essb_item essb_link_facebook nolightbox essb_link_svg_icon\"> <a href=\"https:\/\/www.facebook.com\/sharer\/sharer.php?u=https%3A%2F%2Fgoodstuff.com.pl%2Fde%2Fautopflege%2Finnenraum%2Fapc%2F&t=APC+%E2%80%93+Allzweck-Auto-Reiniger+f%C3%BCr+Innen+%26+Au%C3%9Fen+%7C+Good+Stuff\" title=\"Share on Facebook\" onclick=\"essb.window(&#39;https:\/\/www.facebook.com\/sharer\/sharer.php?u=https%3A%2F%2Fgoodstuff.com.pl%2Fde%2Fautopflege%2Finnenraum%2Fapc%2F&t=APC+%E2%80%93+Allzweck-Auto-Reiniger+f%C3%BCr+Innen+%26+Au%C3%9Fen+%7C+Good+Stuff&#39;,&#39;facebook&#39;,&#39;1116943150&#39;); return false;\" target=\"_blank\" rel=\"noreferrer noopener nofollow\" class=\"nolightbox essb-s-bg-facebook essb-s-c-light essb-s-ch-light essb-s-bgh-dark essb-s-bg-network\" ><span class=\"essb_icon essb_icon_facebook\"><svg class=\"essb-svg-icon essb-svg-icon-facebook\" aria-hidden=\"true\" role=\"img\" focusable=\"false\" xmlns=\"http:\/\/www.w3.org\/2000\/svg\" width=\"16\" height=\"16\" viewBox=\"0 0 16 16\"><path d=\"M16 8.049c0-4.446-3.582-8.05-8-8.05C3.58 0-.002 3.603-.002 8.05c0 4.017 2.926 7.347 6.75 7.951v-5.625h-2.03V8.05H6.75V6.275c0-2.017 1.195-3.131 3.022-3.131.876 0 1.791.157 1.791.157v1.98h-1.009c-.993 0-1.303.621-1.303 1.258v1.51h2.218l-.354 2.326H9.25V16c3.824-.604 6.75-3.934 6.75-7.951\"><\/path><\/svg><\/span><span class=\"essb_network_name essb_noname\"><\/span><\/a><\/li><li class=\"essb_item essb_link_twitter nolightbox essb_link_twitter_x essb_link_svg_icon\"> <a href=\"https:\/\/x.com\/intent\/post?text=APC%20\u2013%20Allzweck-Auto-Reiniger%20f\u00fcr%20Innen%20%26%20Au\u00dfen%20%7C%20Good%20Stuff&amp;url=https%3A%2F%2Fgoodstuff.com.pl%2Fde%2Fautopflege%2Finnenraum%2Fapc%2F\" title=\"Share on Twitter\" onclick=\"essb.window(&#39;https:\/\/x.com\/intent\/post?text=APC%20\u2013%20Allzweck-Auto-Reiniger%20f\u00fcr%20Innen%20%26%20Au\u00dfen%20%7C%20Good%20Stuff&amp;url=https%3A%2F%2Fgoodstuff.com.pl%2Fde%2Fautopflege%2Finnenraum%2Fapc%2F&#39;,&#39;twitter&#39;,&#39;1116943150&#39;); return false;\" target=\"_blank\" rel=\"noreferrer noopener nofollow\" class=\"nolightbox essb-s-bg-twitter essb-s-c-light essb-s-ch-light essb-s-bgh-dark essb-s-bg-network\" ><span class=\"essb_icon essb_icon_twitter_x\"><svg class=\"essb-svg-icon essb-svg-icon-twitter_x\" aria-hidden=\"true\" role=\"img\" focusable=\"false\" viewBox=\"0 0 24 24\"><path d=\"M18.244 2.25h3.308l-7.227 8.26 8.502 11.24H16.17l-5.214-6.817L4.99 21.75H1.68l7.73-8.835L1.254 2.25H8.08l4.713 6.231zm-1.161 17.52h1.833L7.084 4.126H5.117z\"><\/path><\/svg><\/span><span class=\"essb_network_name essb_noname\"><\/span><\/a><\/li><li class=\"essb_item essb_link_pinterest nolightbox essb_link_svg_icon\"> <a href=\"#\" title=\"Share on Pinterest\" onclick=\"essb.pinterest_picker(&#39;1116943150&#39;); return false;\" target=\"_blank\" rel=\"noreferrer noopener nofollow\" class=\"nolightbox essb-s-bg-pinterest essb-s-c-light essb-s-ch-light essb-s-bgh-dark essb-s-bg-network\" ><span class=\"essb_icon essb_icon_pinterest\"><svg class=\"essb-svg-icon essb-svg-icon-pinterest\" aria-hidden=\"true\" role=\"img\" focusable=\"false\" width=\"32\" height=\"32\" viewBox=\"0 0 32 32\" xmlns=\"http:\/\/www.w3.org\/2000\/svg\"><path d=\"M10.625 12.25c0-1.375 0.313-2.5 1.063-3.438 0.688-0.938 1.563-1.438 2.563-1.438 0.813 0 1.438 0.25 1.875 0.813s0.688 1.25 0.688 2.063c0 0.5-0.125 1.125-0.313 1.813-0.188 0.75-0.375 1.625-0.688 2.563-0.313 1-0.563 1.75-0.688 2.313-0.25 1-0.063 1.875 0.563 2.625 0.625 0.688 1.438 1.063 2.438 1.063 1.75 0 3.188-1 4.313-2.938 1.125-2 1.688-4.375 1.688-7.188 0-2.125-0.688-3.875-2.063-5.25-1.375-1.313-3.313-2-5.813-2-2.813 0-5.063 0.875-6.75 2.688-1.75 1.75-2.625 3.875-2.625 6.375 0 1.5 0.438 2.75 1.25 3.75 0.313 0.313 0.375 0.688 0.313 1.063-0.125 0.313-0.25 0.813-0.375 1.5-0.063 0.25-0.188 0.438-0.375 0.5s-0.375 0.063-0.563 0c-1.313-0.563-2.25-1.438-2.938-2.75s-1-2.813-1-4.5c0-1.125 0.188-2.188 0.563-3.313s0.875-2.188 1.625-3.188c0.75-1.063 1.688-1.938 2.688-2.75 1.063-0.813 2.313-1.438 3.875-1.938 1.5-0.438 3.125-0.688 4.813-0.688 1.813 0 3.438 0.313 4.938 0.938 1.5 0.563 2.813 1.375 3.813 2.375 1.063 1.063 1.813 2.188 2.438 3.5 0.563 1.313 0.875 2.688 0.875 4.063 0 3.75-0.938 6.875-2.875 9.313-1.938 2.5-4.375 3.688-7.375 3.688-1 0-1.938-0.188-2.813-0.688-0.875-0.438-1.5-1-1.875-1.688-0.688 2.938-1.125 4.688-1.313 5.25-0.375 1.438-1.25 3.188-2.688 5.25h-1.313c-0.25-2.563-0.188-4.688 0.188-6.375l2.438-10.313c-0.375-0.813-0.563-1.813-0.563-3.063z\"><\/path><\/svg><\/span><span class=\"essb_network_name essb_noname\"><\/span><\/a><\/li><li class=\"essb_item essb_link_whatsapp nolightbox essb_link_svg_icon\"> <a href=\"whatsapp:\/\/send?text=APC%20\u2013%20Allzweck-Auto-Reiniger%20f\u00fcr%20Innen%20%26%20Au\u00dfen%20%7C%20Good%20Stuff%20https%3A%2F%2Fgoodstuff.com.pl%2Fde%2Fautopflege%2Finnenraum%2Fapc%2F\" title=\"Share on WhatsApp\" onclick=\"essb.whatsapp('APC%20\u2013%20Allzweck-Auto-Reiniger%20f\u00fcr%20Innen%20%26%20Au\u00dfen%20%7C%20Good%20Stuff%20https%3A%2F%2Fgoodstuff.com.pl%2Fde%2Fautopflege%2Finnenraum%2Fapc%2F', '1116943150'); return false;\" target=\"_blank\" rel=\"noreferrer noopener nofollow\" class=\"nolightbox essb-s-bg-whatsapp essb-s-c-light essb-s-ch-light essb-s-bgh-dark essb-s-bg-network\" ><span class=\"essb_icon essb_icon_whatsapp\"><svg class=\"essb-svg-icon essb-svg-icon-whatsapp\" aria-hidden=\"true\" role=\"img\" focusable=\"false\" width=\"32\" height=\"32\" viewBox=\"0 0 32 32\" xmlns=\"http:\/\/www.w3.org\/2000\/svg\"><path d=\"M27.313 4.625c-3-3-7-4.625-11.25-4.625-8.75 0-15.875 7.125-15.875 15.875 0 2.75 0.75 5.5 2.125 7.938l-2.25 8.188 8.438-2.188c2.313 1.25 4.875 1.938 7.563 1.938v0c0 0 0 0 0 0 8.75 0 15.875-7.125 15.875-15.875 0-4.25-1.625-8.25-4.625-11.25zM16.063 29.063v0c-2.375 0-4.688-0.625-6.688-1.875l-0.5-0.25-5 1.313 1.313-4.875-0.313-0.5c-1.313-2.125-2-4.5-2-7 0-7.313 5.938-13.188 13.188-13.188 3.5 0 6.813 1.375 9.313 3.875s3.875 5.813 3.875 9.313c0 7.25-5.938 13.188-13.188 13.188zM23.313 19.188c-0.438-0.188-2.375-1.188-2.75-1.313-0.313-0.125-0.625-0.188-0.875 0.188-0.25 0.438-1 1.313-1.25 1.563s-0.438 0.313-0.875 0.125c-0.375-0.188-1.625-0.625-3.188-2-1.125-1-1.938-2.313-2.188-2.75-0.25-0.375 0-0.563 0.188-0.813 0.188-0.125 0.375-0.438 0.563-0.688 0.25-0.188 0.313-0.375 0.438-0.625s0.063-0.5-0.063-0.688c-0.063-0.188-0.875-2.188-1.188-2.938-0.375-0.813-0.688-0.688-0.938-0.688-0.188 0-0.5 0-0.75 0s-0.688 0.063-1.063 0.438c-0.375 0.438-1.375 1.375-1.375 3.313 0 2 1.438 3.875 1.625 4.125s2.813 4.25 6.75 6c0.938 0.375 1.688 0.625 2.25 0.813 1 0.313 1.813 0.25 2.5 0.188 0.813-0.125 2.375-1 2.688-1.938 0.375-0.875 0.375-1.688 0.25-1.875-0.125-0.125-0.375-0.25-0.75-0.438z\"><\/path><\/svg><\/span><span class=\"essb_network_name essb_noname\"><\/span><\/a><\/li><li class=\"essb_item essb_link_copy nolightbox essb_desktop_hidden essb_link_svg_icon\"> <a href=\"#\" title=\"Share on Copy Link\" onclick=\"essb.copy_link(&#39;1116943150&#39;,&#39;https:\/\/goodstuff.com.pl\/de\/autopflege\/innenraum\/apc\/&#39;); return false;\" target=\"_blank\" rel=\"noreferrer noopener nofollow\" class=\"nolightbox essb-s-bg-copy essb-s-c-light essb-s-ch-light essb-s-bgh-dark essb-s-bg-network\" ><span class=\"essb_icon essb_icon_copy\"><svg class=\"essb-svg-icon essb-svg-icon-copy\" aria-hidden=\"true\" role=\"img\" focusable=\"false\" width=\"32\" height=\"32\" viewBox=\"0 0 32 32\" xmlns=\"http:\/\/www.w3.org\/2000\/svg\"><path d=\"M25.313 28v-18.688h-14.625v18.688h14.625zM25.313 6.688c1.438 0 2.688 1.188 2.688 2.625v18.688c0 1.438-1.25 2.688-2.688 2.688h-14.625c-1.438 0-2.688-1.25-2.688-2.688v-18.688c0-1.438 1.25-2.625 2.688-2.625h14.625zM21.313 1.313v2.688h-16v18.688h-2.625v-18.688c0-1.438 1.188-2.688 2.625-2.688h16z\" \/><\/svg><\/span><span class=\"essb_network_name essb_noname\"><\/span><\/a><\/li><\/ul><\/div>\n\t\t\t<div class=\"ult_dual_button  ult-adjust-bottom-margin to-center  \"  data-response=\"on\" id=\"ult_btn_2552809023\">\n\n\t\t\t<div id=\"dualbtn-1200\" class=\"ulitmate_dual_buttons ult-dual-btn3 ult_main_dualbtn \" data-bcolor=\"#ffffff\"data-bhcolor=\"\">\n\n\t\t\t<div class=\"ult_dualbutton-wrapper btn-inline place-template bt1 \"><a href=\"https:\/\/goodstuff.com.pl\/de\/autopflege\/innenraum\/leather-milk\/\" title=\"Leather Milk \u2013 Nichtgl\u00e4nzender Lederpflegemittel f\u00fcr Autos | Good Stuff\"  class=\"ult_ivan_button round-square with-icon icon-before with-text place-template ult_dual1\" style=\";margin-right:px;;background-color:#ffffff !important;; border-color:#ffffff;border-style:solid;border-width:2px;border-radius:35px;;\">\n\t\t\t<span class=\"ult-dual-btn-1 Style 2\" style=\"\"  data-bgcolor=\"#ffffff\" data-bghovercolor=\"#fdb713\" data-icon_color=\"#333333\" data-icon_hover_color=\"#333333\" data-textcolor=\"#333333\" data-texthovercolor=\"#333333\" data-iconbgcolor=\"transperent\" data-iconbghovercolor=\"transperent\" data-iconborder=\"transperent\" data-iconhoverborder=\"transperent\" >\n\t\t\t<span class=\"icon-simple icon-left1 ult_btn1span ult-dual-btn-no-icon\"  style=\";padding-left:0px; \"><\/span>\n\t\t\t<span class=\"text-btn ult-dual-button-title ult-responsive\"  data-ultimate-target='#dualbtn-1200 .ult-dual-button-title'  data-responsive-json-new='{\"font-size\":\"desktop:15px;\",\"line-height\":\"desktop:15px;\"}'  style=\"font-weight:normal;color:#333333;\">VORHERIG<\/span>\n\n\t\t\t<\/span>\n\t\t\t<\/a><span class=\"middle-text\" style=\"line-height: 1.8em;color:#3d3d3b;background-color:#fdb713;border-color:#ffffff;border-width:2px;border-style:solid;border-radius:px;\">\n\t\t\t<span class=\"middle-inner\"  >or<\/span>\n\t\t\t<\/span>\n\n\t\t\t<\/div>\n\n\t\t\t<div class=\"ult_dualbutton-wrapper btn-inline place-template btn2 \"><a href=\"https:\/\/goodstuff.com.pl\/de\/autopflege\/innenraum\/fabric-cleaner\/\" title=\"FABRIC CLEANER \u2013 Gebrauchsfertiger Textilinnenreiniger\"  class=\"ult_ivan_button round-square with-icon icon-after with-text place-template ult_dual2\"  style=\";background-color:#ffffff !important;;margin-left:px;;border-color:#ffffff;border-style:solid;border-width:2px;border-radius:35px;\">\n\t\t\t<span class=\"ult-dual-btn-2 Style 2\"  data-bgcolor=\"#ffffff\" data-bghovercolor=\"#fdb713\" data-icon_color=\"#333333\" data-icon_hover_color=\"#333333\" data-textcolor=\"#333333\" data-texthovercolor=\"#333333\" data-iconbgcolor=\"transperent\" data-iconbghovercolor=\"transperent\" data-iconborder=\"transperent\" data-iconhoverborder=\"transperent\" >\n\t\t\t<span class=\"text-btn ult-dual-button-title\" style=\"font-weight:normal;color:#333333;\">N\u00c4CHSTES<\/span>\n\n\t\t\t<span class=\"icon-simple icon-right2 ult_btn1span ult-dual-btn-no-icon\"  style=\";padding-left:0px; \"><\/span>\n\t\t\t<\/span>\n\t\t\t<\/a><\/div>\n\t\t\t<\/div>\n\t\t\t<\/div>[\/vc_column_inner][\/vc_row_inner][\/vc_column][\/vc_row]\n","protected":false},"excerpt":{"rendered":"<p>[vc_row type=&#8221;full_width_background&#8221; full_screen_row_position=&#8221;middle&#8221; column_margin=&#8221;default&#8221; column_direction=&#8221;default&#8221; column_direction_tablet=&#8221;default&#8221; column_direction_phone=&#8221;default&#8221; bg_color=&#8221;#212121&#8243; bg_image=&#8221;28949&#8243; bg_position=&#8221;center top&#8221; background_image_loading=&#8221;lazy-load&#8221; bg_repeat=&#8221;no-repeat&#8221; scene_position=&#8221;center&#8221; top_padding=&#8221;4%&#8221; bottom_padding=&#8221;6%&#8221; text_color=&#8221;light&#8221; text_align=&#8221;left&#8221; row_border_radius=&#8221;none&#8221; row_border_radius_applies=&#8221;bg&#8221; overflow=&#8221;visible&#8221; color_overlay=&#8221;#212121&#8243; overlay_strength=&#8221;0.8&#8243; gradient_direction=&#8221;left_to_right&#8221; shape_divider_position=&#8221;bottom&#8221; bg_image_animation=&#8221;none&#8221; parallax_bg=&#8221;true&#8221; parallax_bg_speed=&#8221;fast&#8221; shape_type=&#8221;&#8221; gradient_type=&#8221;default&#8221;][vc_column&#8230;<\/p>\n","protected":false},"author":1,"featured_media":31335,"parent":31333,"menu_order":0,"comment_status":"closed","ping_status":"closed","template":"","meta":{"footnotes":""},"class_list":["post-31344","page","type-page","status-publish","has-post-thumbnail"],"publishpress_future_action":{"enabled":false,"date":"2026-04-14 10:23:19","action":"change-status","newStatus":"draft","terms":[],"taxonomy":"translation_priority","extraData":[]},"publishpress_future_workflow_manual_trigger":{"enabledWorkflows":[]},"_links":{"self":[{"href":"https:\/\/goodstuff.com.pl\/de\/wp-json\/wp\/v2\/pages\/31344","targetHints":{"allow":["GET"]}}],"collection":[{"href":"https:\/\/goodstuff.com.pl\/de\/wp-json\/wp\/v2\/pages"}],"about":[{"href":"https:\/\/goodstuff.com.pl\/de\/wp-json\/wp\/v2\/types\/page"}],"author":[{"embeddable":true,"href":"https:\/\/goodstuff.com.pl\/de\/wp-json\/wp\/v2\/users\/1"}],"replies":[{"embeddable":true,"href":"https:\/\/goodstuff.com.pl\/de\/wp-json\/wp\/v2\/comments?post=31344"}],"version-history":[{"count":3,"href":"https:\/\/goodstuff.com.pl\/de\/wp-json\/wp\/v2\/pages\/31344\/revisions"}],"predecessor-version":[{"id":32959,"href":"https:\/\/goodstuff.com.pl\/de\/wp-json\/wp\/v2\/pages\/31344\/revisions\/32959"}],"up":[{"embeddable":true,"href":"https:\/\/goodstuff.com.pl\/de\/wp-json\/wp\/v2\/pages\/31333"}],"wp:featuredmedia":[{"embeddable":true,"href":"https:\/\/goodstuff.com.pl\/de\/wp-json\/wp\/v2\/media\/31335"}],"wp:attachment":[{"href":"https:\/\/goodstuff.com.pl\/de\/wp-json\/wp\/v2\/media?parent=31344"}],"curies":[{"name":"wp","href":"https:\/\/api.w.org\/{rel}","templated":true}]}}