{"id":31379,"date":"2025-06-16T11:32:05","date_gmt":"2025-06-16T09:32:05","guid":{"rendered":"https:\/\/goodstuff.com.pl\/hochleistungs-chemikalien-fuer-die-autopflege-fuer-profis\/passion-line-premium-autopflegemittel-good-stuff\/interior-detailer-innenraum-schnellreiniger-mit-uv-und-antistatik-schutz-good-stuff\/"},"modified":"2026-01-19T10:10:30","modified_gmt":"2026-01-19T09:10:30","slug":"interior-detailer","status":"publish","type":"page","link":"https:\/\/goodstuff.com.pl\/de\/autopflege\/passion-line-premium\/interior-detailer\/","title":{"rendered":"Interior Detailer &#8211; Innenraum-Schnellreiniger mit UV- und Antistatik-Schutz | Good Stuff"},"content":{"rendered":"[vc_row type=&#8221;full_width_background&#8221; full_screen_row_position=&#8221;middle&#8221; column_margin=&#8221;default&#8221; column_direction=&#8221;default&#8221; column_direction_tablet=&#8221;default&#8221; column_direction_phone=&#8221;default&#8221; bg_color=&#8221;#212121&#8243; bg_image=&#8221;27391&#8243; bg_position=&#8221;left top&#8221; background_image_loading=&#8221;lazy-load&#8221; bg_repeat=&#8221;no-repeat&#8221; scene_position=&#8221;center&#8221; top_padding=&#8221;4%&#8221; bottom_padding=&#8221;6%&#8221; text_color=&#8221;light&#8221; text_align=&#8221;left&#8221; row_border_radius=&#8221;none&#8221; row_border_radius_applies=&#8221;bg&#8221; overflow=&#8221;visible&#8221; color_overlay=&#8221;#212121&#8243; overlay_strength=&#8221;0.8&#8243; gradient_direction=&#8221;left_to_right&#8221; shape_divider_position=&#8221;bottom&#8221; bg_image_animation=&#8221;none&#8221; parallax_bg=&#8221;true&#8221; parallax_bg_speed=&#8221;fast&#8221; shape_type=&#8221;&#8221; gradient_type=&#8221;default&#8221;][vc_column column_padding=&#8221;no-extra-padding&#8221; column_padding_tablet=&#8221;inherit&#8221; column_padding_phone=&#8221;inherit&#8221; column_padding_position=&#8221;all&#8221; column_element_direction_desktop=&#8221;default&#8221; column_element_spacing=&#8221;default&#8221; desktop_text_alignment=&#8221;default&#8221; tablet_text_alignment=&#8221;default&#8221; phone_text_alignment=&#8221;default&#8221; background_color_opacity=&#8221;1&#8243; background_hover_color_opacity=&#8221;1&#8243; column_backdrop_filter=&#8221;none&#8221; column_shadow=&#8221;none&#8221; column_border_radius=&#8221;none&#8221; column_link_target=&#8221;_self&#8221; column_position=&#8221;default&#8221; gradient_direction=&#8221;left_to_right&#8221; overlay_strength=&#8221;0.3&#8243; width=&#8221;1\/1&#8243; tablet_width_inherit=&#8221;default&#8221; animation_type=&#8221;default&#8221; bg_image_animation=&#8221;none&#8221; border_type=&#8221;simple&#8221; column_border_width=&#8221;none&#8221; column_border_style=&#8221;solid&#8221;][nectar_highlighted_text text_color=&#8221;#ff7070&#8243; style=&#8221;text_outline&#8221; outline_thickness=&#8221;extra_thick&#8221; text_direction=&#8221;default&#8221; custom_font_size=&#8221;3vw&#8221;]\n<h1 data-product-id=\"119\"><em>INTERIOR<\/em> Detailer &#8211; All-in-One Innenreiniger<\/h1>\n[\/nectar_highlighted_text][vc_row_inner column_margin=&#8221;30px&#8221; column_direction=&#8221;default&#8221; column_direction_tablet=&#8221;default&#8221; column_direction_phone=&#8221;default&#8221; text_align=&#8221;left&#8221; row_position=&#8221;default&#8221; row_position_tablet=&#8221;inherit&#8221; row_position_phone=&#8221;inherit&#8221; overflow=&#8221;visible&#8221; pointer_events=&#8221;all&#8221;][vc_column_inner column_padding=&#8221;no-extra-padding&#8221; column_padding_tablet=&#8221;inherit&#8221; column_padding_phone=&#8221;inherit&#8221; column_padding_position=&#8221;all&#8221; column_element_direction_desktop=&#8221;default&#8221; column_element_spacing=&#8221;default&#8221; desktop_text_alignment=&#8221;default&#8221; tablet_text_alignment=&#8221;default&#8221; phone_text_alignment=&#8221;default&#8221; background_color_opacity=&#8221;1&#8243; background_hover_color_opacity=&#8221;1&#8243; column_backdrop_filter=&#8221;none&#8221; column_shadow=&#8221;none&#8221; column_border_radius=&#8221;none&#8221; column_link_target=&#8221;_self&#8221; overflow=&#8221;visible&#8221; gradient_direction=&#8221;left_to_right&#8221; overlay_strength=&#8221;0.3&#8243; width=&#8221;1\/2&#8243; tablet_width_inherit=&#8221;default&#8221; animation_type=&#8221;default&#8221; bg_image_animation=&#8221;none&#8221; border_type=&#8221;simple&#8221; column_border_width=&#8221;none&#8221; column_border_style=&#8221;solid&#8221;][vc_gallery css=&#8221;&#8221; type=&#8221;image_grid&#8221; images=&#8221;28369,28417,28421,28425&#8243; image_grid_loading=&#8221;lazy-load&#8221; layout=&#8221;2&#8243; item_spacing=&#8221;default&#8221; gallery_style=&#8221;5&#8243; load_in_animation=&#8221;none&#8221; img_size=&#8221;full&#8221;][vc_column_text css=&#8221;&#8221; text_direction=&#8221;default&#8221;]\n<hr>\n<h3 class=\"\" data-start=\"1810\" data-end=\"1887\">\u2753 Warum sollten Sie Interior Detailer anstelle eines separaten Reinigers und Schutzmittels verwenden?<\/h3>\n<p class=\"\" data-start=\"1889\" data-end=\"2125\"><strong data-start=\"1889\" data-end=\"1995\">Interior Detailer spart Zeit und reduziert den Produktverbrauch durch die Kombination von Reinigung und Schutz in einem Schritt.<\/strong>  Es ist ideal f\u00fcr die Pflege zwischen den Tiefenreinigungen und hinterl\u00e4sst saubere, matte und gesch\u00fctzte Oberfl\u00e4chen, ohne dass eine Nachbehandlung erforderlich ist.<\/p>\n[\/vc_column_text][\/vc_column_inner][vc_column_inner column_padding=&#8221;padding-5-percent&#8221; column_padding_tablet=&#8221;inherit&#8221; column_padding_phone=&#8221;inherit&#8221; column_padding_position=&#8221;left-right&#8221; column_element_direction_desktop=&#8221;default&#8221; column_element_spacing=&#8221;default&#8221; desktop_text_alignment=&#8221;default&#8221; tablet_text_alignment=&#8221;default&#8221; phone_text_alignment=&#8221;default&#8221; background_color_opacity=&#8221;1&#8243; background_hover_color_opacity=&#8221;1&#8243; column_backdrop_filter=&#8221;none&#8221; column_shadow=&#8221;none&#8221; column_border_radius=&#8221;none&#8221; column_link_target=&#8221;_self&#8221; overflow=&#8221;visible&#8221; gradient_direction=&#8221;left_to_right&#8221; overlay_strength=&#8221;0.3&#8243; width=&#8221;1\/2&#8243; tablet_width_inherit=&#8221;default&#8221; animation_type=&#8221;default&#8221; bg_image_animation=&#8221;none&#8221; border_type=&#8221;simple&#8221; column_border_width=&#8221;none&#8221; column_border_style=&#8221;solid&#8221; column_padding_type=&#8221;default&#8221; gradient_type=&#8221;default&#8221;][vc_column_text css=&#8221;&#8221; text_direction=&#8221;default&#8221;]\n<h2>Interior Detailer &#8211; Reinigen und sch\u00fctzen Sie Innenoberfl\u00e4chen in einem Schritt<\/h2>\n[\/vc_column_text][vc_column_text css=&#8221;&#8221; text_direction=&#8221;default&#8221;]\n<p class=\"\" data-start=\"568\" data-end=\"898\"><strong data-start=\"568\" data-end=\"600\">Good Stuff Interior Detailer<\/strong> ist ein <strong data-start=\"607\" data-end=\"634\">Schnellreiniger f\u00fcr den Innenraum<\/strong> aus der PASSION Linie, der <strong data-start=\"670\" data-end=\"725\">alle Oberfl\u00e4chen im Innenraum in einem Schritt reinigt und sch\u00fctzt<\/strong>. Er entfernt sicher Staub und leichten Schmutz und hinterl\u00e4sst eine <strong data-start=\"788\" data-end=\"840\">hydrophobe, antistatische und UV-sch\u00fctzende Schicht &#8211; perfekt<\/strong>f\u00fcr die Pflege von Kunststoff, Gummi, Vinyl und Zierleisten.<\/p>\n<p class=\"\" data-start=\"900\" data-end=\"1202\">Dieses Produkt ist ideal f\u00fcr Detailer oder Autobesitzer, die <strong data-start=\"959\" data-end=\"992\">Effizienz ohne Kompromisse<\/strong> w\u00fcnschen, da sie keinen separaten Reiniger und kein Dressing mehr verwenden m\u00fcssen. Es wertet das Aussehen und die Haptik des Innenraums auf und bietet gleichzeitig echten Schutz. Der <strong data-start=\"1138\" data-end=\"1165\">elegante Herrenduft<\/strong> verleiht dem Prozess eine raffinierte Note.<\/p>\n<h3 class=\"\" data-start=\"1204\" data-end=\"1223\">\u2705 Wichtige Merkmale:<\/h3>\n<ul data-start=\"1224\" data-end=\"1623\">\n<li class=\"\" data-start=\"1224\" data-end=\"1280\">\n<p class=\"\" data-start=\"1226\" data-end=\"1280\"><strong data-start=\"1226\" data-end=\"1240\">Zwei in Einem<\/strong>: reinigt und sch\u00fctzt in einem einzigen Schritt<\/p>\n<\/li>\n<li class=\"\" data-start=\"1281\" data-end=\"1341\">\n<p class=\"\" data-start=\"1283\" data-end=\"1341\"><strong data-start=\"1283\" data-end=\"1313\">Hinterl\u00e4sst eine hydrophobe Schicht<\/strong>, die Staub und Schmutz abweist<\/p>\n<\/li>\n<li class=\"\" data-start=\"1342\" data-end=\"1398\">\n<p class=\"\" data-start=\"1344\" data-end=\"1398\"><strong data-start=\"1344\" data-end=\"1365\">Antistatische Wirkung<\/strong> f\u00fcr l\u00e4nger anhaltende Sauberkeit<\/p>\n<\/li>\n<li class=\"\" data-start=\"1399\" data-end=\"1451\">\n<p class=\"\" data-start=\"1401\" data-end=\"1451\"><strong data-start=\"1401\" data-end=\"1418\">UV-Schutz<\/strong> zum Schutz vor Verblassen und Rissbildung<\/p>\n<\/li>\n<li class=\"\" data-start=\"1452\" data-end=\"1520\">\n<p class=\"\" data-start=\"1454\" data-end=\"1520\"><strong data-start=\"1454\" data-end=\"1488\">Sicher f\u00fcr alle Materialien im Innenbereich<\/strong>: Kunststoff, Vinyl, Gummi, Verkleidungen<\/p>\n<\/li>\n<li class=\"\" data-start=\"1521\" data-end=\"1573\">\n<p class=\"\" data-start=\"1523\" data-end=\"1573\"><strong data-start=\"1523\" data-end=\"1571\">Maskuliner Duft f\u00fcr angenehme Anwendung<\/strong><\/p>\n<\/li>\n<li class=\"\" data-start=\"1574\" data-end=\"1623\">\n<p class=\"\" data-start=\"1576\" data-end=\"1623\"><strong data-start=\"1576\" data-end=\"1623\">Erh\u00e4ltlich in den Gr\u00f6\u00dfen 250ml, 500ml und 1000ml<\/strong><\/p>\n<\/li>\n<\/ul>\n<hr class=\"\" data-start=\"1625\" data-end=\"1628\">\n<h3 class=\"\" data-start=\"1630\" data-end=\"1645\">Wie zu verwenden:<\/h3>\n<ol data-start=\"1646\" data-end=\"1803\">\n<li class=\"\" data-start=\"1646\" data-end=\"1696\">\n<p class=\"\" data-start=\"1649\" data-end=\"1696\">Spr\u00fchen Sie das Produkt auf ein <strong data-start=\"1674\" data-end=\"1694\">Mikrofaserhandtuch<\/strong><\/p>\n<\/li>\n<li class=\"\" data-start=\"1697\" data-end=\"1725\">\n<p class=\"\" data-start=\"1700\" data-end=\"1725\">Wischen Sie die Oberfl\u00e4che gleichm\u00e4\u00dfig ab<\/p>\n<\/li>\n<li class=\"\" data-start=\"1726\" data-end=\"1803\">\n<p class=\"\" data-start=\"1729\" data-end=\"1803\">Falls erforderlich, entfernen Sie \u00fcbersch\u00fcssiges Wasser mit einem <strong data-start=\"1757\" data-end=\"1784\">zweiten sauberen Mikrofasertuch<\/strong>.<\/p>\n<\/li>\n<\/ol>\n<hr class=\"\" data-start=\"2127\" data-end=\"2130\">\n<p class=\"\" data-start=\"2132\" data-end=\"2271\"><strong data-start=\"2132\" data-end=\"2271\">Interior Detailer ist die intelligente L\u00f6sung f\u00fcr eine effiziente Innenraumpflege &#8211; reinigen, sch\u00fctzen und erfrischen Sie jede Oberfl\u00e4che mit einem einzigen Premium-Produkt.<\/strong><\/p>\n[\/vc_column_text][nectar_cta btn_style=&#8221;basic&#8221; heading_tag=&#8221;h6&#8243; border_radius=&#8221;10&#8243; button_color=&#8221;default&#8221; text_color=&#8221;#fbb921&#8243; text_color_hover=&#8221;#ffffff&#8221; button_border_color=&#8221;#fbb921&#8243; button_border_color_hover=&#8221;#ffffff&#8221; button_border_thickness=&#8221;4px&#8221; link_type=&#8221;regular&#8221; alignment=&#8221;center&#8221; alignment_tablet=&#8221;default&#8221; alignment_phone=&#8221;default&#8221; constrain_group_3=&#8221;yes&#8221; display=&#8221;block&#8221; display_tablet=&#8221;inherit&#8221; display_phone=&#8221;inherit&#8221; icon_family=&#8221;linecons&#8221; class=&#8221;buy-button&#8221; font_size_desktop=&#8221;20&#8243; link_text=&#8221;Bei autorisierten H\u00e4ndlern kaufen&#8221; padding_top=&#8221;11&#8243; padding_bottom=&#8221;11&#8243; padding_left=&#8221;11&#8243; padding_right=&#8221;11&#8243; icon_linecons=&#8221;vc_li vc_li-star&#8221;]<style type=\"text\/css\" data-key=\"share-buttons-sizes-s-\">.essb_links.essb_size_s .essb_link_svg_icon svg{height:16px;width:auto}.essb_links.essb_size_s .essb_icon{width:30px !important;height:30px !important}.essb_links.essb_size_s .essb_icon:before{font-size:16px !important;top:7px !important;left:7px !important}.essb_links.essb_size_s li a .essb_network_name{font-size:12px !important;font-weight:400 !important;line-height:12px !important}.essb_links.essb_size_s .essb_totalcount_item .essb_t_l_big,.essb_links.essb_size_s .essb_totalcount_item .essb_t_r_big{font-size:16px !important;line-height:16px !important}.essb_links.essb_size_s .essb_totalcount_item .essb_t_l_big .essb_t_nb_after,.essb_links.essb_size_s .essb_totalcount_item .essb_t_r_big .essb_t_nb_after{font-size:9px !important;line-height:9px !important;margin-top:1px !important}.essb_links.essb_size_s .essb_totalcount_item .essb_t_l_big.essb_total_icon:before,.essb_links.essb_size_s .essb_totalcount_item .essb_t_r_big.essb_total_icon:before{font-size:16px !important;line-height:26px !important}<\/style><div class=\"essb_links essb_displayed_1679913842 essb_share essb_template_color-leafs essb_1211572699 essb_size_s print-no\" id=\"essb_displayed_1679913842_1211572699\" data-essb-postid=\"31379\" data-essb-position=\"1679913842\" data-essb-button-style=\"icon\" data-essb-template=\"color-leafs\" data-essb-counter-pos=\"hidden\" data-essb-url=\"https:\/\/goodstuff.com.pl\/de\/autopflege\/passion-line-premium\/interior-detailer\/\" data-essb-fullurl=\"https:\/\/goodstuff.com.pl\/de\/autopflege\/passion-line-premium\/interior-detailer\/\" data-essb-instance=\"1211572699\"><ul class=\"essb_links_list essb_force_hide_name essb_force_hide\"><li class=\"essb_item essb_link_facebook nolightbox essb_link_svg_icon\"> <a href=\"https:\/\/www.facebook.com\/sharer\/sharer.php?u=https%3A%2F%2Fgoodstuff.com.pl%2Fde%2Fautopflege%2Fpassion-line-premium%2Finterior-detailer%2F&t=Interior+Detailer+%E2%80%93+Innenraum-Schnellreiniger+mit+UV-+und+Antistatik-Schutz+%7C+Good+Stuff\" title=\"Share on Facebook\" onclick=\"essb.window(&#39;https:\/\/www.facebook.com\/sharer\/sharer.php?u=https%3A%2F%2Fgoodstuff.com.pl%2Fde%2Fautopflege%2Fpassion-line-premium%2Finterior-detailer%2F&t=Interior+Detailer+%E2%80%93+Innenraum-Schnellreiniger+mit+UV-+und+Antistatik-Schutz+%7C+Good+Stuff&#39;,&#39;facebook&#39;,&#39;1211572699&#39;); return false;\" target=\"_blank\" rel=\"noreferrer noopener nofollow\" class=\"nolightbox essb-s-bg-facebook essb-s-c-light essb-s-ch-light essb-s-bgh-dark essb-s-bg-network\" ><span class=\"essb_icon essb_icon_facebook\"><svg class=\"essb-svg-icon essb-svg-icon-facebook\" aria-hidden=\"true\" role=\"img\" focusable=\"false\" xmlns=\"http:\/\/www.w3.org\/2000\/svg\" width=\"16\" height=\"16\" viewBox=\"0 0 16 16\"><path d=\"M16 8.049c0-4.446-3.582-8.05-8-8.05C3.58 0-.002 3.603-.002 8.05c0 4.017 2.926 7.347 6.75 7.951v-5.625h-2.03V8.05H6.75V6.275c0-2.017 1.195-3.131 3.022-3.131.876 0 1.791.157 1.791.157v1.98h-1.009c-.993 0-1.303.621-1.303 1.258v1.51h2.218l-.354 2.326H9.25V16c3.824-.604 6.75-3.934 6.75-7.951\"><\/path><\/svg><\/span><span class=\"essb_network_name essb_noname\"><\/span><\/a><\/li><li class=\"essb_item essb_link_twitter nolightbox essb_link_twitter_x essb_link_svg_icon\"> <a href=\"https:\/\/x.com\/intent\/post?text=Interior%20Detailer%20\u2013%20Innenraum-Schnellreiniger%20mit%20UV-%20und%20Antistatik-Schutz%20%7C%20Good%20Stuff&amp;url=https%3A%2F%2Fgoodstuff.com.pl%2Fde%2Fautopflege%2Fpassion-line-premium%2Finterior-detailer%2F\" title=\"Share on Twitter\" onclick=\"essb.window(&#39;https:\/\/x.com\/intent\/post?text=Interior%20Detailer%20\u2013%20Innenraum-Schnellreiniger%20mit%20UV-%20und%20Antistatik-Schutz%20%7C%20Good%20Stuff&amp;url=https%3A%2F%2Fgoodstuff.com.pl%2Fde%2Fautopflege%2Fpassion-line-premium%2Finterior-detailer%2F&#39;,&#39;twitter&#39;,&#39;1211572699&#39;); return false;\" target=\"_blank\" rel=\"noreferrer noopener nofollow\" class=\"nolightbox essb-s-bg-twitter essb-s-c-light essb-s-ch-light essb-s-bgh-dark essb-s-bg-network\" ><span class=\"essb_icon essb_icon_twitter_x\"><svg class=\"essb-svg-icon essb-svg-icon-twitter_x\" aria-hidden=\"true\" role=\"img\" focusable=\"false\" viewBox=\"0 0 24 24\"><path d=\"M18.244 2.25h3.308l-7.227 8.26 8.502 11.24H16.17l-5.214-6.817L4.99 21.75H1.68l7.73-8.835L1.254 2.25H8.08l4.713 6.231zm-1.161 17.52h1.833L7.084 4.126H5.117z\"><\/path><\/svg><\/span><span class=\"essb_network_name essb_noname\"><\/span><\/a><\/li><li class=\"essb_item essb_link_pinterest nolightbox essb_link_svg_icon\"> <a href=\"#\" title=\"Share on Pinterest\" onclick=\"essb.pinterest_picker(&#39;1211572699&#39;); return false;\" target=\"_blank\" rel=\"noreferrer noopener nofollow\" class=\"nolightbox essb-s-bg-pinterest essb-s-c-light essb-s-ch-light essb-s-bgh-dark essb-s-bg-network\" ><span class=\"essb_icon essb_icon_pinterest\"><svg class=\"essb-svg-icon essb-svg-icon-pinterest\" aria-hidden=\"true\" role=\"img\" focusable=\"false\" width=\"32\" height=\"32\" viewBox=\"0 0 32 32\" xmlns=\"http:\/\/www.w3.org\/2000\/svg\"><path d=\"M10.625 12.25c0-1.375 0.313-2.5 1.063-3.438 0.688-0.938 1.563-1.438 2.563-1.438 0.813 0 1.438 0.25 1.875 0.813s0.688 1.25 0.688 2.063c0 0.5-0.125 1.125-0.313 1.813-0.188 0.75-0.375 1.625-0.688 2.563-0.313 1-0.563 1.75-0.688 2.313-0.25 1-0.063 1.875 0.563 2.625 0.625 0.688 1.438 1.063 2.438 1.063 1.75 0 3.188-1 4.313-2.938 1.125-2 1.688-4.375 1.688-7.188 0-2.125-0.688-3.875-2.063-5.25-1.375-1.313-3.313-2-5.813-2-2.813 0-5.063 0.875-6.75 2.688-1.75 1.75-2.625 3.875-2.625 6.375 0 1.5 0.438 2.75 1.25 3.75 0.313 0.313 0.375 0.688 0.313 1.063-0.125 0.313-0.25 0.813-0.375 1.5-0.063 0.25-0.188 0.438-0.375 0.5s-0.375 0.063-0.563 0c-1.313-0.563-2.25-1.438-2.938-2.75s-1-2.813-1-4.5c0-1.125 0.188-2.188 0.563-3.313s0.875-2.188 1.625-3.188c0.75-1.063 1.688-1.938 2.688-2.75 1.063-0.813 2.313-1.438 3.875-1.938 1.5-0.438 3.125-0.688 4.813-0.688 1.813 0 3.438 0.313 4.938 0.938 1.5 0.563 2.813 1.375 3.813 2.375 1.063 1.063 1.813 2.188 2.438 3.5 0.563 1.313 0.875 2.688 0.875 4.063 0 3.75-0.938 6.875-2.875 9.313-1.938 2.5-4.375 3.688-7.375 3.688-1 0-1.938-0.188-2.813-0.688-0.875-0.438-1.5-1-1.875-1.688-0.688 2.938-1.125 4.688-1.313 5.25-0.375 1.438-1.25 3.188-2.688 5.25h-1.313c-0.25-2.563-0.188-4.688 0.188-6.375l2.438-10.313c-0.375-0.813-0.563-1.813-0.563-3.063z\"><\/path><\/svg><\/span><span class=\"essb_network_name essb_noname\"><\/span><\/a><\/li><li class=\"essb_item essb_link_whatsapp nolightbox essb_link_svg_icon\"> <a href=\"whatsapp:\/\/send?text=Interior%20Detailer%20\u2013%20Innenraum-Schnellreiniger%20mit%20UV-%20und%20Antistatik-Schutz%20%7C%20Good%20Stuff%20https%3A%2F%2Fgoodstuff.com.pl%2Fde%2Fautopflege%2Fpassion-line-premium%2Finterior-detailer%2F\" title=\"Share on WhatsApp\" onclick=\"essb.whatsapp('Interior%20Detailer%20\u2013%20Innenraum-Schnellreiniger%20mit%20UV-%20und%20Antistatik-Schutz%20%7C%20Good%20Stuff%20https%3A%2F%2Fgoodstuff.com.pl%2Fde%2Fautopflege%2Fpassion-line-premium%2Finterior-detailer%2F', '1211572699'); return false;\" target=\"_blank\" rel=\"noreferrer noopener nofollow\" class=\"nolightbox essb-s-bg-whatsapp essb-s-c-light essb-s-ch-light essb-s-bgh-dark essb-s-bg-network\" ><span class=\"essb_icon essb_icon_whatsapp\"><svg class=\"essb-svg-icon essb-svg-icon-whatsapp\" aria-hidden=\"true\" role=\"img\" focusable=\"false\" width=\"32\" height=\"32\" viewBox=\"0 0 32 32\" xmlns=\"http:\/\/www.w3.org\/2000\/svg\"><path d=\"M27.313 4.625c-3-3-7-4.625-11.25-4.625-8.75 0-15.875 7.125-15.875 15.875 0 2.75 0.75 5.5 2.125 7.938l-2.25 8.188 8.438-2.188c2.313 1.25 4.875 1.938 7.563 1.938v0c0 0 0 0 0 0 8.75 0 15.875-7.125 15.875-15.875 0-4.25-1.625-8.25-4.625-11.25zM16.063 29.063v0c-2.375 0-4.688-0.625-6.688-1.875l-0.5-0.25-5 1.313 1.313-4.875-0.313-0.5c-1.313-2.125-2-4.5-2-7 0-7.313 5.938-13.188 13.188-13.188 3.5 0 6.813 1.375 9.313 3.875s3.875 5.813 3.875 9.313c0 7.25-5.938 13.188-13.188 13.188zM23.313 19.188c-0.438-0.188-2.375-1.188-2.75-1.313-0.313-0.125-0.625-0.188-0.875 0.188-0.25 0.438-1 1.313-1.25 1.563s-0.438 0.313-0.875 0.125c-0.375-0.188-1.625-0.625-3.188-2-1.125-1-1.938-2.313-2.188-2.75-0.25-0.375 0-0.563 0.188-0.813 0.188-0.125 0.375-0.438 0.563-0.688 0.25-0.188 0.313-0.375 0.438-0.625s0.063-0.5-0.063-0.688c-0.063-0.188-0.875-2.188-1.188-2.938-0.375-0.813-0.688-0.688-0.938-0.688-0.188 0-0.5 0-0.75 0s-0.688 0.063-1.063 0.438c-0.375 0.438-1.375 1.375-1.375 3.313 0 2 1.438 3.875 1.625 4.125s2.813 4.25 6.75 6c0.938 0.375 1.688 0.625 2.25 0.813 1 0.313 1.813 0.25 2.5 0.188 0.813-0.125 2.375-1 2.688-1.938 0.375-0.875 0.375-1.688 0.25-1.875-0.125-0.125-0.375-0.25-0.75-0.438z\"><\/path><\/svg><\/span><span class=\"essb_network_name essb_noname\"><\/span><\/a><\/li><li class=\"essb_item essb_link_copy nolightbox essb_desktop_hidden essb_link_svg_icon\"> <a href=\"#\" title=\"Share on Copy Link\" onclick=\"essb.copy_link(&#39;1211572699&#39;,&#39;https:\/\/goodstuff.com.pl\/de\/autopflege\/passion-line-premium\/interior-detailer\/&#39;); return false;\" target=\"_blank\" rel=\"noreferrer noopener nofollow\" class=\"nolightbox essb-s-bg-copy essb-s-c-light essb-s-ch-light essb-s-bgh-dark essb-s-bg-network\" ><span class=\"essb_icon essb_icon_copy\"><svg class=\"essb-svg-icon essb-svg-icon-copy\" aria-hidden=\"true\" role=\"img\" focusable=\"false\" width=\"32\" height=\"32\" viewBox=\"0 0 32 32\" xmlns=\"http:\/\/www.w3.org\/2000\/svg\"><path d=\"M25.313 28v-18.688h-14.625v18.688h14.625zM25.313 6.688c1.438 0 2.688 1.188 2.688 2.625v18.688c0 1.438-1.25 2.688-2.688 2.688h-14.625c-1.438 0-2.688-1.25-2.688-2.688v-18.688c0-1.438 1.25-2.625 2.688-2.625h14.625zM21.313 1.313v2.688h-16v18.688h-2.625v-18.688c0-1.438 1.188-2.688 2.625-2.688h16z\" \/><\/svg><\/span><span class=\"essb_network_name essb_noname\"><\/span><\/a><\/li><\/ul><\/div>\n\t\t\t<div class=\"ult_dual_button  ult-adjust-bottom-margin to-center  \"  data-response=\"on\" id=\"ult_btn_211559872\">\n\n\t\t\t<div id=\"dualbtn-9502\" class=\"ulitmate_dual_buttons ult-dual-btn3 ult_main_dualbtn \" data-bcolor=\"#ffffff\"data-bhcolor=\"\">\n\n\t\t\t<div class=\"ult_dualbutton-wrapper btn-inline place-template bt1 \"><a href=\"https:\/\/goodstuff.com.pl\/de\/autopflege\/passion-line-premium\/sio2-detailer\/\" title=\"SiO\u2082 Detailer \u2013 Hochglanz-Schnell-Detailer mit Kieselerde | Good Stuff\"  class=\"ult_ivan_button round-square with-icon icon-before with-text place-template ult_dual1\" style=\";margin-right:px;;background-color:#ffffff !important;; border-color:#ffffff;border-style:solid;border-width:2px;border-radius:35px;;\">\n\t\t\t<span class=\"ult-dual-btn-1 Style 2\" style=\"\"  data-bgcolor=\"#ffffff\" data-bghovercolor=\"#fdb713\" data-icon_color=\"#333333\" data-icon_hover_color=\"#333333\" data-textcolor=\"#333333\" data-texthovercolor=\"#333333\" data-iconbgcolor=\"transperent\" data-iconbghovercolor=\"transperent\" data-iconborder=\"transperent\" data-iconhoverborder=\"transperent\" >\n\t\t\t<span class=\"icon-simple icon-left1 ult_btn1span ult-dual-btn-no-icon\"  style=\";padding-left:0px; \"><\/span>\n\t\t\t<span class=\"text-btn ult-dual-button-title ult-responsive\"  data-ultimate-target='#dualbtn-9502 .ult-dual-button-title'  data-responsive-json-new='{\"font-size\":\"desktop:15px;\",\"line-height\":\"desktop:15px;\"}'  style=\"font-weight:normal;color:#333333;\">VORHERIG<\/span>\n\n\t\t\t<\/span>\n\t\t\t<\/a><span class=\"middle-text\" style=\"line-height: 1.8em;color:#3d3d3b;background-color:#fdb713;border-color:#ffffff;border-width:2px;border-style:solid;border-radius:px;\">\n\t\t\t<span class=\"middle-inner\"  >or<\/span>\n\t\t\t<\/span>\n\n\t\t\t<\/div>\n\n\t\t\t<div class=\"ult_dualbutton-wrapper btn-inline place-template btn2 \"><a href=\"https:\/\/goodstuff.com.pl\/de\/autopflege\/passion-line-premium\/sio2-wax\/\" title=\"SiO\u2082 Wax \u2013 Hydrophobes Autowachs auf Kiesels\u00e4urebasis | Good Stuff\"  class=\"ult_ivan_button round-square with-icon icon-after with-text place-template ult_dual2\"  style=\";background-color:#ffffff !important;;margin-left:px;;border-color:#ffffff;border-style:solid;border-width:2px;border-radius:35px;\">\n\t\t\t<span class=\"ult-dual-btn-2 Style 2\"  data-bgcolor=\"#ffffff\" data-bghovercolor=\"#fdb713\" data-icon_color=\"#333333\" data-icon_hover_color=\"#333333\" data-textcolor=\"#333333\" data-texthovercolor=\"#333333\" data-iconbgcolor=\"transperent\" data-iconbghovercolor=\"transperent\" data-iconborder=\"transperent\" data-iconhoverborder=\"transperent\" >\n\t\t\t<span class=\"text-btn ult-dual-button-title\" style=\"font-weight:normal;color:#333333;\">N\u00c4CHSTES<\/span>\n\n\t\t\t<span class=\"icon-simple icon-right2 ult_btn1span ult-dual-btn-no-icon\"  style=\";padding-left:0px; \"><\/span>\n\t\t\t<\/span>\n\t\t\t<\/a><\/div>\n\t\t\t<\/div>\n\t\t\t<\/div>[\/vc_column_inner][\/vc_row_inner][\/vc_column][\/vc_row]\n","protected":false},"excerpt":{"rendered":"<p>[vc_row type=&#8221;full_width_background&#8221; full_screen_row_position=&#8221;middle&#8221; column_margin=&#8221;default&#8221; column_direction=&#8221;default&#8221; column_direction_tablet=&#8221;default&#8221; column_direction_phone=&#8221;default&#8221; bg_color=&#8221;#212121&#8243; bg_image=&#8221;27391&#8243; bg_position=&#8221;left top&#8221; background_image_loading=&#8221;lazy-load&#8221; bg_repeat=&#8221;no-repeat&#8221; scene_position=&#8221;center&#8221; top_padding=&#8221;4%&#8221; bottom_padding=&#8221;6%&#8221; text_color=&#8221;light&#8221; text_align=&#8221;left&#8221; row_border_radius=&#8221;none&#8221; row_border_radius_applies=&#8221;bg&#8221; overflow=&#8221;visible&#8221; color_overlay=&#8221;#212121&#8243; overlay_strength=&#8221;0.8&#8243; gradient_direction=&#8221;left_to_right&#8221; shape_divider_position=&#8221;bottom&#8221; bg_image_animation=&#8221;none&#8221; parallax_bg=&#8221;true&#8221; parallax_bg_speed=&#8221;fast&#8221; shape_type=&#8221;&#8221; gradient_type=&#8221;default&#8221;][vc_column&#8230;<\/p>\n","protected":false},"author":1,"featured_media":31382,"parent":31368,"menu_order":0,"comment_status":"closed","ping_status":"closed","template":"","meta":{"footnotes":""},"class_list":["post-31379","page","type-page","status-publish","has-post-thumbnail"],"publishpress_future_action":{"enabled":false,"date":"2026-04-15 16:07:32","action":"change-status","newStatus":"draft","terms":[],"taxonomy":"translation_priority","extraData":[]},"publishpress_future_workflow_manual_trigger":{"enabledWorkflows":[]},"_links":{"self":[{"href":"https:\/\/goodstuff.com.pl\/de\/wp-json\/wp\/v2\/pages\/31379","targetHints":{"allow":["GET"]}}],"collection":[{"href":"https:\/\/goodstuff.com.pl\/de\/wp-json\/wp\/v2\/pages"}],"about":[{"href":"https:\/\/goodstuff.com.pl\/de\/wp-json\/wp\/v2\/types\/page"}],"author":[{"embeddable":true,"href":"https:\/\/goodstuff.com.pl\/de\/wp-json\/wp\/v2\/users\/1"}],"replies":[{"embeddable":true,"href":"https:\/\/goodstuff.com.pl\/de\/wp-json\/wp\/v2\/comments?post=31379"}],"version-history":[{"count":3,"href":"https:\/\/goodstuff.com.pl\/de\/wp-json\/wp\/v2\/pages\/31379\/revisions"}],"predecessor-version":[{"id":32980,"href":"https:\/\/goodstuff.com.pl\/de\/wp-json\/wp\/v2\/pages\/31379\/revisions\/32980"}],"up":[{"embeddable":true,"href":"https:\/\/goodstuff.com.pl\/de\/wp-json\/wp\/v2\/pages\/31368"}],"wp:featuredmedia":[{"embeddable":true,"href":"https:\/\/goodstuff.com.pl\/de\/wp-json\/wp\/v2\/media\/31382"}],"wp:attachment":[{"href":"https:\/\/goodstuff.com.pl\/de\/wp-json\/wp\/v2\/media?parent=31379"}],"curies":[{"name":"wp","href":"https:\/\/api.w.org\/{rel}","templated":true}]}}