{"id":30182,"date":"2025-06-10T00:08:43","date_gmt":"2025-06-09T22:08:43","guid":{"rendered":"https:\/\/goodstuff.com.pl\/aviso-legal\/"},"modified":"2025-06-10T00:08:57","modified_gmt":"2025-06-09T22:08:57","slug":"aviso-legal","status":"publish","type":"page","link":"https:\/\/goodstuff.com.pl\/es\/aviso-legal\/","title":{"rendered":"Aviso Legal"},"content":{"rendered":"[vc_row type=&#8221;in_container&#8221; full_screen_row_position=&#8221;middle&#8221; column_margin=&#8221;default&#8221; column_direction=&#8221;default&#8221; column_direction_tablet=&#8221;default&#8221; column_direction_phone=&#8221;default&#8221; scene_position=&#8221;center&#8221; text_color=&#8221;dark&#8221; text_align=&#8221;left&#8221; row_border_radius=&#8221;none&#8221; row_border_radius_applies=&#8221;bg&#8221; overflow=&#8221;visible&#8221; overlay_strength=&#8221;0.3&#8243; gradient_direction=&#8221;left_to_right&#8221; shape_divider_position=&#8221;bottom&#8221; bg_image_animation=&#8221;none&#8221;][vc_column column_padding=&#8221;no-extra-padding&#8221; column_padding_tablet=&#8221;inherit&#8221; column_padding_phone=&#8221;inherit&#8221; column_padding_position=&#8221;all&#8221; column_element_direction_desktop=&#8221;default&#8221; column_element_spacing=&#8221;default&#8221; desktop_text_alignment=&#8221;default&#8221; tablet_text_alignment=&#8221;default&#8221; phone_text_alignment=&#8221;default&#8221; background_color_opacity=&#8221;1&#8243; background_hover_color_opacity=&#8221;1&#8243; column_backdrop_filter=&#8221;none&#8221; column_shadow=&#8221;none&#8221; column_border_radius=&#8221;none&#8221; column_link_target=&#8221;_self&#8221; column_position=&#8221;default&#8221; gradient_direction=&#8221;left_to_right&#8221; overlay_strength=&#8221;0.3&#8243; width=&#8221;1\/6&#8243; tablet_width_inherit=&#8221;default&#8221; animation_type=&#8221;default&#8221; bg_image_animation=&#8221;none&#8221; border_type=&#8221;simple&#8221; column_border_width=&#8221;none&#8221; column_border_style=&#8221;solid&#8221;][\/vc_column][vc_column column_padding=&#8221;no-extra-padding&#8221; column_padding_tablet=&#8221;inherit&#8221; column_padding_phone=&#8221;inherit&#8221; column_padding_position=&#8221;all&#8221; column_element_direction_desktop=&#8221;default&#8221; column_element_spacing=&#8221;default&#8221; desktop_text_alignment=&#8221;default&#8221; tablet_text_alignment=&#8221;default&#8221; phone_text_alignment=&#8221;default&#8221; background_color_opacity=&#8221;1&#8243; background_hover_color_opacity=&#8221;1&#8243; column_backdrop_filter=&#8221;none&#8221; column_shadow=&#8221;none&#8221; column_border_radius=&#8221;none&#8221; column_link_target=&#8221;_self&#8221; column_position=&#8221;default&#8221; gradient_direction=&#8221;left_to_right&#8221; overlay_strength=&#8221;0.3&#8243; width=&#8221;2\/3&#8243; tablet_width_inherit=&#8221;default&#8221; animation_type=&#8221;default&#8221; bg_image_animation=&#8221;none&#8221; border_type=&#8221;simple&#8221; column_border_width=&#8221;none&#8221; column_border_style=&#8221;solid&#8221;][vc_column_text css=&#8221;&#8221; text_direction=&#8221;default&#8221;]\n<h2 class=\"\" data-start=\"225\" data-end=\"257\"><span style=\"color: #ff0000;\">Aviso legal &#8211; Good Stuff<\/span><\/h2>\n<h3 class=\"\" data-start=\"259\" data-end=\"294\"><span style=\"color: #ff0000;\"><strong data-start=\"263\" data-end=\"294\">1. Propiedad del Sitio Web<\/strong><\/span><\/h3>\n<p class=\"\" data-start=\"295\" data-end=\"488\"><span style=\"color: #ffffff;\">El presente aviso legal (\u201cAviso Legal\u201d) regula el uso del sitio web www.goodstuff.com.pl (el \u201cSitio Web\u201d), que es propiedad y est\u00e1 gestionado por:<\/span><\/p>\n<p class=\"\" data-start=\"490\" data-end=\"664\"><span style=\"color: #ffffff;\">\ud83d\udccc  <strong data-start=\"493\" data-end=\"525\">GOOD STUFF Sp. z o.o. Sp. k.  <\/strong><\/span><br data-start=\"525\" data-end=\"528\"><span style=\"color: #ffffff;\">\ud83d\udccc <strong data-start=\"531\" data-end=\"539\">PIN:<\/strong> 7773295478<\/span><br data-start=\"550\" data-end=\"553\"><span style=\"color: #ffffff;\">\ud83d\udccc <strong data-start=\"556\" data-end=\"578\">Domicilio social:<\/strong> ul. Nowa 47, 62-070 Pal\u0119dzie, Polonia <\/span><br data-start=\"615\" data-end=\"618\"><span style=\"color: #ffffff;\">\ud83d\udccc <strong data-start=\"621\" data-end=\"639\">Correo electr\u00f3nico de contacto:<\/strong> <span class=\"link_wrap\" style=\"color: #ffff00;\">Goodstuff@goodstuff.com.pl<\/span><\/span><\/p>\n<p class=\"\" data-start=\"666\" data-end=\"782\"><span style=\"color: #ffffff;\">Al acceder o utilizar este Sitio Web, aceptas cumplir los t\u00e9rminos y condiciones expuestos en este Aviso Legal.<\/span><\/p>\n<hr class=\"\" data-start=\"784\" data-end=\"787\">\n<h3 class=\"\" data-start=\"789\" data-end=\"837\"><span style=\"color: #ff0000;\"><strong data-start=\"793\" data-end=\"837\">2. Legislaci\u00f3n y jurisdicci\u00f3n aplicables<\/strong><\/span><\/h3>\n<p class=\"\" data-start=\"838\" data-end=\"1156\"><span style=\"color: #ffffff;\">La relaci\u00f3n jur\u00eddica entre  <strong data-start=\"869\" data-end=\"901\">GOOD STUFF Sp. z o.o. Sp. k.  <\/strong>  y los usuarios de este Sitio Web se rige por la legislaci\u00f3n polaca. Cualquier litigio derivado de la interpretaci\u00f3n o ejecuci\u00f3n de estas condiciones ser\u00e1 competencia de los tribunales polacos, salvo que la normativa aplicable en materia de protecci\u00f3n de los consumidores disponga lo contrario. <\/span><\/p>\n<hr class=\"\" data-start=\"1158\" data-end=\"1161\">\n<h3 class=\"\" data-start=\"1163\" data-end=\"1207\"><span style=\"color: #ff0000;\"><strong data-start=\"1167\" data-end=\"1207\">3. Propiedad intelectual y derechos de autor<\/strong><\/span><\/h3>\n<p class=\"\" data-start=\"1208\" data-end=\"1397\"><span style=\"color: #ffffff;\">Todo el contenido publicado en este sitio web -incluidos logotipos, nombres de productos, texto, im\u00e1genes, gr\u00e1ficos y c\u00f3digo- es propiedad intelectual de WORK STUFF Sp. z o.o. Sp. k., a menos que se indique lo contrario.<\/span><\/p>\n<ul data-start=\"1399\" data-end=\"1600\">\n<li class=\"\" data-start=\"1399\" data-end=\"1502\">\n<p class=\"\" data-start=\"1401\" data-end=\"1502\"><span style=\"color: #ffffff;\">Cualquier reproducci\u00f3n, distribuci\u00f3n o modificaci\u00f3n no autorizada del contenido est\u00e1 estrictamente prohibida.<\/span><\/p>\n<\/li>\n<li class=\"\" data-start=\"1503\" data-end=\"1600\">\n<p class=\"\" data-start=\"1505\" data-end=\"1600\"><span style=\"color: #ffffff;\">Las marcas comerciales de terceros que aparecen en este Sitio Web siguen siendo propiedad de sus respectivos due\u00f1os.<\/span><\/p>\n<\/li>\n<\/ul>\n<hr class=\"\" data-start=\"1602\" data-end=\"1605\">\n<h3 class=\"\" data-start=\"1607\" data-end=\"1659\"><span style=\"color: #ff0000;\"><strong data-start=\"1611\" data-end=\"1659\">4. Contenido del sitio web y limitaci\u00f3n de responsabilidad<\/strong><\/span><\/h3>\n<p class=\"\" data-start=\"1660\" data-end=\"1873\"><span style=\"color: #ffffff;\">El contenido presentado en este Sitio Web s\u00f3lo tiene fines informativos generales. Aunque nuestro objetivo es garantizar la exactitud de toda la informaci\u00f3n, nos reservamos el derecho a realizar cambios o actualizaciones en cualquier momento sin previo aviso. <\/span><\/p>\n<p class=\"\" data-start=\"1875\" data-end=\"2111\"><span style=\"color: #ffffff;\">Good Stuff no se hace responsable de:<\/span><br \/><span style=\"color: #ffffff;\">\u2714\ufe0f Cualquier inexactitud o desactualizaci\u00f3n de la informaci\u00f3n.<\/span><br data-start=\"1960\" data-end=\"1963\"><span style=\"color: #ffffff;\">\u2714\ufe0f La indisponibilidad temporal, errores o mal funcionamiento del Sitio Web.<\/span><br data-start=\"2031\" data-end=\"2034\"><span style=\"color: #ffffff;\">\u2714\ufe0f Cualquier da\u00f1o derivado del mal uso o interpretaci\u00f3n del contenido proporcionado.<\/span><\/p>\n<hr class=\"\" data-start=\"2113\" data-end=\"2116\">\n<h3 class=\"\" data-start=\"2118\" data-end=\"2170\"><span style=\"color: #ff0000;\"><strong data-start=\"2122\" data-end=\"2170\">5. Distribuidores de terceros y enlaces externos<\/strong><\/span><\/h3>\n<p class=\"\" data-start=\"2171\" data-end=\"2296\"><span style=\"color: #ffffff;\">Este Sitio Web puede proporcionar enlaces o redirecciones a distribuidores externos o sitios web de terceros que ofrecen productos Good Stuff.<\/span><\/p>\n<p class=\"\" data-start=\"2298\" data-end=\"2504\"><span style=\"color: #ffffff;\">Ten en cuenta que <strong data-start=\"2322\" data-end=\"2341\">no<\/strong> somos responsables de<\/span><br \/><span style=\"color: #ffffff;\">\ud83d\udd39 Cualquier transacci\u00f3n, entrega, garant\u00eda o devoluci\u00f3n gestionada por revendedores externos.<\/span><br data-start=\"2431\" data-end=\"2434\"><span style=\"color: #ffffff;\">\ud83d\udd39 El contenido, la seguridad o las pol\u00edticas de privacidad de los sitios web de terceros.<\/span><\/p>\n<p class=\"\" data-start=\"2506\" data-end=\"2610\"><span style=\"color: #ffffff;\">Los usuarios deben leer detenidamente las condiciones y pol\u00edticas de cualquier plataforma de terceros antes de realizar una compra.<\/span><\/p>\n<hr class=\"\" data-start=\"2612\" data-end=\"2615\">\n<h3 class=\"\" data-start=\"2617\" data-end=\"2653\"><span style=\"color: #ff0000;\"><strong data-start=\"2621\" data-end=\"2653\">6. Protecci\u00f3n de datos y privacidad<\/strong><\/span><\/h3>\n<p class=\"\" data-start=\"2654\" data-end=\"2755\"><span style=\"color: #ffffff;\">Good Stuff respeta tu privacidad y cumple el <strong data-start=\"2709\" data-end=\"2754\">Reglamento General de Protecci\u00f3n de Datos (RGPD)<\/strong>.<\/span><\/p>\n<p class=\"\" data-start=\"2757\" data-end=\"3006\"><span style=\"color: #ffffff;\">Los datos personales recogidos a trav\u00e9s de este Sitio Web se tratan de acuerdo con nuestra [Pol\u00edtica de privacidad], que describe:<\/span><br \/><span style=\"color: #ffffff;\">\u2714\ufe0f Qu\u00e9 datos personales recogemos<\/span><br data-start=\"2905\" data-end=\"2908\"><span style=\"color: #ffffff;\">\u2714\ufe0f C\u00f3mo utilizamos, protegemos y almacenamos tus datos<\/span><br data-start=\"2951\" data-end=\"2954\"><span style=\"color: #ffffff;\">\u2714\ufe0f Tus derechos en virtud de las leyes de protecci\u00f3n de datos aplicables<\/span><\/p>\n<p class=\"\" data-start=\"3008\" data-end=\"3090\"><span style=\"color: #ffffff;\">Para cualquier pregunta relacionada con los datos, ponte en contacto con nosotros en <span class=\"link_wrap\" style=\"color: #ffff00;\">Goodstuff@goodstuff.com.pl.<\/span><\/span><\/p>\n<hr class=\"\" data-start=\"3092\" data-end=\"3095\">\n<h3 class=\"\" data-start=\"3097\" data-end=\"3115\"><span style=\"color: #ff0000;\"><strong data-start=\"3101\" data-end=\"3115\">7. Cookies<\/strong><\/span><\/h3>\n<p class=\"\" data-start=\"3116\" data-end=\"3193\"><span style=\"color: #ffffff;\">Utilizamos cookies para mejorar tu experiencia de navegaci\u00f3n y la funcionalidad del sitio web.<\/span><\/p>\n<p class=\"\" data-start=\"3195\" data-end=\"3323\"><span style=\"color: #ffffff;\">Puedes controlar o desactivar las cookies a trav\u00e9s de la configuraci\u00f3n de tu navegador en cualquier momento. Encontrar\u00e1s m\u00e1s detalles en nuestra [Pol\u00edtica de cookies]. <\/span><\/p>\n<hr class=\"\" data-start=\"3325\" data-end=\"3328\">\n<h3 class=\"\" data-start=\"3330\" data-end=\"3369\"><span style=\"color: #ff0000;\"><strong data-start=\"3334\" data-end=\"3369\">8. Cambios en este Aviso Legal<\/strong><\/span><\/h3>\n<p class=\"\" data-start=\"3370\" data-end=\"3541\"><span style=\"color: #ffffff;\">Nos reservamos el derecho a actualizar o revisar este Aviso Legal para reflejar actualizaciones legales o cambios operativos. La versi\u00f3n m\u00e1s actualizada se publicar\u00e1 siempre en esta p\u00e1gina. <\/span><\/p>\n<hr class=\"\" data-start=\"3543\" data-end=\"3546\">\n<h3 class=\"\" data-start=\"3548\" data-end=\"3569\"><span style=\"color: #ff0000;\">\ud83d\udce9 <strong data-start=\"3555\" data-end=\"3569\">Contacta con nosotros<\/strong><\/span><\/h3>\n<p class=\"\" data-start=\"3570\" data-end=\"3702\"><span style=\"color: #ffffff;\">Si tienes alguna pregunta o duda sobre este Aviso Legal, no dudes en ponerte en contacto con nosotros por correo electr\u00f3nico en <\/span><span class=\"link_wrap\" style=\"color: #ffff00;\">Goodstuff@goodstuff.com.pl<\/span><\/p>\n[\/vc_column_text][\/vc_column][vc_column column_padding=&#8221;no-extra-padding&#8221; column_padding_tablet=&#8221;inherit&#8221; column_padding_phone=&#8221;inherit&#8221; column_padding_position=&#8221;all&#8221; column_element_direction_desktop=&#8221;default&#8221; column_element_spacing=&#8221;default&#8221; desktop_text_alignment=&#8221;default&#8221; tablet_text_alignment=&#8221;default&#8221; phone_text_alignment=&#8221;default&#8221; background_color_opacity=&#8221;1&#8243; background_hover_color_opacity=&#8221;1&#8243; column_backdrop_filter=&#8221;none&#8221; column_shadow=&#8221;none&#8221; column_border_radius=&#8221;none&#8221; column_link_target=&#8221;_self&#8221; column_position=&#8221;default&#8221; gradient_direction=&#8221;left_to_right&#8221; overlay_strength=&#8221;0.3&#8243; width=&#8221;1\/6&#8243; tablet_width_inherit=&#8221;default&#8221; animation_type=&#8221;default&#8221; bg_image_animation=&#8221;none&#8221; border_type=&#8221;simple&#8221; column_border_width=&#8221;none&#8221; column_border_style=&#8221;solid&#8221;][\/vc_column][\/vc_row]\n","protected":false},"excerpt":{"rendered":"<p>[vc_row type=&#8221;in_container&#8221; full_screen_row_position=&#8221;middle&#8221; column_margin=&#8221;default&#8221; column_direction=&#8221;default&#8221; column_direction_tablet=&#8221;default&#8221; column_direction_phone=&#8221;default&#8221; scene_position=&#8221;center&#8221; text_color=&#8221;dark&#8221; text_align=&#8221;left&#8221; row_border_radius=&#8221;none&#8221; row_border_radius_applies=&#8221;bg&#8221; overflow=&#8221;visible&#8221; overlay_strength=&#8221;0.3&#8243; gradient_direction=&#8221;left_to_right&#8221; shape_divider_position=&#8221;bottom&#8221; bg_image_animation=&#8221;none&#8221;][vc_column column_padding=&#8221;no-extra-padding&#8221; column_padding_tablet=&#8221;inherit&#8221; column_padding_phone=&#8221;inherit&#8221; column_padding_position=&#8221;all&#8221; column_element_direction_desktop=&#8221;default&#8221; column_element_spacing=&#8221;default&#8221; desktop_text_alignment=&#8221;default&#8221; tablet_text_alignment=&#8221;default&#8221; phone_text_alignment=&#8221;default&#8221; background_color_opacity=&#8221;1&#8243; background_hover_color_opacity=&#8221;1&#8243; column_backdrop_filter=&#8221;none&#8221; column_shadow=&#8221;none&#8221;&#8230;<\/p>\n","protected":false},"author":1,"featured_media":0,"parent":0,"menu_order":0,"comment_status":"closed","ping_status":"closed","template":"","meta":{"footnotes":""},"class_list":["post-30182","page","type-page","status-publish"],"publishpress_future_action":{"enabled":false,"date":"2026-04-14 12:42:54","action":"change-status","newStatus":"draft","terms":[],"taxonomy":"translation_priority","extraData":[]},"publishpress_future_workflow_manual_trigger":{"enabledWorkflows":[]},"_links":{"self":[{"href":"https:\/\/goodstuff.com.pl\/es\/wp-json\/wp\/v2\/pages\/30182","targetHints":{"allow":["GET"]}}],"collection":[{"href":"https:\/\/goodstuff.com.pl\/es\/wp-json\/wp\/v2\/pages"}],"about":[{"href":"https:\/\/goodstuff.com.pl\/es\/wp-json\/wp\/v2\/types\/page"}],"author":[{"embeddable":true,"href":"https:\/\/goodstuff.com.pl\/es\/wp-json\/wp\/v2\/users\/1"}],"replies":[{"embeddable":true,"href":"https:\/\/goodstuff.com.pl\/es\/wp-json\/wp\/v2\/comments?post=30182"}],"version-history":[{"count":2,"href":"https:\/\/goodstuff.com.pl\/es\/wp-json\/wp\/v2\/pages\/30182\/revisions"}],"predecessor-version":[{"id":30198,"href":"https:\/\/goodstuff.com.pl\/es\/wp-json\/wp\/v2\/pages\/30182\/revisions\/30198"}],"wp:attachment":[{"href":"https:\/\/goodstuff.com.pl\/es\/wp-json\/wp\/v2\/media?parent=30182"}],"curies":[{"name":"wp","href":"https:\/\/api.w.org\/{rel}","templated":true}]}}