{"id":29389,"date":"2025-05-27T13:17:08","date_gmt":"2025-05-27T11:17:08","guid":{"rendered":"https:\/\/goodstuff.com.pl\/wysokiej-jakosci-chemia-do-detailingu-samochodowego-dla-profesjonalistow\/zestawy-do-detailingu-samochodow-zestawy-chemiczne-do-wnetrz-i-na-zewnatrz-good-stuff\/clay-kit\/"},"modified":"2026-03-27T08:36:37","modified_gmt":"2026-03-27T07:36:37","slug":"clay-kit","status":"publish","type":"page","link":"https:\/\/goodstuff.com.pl\/pl\/produkty\/zestawy-detailingowe\/clay-kit\/","title":{"rendered":"Clay Kit"},"content":{"rendered":"[vc_row type=&#8221;full_width_background&#8221; full_screen_row_position=&#8221;middle&#8221; column_margin=&#8221;default&#8221; column_direction=&#8221;default&#8221; column_direction_tablet=&#8221;default&#8221; column_direction_phone=&#8221;default&#8221; bg_color=&#8221;#212121&#8243; bg_image=&#8221;29211&#8243; bg_position=&#8221;center center&#8221; background_image_loading=&#8221;lazy-load&#8221; bg_repeat=&#8221;no-repeat&#8221; scene_position=&#8221;center&#8221; top_padding=&#8221;4%&#8221; bottom_padding=&#8221;6%&#8221; text_color=&#8221;light&#8221; text_align=&#8221;left&#8221; row_border_radius=&#8221;none&#8221; row_border_radius_applies=&#8221;bg&#8221; overflow=&#8221;visible&#8221; color_overlay=&#8221;#212121&#8243; overlay_strength=&#8221;0.8&#8243; gradient_direction=&#8221;left_to_right&#8221; shape_divider_position=&#8221;bottom&#8221; bg_image_animation=&#8221;none&#8221; parallax_bg=&#8221;true&#8221; parallax_bg_speed=&#8221;fast&#8221; shape_type=&#8221;&#8221; gradient_type=&#8221;default&#8221;][vc_column column_padding=&#8221;no-extra-padding&#8221; column_padding_tablet=&#8221;inherit&#8221; column_padding_phone=&#8221;inherit&#8221; column_padding_position=&#8221;all&#8221; column_element_direction_desktop=&#8221;default&#8221; column_element_spacing=&#8221;default&#8221; desktop_text_alignment=&#8221;default&#8221; tablet_text_alignment=&#8221;default&#8221; phone_text_alignment=&#8221;default&#8221; background_color_opacity=&#8221;1&#8243; background_hover_color_opacity=&#8221;1&#8243; column_backdrop_filter=&#8221;none&#8221; column_shadow=&#8221;none&#8221; column_border_radius=&#8221;none&#8221; column_link_target=&#8221;_self&#8221; column_position=&#8221;default&#8221; gradient_direction=&#8221;left_to_right&#8221; overlay_strength=&#8221;0.3&#8243; width=&#8221;1\/1&#8243; tablet_width_inherit=&#8221;default&#8221; animation_type=&#8221;default&#8221; bg_image_animation=&#8221;none&#8221; border_type=&#8221;simple&#8221; column_border_width=&#8221;none&#8221; column_border_style=&#8221;solid&#8221;][nectar_highlighted_text text_color=&#8221;#fbb921&#8243; style=&#8221;text_outline&#8221; outline_thickness=&#8221;extra_thick&#8221; text_direction=&#8221;default&#8221; custom_font_size=&#8221;4vw&#8221;]\n<h1 data-product-id=\"84\"><em>CLAY<\/em> Kit<\/h1>\n[\/nectar_highlighted_text][vc_row_inner column_margin=&#8221;30px&#8221; column_direction=&#8221;default&#8221; column_direction_tablet=&#8221;default&#8221; column_direction_phone=&#8221;default&#8221; text_align=&#8221;left&#8221; row_position=&#8221;default&#8221; row_position_tablet=&#8221;inherit&#8221; row_position_phone=&#8221;inherit&#8221; overflow=&#8221;visible&#8221; pointer_events=&#8221;all&#8221;][vc_column_inner column_padding=&#8221;no-extra-padding&#8221; column_padding_tablet=&#8221;inherit&#8221; column_padding_phone=&#8221;inherit&#8221; column_padding_position=&#8221;all&#8221; column_element_direction_desktop=&#8221;default&#8221; column_element_spacing=&#8221;default&#8221; desktop_text_alignment=&#8221;default&#8221; tablet_text_alignment=&#8221;default&#8221; phone_text_alignment=&#8221;default&#8221; background_color_opacity=&#8221;1&#8243; background_hover_color_opacity=&#8221;1&#8243; column_backdrop_filter=&#8221;none&#8221; column_shadow=&#8221;none&#8221; column_border_radius=&#8221;none&#8221; column_link_target=&#8221;_self&#8221; overflow=&#8221;visible&#8221; gradient_direction=&#8221;left_to_right&#8221; overlay_strength=&#8221;0.3&#8243; width=&#8221;1\/2&#8243; tablet_width_inherit=&#8221;default&#8221; animation_type=&#8221;default&#8221; bg_image_animation=&#8221;none&#8221; border_type=&#8221;simple&#8221; column_border_width=&#8221;none&#8221; column_border_style=&#8221;solid&#8221;][nectar_cta btn_style=&#8221;basic&#8221; heading_tag=&#8221;h6&#8243; border_radius=&#8221;10&#8243; button_color=&#8221;default&#8221; text_color=&#8221;#fbb921&#8243; text_color_hover=&#8221;#ffffff&#8221; button_border_color=&#8221;#fbb921&#8243; button_border_color_hover=&#8221;#ffffff&#8221; button_border_thickness=&#8221;4px&#8221; link_type=&#8221;regular&#8221; alignment=&#8221;center&#8221; alignment_tablet=&#8221;default&#8221; alignment_phone=&#8221;default&#8221; constrain_group_3=&#8221;yes&#8221; display=&#8221;block&#8221; display_tablet=&#8221;inherit&#8221; display_phone=&#8221;inherit&#8221; icon_family=&#8221;linecons&#8221; class=&#8221;buy-button&#8221; font_size_desktop=&#8221;20&#8243; link_text=&#8221;Kupuj w Autoryzowanych Sklepach&#8221; padding_top=&#8221;11&#8243; padding_bottom=&#8221;11&#8243; padding_left=&#8221;11&#8243; padding_right=&#8221;11&#8243; icon_linecons=&#8221;vc_li vc_li-star&#8221; font_size_phone=&#8221;1rem&#8221;][vc_gallery css=&#8221;&#8221; type=&#8221;image_grid&#8221; images=&#8221;29246,29242&#8243; image_grid_loading=&#8221;lazy-load&#8221; layout=&#8221;2&#8243; item_spacing=&#8221;5px&#8221; gallery_style=&#8221;5&#8243; load_in_animation=&#8221;none&#8221; img_size=&#8221;full&#8221;][\/vc_column_inner][vc_column_inner column_padding=&#8221;padding-5-percent&#8221; column_padding_tablet=&#8221;inherit&#8221; column_padding_phone=&#8221;inherit&#8221; column_padding_position=&#8221;left-right&#8221; column_element_direction_desktop=&#8221;default&#8221; column_element_spacing=&#8221;default&#8221; desktop_text_alignment=&#8221;default&#8221; tablet_text_alignment=&#8221;default&#8221; phone_text_alignment=&#8221;default&#8221; background_color_opacity=&#8221;1&#8243; background_hover_color_opacity=&#8221;1&#8243; column_backdrop_filter=&#8221;none&#8221; column_shadow=&#8221;none&#8221; column_border_radius=&#8221;none&#8221; column_link_target=&#8221;_self&#8221; overflow=&#8221;visible&#8221; gradient_direction=&#8221;left_to_right&#8221; overlay_strength=&#8221;0.3&#8243; width=&#8221;1\/2&#8243; tablet_width_inherit=&#8221;default&#8221; animation_type=&#8221;default&#8221; bg_image_animation=&#8221;none&#8221; border_type=&#8221;simple&#8221; column_border_width=&#8221;none&#8221; column_border_style=&#8221;solid&#8221; column_padding_type=&#8221;default&#8221; gradient_type=&#8221;default&#8221;][nectar_responsive_text inherited_font_style=&#8221;default&#8221; text_color=&#8221;#ffffff&#8221; text_direction=&#8221;default&#8221; font_size_desktop=&#8221;25&#8243;]\n<h2>Skuteczne oczyszczanie lakieru \u2013 g\u0142adko\u015b\u0107, bezpiecze\u0144stwo i gotowo\u015b\u0107 do korekty<\/h2>\n[\/nectar_responsive_text][vc_column_text css=&#8221;&#8221; text_direction=&#8221;default&#8221;]\n<article class=\"w-full scroll-mb-[var(--thread-trailing-height,150px)] text-token-text-primary focus-visible:outline-2 focus-visible:outline-offset-[-4px]\" dir=\"auto\" data-testid=\"conversation-turn-207\" data-scroll-anchor=\"false\">\n<div class=\"m-auto text-base py-invalid_tags_codes_1| px-3 md:px-4 w-full md:px-5 lg:px-4 xl:px-5\">\n<div class=\"mx-auto flex flex-1 gap-4 text-base md:gap-5 lg:gap-6 md:max-w-3xl lg:max-w-[40rem] xl:max-w-[48rem]\">\n<div class=\"group\/conversation-turn relative flex w-full min-w-0 flex-col agent-turn\">\n<div class=\"flex-col gap-1 md:gap-3\">\n<div class=\"flex max-w-full flex-col flex-grow\">\n<div class=\"min-h-8 text-message flex w-full flex-col items-end gap-2 whitespace-normal break-words text-start [.text-message+&amp;]:mt-5\" dir=\"auto\" data-message-author-role=\"assistant\" data-message-id=\"ef49b18c-61e9-47f8-9445-6a87a7cbb5a1\" data-message-model-slug=\"gpt-4o\">\n<div class=\"flex w-full flex-col gap-1 empty:hidden first:pt-[3px]\">\n<div class=\"markdown prose w-full break-words dark:prose-invert dark\">\n<p data-start=\"268\" data-end=\"624\"><strong>Good Stuff Clay Kit<\/strong> to <strong data-start=\"291\" data-end=\"341\">profesjonalny zestaw do dekontaminacji lakieru<\/strong>, \u0142\u0105cz\u0105cy wysokiej jako\u015bci lubrykant i glink\u0119 czyszcz\u0105c\u0105 w jednym, gotowym do u\u017cycia komplecie. Zosta\u0142 zaprojektowany z my\u015bl\u0105 o bezpiecznym usuwaniu uporczywych zanieczyszcze\u0144, takich jak py\u0142 hamulcowy, osady metaliczne, smo\u0142a czy \u017cywica \u2013 bez ryzyka uszkodzenia powierzchni lakieru.<\/p>\n<p data-start=\"626\" data-end=\"738\">To idealne przygotowanie pod kolejne etapy detailingu \u2013 woskowanie, polerowanie lub aplikacj\u0119 pow\u0142ok ochronnych.<\/p>\n<hr data-start=\"740\" data-end=\"743\" \/>\n<h3 data-start=\"745\" data-end=\"774\">\u2705 <strong data-start=\"751\" data-end=\"774\">Zawarto\u015b\u0107 Clay Kit:<\/strong><\/h3>\n<p data-start=\"776\" data-end=\"800\"><strong data-start=\"776\" data-end=\"800\">Produkty GOOD STUFF:<\/strong><\/p>\n<ul data-start=\"802\" data-end=\"1015\">\n<li data-start=\"802\" data-end=\"1015\">\n<p data-start=\"804\" data-end=\"1015\"><strong data-start=\"804\" data-end=\"826\">Clay Lube (500 ml)<\/strong> \u2013 wysokowydajny lubrykant do glinki o formule zmniejszaj\u0105cej tarcie. U\u0142atwia przesuwanie glinki i minimalizuje ryzyko mikrozarysowa\u0144. Dodatkowo, przyjemny owocowy zapach uprzyjemnia prac\u0119.<\/p>\n<\/li>\n<\/ul>\n<p data-start=\"1017\" data-end=\"1042\"><strong data-start=\"1017\" data-end=\"1042\">Akcesoria WORK STUFF:<\/strong><\/p>\n<ul data-start=\"1044\" data-end=\"1220\">\n<li data-start=\"1044\" data-end=\"1220\">\n<p data-start=\"1046\" data-end=\"1220\"><strong data-start=\"1046\" data-end=\"1093\">Spot Clay Bar (\u015bredni stopie\u0144 agresywno\u015bci)<\/strong> \u2013 glinka detailingowa klasy medium, idealna do usuwania g\u0142\u0119boko osadzonych zanieczyszcze\u0144 bez naruszania pow\u0142oki lakierniczej.<\/p>\n<\/li>\n<\/ul>\n<hr data-start=\"1222\" data-end=\"1225\" \/>\n<h3 data-start=\"1227\" data-end=\"1267\">\ud83d\udca1 <strong data-start=\"1234\" data-end=\"1267\">Korzy\u015bci stosowania Clay Kit:<\/strong><\/h3>\n<ul data-start=\"1269\" data-end=\"1787\">\n<li data-start=\"1269\" data-end=\"1361\">\n<p data-start=\"1271\" data-end=\"1361\"><strong data-start=\"1271\" data-end=\"1291\">Kompletny zestaw<\/strong> \u2013 zawiera wszystko, czego potrzebujesz do efektywnej dekontaminacji<\/p>\n<\/li>\n<li data-start=\"1362\" data-end=\"1461\">\n<p data-start=\"1364\" data-end=\"1461\"><strong data-start=\"1364\" data-end=\"1390\">Bezpieczny dla lakieru<\/strong> \u2013 Clay Lube tworzy warstw\u0119 po\u015blizgow\u0105, zmniejszaj\u0105c ryzyko zarysowa\u0144<\/p>\n<\/li>\n<li data-start=\"1462\" data-end=\"1548\">\n<p data-start=\"1464\" data-end=\"1548\"><strong data-start=\"1464\" data-end=\"1487\">G\u0142adko\u015b\u0107 i czysto\u015b\u0107<\/strong> \u2013 przygotowuje powierzchni\u0119 do dalszych etap\u00f3w piel\u0119gnacji<\/p>\n<\/li>\n<li data-start=\"1549\" data-end=\"1638\">\n<p data-start=\"1551\" data-end=\"1638\"><strong data-start=\"1551\" data-end=\"1574\">\u015arednia agresywno\u015b\u0107<\/strong> \u2013 skuteczna w usuwaniu zanieczyszcze\u0144, bez ryzyka uszkodzenia<\/p>\n<\/li>\n<li data-start=\"1639\" data-end=\"1733\">\n<p data-start=\"1641\" data-end=\"1733\"><strong data-start=\"1641\" data-end=\"1664\">Profesjonalny efekt<\/strong> \u2013 idealny dla zar\u00f3wno do\u015bwiadczonych detailer\u00f3w, jak i entuzjast\u00f3w<\/p>\n<\/li>\n<li data-start=\"1734\" data-end=\"1787\">\n<p data-start=\"1736\" data-end=\"1787\"><strong data-start=\"1736\" data-end=\"1754\">Owocowy zapach<\/strong> \u2013 poprawia komfort podczas pracy<\/p>\n<\/li>\n<\/ul>\n<hr data-start=\"1789\" data-end=\"1792\" \/>\n<h3 data-start=\"1794\" data-end=\"1840\"><strong data-start=\"1802\" data-end=\"1840\">Jak u\u017cywa\u0107 Clay Kit krok po kroku:<\/strong><\/h3>\n<ol data-start=\"1842\" data-end=\"2202\">\n<li data-start=\"1842\" data-end=\"1911\">\n<p data-start=\"1845\" data-end=\"1911\"><strong data-start=\"1845\" data-end=\"1878\">Dok\u0142adnie umyj i osusz pojazd<\/strong>, aby usun\u0105\u0107 lu\u017ane zabrudzenia.<\/p>\n<\/li>\n<li data-start=\"1912\" data-end=\"1967\">\n<p data-start=\"1915\" data-end=\"1967\"><strong data-start=\"1915\" data-end=\"1935\">Rozpyl Clay Lube<\/strong> na wybrany panel i na glink\u0119.<\/p>\n<\/li>\n<li data-start=\"1968\" data-end=\"2071\">\n<p data-start=\"1971\" data-end=\"2071\"><strong data-start=\"1971\" data-end=\"2002\">Delikatnie przesuwaj glink\u0119<\/strong> po smarowanej powierzchni ruchem poziomym i pionowym, bez nacisku.<\/p>\n<\/li>\n<li data-start=\"2072\" data-end=\"2121\">\n<p data-start=\"2075\" data-end=\"2121\"><strong data-start=\"2075\" data-end=\"2100\">Wycieraj pozosta\u0142o\u015bci<\/strong> czyst\u0105 mikrofibr\u0105.<\/p>\n<\/li>\n<li data-start=\"2122\" data-end=\"2202\">\n<p data-start=\"2125\" data-end=\"2202\"><strong data-start=\"2125\" data-end=\"2162\">Powtarzaj proces sekcja po sekcji<\/strong>, a\u017c ca\u0142y lakier b\u0119dzie idealnie g\u0142adki.<\/p>\n<\/li>\n<\/ol>\n<hr data-start=\"2204\" data-end=\"2207\" \/>\n<h3 data-start=\"2209\" data-end=\"2282\">\u2753 Dlaczego warto stosowa\u0107 glink\u0119 i lubrykant zamiast samego szamponu?<\/h3>\n<p data-start=\"2284\" data-end=\"2564\">Zanieczyszczenia takie jak opady przemys\u0142owe, smo\u0142a i py\u0142 hamulcowy <strong data-start=\"2352\" data-end=\"2403\">nie s\u0105 usuwane podczas zwyk\u0142ego mycia szamponem<\/strong>. Clay Kit usuwa te uporczywe zabrudzenia mechanicznie, ale bezpiecznie \u2013 bez uszkadzania lakieru, przywracaj\u0105c g\u0142adko\u015b\u0107 i przygotowuj\u0105c powierzchni\u0119 do ochrony.<\/p>\n<hr data-start=\"2566\" data-end=\"2569\" \/>\n<p data-start=\"2571\" data-end=\"2701\" data-is-last-node=\"\" data-is-only-node=\"\"><strong data-start=\"2574\" data-end=\"2701\" data-is-last-node=\"\">Clay Kit to niezb\u0119dny etap profesjonalnego detailingu \u2013 zapewnij swojemu lakierowi idealny start przed woskiem lub pow\u0142ok\u0105.<\/strong><\/p>\n<\/div>\n<\/div>\n<\/div>\n<\/div>\n<\/div>\n<\/div>\n<\/div>\n<\/div>\n<\/article>\n[\/vc_column_text][nectar_cta btn_style=&#8221;basic&#8221; heading_tag=&#8221;h6&#8243; border_radius=&#8221;10&#8243; button_color=&#8221;default&#8221; text_color=&#8221;#fbb921&#8243; text_color_hover=&#8221;#ffffff&#8221; button_border_color=&#8221;#fbb921&#8243; button_border_color_hover=&#8221;#ffffff&#8221; button_border_thickness=&#8221;4px&#8221; link_type=&#8221;regular&#8221; alignment=&#8221;center&#8221; alignment_tablet=&#8221;default&#8221; alignment_phone=&#8221;default&#8221; constrain_group_3=&#8221;yes&#8221; display=&#8221;block&#8221; display_tablet=&#8221;inherit&#8221; display_phone=&#8221;inherit&#8221; icon_family=&#8221;linecons&#8221; class=&#8221;buy-button&#8221; font_size_desktop=&#8221;20&#8243; link_text=&#8221;Kupuj w Autoryzowanych Sklepach&#8221; padding_top=&#8221;11&#8243; padding_bottom=&#8221;11&#8243; padding_left=&#8221;11&#8243; padding_right=&#8221;11&#8243; icon_linecons=&#8221;vc_li vc_li-star&#8221; font_size_phone=&#8221;1rem&#8221;][vc_column_text css=&#8221;&#8221; text_direction=&#8221;default&#8221;]\n<div class=\"ws-nav\" style=\"text-align: center;\"><a class=\"ws-nav__btn ws-nav__btn--prev\" href=\"https:\/\/goodstuff.com.pl\/pl\/produkty\/zestawy-detailingowe\/interior-kit\/\">\u2190 POPRZEDNI <\/a><br \/>\n<a class=\"ws-nav__btn ws-nav__btn--next\" href=\"https:\/\/goodstuff.com.pl\/pl\/produkty\/zestawy-detailingowe\/leather-kit\/\">NAST\u0118PNY\u2192<\/a><\/div>\n[\/vc_column_text][\/vc_column_inner][\/vc_row_inner][\/vc_column][\/vc_row]\n","protected":false},"excerpt":{"rendered":"<p>[vc_row type=&#8221;full_width_background&#8221; full_screen_row_position=&#8221;middle&#8221; column_margin=&#8221;default&#8221; column_direction=&#8221;default&#8221; column_direction_tablet=&#8221;default&#8221; column_direction_phone=&#8221;default&#8221; bg_color=&#8221;#212121&#8243; bg_image=&#8221;29211&#8243; bg_position=&#8221;center center&#8221; background_image_loading=&#8221;lazy-load&#8221; bg_repeat=&#8221;no-repeat&#8221; scene_position=&#8221;center&#8221; top_padding=&#8221;4%&#8221; bottom_padding=&#8221;6%&#8221; text_color=&#8221;light&#8221; text_align=&#8221;left&#8221; row_border_radius=&#8221;none&#8221; row_border_radius_applies=&#8221;bg&#8221; overflow=&#8221;visible&#8221; color_overlay=&#8221;#212121&#8243; overlay_strength=&#8221;0.8&#8243; gradient_direction=&#8221;left_to_right&#8221; shape_divider_position=&#8221;bottom&#8221; bg_image_animation=&#8221;none&#8221; parallax_bg=&#8221;true&#8221; parallax_bg_speed=&#8221;fast&#8221; shape_type=&#8221;&#8221; gradient_type=&#8221;default&#8221;][vc_column&#8230;<\/p>\n","protected":false},"author":1,"featured_media":29248,"parent":29386,"menu_order":0,"comment_status":"closed","ping_status":"closed","template":"","meta":{"footnotes":""},"class_list":["post-29389","page","type-page","status-publish","has-post-thumbnail"],"publishpress_future_action":{"enabled":false,"date":"2026-04-15 14:13:32","action":"change-status","newStatus":"draft","terms":[],"taxonomy":"translation_priority","extraData":[]},"publishpress_future_workflow_manual_trigger":{"enabledWorkflows":[]},"_links":{"self":[{"href":"https:\/\/goodstuff.com.pl\/pl\/wp-json\/wp\/v2\/pages\/29389","targetHints":{"allow":["GET"]}}],"collection":[{"href":"https:\/\/goodstuff.com.pl\/pl\/wp-json\/wp\/v2\/pages"}],"about":[{"href":"https:\/\/goodstuff.com.pl\/pl\/wp-json\/wp\/v2\/types\/page"}],"author":[{"embeddable":true,"href":"https:\/\/goodstuff.com.pl\/pl\/wp-json\/wp\/v2\/users\/1"}],"replies":[{"embeddable":true,"href":"https:\/\/goodstuff.com.pl\/pl\/wp-json\/wp\/v2\/comments?post=29389"}],"version-history":[{"count":8,"href":"https:\/\/goodstuff.com.pl\/pl\/wp-json\/wp\/v2\/pages\/29389\/revisions"}],"predecessor-version":[{"id":33944,"href":"https:\/\/goodstuff.com.pl\/pl\/wp-json\/wp\/v2\/pages\/29389\/revisions\/33944"}],"up":[{"embeddable":true,"href":"https:\/\/goodstuff.com.pl\/pl\/wp-json\/wp\/v2\/pages\/29386"}],"wp:featuredmedia":[{"embeddable":true,"href":"https:\/\/goodstuff.com.pl\/pl\/wp-json\/wp\/v2\/media\/29248"}],"wp:attachment":[{"href":"https:\/\/goodstuff.com.pl\/pl\/wp-json\/wp\/v2\/media?parent=29389"}],"curies":[{"name":"wp","href":"https:\/\/api.w.org\/{rel}","templated":true}]}}