{"id":29395,"date":"2025-05-27T13:20:38","date_gmt":"2025-05-27T11:20:38","guid":{"rendered":"https:\/\/goodstuff.com.pl\/wysokiej-jakosci-chemia-do-detailingu-samochodowego-dla-profesjonalistow\/zestawy-do-detailingu-samochodow-zestawy-chemiczne-do-wnetrz-i-na-zewnatrz-good-stuff\/leather-kit\/"},"modified":"2026-03-27T08:38:29","modified_gmt":"2026-03-27T07:38:29","slug":"leather-kit","status":"publish","type":"page","link":"https:\/\/goodstuff.com.pl\/pl\/produkty\/zestawy-detailingowe\/leather-kit\/","title":{"rendered":"Leather Kit"},"content":{"rendered":"[vc_row type=&#8221;full_width_background&#8221; full_screen_row_position=&#8221;middle&#8221; column_margin=&#8221;default&#8221; column_direction=&#8221;default&#8221; column_direction_tablet=&#8221;default&#8221; column_direction_phone=&#8221;default&#8221; bg_color=&#8221;#212121&#8243; bg_image=&#8221;29211&#8243; bg_position=&#8221;center center&#8221; background_image_loading=&#8221;lazy-load&#8221; bg_repeat=&#8221;no-repeat&#8221; scene_position=&#8221;center&#8221; top_padding=&#8221;4%&#8221; bottom_padding=&#8221;6%&#8221; text_color=&#8221;light&#8221; text_align=&#8221;left&#8221; row_border_radius=&#8221;none&#8221; row_border_radius_applies=&#8221;bg&#8221; overflow=&#8221;visible&#8221; color_overlay=&#8221;#212121&#8243; overlay_strength=&#8221;0.8&#8243; gradient_direction=&#8221;left_to_right&#8221; shape_divider_position=&#8221;bottom&#8221; bg_image_animation=&#8221;none&#8221; parallax_bg=&#8221;true&#8221; parallax_bg_speed=&#8221;fast&#8221; shape_type=&#8221;&#8221; gradient_type=&#8221;default&#8221;][vc_column column_padding=&#8221;no-extra-padding&#8221; column_padding_tablet=&#8221;inherit&#8221; column_padding_phone=&#8221;inherit&#8221; column_padding_position=&#8221;all&#8221; column_element_direction_desktop=&#8221;default&#8221; column_element_spacing=&#8221;default&#8221; desktop_text_alignment=&#8221;default&#8221; tablet_text_alignment=&#8221;default&#8221; phone_text_alignment=&#8221;default&#8221; background_color_opacity=&#8221;1&#8243; background_hover_color_opacity=&#8221;1&#8243; column_backdrop_filter=&#8221;none&#8221; column_shadow=&#8221;none&#8221; column_border_radius=&#8221;none&#8221; column_link_target=&#8221;_self&#8221; column_position=&#8221;default&#8221; gradient_direction=&#8221;left_to_right&#8221; overlay_strength=&#8221;0.3&#8243; width=&#8221;1\/1&#8243; tablet_width_inherit=&#8221;default&#8221; animation_type=&#8221;default&#8221; bg_image_animation=&#8221;none&#8221; border_type=&#8221;simple&#8221; column_border_width=&#8221;none&#8221; column_border_style=&#8221;solid&#8221;][nectar_highlighted_text text_color=&#8221;#fbb921&#8243; style=&#8221;text_outline&#8221; outline_thickness=&#8221;extra_thick&#8221; text_direction=&#8221;default&#8221; custom_font_size=&#8221;4vw&#8221;]\n<h1 data-product-id=\"88\"><em>LEATHER<\/em> Kit<\/h1>\n[\/nectar_highlighted_text][vc_row_inner column_margin=&#8221;30px&#8221; column_direction=&#8221;default&#8221; column_direction_tablet=&#8221;default&#8221; column_direction_phone=&#8221;default&#8221; text_align=&#8221;left&#8221; row_position=&#8221;default&#8221; row_position_tablet=&#8221;inherit&#8221; row_position_phone=&#8221;inherit&#8221; overflow=&#8221;visible&#8221; pointer_events=&#8221;all&#8221;][vc_column_inner column_padding=&#8221;no-extra-padding&#8221; column_padding_tablet=&#8221;inherit&#8221; column_padding_phone=&#8221;inherit&#8221; column_padding_position=&#8221;all&#8221; column_element_direction_desktop=&#8221;default&#8221; column_element_spacing=&#8221;default&#8221; desktop_text_alignment=&#8221;default&#8221; tablet_text_alignment=&#8221;default&#8221; phone_text_alignment=&#8221;default&#8221; background_color_opacity=&#8221;1&#8243; background_hover_color_opacity=&#8221;1&#8243; column_backdrop_filter=&#8221;none&#8221; column_shadow=&#8221;none&#8221; column_border_radius=&#8221;none&#8221; column_link_target=&#8221;_self&#8221; overflow=&#8221;visible&#8221; gradient_direction=&#8221;left_to_right&#8221; overlay_strength=&#8221;0.3&#8243; width=&#8221;1\/2&#8243; tablet_width_inherit=&#8221;default&#8221; animation_type=&#8221;default&#8221; bg_image_animation=&#8221;none&#8221; border_type=&#8221;simple&#8221; column_border_width=&#8221;none&#8221; column_border_style=&#8221;solid&#8221;][nectar_cta btn_style=&#8221;basic&#8221; heading_tag=&#8221;h6&#8243; border_radius=&#8221;10&#8243; button_color=&#8221;default&#8221; text_color=&#8221;#fbb921&#8243; text_color_hover=&#8221;#ffffff&#8221; button_border_color=&#8221;#fbb921&#8243; button_border_color_hover=&#8221;#ffffff&#8221; button_border_thickness=&#8221;4px&#8221; link_type=&#8221;regular&#8221; alignment=&#8221;center&#8221; alignment_tablet=&#8221;default&#8221; alignment_phone=&#8221;default&#8221; constrain_group_3=&#8221;yes&#8221; display=&#8221;block&#8221; display_tablet=&#8221;inherit&#8221; display_phone=&#8221;inherit&#8221; icon_family=&#8221;linecons&#8221; class=&#8221;buy-button&#8221; font_size_desktop=&#8221;20&#8243; link_text=&#8221;Kupuj w Autoryzowanych Sklepach&#8221; padding_top=&#8221;11&#8243; padding_bottom=&#8221;11&#8243; padding_left=&#8221;11&#8243; padding_right=&#8221;11&#8243; icon_linecons=&#8221;vc_li vc_li-star&#8221; font_size_phone=&#8221;1rem&#8221;][vc_gallery css=&#8221;&#8221; type=&#8221;image_grid&#8221; images=&#8221;29263,29259,29255&#8243; image_grid_loading=&#8221;lazy-load&#8221; layout=&#8221;2&#8243; item_spacing=&#8221;5px&#8221; gallery_style=&#8221;5&#8243; load_in_animation=&#8221;none&#8221; img_size=&#8221;full&#8221;][vc_column_text css=&#8221;&#8221; text_direction=&#8221;default&#8221;]\n<hr \/>\n<h3><strong>Jak korzysta\u0107 z zestawu Leather Kit:<\/strong><\/h3>\n<ol data-start=\"2085\" data-end=\"2479\">\n<li data-start=\"2085\" data-end=\"2216\">\n<p data-start=\"2088\" data-end=\"2216\"><strong data-start=\"2088\" data-end=\"2104\">Czyszczenie:<\/strong><br data-start=\"2104\" data-end=\"2107\" \/>Rozpyl Leather Cleaner na mikrofibr\u0119 lub szczotk\u0119, delikatnie rozprowad\u017a na powierzchni i usu\u0144 zabrudzenia.<\/p>\n<\/li>\n<li data-start=\"2218\" data-end=\"2347\">\n<p data-start=\"2221\" data-end=\"2347\"><strong data-start=\"2221\" data-end=\"2246\">Od\u017cywianie i ochrona:<\/strong><br data-start=\"2246\" data-end=\"2249\" \/>Na\u0142\u00f3\u017c Leather Milk za pomoc\u0105 aplikatora ECLIPSE, wcieraj\u0105c go r\u00f3wnomiernie w powierzchni\u0119 sk\u00f3ry.<\/p>\n<\/li>\n<li data-start=\"2349\" data-end=\"2479\">\n<p data-start=\"2352\" data-end=\"2479\"><strong data-start=\"2352\" data-end=\"2368\">Wyko\u0144czenie:<\/strong><br data-start=\"2368\" data-end=\"2371\" \/>Po 40\u201360 minutach delikatnie wypoleruj mikrofibr\u0105, aby usun\u0105\u0107 ewentualny nadmiar i uzyska\u0107 naturalny wygl\u0105d.<\/p>\n<\/li>\n<\/ol>\n[\/vc_column_text][\/vc_column_inner][vc_column_inner column_padding=&#8221;padding-5-percent&#8221; column_padding_tablet=&#8221;inherit&#8221; column_padding_phone=&#8221;inherit&#8221; column_padding_position=&#8221;left-right&#8221; column_element_direction_desktop=&#8221;default&#8221; column_element_spacing=&#8221;default&#8221; desktop_text_alignment=&#8221;default&#8221; tablet_text_alignment=&#8221;default&#8221; phone_text_alignment=&#8221;default&#8221; background_color_opacity=&#8221;1&#8243; background_hover_color_opacity=&#8221;1&#8243; column_backdrop_filter=&#8221;none&#8221; column_shadow=&#8221;none&#8221; column_border_radius=&#8221;none&#8221; column_link_target=&#8221;_self&#8221; overflow=&#8221;visible&#8221; gradient_direction=&#8221;left_to_right&#8221; overlay_strength=&#8221;0.3&#8243; width=&#8221;1\/2&#8243; tablet_width_inherit=&#8221;default&#8221; animation_type=&#8221;default&#8221; bg_image_animation=&#8221;none&#8221; border_type=&#8221;simple&#8221; column_border_width=&#8221;none&#8221; column_border_style=&#8221;solid&#8221; column_padding_type=&#8221;default&#8221; gradient_type=&#8221;default&#8221;][nectar_responsive_text inherited_font_style=&#8221;default&#8221; text_color=&#8221;#ffffff&#8221; text_direction=&#8221;default&#8221; font_size_desktop=&#8221;25&#8243;]\n<h2>Profesjonalna piel\u0119gnacja sk\u00f3ry \u2013 czysto\u015b\u0107, elastyczno\u015b\u0107 i ochrona w jednym zestawie<\/h2>\n[\/nectar_responsive_text][vc_column_text css=&#8221;&#8221; text_direction=&#8221;default&#8221;]\n<article class=\"w-full scroll-mb-[var(--thread-trailing-height,150px)] text-token-text-primary focus-visible:outline-2 focus-visible:outline-offset-[-4px]\" dir=\"auto\" data-testid=\"conversation-turn-207\" data-scroll-anchor=\"false\">\n<div class=\"m-auto text-base py-invalid_tags_codes_1| px-3 md:px-4 w-full md:px-5 lg:px-4 xl:px-5\">\n<div class=\"mx-auto flex flex-1 gap-4 text-base md:gap-5 lg:gap-6 md:max-w-3xl lg:max-w-[40rem] xl:max-w-[48rem]\">\n<div class=\"group\/conversation-turn relative flex w-full min-w-0 flex-col agent-turn\">\n<div class=\"flex-col gap-1 md:gap-3\">\n<div class=\"flex max-w-full flex-col flex-grow\">\n<div class=\"min-h-8 text-message flex w-full flex-col items-end gap-2 whitespace-normal break-words text-start [.text-message+&amp;]:mt-5\" dir=\"auto\" data-message-author-role=\"assistant\" data-message-id=\"ef49b18c-61e9-47f8-9445-6a87a7cbb5a1\" data-message-model-slug=\"gpt-4o\">\n<div class=\"flex w-full flex-col gap-1 empty:hidden first:pt-[3px]\">\n<div class=\"markdown prose w-full break-words dark:prose-invert dark\">\n<p data-start=\"328\" data-end=\"560\">Good Stuff Leather Kit to <strong data-start=\"354\" data-end=\"437\">kompleksowe rozwi\u0105zanie do czyszczenia, od\u017cywiania i ochrony sk\u00f3ry samochodowej<\/strong>, stworzone z my\u015bl\u0105 o u\u017cytkownikach poszukuj\u0105cych profesjonalnych rezultat\u00f3w bez konieczno\u015bci dobierania produkt\u00f3w osobno.<\/p>\n<p data-start=\"562\" data-end=\"826\">Zestaw zawiera <strong data-start=\"577\" data-end=\"615\">pi\u0119\u0107 starannie dobranych element\u00f3w<\/strong> \u2013 dwa produkty GOOD STUFF o bezpiecznej i skutecznej formule oraz trzy wysokiej jako\u015bci akcesoria WORK STUFF, kt\u00f3re razem zapewniaj\u0105 <strong data-start=\"749\" data-end=\"825\">czyst\u0105, mi\u0119kk\u0105 i zadban\u0105 powierzchni\u0119 sk\u00f3rzan\u0105 bez t\u0142ustych pozosta\u0142o\u015bci<\/strong>.<\/p>\n<hr data-start=\"828\" data-end=\"831\" \/>\n<h3 data-start=\"833\" data-end=\"865\">\u2705 <strong data-start=\"839\" data-end=\"865\">Zawarto\u015b\u0107 Leather Kit:<\/strong><\/h3>\n<p data-start=\"867\" data-end=\"891\"><strong data-start=\"867\" data-end=\"891\">Produkty GOOD STUFF:<\/strong><\/p>\n<ul data-start=\"893\" data-end=\"1181\">\n<li data-start=\"893\" data-end=\"1042\">\n<p data-start=\"895\" data-end=\"1042\"><strong data-start=\"895\" data-end=\"923\">Leather Cleaner (200 ml)<\/strong> \u2013 pianka do czyszczenia sk\u00f3ry, kt\u00f3ra delikatnie usuwa brud, t\u0142uszcz i osady bez ryzyka przesuszenia czy przebarwie\u0144.<\/p>\n<\/li>\n<li data-start=\"1043\" data-end=\"1181\">\n<p data-start=\"1045\" data-end=\"1181\"><strong data-start=\"1045\" data-end=\"1070\">Leather Milk (250 ml)<\/strong> \u2013 niet\u0142usta od\u017cywka do sk\u00f3ry, kt\u00f3ra nawil\u017ca, chroni przed p\u0119kaniem i przywraca mi\u0119kko\u015b\u0107 oraz naturalny wygl\u0105d.<\/p>\n<\/li>\n<\/ul>\n<p data-start=\"1183\" data-end=\"1208\"><strong data-start=\"1183\" data-end=\"1208\">Akcesoria WORK STUFF:<\/strong><\/p>\n<ul data-start=\"1210\" data-end=\"1534\">\n<li data-start=\"1210\" data-end=\"1307\">\n<p data-start=\"1212\" data-end=\"1307\"><strong data-start=\"1212\" data-end=\"1242\">GENTLEMAN Basic Microfiber<\/strong> \u2013 mi\u0119kka mikrofibra do bezpiecznego czyszczenia i wyko\u0144czenia.<\/p>\n<\/li>\n<li data-start=\"1308\" data-end=\"1432\">\n<p data-start=\"1310\" data-end=\"1432\"><strong data-start=\"1310\" data-end=\"1331\">Szczotka do sk\u00f3ry<\/strong> \u2013 por\u0119czna szczoteczka z mi\u0119kkim w\u0142osiem, idealna do wnikania w faktur\u0119 sk\u00f3ry bez jej uszkadzania.<\/p>\n<\/li>\n<li data-start=\"1433\" data-end=\"1534\">\n<p data-start=\"1435\" data-end=\"1534\"><strong data-start=\"1435\" data-end=\"1470\">ECLIPSE Applicator (mikrofibra)<\/strong> \u2013 aplikator do r\u00f3wnomiernego i bezsmugowego nak\u0142adania od\u017cywki.<\/p>\n<\/li>\n<\/ul>\n<hr data-start=\"1536\" data-end=\"1539\" \/>\n<h3 data-start=\"1541\" data-end=\"1586\">\ud83d\udca1 <strong data-start=\"1548\" data-end=\"1586\">Dlaczego warto wybra\u0107 Leather Kit?<\/strong><\/h3>\n<ul data-start=\"1588\" data-end=\"2028\">\n<li data-start=\"1588\" data-end=\"1682\">\n<p data-start=\"1590\" data-end=\"1682\"><strong data-start=\"1590\" data-end=\"1611\">Wszystko w jednym<\/strong> \u2013 idealny zestaw do kompleksowej piel\u0119gnacji sk\u00f3rzanego wn\u0119trza auta<\/p>\n<\/li>\n<li data-start=\"1683\" data-end=\"1760\">\n<p data-start=\"1685\" data-end=\"1760\"><strong data-start=\"1685\" data-end=\"1709\">Profesjonalna jako\u015b\u0107<\/strong> \u2013 kosmetyki i narz\u0119dzia zaufane przez detailer\u00f3w<\/p>\n<\/li>\n<li data-start=\"1761\" data-end=\"1850\">\n<p data-start=\"1763\" data-end=\"1850\"><strong data-start=\"1763\" data-end=\"1792\">Delikatno\u015b\u0107 i skuteczno\u015b\u0107<\/strong> \u2013 formu\u0142y bezpieczne dla nowoczesnych pow\u0142ok sk\u00f3rzanych<\/p>\n<\/li>\n<li data-start=\"1851\" data-end=\"1934\">\n<p data-start=\"1853\" data-end=\"1934\"><strong data-start=\"1853\" data-end=\"1881\">Ochrona przed starzeniem<\/strong> \u2013 zapobiega p\u0119kaniu, matowieniu i wysychaniu sk\u00f3ry<\/p>\n<\/li>\n<li data-start=\"1935\" data-end=\"2028\">\n<p data-start=\"1937\" data-end=\"2028\"><strong data-start=\"1937\" data-end=\"1956\">Wyko\u0144czenie OEM<\/strong> \u2013 bez po\u0142ysku, bez t\u0142ustych pozosta\u0142o\u015bci \u2013 tylko czysty, satynowy efekt<\/p>\n<\/li>\n<\/ul>\n<article class=\"text-token-text-primary w-full\" dir=\"auto\" data-testid=\"conversation-turn-278\" data-scroll-anchor=\"true\">\n<div class=\"text-base my-auto mx-auto py-5 [--thread-content-margin:--spacing(4)] @[37rem]:[--thread-content-margin:--spacing(6)] @[72rem]:[--thread-content-margin:--spacing(16)] px-(--thread-content-margin)\">\n<div class=\"[--thread-content-max-width:32rem] @[34rem]:[--thread-content-max-width:40rem] @[64rem]:[--thread-content-max-width:48rem] mx-auto flex max-w-(--thread-content-max-width) flex-1 text-base gap-4 md:gap-5 lg:gap-6 group\/turn-messages focus-visible:outline-hidden\" tabindex=\"-1\">\n<div class=\"group\/conversation-turn relative flex w-full min-w-0 flex-col agent-turn\">\n<div class=\"relative flex-col gap-1 md:gap-3\">\n<div class=\"flex max-w-full flex-col grow\">\n<div class=\"min-h-8 text-message relative flex w-full flex-col items-end gap-2 text-start break-words whitespace-normal [.text-message+&amp;]:mt-5\" dir=\"auto\" data-message-author-role=\"assistant\" data-message-id=\"d29a5b42-d85d-4ab6-8e8e-8f2c7f5cdcfd\" data-message-model-slug=\"gpt-4o\">\n<div class=\"flex w-full flex-col gap-1 empty:hidden first:pt-[3px]\">\n<div class=\"markdown prose dark:prose-invert w-full break-words light\">\n<h3 data-start=\"2486\" data-end=\"2563\">\u2753 Dlaczego dedykowany zestaw do sk\u00f3ry jest lepszy ni\u017c uniwersalne \u015brodki?<\/h3>\n<p data-start=\"2565\" data-end=\"2852\">Sk\u00f3rzane powierzchnie wymagaj\u0105 <strong data-start=\"2596\" data-end=\"2628\">specjalistycznej piel\u0119gnacji<\/strong>, aby zachowa\u0107 elastyczno\u015b\u0107, kolor i odporno\u015b\u0107 na codzienne zu\u017cycie. Leather Kit oferuje <strong data-start=\"2717\" data-end=\"2777\">zr\u00f3wnowa\u017cone pH, skuteczne czyszczenie i g\u0142\u0119bok\u0105 ochron\u0119<\/strong>, jednocze\u015bnie pozostawiaj\u0105c satynowe wyko\u0144czenie bez t\u0142usto\u015bci czy \u015blad\u00f3w.<\/p>\n<hr data-start=\"2854\" data-end=\"2857\" \/>\n<p data-start=\"2859\" data-end=\"2986\" data-is-last-node=\"\" data-is-only-node=\"\"><strong data-start=\"2862\" data-end=\"2986\" data-is-last-node=\"\">Leather Kit to idealny wyb\u00f3r dla ka\u017cdego, kto chce profesjonalnie zadba\u0107 o wn\u0119trze auta \u2013 czysto, bezpiecznie i z klas\u0105.<\/strong><\/p>\n<\/div>\n<\/div>\n<\/div>\n<\/div>\n<\/div>\n<\/div>\n<\/div>\n<\/div>\n<\/article>\n<\/div>\n<\/div>\n<\/div>\n<\/div>\n<\/div>\n<\/div>\n<\/div>\n<\/div>\n<\/article>\n[\/vc_column_text][nectar_cta btn_style=&#8221;basic&#8221; heading_tag=&#8221;h6&#8243; border_radius=&#8221;10&#8243; button_color=&#8221;default&#8221; text_color=&#8221;#fbb921&#8243; text_color_hover=&#8221;#ffffff&#8221; button_border_color=&#8221;#fbb921&#8243; button_border_color_hover=&#8221;#ffffff&#8221; button_border_thickness=&#8221;4px&#8221; link_type=&#8221;regular&#8221; alignment=&#8221;center&#8221; alignment_tablet=&#8221;default&#8221; alignment_phone=&#8221;default&#8221; constrain_group_3=&#8221;yes&#8221; display=&#8221;block&#8221; display_tablet=&#8221;inherit&#8221; display_phone=&#8221;inherit&#8221; icon_family=&#8221;linecons&#8221; class=&#8221;buy-button&#8221; font_size_desktop=&#8221;20&#8243; link_text=&#8221;Kupuj w Autoryzowanych Sklepach&#8221; padding_top=&#8221;11&#8243; padding_bottom=&#8221;11&#8243; padding_left=&#8221;11&#8243; padding_right=&#8221;11&#8243; icon_linecons=&#8221;vc_li vc_li-star&#8221; font_size_phone=&#8221;1rem&#8221;][vc_column_text css=&#8221;&#8221; text_direction=&#8221;default&#8221;]\n<div class=\"ws-nav\" style=\"text-align: center;\"><a class=\"ws-nav__btn ws-nav__btn--prev\" href=\"https:\/\/goodstuff.com.pl\/pl\/produkty\/zestawy-detailingowe\/clay-kit\/\">\u2190 POPRZEDNI <\/a><br \/>\n<a class=\"ws-nav__btn ws-nav__btn--next\" href=\"https:\/\/goodstuff.com.pl\/pl\/produkty\/zestawy-detailingowe\/wash-kit\/\">NAST\u0118PNY\u2192<\/a><\/div>\n[\/vc_column_text][\/vc_column_inner][\/vc_row_inner][\/vc_column][\/vc_row]\n","protected":false},"excerpt":{"rendered":"<p>[vc_row type=&#8221;full_width_background&#8221; full_screen_row_position=&#8221;middle&#8221; column_margin=&#8221;default&#8221; column_direction=&#8221;default&#8221; column_direction_tablet=&#8221;default&#8221; column_direction_phone=&#8221;default&#8221; bg_color=&#8221;#212121&#8243; bg_image=&#8221;29211&#8243; bg_position=&#8221;center center&#8221; background_image_loading=&#8221;lazy-load&#8221; bg_repeat=&#8221;no-repeat&#8221; scene_position=&#8221;center&#8221; top_padding=&#8221;4%&#8221; bottom_padding=&#8221;6%&#8221; text_color=&#8221;light&#8221; text_align=&#8221;left&#8221; row_border_radius=&#8221;none&#8221; row_border_radius_applies=&#8221;bg&#8221; overflow=&#8221;visible&#8221; color_overlay=&#8221;#212121&#8243; overlay_strength=&#8221;0.8&#8243; gradient_direction=&#8221;left_to_right&#8221; shape_divider_position=&#8221;bottom&#8221; bg_image_animation=&#8221;none&#8221; parallax_bg=&#8221;true&#8221; parallax_bg_speed=&#8221;fast&#8221; shape_type=&#8221;&#8221; gradient_type=&#8221;default&#8221;][vc_column&#8230;<\/p>\n","protected":false},"author":1,"featured_media":29261,"parent":29386,"menu_order":0,"comment_status":"closed","ping_status":"closed","template":"","meta":{"footnotes":""},"class_list":["post-29395","page","type-page","status-publish","has-post-thumbnail"],"publishpress_future_action":{"enabled":false,"date":"2026-04-15 14:01:16","action":"change-status","newStatus":"draft","terms":[],"taxonomy":"translation_priority","extraData":[]},"publishpress_future_workflow_manual_trigger":{"enabledWorkflows":[]},"_links":{"self":[{"href":"https:\/\/goodstuff.com.pl\/pl\/wp-json\/wp\/v2\/pages\/29395","targetHints":{"allow":["GET"]}}],"collection":[{"href":"https:\/\/goodstuff.com.pl\/pl\/wp-json\/wp\/v2\/pages"}],"about":[{"href":"https:\/\/goodstuff.com.pl\/pl\/wp-json\/wp\/v2\/types\/page"}],"author":[{"embeddable":true,"href":"https:\/\/goodstuff.com.pl\/pl\/wp-json\/wp\/v2\/users\/1"}],"replies":[{"embeddable":true,"href":"https:\/\/goodstuff.com.pl\/pl\/wp-json\/wp\/v2\/comments?post=29395"}],"version-history":[{"count":6,"href":"https:\/\/goodstuff.com.pl\/pl\/wp-json\/wp\/v2\/pages\/29395\/revisions"}],"predecessor-version":[{"id":33945,"href":"https:\/\/goodstuff.com.pl\/pl\/wp-json\/wp\/v2\/pages\/29395\/revisions\/33945"}],"up":[{"embeddable":true,"href":"https:\/\/goodstuff.com.pl\/pl\/wp-json\/wp\/v2\/pages\/29386"}],"wp:featuredmedia":[{"embeddable":true,"href":"https:\/\/goodstuff.com.pl\/pl\/wp-json\/wp\/v2\/media\/29261"}],"wp:attachment":[{"href":"https:\/\/goodstuff.com.pl\/pl\/wp-json\/wp\/v2\/media?parent=29395"}],"curies":[{"name":"wp","href":"https:\/\/api.w.org\/{rel}","templated":true}]}}