{"id":29413,"date":"2025-05-27T13:35:55","date_gmt":"2025-05-27T11:35:55","guid":{"rendered":""},"modified":"2026-03-25T14:25:27","modified_gmt":"2026-03-25T13:25:27","slug":"microfiber-wash","status":"publish","type":"page","link":"https:\/\/goodstuff.com.pl\/pl\/produkty\/mycie\/microfiber-wash\/","title":{"rendered":"Microfiber Wash \u2013 Skuteczny detergent do mikrofibr | Good Stuff"},"content":{"rendered":"[vc_row type=&#8221;full_width_background&#8221; full_screen_row_position=&#8221;middle&#8221; column_margin=&#8221;default&#8221; column_direction=&#8221;default&#8221; column_direction_tablet=&#8221;default&#8221; column_direction_phone=&#8221;default&#8221; bg_color=&#8221;#212121&#8243; bg_image=&#8221;27330&#8243; bg_position=&#8221;left top&#8221; background_image_loading=&#8221;lazy-load&#8221; bg_repeat=&#8221;no-repeat&#8221; scene_position=&#8221;center&#8221; top_padding=&#8221;4%&#8221; bottom_padding=&#8221;6%&#8221; text_color=&#8221;light&#8221; text_align=&#8221;left&#8221; row_border_radius=&#8221;none&#8221; row_border_radius_applies=&#8221;bg&#8221; overflow=&#8221;visible&#8221; color_overlay=&#8221;#212121&#8243; overlay_strength=&#8221;0.8&#8243; gradient_direction=&#8221;left_to_right&#8221; shape_divider_position=&#8221;bottom&#8221; bg_image_animation=&#8221;none&#8221; parallax_bg=&#8221;true&#8221; parallax_bg_speed=&#8221;fast&#8221; shape_type=&#8221;&#8221; gradient_type=&#8221;default&#8221;][vc_column column_padding=&#8221;no-extra-padding&#8221; column_padding_tablet=&#8221;inherit&#8221; column_padding_phone=&#8221;inherit&#8221; column_padding_position=&#8221;all&#8221; column_element_direction_desktop=&#8221;default&#8221; column_element_spacing=&#8221;default&#8221; desktop_text_alignment=&#8221;default&#8221; tablet_text_alignment=&#8221;default&#8221; phone_text_alignment=&#8221;default&#8221; background_color_opacity=&#8221;1&#8243; background_hover_color_opacity=&#8221;1&#8243; column_backdrop_filter=&#8221;none&#8221; column_shadow=&#8221;none&#8221; column_border_radius=&#8221;none&#8221; column_link_target=&#8221;_self&#8221; column_position=&#8221;default&#8221; gradient_direction=&#8221;left_to_right&#8221; overlay_strength=&#8221;0.3&#8243; width=&#8221;1\/1&#8243; tablet_width_inherit=&#8221;default&#8221; animation_type=&#8221;default&#8221; bg_image_animation=&#8221;none&#8221; border_type=&#8221;simple&#8221; column_border_width=&#8221;none&#8221; column_border_style=&#8221;solid&#8221;][nectar_highlighted_text text_color=&#8221;#ff7070&#8243; style=&#8221;text_outline&#8221; outline_thickness=&#8221;extra_thick&#8221; text_direction=&#8221;default&#8221; custom_font_size=&#8221;3vw&#8221;]\n<h1 data-product-id=\"124\">Microfiber Wash &#8211;\u00a0profesjonalny p\u0142yn do prania mikrofibry<\/h1>\n[\/nectar_highlighted_text][vc_row_inner column_margin=&#8221;30px&#8221; column_direction=&#8221;default&#8221; column_direction_tablet=&#8221;default&#8221; column_direction_phone=&#8221;default&#8221; text_align=&#8221;left&#8221; row_position=&#8221;default&#8221; row_position_tablet=&#8221;inherit&#8221; row_position_phone=&#8221;inherit&#8221; overflow=&#8221;visible&#8221; pointer_events=&#8221;all&#8221;][vc_column_inner column_padding=&#8221;no-extra-padding&#8221; column_padding_tablet=&#8221;inherit&#8221; column_padding_phone=&#8221;inherit&#8221; column_padding_position=&#8221;all&#8221; column_element_direction_desktop=&#8221;default&#8221; column_element_spacing=&#8221;default&#8221; desktop_text_alignment=&#8221;default&#8221; tablet_text_alignment=&#8221;default&#8221; phone_text_alignment=&#8221;default&#8221; background_color_opacity=&#8221;1&#8243; background_hover_color_opacity=&#8221;1&#8243; column_backdrop_filter=&#8221;none&#8221; column_shadow=&#8221;none&#8221; column_border_radius=&#8221;none&#8221; column_link_target=&#8221;_self&#8221; overflow=&#8221;visible&#8221; gradient_direction=&#8221;left_to_right&#8221; overlay_strength=&#8221;0.3&#8243; width=&#8221;1\/2&#8243; tablet_width_inherit=&#8221;default&#8221; animation_type=&#8221;default&#8221; bg_image_animation=&#8221;none&#8221; border_type=&#8221;simple&#8221; column_border_width=&#8221;none&#8221; column_border_style=&#8221;solid&#8221;][nectar_cta btn_style=&#8221;basic&#8221; heading_tag=&#8221;h6&#8243; border_radius=&#8221;10&#8243; button_color=&#8221;default&#8221; text_color=&#8221;#fbb921&#8243; text_color_hover=&#8221;#ffffff&#8221; button_border_color=&#8221;#fbb921&#8243; button_border_color_hover=&#8221;#ffffff&#8221; button_border_thickness=&#8221;4px&#8221; link_type=&#8221;regular&#8221; alignment=&#8221;center&#8221; alignment_tablet=&#8221;default&#8221; alignment_phone=&#8221;default&#8221; constrain_group_3=&#8221;yes&#8221; display=&#8221;block&#8221; display_tablet=&#8221;inherit&#8221; display_phone=&#8221;inherit&#8221; icon_family=&#8221;linecons&#8221; class=&#8221;buy-button&#8221; font_size_desktop=&#8221;20&#8243; link_text=&#8221;Kupuj w Autoryzowanych Sklepach&#8221; padding_top=&#8221;11&#8243; padding_bottom=&#8221;11&#8243; padding_left=&#8221;11&#8243; padding_right=&#8221;11&#8243; icon_linecons=&#8221;vc_li vc_li-star&#8221; font_size_phone=&#8221;1rem&#8221;][vc_gallery css=&#8221;&#8221; type=&#8221;image_grid&#8221; images=&#8221;29084,29088&#8243; image_grid_loading=&#8221;skip-lazy-load&#8221; layout=&#8221;2&#8243; item_spacing=&#8221;5px&#8221; gallery_style=&#8221;5&#8243; load_in_animation=&#8221;none&#8221; img_size=&#8221;full&#8221;]<div id=\"ultimate-video-696669d4bdbfa1556\" class=\"ult-video  vc_custom_1746089883540 ult-adjust-bottom-margin ultimate-video-696669d4bdbfa1556 ultv-9832 \"><div class=\"ultv-video ultv-aspect-ratio-16_9 ultv-subscribe-responsive-none\" data-videotype=\"uv_iframe\">\n\t\t\t\t\t\t<div class=\"ultv-video__outer-wrap\" data-autoplay=\"0\" data-device=\"false\"  data-iconbg=\"#3A3A3A\" data-overcolor=\"\" data-defaultbg=\"#1f1f1e\" data-defaultplay=\"defaulticon\"><div class=\"ultv-video__play\" data-src=\"https:\/\/www.youtube.com\/embed\/VQrfT-yARxQ?rel=0&amp;start&amp;end&amp;controls=1&amp;mute=0&amp;modestbranding=0&amp;autoplay=1\">\n\t\t\t\t\t\t\t\t<img decoding=\"async\" class=\"ultv-video__thumb\" src=\"https:\/\/i.ytimg.com\/vi\/VQrfT-yARxQ\/maxresdefault.jpg\"\/>\n\t\t\t\t\t\t\t\t<div class=\"ultv-video__play-icon  ultv-animation-none\" style=\"width:75px\"><svg height=\"100%\" version=\"1.1\" viewBox=\"0 0 68 48\" width=\"100%\"><path class=\"ultv-youtube-icon-bg\" d=\"m .66,37.62 c 0,0 .66,4.70 2.70,6.77 2.58,2.71 5.98,2.63 7.49,2.91 5.43,.52 23.10,.68 23.12,.68 .00,-1.3e-5 14.29,-0.02 23.81,-0.71 1.32,-0.15 4.22,-0.17 6.81,-2.89 2.03,-2.07 2.70,-6.77 2.70,-6.77 0,0 .67,-5.52 .67,-11.04 l 0,-5.17 c 0,-5.52 -0.67,-11.04 -0.67,-11.04 0,0 -0.66,-4.70 -2.70,-6.77 C 62.03,.86 59.13,.84 57.80,.69 48.28,0 34.00,0 34.00,0 33.97,0 19.69,0 10.18,.69 8.85,.84 5.95,.86 3.36,3.58 1.32,5.65 .66,10.35 .66,10.35 c 0,0 -0.55,4.50 -0.66,9.45 l 0,8.36 c .10,4.94 .66,9.45 .66,9.45 z\" fill=\"#1f1f1e\" ><\/path><path d=\"m 26.96,13.67 18.37,9.62 -18.37,9.55 -0.00,-19.17 z\" fill=\"#fff\"><\/path><path d=\"M 45.02,23.46 45.32,23.28 26.96,13.67 43.32,22.34 45.02,23.46 z\" fill=\"#ccc\"><\/path><\/svg><\/div> <\/div> <\/div><div class=\"ultv-subscribe-bar ult-responsive\"  data-ultimate-target='.ult-video.ultv-9832 .ultv-subscribe-bar'  data-responsive-json-new='{\"font-size\":\"\",\"line-height\":\"\"}'  style = \"color:#fff; background-color:#1b1b1b; \">\n\t\t\t\t<div class=\"ultv-subscribe-bar-prefix\" style=\"font-weight:normal;\">Subscribe to our YouTube Channel<\/div>\n\t\t\t\t<div class=\"ultv-subscribe-content\">\n\t\t\t\t\t<script src=\"https:\/\/apis.google.com\/js\/platform.js\"><\/script> <!-- Need to be enqueued from someplace else --><div class=\"g-ytsubscribe\" data-channelid=\"UCdaZpJ6Aql4hFcnLbtO_FGg\" data-count=\"hidden\"><\/div><\/div> <\/div><\/div><\/div>[\/vc_column_inner][vc_column_inner column_padding=&#8221;padding-5-percent&#8221; column_padding_tablet=&#8221;inherit&#8221; column_padding_phone=&#8221;inherit&#8221; column_padding_position=&#8221;left-right&#8221; column_element_direction_desktop=&#8221;default&#8221; column_element_spacing=&#8221;default&#8221; desktop_text_alignment=&#8221;default&#8221; tablet_text_alignment=&#8221;default&#8221; phone_text_alignment=&#8221;default&#8221; background_color_opacity=&#8221;1&#8243; background_hover_color_opacity=&#8221;1&#8243; column_backdrop_filter=&#8221;none&#8221; column_shadow=&#8221;none&#8221; column_border_radius=&#8221;none&#8221; column_link_target=&#8221;_self&#8221; overflow=&#8221;visible&#8221; gradient_direction=&#8221;left_to_right&#8221; overlay_strength=&#8221;0.3&#8243; width=&#8221;1\/2&#8243; tablet_width_inherit=&#8221;default&#8221; animation_type=&#8221;default&#8221; bg_image_animation=&#8221;none&#8221; border_type=&#8221;simple&#8221; column_border_width=&#8221;none&#8221; column_border_style=&#8221;solid&#8221; column_padding_type=&#8221;default&#8221; gradient_type=&#8221;default&#8221;][vc_column_text css=&#8221;&#8221; text_direction=&#8221;default&#8221;]\n<h2>Specjalistyczny \u015brodek do prania r\u0119cznik\u00f3w i aplikator\u00f3w z mikrofibry<\/h2>\n[\/vc_column_text][vc_column_text css=&#8221;&#8221; text_direction=&#8221;default&#8221;]\n<p data-start=\"376\" data-end=\"677\"><strong data-start=\"376\" data-end=\"406\">Good Stuff Microfiber Wash<\/strong> to profesjonalny detergent stworzony specjalnie do prania r\u0119cznik\u00f3w z mikrofibry, aplikator\u00f3w i akcesori\u00f3w detailingowych. Skutecznie usuwa woski, sealanty i pozosta\u0142o\u015bci \u015brodk\u00f3w chemicznych, przywracaj\u0105c ch\u0142onno\u015b\u0107 oraz mi\u0119kko\u015b\u0107 nawet najbardziej wymagaj\u0105cym tekstyliom.<\/p>\n<p data-start=\"679\" data-end=\"936\">Dzi\u0119ki bezpiecznej formule i testom dermatologicznym, Microfiber Wash chroni struktur\u0119 w\u0142\u00f3kien i wyd\u0142u\u017ca \u017cywotno\u015b\u0107 akcesori\u00f3w. To idealne rozwi\u0105zanie zar\u00f3wno dla profesjonalnych detailer\u00f3w, jak i pasjonat\u00f3w motoryzacji, kt\u00f3rzy dbaj\u0105 o swoje narz\u0119dzia pracy.<\/p>\n<h3 class=\"\" data-start=\"1151\" data-end=\"1170\">\u2705 Kluczowe cechy:<\/h3>\n<ul data-start=\"1171\" data-end=\"1429\">\n<li class=\"\" data-start=\"1171\" data-end=\"1211\">\n<p class=\"\" data-start=\"1173\" data-end=\"1211\"><strong data-start=\"1173\" data-end=\"1209\">Przywraca pe\u0142n\u0105 ch\u0142onno\u015b\u0107 i mi\u0119kko\u015b\u0107 mikrofibry<\/strong><\/p>\n<\/li>\n<li class=\"\" data-start=\"1212\" data-end=\"1261\">\n<p class=\"\" data-start=\"1214\" data-end=\"1261\"><strong data-start=\"1214\" data-end=\"1259\">Usuwa pozosta\u0142o\u015bci wosk\u00f3w, past i chemii detailingowej<\/strong><\/p>\n<\/li>\n<li class=\"\" data-start=\"1262\" data-end=\"1319\">\n<p class=\"\" data-start=\"1264\" data-end=\"1319\"><strong data-start=\"1264\" data-end=\"1317\">Chroni w\u0142\u00f3kna &#8211; bezpieczny dla delikatnych tekstyli\u00f3w<\/strong><\/p>\n<\/li>\n<li class=\"\" data-start=\"1320\" data-end=\"1376\">\n<p class=\"\" data-start=\"1322\" data-end=\"1376\"><strong data-start=\"1322\" data-end=\"1374\">Testowany dermatologicznie &#8211; odpowiedni do cz\u0119stego stosowania<\/strong><\/p>\n<\/li>\n<li data-start=\"1320\" data-end=\"1376\"><strong>Przed\u0142u\u017ca \u017cywotno\u015b\u0107 r\u0119cznik\u00f3w, aplikator\u00f3w i pad\u00f3w<\/strong><\/li>\n<li class=\"\" data-start=\"1377\" data-end=\"1429\">\n<p class=\"\" data-start=\"1379\" data-end=\"1429\"><strong data-start=\"1379\" data-end=\"1429\">Dost\u0119pne w pojemno\u015bciach 1000 ml i 5000 ml<\/strong><\/p>\n<\/li>\n<\/ul>\n<hr class=\"\" data-start=\"1431\" data-end=\"1434\" \/>\n<h3 class=\"\" data-start=\"1436\" data-end=\"1451\">Jak u\u017cywa\u0107:<\/h3>\n<ol data-start=\"1452\" data-end=\"1691\">\n<li class=\"\" data-start=\"1452\" data-end=\"1513\">\n<p class=\"\" data-start=\"1455\" data-end=\"1513\">Dodaj <strong data-start=\"1459\" data-end=\"1511\">50 ml produktu na jedno pranie (do 5 kg tekstyli\u00f3w).<\/strong><\/p>\n<\/li>\n<li class=\"\" data-start=\"1514\" data-end=\"1645\">\n<p class=\"\" data-start=\"1517\" data-end=\"1645\">W przypadku silnych zabrudze\u0144 nale\u017cy <strong data-start=\"1542\" data-end=\"1561\">namoczy\u0107 \u015bciereczki<\/strong> w 1 l ciep\u0142ej wody z dodatkiem 50 ml produktu przez 30-40 minut przed praniem w pralce.<\/p>\n<\/li>\n<li class=\"\" data-start=\"1646\" data-end=\"1691\">\n<p class=\"\" data-start=\"1649\" data-end=\"1691\">Pra\u0107 w pralce w temperaturze <strong data-start=\"1678\" data-end=\"1689\">40-60\u00b0C<\/strong><\/p>\n<\/li>\n<li data-start=\"1581\" data-end=\"1648\">\n<p data-start=\"1584\" data-end=\"1648\">Susz na \u015bwie\u017cym powietrzu lub w suszarce w niskiej temperaturze.<\/p>\n<\/li>\n<\/ol>\n<h3 data-start=\"1655\" data-end=\"1703\">\u2753 <strong data-start=\"1661\" data-end=\"1703\">Dlaczego warto u\u017cywa\u0107 Microfiber Wash?<\/strong><\/h3>\n<p data-start=\"1705\" data-end=\"1983\">Zwyk\u0142e detergenty niszcz\u0105 w\u0142\u00f3kna mikrofibry i skracaj\u0105 jej \u017cywotno\u015b\u0107. <strong data-start=\"1775\" data-end=\"1794\">Microfiber Wash<\/strong> nie tylko dog\u0142\u0119bnie czy\u015bci, ale i dba o struktur\u0119 materia\u0142u \u2013 dzi\u0119ki czemu Twoje \u015bciereczki nie trac\u0105 swoich w\u0142a\u015bciwo\u015bci nawet po wielu praniach. To must-have w arsenale ka\u017cdego detailera.<\/p>\n<hr class=\"\" data-start=\"1693\" data-end=\"1696\" \/>\n<p class=\"\" data-start=\"1698\" data-end=\"1897\"><strong data-start=\"1698\" data-end=\"1832\">Good Stuff Microfiber Wash pomaga detailerom utrzyma\u0107 ich sprz\u0119t w doskona\u0142ym stanie &#8211; poniewa\u017c \u015bwietne rezultaty zaczynaj\u0105 si\u0119 od czystych narz\u0119dzi.<\/strong> Spraw, aby Twoje r\u0119czniki s\u0142u\u017cy\u0142y d\u0142u\u017cej i dzia\u0142a\u0142y lepiej z ka\u017cdym praniem.<\/p>\n[\/vc_column_text][nectar_cta btn_style=&#8221;basic&#8221; heading_tag=&#8221;h6&#8243; border_radius=&#8221;10&#8243; button_color=&#8221;default&#8221; text_color=&#8221;#fbb921&#8243; text_color_hover=&#8221;#ffffff&#8221; button_border_color=&#8221;#fbb921&#8243; button_border_color_hover=&#8221;#ffffff&#8221; button_border_thickness=&#8221;4px&#8221; link_type=&#8221;regular&#8221; alignment=&#8221;center&#8221; alignment_tablet=&#8221;default&#8221; alignment_phone=&#8221;default&#8221; constrain_group_3=&#8221;yes&#8221; display=&#8221;block&#8221; display_tablet=&#8221;inherit&#8221; display_phone=&#8221;inherit&#8221; icon_family=&#8221;linecons&#8221; class=&#8221;buy-button&#8221; font_size_desktop=&#8221;20&#8243; link_text=&#8221;Kupuj w Autoryzowanych Sklepach&#8221; padding_top=&#8221;11&#8243; padding_bottom=&#8221;11&#8243; padding_left=&#8221;11&#8243; padding_right=&#8221;11&#8243; icon_linecons=&#8221;vc_li vc_li-star&#8221; font_size_phone=&#8221;1rem&#8221;][vc_column_text css=&#8221;&#8221; text_direction=&#8221;default&#8221;]\n<div class=\"ws-nav\" style=\"text-align: center;\"><a class=\"ws-nav__btn ws-nav__btn--prev\" href=\"https:\/\/goodstuff.com.pl\/pl\/produkty\/mycie\/glass-cleaner\/\">\u2190 POPRZEDNI <\/a><br \/>\n<a class=\"ws-nav__btn ws-nav__btn--next\" href=\"https:\/\/goodstuff.com.pl\/pl\/produkty\/mycie\/pure-shampoo\/\">NAST\u0118PNY\u2192<\/a><\/div>\n[\/vc_column_text][\/vc_column_inner][\/vc_row_inner][\/vc_column][\/vc_row]\n","protected":false},"excerpt":{"rendered":"<p>[vc_row type=&#8221;full_width_background&#8221; full_screen_row_position=&#8221;middle&#8221; column_margin=&#8221;default&#8221; column_direction=&#8221;default&#8221; column_direction_tablet=&#8221;default&#8221; column_direction_phone=&#8221;default&#8221; bg_color=&#8221;#212121&#8243; bg_image=&#8221;27330&#8243; bg_position=&#8221;left top&#8221; background_image_loading=&#8221;lazy-load&#8221; bg_repeat=&#8221;no-repeat&#8221; scene_position=&#8221;center&#8221; top_padding=&#8221;4%&#8221; bottom_padding=&#8221;6%&#8221; text_color=&#8221;light&#8221; text_align=&#8221;left&#8221; row_border_radius=&#8221;none&#8221; row_border_radius_applies=&#8221;bg&#8221; overflow=&#8221;visible&#8221; color_overlay=&#8221;#212121&#8243; overlay_strength=&#8221;0.8&#8243; gradient_direction=&#8221;left_to_right&#8221; shape_divider_position=&#8221;bottom&#8221; bg_image_animation=&#8221;none&#8221; parallax_bg=&#8221;true&#8221; parallax_bg_speed=&#8221;fast&#8221; shape_type=&#8221;&#8221; gradient_type=&#8221;default&#8221;][vc_column&#8230;<\/p>\n","protected":false},"author":1,"featured_media":27393,"parent":29403,"menu_order":0,"comment_status":"closed","ping_status":"closed","template":"","meta":{"footnotes":""},"class_list":["post-29413","page","type-page","status-publish","has-post-thumbnail"],"publishpress_future_action":{"enabled":false,"date":"2026-04-14 10:18:07","action":"change-status","newStatus":"draft","terms":[],"taxonomy":"translation_priority","extraData":[]},"publishpress_future_workflow_manual_trigger":{"enabledWorkflows":[]},"_links":{"self":[{"href":"https:\/\/goodstuff.com.pl\/pl\/wp-json\/wp\/v2\/pages\/29413","targetHints":{"allow":["GET"]}}],"collection":[{"href":"https:\/\/goodstuff.com.pl\/pl\/wp-json\/wp\/v2\/pages"}],"about":[{"href":"https:\/\/goodstuff.com.pl\/pl\/wp-json\/wp\/v2\/types\/page"}],"author":[{"embeddable":true,"href":"https:\/\/goodstuff.com.pl\/pl\/wp-json\/wp\/v2\/users\/1"}],"replies":[{"embeddable":true,"href":"https:\/\/goodstuff.com.pl\/pl\/wp-json\/wp\/v2\/comments?post=29413"}],"version-history":[{"count":6,"href":"https:\/\/goodstuff.com.pl\/pl\/wp-json\/wp\/v2\/pages\/29413\/revisions"}],"predecessor-version":[{"id":33887,"href":"https:\/\/goodstuff.com.pl\/pl\/wp-json\/wp\/v2\/pages\/29413\/revisions\/33887"}],"up":[{"embeddable":true,"href":"https:\/\/goodstuff.com.pl\/pl\/wp-json\/wp\/v2\/pages\/29403"}],"wp:featuredmedia":[{"embeddable":true,"href":"https:\/\/goodstuff.com.pl\/pl\/wp-json\/wp\/v2\/media\/27393"}],"wp:attachment":[{"href":"https:\/\/goodstuff.com.pl\/pl\/wp-json\/wp\/v2\/media?parent=29413"}],"curies":[{"name":"wp","href":"https:\/\/api.w.org\/{rel}","templated":true}]}}