{"id":29415,"date":"2025-05-27T13:36:51","date_gmt":"2025-05-27T11:36:51","guid":{"rendered":"https:\/\/goodstuff.com.pl\/wysokiej-jakosci-chemia-do-detailingu-samochodowego-dla-profesjonalistow\/chemia-do-myjni-samochodowych-szampony-piany-i-srodki-do-usuwania-owadow-good-stuff\/pure-shampoo-szampon-samochodowy-o-neutralnym-ph-do-lakieru-good-stuff\/"},"modified":"2026-03-25T14:34:20","modified_gmt":"2026-03-25T13:34:20","slug":"pure-shampoo","status":"publish","type":"page","link":"https:\/\/goodstuff.com.pl\/pl\/produkty\/mycie\/pure-shampoo\/","title":{"rendered":"Pure Shampoo \u2013 Neutralny szampon samochodowy do lakieru | Good Stuff"},"content":{"rendered":"[vc_row type=&#8221;full_width_background&#8221; full_screen_row_position=&#8221;middle&#8221; column_margin=&#8221;default&#8221; column_direction=&#8221;default&#8221; column_direction_tablet=&#8221;default&#8221; column_direction_phone=&#8221;default&#8221; bg_color=&#8221;#212121&#8243; bg_image=&#8221;27330&#8243; bg_position=&#8221;left top&#8221; background_image_loading=&#8221;lazy-load&#8221; bg_repeat=&#8221;no-repeat&#8221; scene_position=&#8221;center&#8221; top_padding=&#8221;4%&#8221; bottom_padding=&#8221;6%&#8221; text_color=&#8221;light&#8221; text_align=&#8221;left&#8221; row_border_radius=&#8221;none&#8221; row_border_radius_applies=&#8221;bg&#8221; overflow=&#8221;visible&#8221; color_overlay=&#8221;#212121&#8243; overlay_strength=&#8221;0.8&#8243; gradient_direction=&#8221;left_to_right&#8221; shape_divider_position=&#8221;bottom&#8221; bg_image_animation=&#8221;none&#8221; parallax_bg=&#8221;true&#8221; parallax_bg_speed=&#8221;fast&#8221; shape_type=&#8221;&#8221; gradient_type=&#8221;default&#8221;][vc_column column_padding=&#8221;no-extra-padding&#8221; column_padding_tablet=&#8221;inherit&#8221; column_padding_phone=&#8221;inherit&#8221; column_padding_position=&#8221;all&#8221; column_element_direction_desktop=&#8221;default&#8221; column_element_spacing=&#8221;default&#8221; desktop_text_alignment=&#8221;default&#8221; tablet_text_alignment=&#8221;default&#8221; phone_text_alignment=&#8221;default&#8221; background_color_opacity=&#8221;1&#8243; background_hover_color_opacity=&#8221;1&#8243; column_backdrop_filter=&#8221;none&#8221; column_shadow=&#8221;none&#8221; column_border_radius=&#8221;none&#8221; column_link_target=&#8221;_self&#8221; column_position=&#8221;default&#8221; gradient_direction=&#8221;left_to_right&#8221; overlay_strength=&#8221;0.3&#8243; width=&#8221;1\/1&#8243; tablet_width_inherit=&#8221;default&#8221; animation_type=&#8221;default&#8221; bg_image_animation=&#8221;none&#8221; border_type=&#8221;simple&#8221; column_border_width=&#8221;none&#8221; column_border_style=&#8221;solid&#8221;][nectar_highlighted_text text_color=&#8221;#ff7070&#8243; style=&#8221;text_outline&#8221; outline_thickness=&#8221;extra_thick&#8221; text_direction=&#8221;default&#8221; custom_font_size=&#8221;3vw&#8221;]\n<h1 data-product-id=\"125\"><em>Pure Shampoo<\/em> <span style=\"font-weight: normal; font-size: 0.8em;\"> \u2013 Safe, High Foam Car Shampoo<\/span><\/h1>\n[\/nectar_highlighted_text][vc_row_inner column_margin=&#8221;30px&#8221; column_direction=&#8221;default&#8221; column_direction_tablet=&#8221;default&#8221; column_direction_phone=&#8221;default&#8221; text_align=&#8221;left&#8221; row_position=&#8221;default&#8221; row_position_tablet=&#8221;inherit&#8221; row_position_phone=&#8221;inherit&#8221; overflow=&#8221;visible&#8221; pointer_events=&#8221;all&#8221;][vc_column_inner column_padding=&#8221;no-extra-padding&#8221; column_padding_tablet=&#8221;inherit&#8221; column_padding_phone=&#8221;inherit&#8221; column_padding_position=&#8221;all&#8221; column_element_direction_desktop=&#8221;default&#8221; column_element_spacing=&#8221;default&#8221; desktop_text_alignment=&#8221;default&#8221; tablet_text_alignment=&#8221;default&#8221; phone_text_alignment=&#8221;default&#8221; background_color_opacity=&#8221;1&#8243; background_hover_color_opacity=&#8221;1&#8243; column_backdrop_filter=&#8221;none&#8221; column_shadow=&#8221;none&#8221; column_border_radius=&#8221;none&#8221; column_link_target=&#8221;_self&#8221; overflow=&#8221;visible&#8221; gradient_direction=&#8221;left_to_right&#8221; overlay_strength=&#8221;0.3&#8243; width=&#8221;1\/2&#8243; tablet_width_inherit=&#8221;default&#8221; animation_type=&#8221;default&#8221; bg_image_animation=&#8221;none&#8221; border_type=&#8221;simple&#8221; column_border_width=&#8221;none&#8221; column_border_style=&#8221;solid&#8221;][nectar_cta btn_style=&#8221;basic&#8221; heading_tag=&#8221;h6&#8243; border_radius=&#8221;10&#8243; button_color=&#8221;default&#8221; text_color=&#8221;#fbb921&#8243; text_color_hover=&#8221;#ffffff&#8221; button_border_color=&#8221;#fbb921&#8243; button_border_color_hover=&#8221;#ffffff&#8221; button_border_thickness=&#8221;4px&#8221; link_type=&#8221;regular&#8221; alignment=&#8221;center&#8221; alignment_tablet=&#8221;default&#8221; alignment_phone=&#8221;default&#8221; constrain_group_3=&#8221;yes&#8221; display=&#8221;block&#8221; display_tablet=&#8221;inherit&#8221; display_phone=&#8221;inherit&#8221; icon_family=&#8221;linecons&#8221; class=&#8221;buy-button&#8221; font_size_desktop=&#8221;20&#8243; link_text=&#8221;Kupuj w Autoryzowanych Sklepach&#8221; padding_top=&#8221;11&#8243; padding_bottom=&#8221;11&#8243; padding_left=&#8221;11&#8243; padding_right=&#8221;11&#8243; icon_linecons=&#8221;vc_li vc_li-star&#8221; font_size_phone=&#8221;1rem&#8221;][vc_gallery css=&#8221;&#8221; type=&#8221;image_grid&#8221; images=&#8221;27759,27755,27763&#8243; image_grid_loading=&#8221;lazy-load&#8221; layout=&#8221;2&#8243; item_spacing=&#8221;5px&#8221; gallery_style=&#8221;7&#8243; load_in_animation=&#8221;none&#8221; img_size=&#8221;full&#8221;]<div id=\"ultimate-video-604569d4df7d988a1\" class=\"ult-video  vc_custom_1746091464098 ult-adjust-bottom-margin ultimate-video-604569d4df7d988a1 ultv-2549 \"><div class=\"ultv-video ultv-aspect-ratio-16_9 ultv-subscribe-responsive-none\" data-videotype=\"uv_iframe\">\n\t\t\t\t\t\t<div class=\"ultv-video__outer-wrap\" data-autoplay=\"0\" data-device=\"false\"  data-iconbg=\"#3A3A3A\" data-overcolor=\"\" data-defaultbg=\"#1f1f1e\" data-defaultplay=\"defaulticon\"><div class=\"ultv-video__play\" data-src=\"https:\/\/www.youtube.com\/embed\/iaqmSss73gw?rel=0&amp;start&amp;end&amp;controls=1&amp;mute=0&amp;modestbranding=0&amp;autoplay=1\">\n\t\t\t\t\t\t\t\t<img decoding=\"async\" class=\"ultv-video__thumb\" src=\"https:\/\/i.ytimg.com\/vi\/iaqmSss73gw\/maxresdefault.jpg\"\/>\n\t\t\t\t\t\t\t\t<div class=\"ultv-video__play-icon  ultv-animation-none\" style=\"width:75px\"><svg height=\"100%\" version=\"1.1\" viewBox=\"0 0 68 48\" width=\"100%\"><path class=\"ultv-youtube-icon-bg\" d=\"m .66,37.62 c 0,0 .66,4.70 2.70,6.77 2.58,2.71 5.98,2.63 7.49,2.91 5.43,.52 23.10,.68 23.12,.68 .00,-1.3e-5 14.29,-0.02 23.81,-0.71 1.32,-0.15 4.22,-0.17 6.81,-2.89 2.03,-2.07 2.70,-6.77 2.70,-6.77 0,0 .67,-5.52 .67,-11.04 l 0,-5.17 c 0,-5.52 -0.67,-11.04 -0.67,-11.04 0,0 -0.66,-4.70 -2.70,-6.77 C 62.03,.86 59.13,.84 57.80,.69 48.28,0 34.00,0 34.00,0 33.97,0 19.69,0 10.18,.69 8.85,.84 5.95,.86 3.36,3.58 1.32,5.65 .66,10.35 .66,10.35 c 0,0 -0.55,4.50 -0.66,9.45 l 0,8.36 c .10,4.94 .66,9.45 .66,9.45 z\" fill=\"#1f1f1e\" ><\/path><path d=\"m 26.96,13.67 18.37,9.62 -18.37,9.55 -0.00,-19.17 z\" fill=\"#fff\"><\/path><path d=\"M 45.02,23.46 45.32,23.28 26.96,13.67 43.32,22.34 45.02,23.46 z\" fill=\"#ccc\"><\/path><\/svg><\/div> <\/div> <\/div><div class=\"ultv-subscribe-bar ult-responsive\"  data-ultimate-target='.ult-video.ultv-2549 .ultv-subscribe-bar'  data-responsive-json-new='{\"font-size\":\"\",\"line-height\":\"\"}'  style = \"color:#fff; background-color:#1b1b1b; \">\n\t\t\t\t<div class=\"ultv-subscribe-bar-prefix\" style=\"font-weight:normal;\">Subscribe to our YouTube Channel<\/div>\n\t\t\t\t<div class=\"ultv-subscribe-content\">\n\t\t\t\t\t<script src=\"https:\/\/apis.google.com\/js\/platform.js\"><\/script> <!-- Need to be enqueued from someplace else --><div class=\"g-ytsubscribe\" data-channelid=\"UCdaZpJ6Aql4hFcnLbtO_FGg\" data-count=\"hidden\"><\/div><\/div> <\/div><\/div><\/div>[\/vc_column_inner][vc_column_inner column_padding=&#8221;padding-5-percent&#8221; column_padding_tablet=&#8221;inherit&#8221; column_padding_phone=&#8221;inherit&#8221; column_padding_position=&#8221;left-right&#8221; column_element_direction_desktop=&#8221;default&#8221; column_element_spacing=&#8221;default&#8221; desktop_text_alignment=&#8221;default&#8221; tablet_text_alignment=&#8221;default&#8221; phone_text_alignment=&#8221;default&#8221; background_color_opacity=&#8221;1&#8243; background_hover_color_opacity=&#8221;1&#8243; column_backdrop_filter=&#8221;none&#8221; column_shadow=&#8221;none&#8221; column_border_radius=&#8221;none&#8221; column_link_target=&#8221;_self&#8221; overflow=&#8221;visible&#8221; gradient_direction=&#8221;left_to_right&#8221; overlay_strength=&#8221;0.3&#8243; width=&#8221;1\/2&#8243; tablet_width_inherit=&#8221;default&#8221; animation_type=&#8221;default&#8221; bg_image_animation=&#8221;none&#8221; border_type=&#8221;simple&#8221; column_border_width=&#8221;none&#8221; column_border_style=&#8221;solid&#8221; column_padding_type=&#8221;default&#8221; gradient_type=&#8221;default&#8221;][vc_column_text css=&#8221;&#8221; text_direction=&#8221;default&#8221;]\n<h2>Szampon samochodowy o neutralnym pH do lakier\u00f3w powlekanych i woskowanych<\/h2>\n[\/vc_column_text][vc_column_text css=&#8221;&#8221; text_direction=&#8221;default&#8221;]\n<p class=\"\" data-start=\"445\" data-end=\"752\"><strong data-start=\"445\" data-end=\"472\">Good Stuff Pure Shampoo<\/strong> to najwy\u017cszej jako\u015bci <strong data-start=\"486\" data-end=\"512\">szampon samochodowy o neutralnym pH<\/strong>, przeznaczony do bezpiecznego i skutecznego mycia pojazd\u00f3w. Jego bogata piana i doskona\u0142e smarowanie zmniejszaj\u0105 tarcie podczas procesu mycia, pomagaj\u0105c zapobiega\u0107 zarysowaniom i \u015bladom zawirowa\u0144 &#8211; dzi\u0119ki czemu idealnie nadaje si\u0119 do mycia konserwacyjnego pojazd\u00f3w lakierowanych lub woskowanych.<\/p>\n<p class=\"\" data-start=\"754\" data-end=\"1036\">Dzi\u0119ki p\u0142ynnej formule i przyjemnemu <strong data-start=\"799\" data-end=\"816\">zapachowi ciasteczek<\/strong>, Pure Shampoo zapewnia wysoki komfort u\u017cytkowania. Jego neutralne pH zapewnia kompatybilno\u015b\u0107 z pow\u0142okami ceramicznymi, uszczelniaczami i tradycyjnymi woskami, zachowuj\u0105c warstwy ochronne przy jednoczesnym dok\u0142adnym czyszczeniu powierzchni.<\/p>\n<h3 class=\"\" data-start=\"1038\" data-end=\"1057\">\u2705 Kluczowe cechy:<\/h3>\n<ul data-start=\"1058\" data-end=\"1388\">\n<li class=\"\" data-start=\"1058\" data-end=\"1124\">\n<p class=\"\" data-start=\"1060\" data-end=\"1124\"><strong data-start=\"1060\" data-end=\"1074\">Neutralne pH<\/strong> &#8211; bezpieczny dla lakier\u00f3w powlekanych, woskowanych i niezabezpieczonych.<\/p>\n<\/li>\n<li class=\"\" data-start=\"1125\" data-end=\"1210\">\n<p class=\"\" data-start=\"1127\" data-end=\"1210\"><strong data-start=\"1127\" data-end=\"1164\">Doskona\u0142e pienienie i smarowanie<\/strong> &#8211; zapobiega powstawaniu rys i zwi\u0119ksza bezpiecze\u0144stwo mycia<\/p>\n<\/li>\n<li class=\"\" data-start=\"1211\" data-end=\"1280\">\n<p class=\"\" data-start=\"1213\" data-end=\"1280\"><strong data-start=\"1213\" data-end=\"1230\">Zapach ciasteczek<\/strong> &#8211; przyjemny i charakterystyczny zapach podczas u\u017cytkowania<\/p>\n<\/li>\n<li class=\"\" data-start=\"1281\" data-end=\"1337\">\n<p class=\"\" data-start=\"1283\" data-end=\"1337\"><strong data-start=\"1283\" data-end=\"1302\">Niska szybko\u015b\u0107 schni\u0119cia<\/strong> &#8211; zmniejsza ryzyko powstawania \u015blad\u00f3w myd\u0142a<\/p>\n<\/li>\n<li class=\"\" data-start=\"1338\" data-end=\"1388\">\n<p class=\"\" data-start=\"1340\" data-end=\"1388\"><strong data-start=\"1340\" data-end=\"1388\">Dost\u0119pne w rozmiarach 500 ml, 1000 ml i 5000 ml<\/strong><\/p>\n<\/li>\n<\/ul>\n<hr class=\"\" data-start=\"1390\" data-end=\"1393\">\n<h3 class=\"\" data-start=\"1395\" data-end=\"1410\">Jak u\u017cywa\u0107:<\/h3>\n<ol data-start=\"1411\" data-end=\"1722\">\n<li class=\"\" data-start=\"1411\" data-end=\"1466\">\n<p class=\"\" data-start=\"1414\" data-end=\"1466\">Dok\u0142adnie sp\u0142uka\u0107 samoch\u00f3d wod\u0105 pod ci\u015bnieniem.<\/p>\n<\/li>\n<li class=\"\" data-start=\"1467\" data-end=\"1523\">\n<p class=\"\" data-start=\"1470\" data-end=\"1523\">Wla\u0107 <strong data-start=\"1475\" data-end=\"1521\">30-40 ml szamponu na 10 litr\u00f3w wody<\/strong>.<\/p>\n<\/li>\n<li class=\"\" data-start=\"1524\" data-end=\"1578\">\n<p class=\"\" data-start=\"1527\" data-end=\"1578\">Wymiesza\u0107 przy u\u017cyciu silnego strumienia wody w celu wytworzenia piany.<\/p>\n<\/li>\n<li class=\"\" data-start=\"1579\" data-end=\"1653\">\n<p class=\"\" data-start=\"1582\" data-end=\"1653\">Umyj pojazd od g\u00f3ry do do\u0142u za pomoc\u0105 r\u0119kawicy z mikrofibry lub g\u0105bki.<\/p>\n<\/li>\n<li class=\"\" data-start=\"1654\" data-end=\"1685\">\n<p class=\"\" data-start=\"1657\" data-end=\"1685\">Ponownie przep\u0142uka\u0107 pod ci\u015bnieniem<\/p>\n<\/li>\n<li class=\"\" data-start=\"1686\" data-end=\"1722\">\n<p class=\"\" data-start=\"1689\" data-end=\"1722\">Osuszy\u0107 samoch\u00f3d r\u0119cznikiem do suszenia<\/p>\n<\/li>\n<\/ol>\n<hr class=\"\" data-start=\"1724\" data-end=\"1727\">\n<p class=\"\" data-start=\"1729\" data-end=\"1929\"><strong data-start=\"1729\" data-end=\"1870\">Good Stuff Pure Shampoo to idealny wyb\u00f3r dla profesjonalist\u00f3w i entuzjast\u00f3w poszukuj\u0105cych bezpiecznego, skutecznego i przyjemnego mycia.<\/strong>  Zaufany przez detailer\u00f3w, kt\u00f3rzy ceni\u0105 sobie wydajno\u015b\u0107 i ochron\u0119.<\/p>\n[\/vc_column_text][nectar_cta btn_style=&#8221;basic&#8221; heading_tag=&#8221;h6&#8243; border_radius=&#8221;10&#8243; button_color=&#8221;default&#8221; text_color=&#8221;#fbb921&#8243; text_color_hover=&#8221;#ffffff&#8221; button_border_color=&#8221;#fbb921&#8243; button_border_color_hover=&#8221;#ffffff&#8221; button_border_thickness=&#8221;4px&#8221; link_type=&#8221;regular&#8221; alignment=&#8221;center&#8221; alignment_tablet=&#8221;default&#8221; alignment_phone=&#8221;default&#8221; constrain_group_3=&#8221;yes&#8221; display=&#8221;block&#8221; display_tablet=&#8221;inherit&#8221; display_phone=&#8221;inherit&#8221; icon_family=&#8221;linecons&#8221; class=&#8221;buy-button&#8221; font_size_desktop=&#8221;20&#8243; link_text=&#8221;Kupuj w Autoryzowanych Sklepach&#8221; padding_top=&#8221;11&#8243; padding_bottom=&#8221;11&#8243; padding_left=&#8221;11&#8243; padding_right=&#8221;11&#8243; icon_linecons=&#8221;vc_li vc_li-star&#8221; font_size_phone=&#8221;1rem&#8221;][vc_column_text css=&#8221;&#8221; text_direction=&#8221;default&#8221;]\n<div class=\"ws-nav\" style=\"text-align: center;\"><a class=\"ws-nav__btn ws-nav__btn--prev\" href=\"https:\/\/goodstuff.com.pl\/pl\/produkty\/mycie\/microfiber-wash\/\">\u2190 POPRZEDNI <\/a><br \/>\n<a class=\"ws-nav__btn ws-nav__btn--next\" href=\"https:\/\/goodstuff.com.pl\/pl\/produkty\/mycie\/snow-foam\/\">NAST\u0118PNY\u2192<\/a><\/div>\n[\/vc_column_text][\/vc_column_inner][\/vc_row_inner][\/vc_column][\/vc_row]\n","protected":false},"excerpt":{"rendered":"<p>[vc_row type=&#8221;full_width_background&#8221; full_screen_row_position=&#8221;middle&#8221; column_margin=&#8221;default&#8221; column_direction=&#8221;default&#8221; column_direction_tablet=&#8221;default&#8221; column_direction_phone=&#8221;default&#8221; bg_color=&#8221;#212121&#8243; bg_image=&#8221;27330&#8243; bg_position=&#8221;left top&#8221; background_image_loading=&#8221;lazy-load&#8221; bg_repeat=&#8221;no-repeat&#8221; scene_position=&#8221;center&#8221; top_padding=&#8221;4%&#8221; bottom_padding=&#8221;6%&#8221; text_color=&#8221;light&#8221; text_align=&#8221;left&#8221; row_border_radius=&#8221;none&#8221; row_border_radius_applies=&#8221;bg&#8221; overflow=&#8221;visible&#8221; color_overlay=&#8221;#212121&#8243; overlay_strength=&#8221;0.8&#8243; gradient_direction=&#8221;left_to_right&#8221; shape_divider_position=&#8221;bottom&#8221; bg_image_animation=&#8221;none&#8221; parallax_bg=&#8221;true&#8221; parallax_bg_speed=&#8221;fast&#8221; shape_type=&#8221;&#8221; gradient_type=&#8221;default&#8221;][vc_column&#8230;<\/p>\n","protected":false},"author":1,"featured_media":27604,"parent":29403,"menu_order":0,"comment_status":"closed","ping_status":"closed","template":"","meta":{"footnotes":""},"class_list":["post-29415","page","type-page","status-publish","has-post-thumbnail"],"publishpress_future_action":{"enabled":false,"date":"2026-04-14 12:42:05","action":"change-status","newStatus":"draft","terms":[],"taxonomy":"translation_priority","extraData":[]},"publishpress_future_workflow_manual_trigger":{"enabledWorkflows":[]},"_links":{"self":[{"href":"https:\/\/goodstuff.com.pl\/pl\/wp-json\/wp\/v2\/pages\/29415","targetHints":{"allow":["GET"]}}],"collection":[{"href":"https:\/\/goodstuff.com.pl\/pl\/wp-json\/wp\/v2\/pages"}],"about":[{"href":"https:\/\/goodstuff.com.pl\/pl\/wp-json\/wp\/v2\/types\/page"}],"author":[{"embeddable":true,"href":"https:\/\/goodstuff.com.pl\/pl\/wp-json\/wp\/v2\/users\/1"}],"replies":[{"embeddable":true,"href":"https:\/\/goodstuff.com.pl\/pl\/wp-json\/wp\/v2\/comments?post=29415"}],"version-history":[{"count":8,"href":"https:\/\/goodstuff.com.pl\/pl\/wp-json\/wp\/v2\/pages\/29415\/revisions"}],"predecessor-version":[{"id":33890,"href":"https:\/\/goodstuff.com.pl\/pl\/wp-json\/wp\/v2\/pages\/29415\/revisions\/33890"}],"up":[{"embeddable":true,"href":"https:\/\/goodstuff.com.pl\/pl\/wp-json\/wp\/v2\/pages\/29403"}],"wp:featuredmedia":[{"embeddable":true,"href":"https:\/\/goodstuff.com.pl\/pl\/wp-json\/wp\/v2\/media\/27604"}],"wp:attachment":[{"href":"https:\/\/goodstuff.com.pl\/pl\/wp-json\/wp\/v2\/media?parent=29415"}],"curies":[{"name":"wp","href":"https:\/\/api.w.org\/{rel}","templated":true}]}}