{"id":29418,"date":"2025-05-27T13:38:03","date_gmt":"2025-05-27T11:38:03","guid":{"rendered":""},"modified":"2026-03-25T14:33:35","modified_gmt":"2026-03-25T13:33:35","slug":"snow-foam","status":"publish","type":"page","link":"https:\/\/goodstuff.com.pl\/pl\/produkty\/mycie\/snow-foam\/","title":{"rendered":"Snow Foam \u2013 G\u0119sta piana do mycia wst\u0119pnego | Good Stuff"},"content":{"rendered":"[vc_row type=&#8221;full_width_background&#8221; full_screen_row_position=&#8221;middle&#8221; column_margin=&#8221;default&#8221; column_direction=&#8221;default&#8221; column_direction_tablet=&#8221;default&#8221; column_direction_phone=&#8221;default&#8221; bg_color=&#8221;#212121&#8243; bg_image=&#8221;27330&#8243; bg_position=&#8221;left top&#8221; background_image_loading=&#8221;lazy-load&#8221; bg_repeat=&#8221;no-repeat&#8221; scene_position=&#8221;center&#8221; top_padding=&#8221;4%&#8221; bottom_padding=&#8221;6%&#8221; text_color=&#8221;light&#8221; text_align=&#8221;left&#8221; row_border_radius=&#8221;none&#8221; row_border_radius_applies=&#8221;bg&#8221; overflow=&#8221;visible&#8221; color_overlay=&#8221;#212121&#8243; overlay_strength=&#8221;0.8&#8243; gradient_direction=&#8221;left_to_right&#8221; shape_divider_position=&#8221;bottom&#8221; bg_image_animation=&#8221;none&#8221; parallax_bg=&#8221;true&#8221; parallax_bg_speed=&#8221;fast&#8221; shape_type=&#8221;&#8221; gradient_type=&#8221;default&#8221;][vc_column column_padding=&#8221;no-extra-padding&#8221; column_padding_tablet=&#8221;inherit&#8221; column_padding_phone=&#8221;inherit&#8221; column_padding_position=&#8221;all&#8221; column_element_direction_desktop=&#8221;default&#8221; column_element_spacing=&#8221;default&#8221; desktop_text_alignment=&#8221;default&#8221; tablet_text_alignment=&#8221;default&#8221; phone_text_alignment=&#8221;default&#8221; background_color_opacity=&#8221;1&#8243; background_hover_color_opacity=&#8221;1&#8243; column_backdrop_filter=&#8221;none&#8221; column_shadow=&#8221;none&#8221; column_border_radius=&#8221;none&#8221; column_link_target=&#8221;_self&#8221; column_position=&#8221;default&#8221; gradient_direction=&#8221;left_to_right&#8221; overlay_strength=&#8221;0.3&#8243; width=&#8221;1\/1&#8243; tablet_width_inherit=&#8221;default&#8221; animation_type=&#8221;default&#8221; bg_image_animation=&#8221;none&#8221; border_type=&#8221;simple&#8221; column_border_width=&#8221;none&#8221; column_border_style=&#8221;solid&#8221;][nectar_highlighted_text text_color=&#8221;#ff7070&#8243; style=&#8221;text_outline&#8221; outline_thickness=&#8221;extra_thick&#8221; text_direction=&#8221;default&#8221; custom_font_size=&#8221;3vw&#8221;]\n<h1 data-start=\"227\" data-end=\"300\">Snow Foam \u2013 aktywna piana o neutralnym pH do bezpiecznego mycia wst\u0119pnego<\/h1>\n[\/nectar_highlighted_text][vc_row_inner column_margin=&#8221;30px&#8221; column_direction=&#8221;default&#8221; column_direction_tablet=&#8221;default&#8221; column_direction_phone=&#8221;default&#8221; text_align=&#8221;left&#8221; row_position=&#8221;default&#8221; row_position_tablet=&#8221;inherit&#8221; row_position_phone=&#8221;inherit&#8221; overflow=&#8221;visible&#8221; pointer_events=&#8221;all&#8221;][vc_column_inner column_padding=&#8221;no-extra-padding&#8221; column_padding_tablet=&#8221;inherit&#8221; column_padding_phone=&#8221;inherit&#8221; column_padding_position=&#8221;all&#8221; column_element_direction_desktop=&#8221;default&#8221; column_element_spacing=&#8221;default&#8221; desktop_text_alignment=&#8221;default&#8221; tablet_text_alignment=&#8221;default&#8221; phone_text_alignment=&#8221;default&#8221; background_color_opacity=&#8221;1&#8243; background_hover_color_opacity=&#8221;1&#8243; column_backdrop_filter=&#8221;none&#8221; column_shadow=&#8221;none&#8221; column_border_radius=&#8221;none&#8221; column_link_target=&#8221;_self&#8221; overflow=&#8221;visible&#8221; gradient_direction=&#8221;left_to_right&#8221; overlay_strength=&#8221;0.3&#8243; width=&#8221;1\/2&#8243; tablet_width_inherit=&#8221;default&#8221; animation_type=&#8221;default&#8221; bg_image_animation=&#8221;none&#8221; border_type=&#8221;simple&#8221; column_border_width=&#8221;none&#8221; column_border_style=&#8221;solid&#8221;][nectar_cta btn_style=&#8221;basic&#8221; heading_tag=&#8221;h6&#8243; border_radius=&#8221;10&#8243; button_color=&#8221;default&#8221; text_color=&#8221;#fbb921&#8243; text_color_hover=&#8221;#ffffff&#8221; button_border_color=&#8221;#fbb921&#8243; button_border_color_hover=&#8221;#ffffff&#8221; button_border_thickness=&#8221;4px&#8221; link_type=&#8221;regular&#8221; alignment=&#8221;center&#8221; alignment_tablet=&#8221;default&#8221; alignment_phone=&#8221;default&#8221; constrain_group_3=&#8221;yes&#8221; display=&#8221;block&#8221; display_tablet=&#8221;inherit&#8221; display_phone=&#8221;inherit&#8221; icon_family=&#8221;linecons&#8221; class=&#8221;buy-button&#8221; font_size_desktop=&#8221;20&#8243; link_text=&#8221;Kupuj w Autoryzowanych Sklepach&#8221; padding_top=&#8221;11&#8243; padding_bottom=&#8221;11&#8243; padding_left=&#8221;11&#8243; padding_right=&#8221;11&#8243; icon_linecons=&#8221;vc_li vc_li-star&#8221; font_size_phone=&#8221;1rem&#8221;][vc_gallery css=&#8221;&#8221; type=&#8221;image_grid&#8221; images=&#8221;32505,32510&#8243; image_grid_loading=&#8221;lazy-load&#8221; layout=&#8221;2&#8243; item_spacing=&#8221;5px&#8221; gallery_style=&#8221;7&#8243; load_in_animation=&#8221;none&#8221; img_size=&#8221;full&#8221;]<div id=\"ultimate-video-194469d4df4aca15c\" class=\"ult-video  vc_custom_1746092065111 ult-adjust-bottom-margin ultimate-video-194469d4df4aca15c ultv-6966 \"><div class=\"ultv-video ultv-aspect-ratio-16_9 ultv-subscribe-responsive-none\" data-videotype=\"uv_iframe\">\n\t\t\t\t\t\t<div class=\"ultv-video__outer-wrap\" data-autoplay=\"0\" data-device=\"false\"  data-iconbg=\"#3A3A3A\" data-overcolor=\"\" data-defaultbg=\"#1f1f1e\" data-defaultplay=\"defaulticon\"><div class=\"ultv-video__play\" data-src=\"https:\/\/www.youtube.com\/embed\/VpQ1CQTL-3U?rel=0&amp;start&amp;end&amp;controls=1&amp;mute=0&amp;modestbranding=0&amp;autoplay=1\">\n\t\t\t\t\t\t\t\t<img decoding=\"async\" class=\"ultv-video__thumb\" src=\"https:\/\/i.ytimg.com\/vi\/VpQ1CQTL-3U\/maxresdefault.jpg\"\/>\n\t\t\t\t\t\t\t\t<div class=\"ultv-video__play-icon  ultv-animation-none\" style=\"width:75px\"><svg height=\"100%\" version=\"1.1\" viewBox=\"0 0 68 48\" width=\"100%\"><path class=\"ultv-youtube-icon-bg\" d=\"m .66,37.62 c 0,0 .66,4.70 2.70,6.77 2.58,2.71 5.98,2.63 7.49,2.91 5.43,.52 23.10,.68 23.12,.68 .00,-1.3e-5 14.29,-0.02 23.81,-0.71 1.32,-0.15 4.22,-0.17 6.81,-2.89 2.03,-2.07 2.70,-6.77 2.70,-6.77 0,0 .67,-5.52 .67,-11.04 l 0,-5.17 c 0,-5.52 -0.67,-11.04 -0.67,-11.04 0,0 -0.66,-4.70 -2.70,-6.77 C 62.03,.86 59.13,.84 57.80,.69 48.28,0 34.00,0 34.00,0 33.97,0 19.69,0 10.18,.69 8.85,.84 5.95,.86 3.36,3.58 1.32,5.65 .66,10.35 .66,10.35 c 0,0 -0.55,4.50 -0.66,9.45 l 0,8.36 c .10,4.94 .66,9.45 .66,9.45 z\" fill=\"#1f1f1e\" ><\/path><path d=\"m 26.96,13.67 18.37,9.62 -18.37,9.55 -0.00,-19.17 z\" fill=\"#fff\"><\/path><path d=\"M 45.02,23.46 45.32,23.28 26.96,13.67 43.32,22.34 45.02,23.46 z\" fill=\"#ccc\"><\/path><\/svg><\/div> <\/div> <\/div><div class=\"ultv-subscribe-bar ult-responsive\"  data-ultimate-target='.ult-video.ultv-6966 .ultv-subscribe-bar'  data-responsive-json-new='{\"font-size\":\"\",\"line-height\":\"\"}'  style = \"color:#fff; background-color:#1b1b1b; \">\n\t\t\t\t<div class=\"ultv-subscribe-bar-prefix\" style=\"font-weight:normal;\">Subscribe to our YouTube Channel<\/div>\n\t\t\t\t<div class=\"ultv-subscribe-content\">\n\t\t\t\t\t<script src=\"https:\/\/apis.google.com\/js\/platform.js\"><\/script> <!-- Need to be enqueued from someplace else --><div class=\"g-ytsubscribe\" data-channelid=\"UCdaZpJ6Aql4hFcnLbtO_FGg\" data-count=\"hidden\"><\/div><\/div> <\/div><\/div><\/div>[\/vc_column_inner][vc_column_inner column_padding=&#8221;padding-5-percent&#8221; column_padding_tablet=&#8221;inherit&#8221; column_padding_phone=&#8221;inherit&#8221; column_padding_position=&#8221;left-right&#8221; column_element_direction_desktop=&#8221;default&#8221; column_element_spacing=&#8221;default&#8221; desktop_text_alignment=&#8221;default&#8221; tablet_text_alignment=&#8221;default&#8221; phone_text_alignment=&#8221;default&#8221; background_color_opacity=&#8221;1&#8243; background_hover_color_opacity=&#8221;1&#8243; column_backdrop_filter=&#8221;none&#8221; column_shadow=&#8221;none&#8221; column_border_radius=&#8221;none&#8221; column_link_target=&#8221;_self&#8221; overflow=&#8221;visible&#8221; gradient_direction=&#8221;left_to_right&#8221; overlay_strength=&#8221;0.3&#8243; width=&#8221;1\/2&#8243; tablet_width_inherit=&#8221;default&#8221; animation_type=&#8221;default&#8221; bg_image_animation=&#8221;none&#8221; border_type=&#8221;simple&#8221; column_border_width=&#8221;none&#8221; column_border_style=&#8221;solid&#8221; column_padding_type=&#8221;default&#8221; gradient_type=&#8221;default&#8221;][vc_column_text css=&#8221;&#8221; text_direction=&#8221;default&#8221;]\n<h2 data-start=\"354\" data-end=\"416\"><strong>G\u0119sta piana do bezdotykowego mycia auta<\/strong><\/h2>\n[\/vc_column_text][vc_column_text css=&#8221;&#8221; text_direction=&#8221;default&#8221;]\n<p data-start=\"449\" data-end=\"849\"><strong>Good Stuff Snow Foam<\/strong> to silnie pieni\u0105ca, neutralna piana aktywna stworzona z my\u015bl\u0105 o bezpiecznym i skutecznym myciu wst\u0119pnym ka\u017cdego pojazdu. Jej g\u0119sta konsystencja doskonale przylega do lakieru, zmi\u0119kczaj\u0105c brud i osady drogowe, co pozwala na \u0142atwiejsze usuni\u0119cie zanieczyszcze\u0144 bez ryzyka zarysowa\u0144. Dzi\u0119ki neutralnemu pH nie narusza warstw ochronnych \u2013 wosk\u00f3w, sealant\u00f3w czy pow\u0142ok ceramicznych.<\/p>\n<p data-start=\"851\" data-end=\"1059\">Dost\u0119pna w 4 wariantach kolorystycznych (bia\u0142y, mi\u0119towy, r\u00f3\u017cowy, pomara\u0144czowy) i z przyjemnym zapachem, Snow Foam uprzyjemnia ka\u017cdy etap detailingu. Idealna do pracy z lanc\u0105 pianow\u0105 lub opryskiwaczem r\u0119cznym.<\/p>\n<h3 class=\"\" data-start=\"1092\" data-end=\"1111\">\u2705 Kluczowe cechy:<\/h3>\n<ul data-start=\"1112\" data-end=\"1510\">\n<li class=\"\" data-start=\"1112\" data-end=\"1178\">\n<p class=\"\" data-start=\"1114\" data-end=\"1178\"><strong data-start=\"1114\" data-end=\"1139\">G\u0119sta piana<\/strong> zapewnia maksymaln\u0105 przyczepno\u015b\u0107 i moc czyszczenia<\/p>\n<\/li>\n<li class=\"\" data-start=\"1179\" data-end=\"1259\">\n<p class=\"\" data-start=\"1181\" data-end=\"1259\"><strong data-start=\"1181\" data-end=\"1195\">Neutralne pH<\/strong> &#8211; bezpieczna dla wszystkich powierzchni zewn\u0119trznych, w tym pow\u0142ok i wosk\u00f3w.<\/p>\n<\/li>\n<li class=\"\" data-start=\"1260\" data-end=\"1332\">\n<p class=\"\" data-start=\"1262\" data-end=\"1332\"><strong data-start=\"1262\" data-end=\"1298\">Dost\u0119pne w czterech wariantach kolorystycznych<\/strong> &#8211; bia\u0142ym, mi\u0119towym, r\u00f3\u017cowym i pomara\u0144czowym<\/p>\n<\/li>\n<li class=\"\" data-start=\"1333\" data-end=\"1394\">\n<p class=\"\" data-start=\"1335\" data-end=\"1394\"><strong data-start=\"1335\" data-end=\"1353\">Przyjemny zapach<\/strong> dla przyjemniejszego procesu detailingu<\/p>\n<\/li>\n<li class=\"\" data-start=\"1395\" data-end=\"1451\">\n<p class=\"\" data-start=\"1397\" data-end=\"1451\"><strong data-start=\"1397\" data-end=\"1449\">Doskonale wsp\u00f3\u0142pracuje z pistoletami do piany i opryskiwaczami r\u0119cznymi<\/strong><\/p>\n<\/li>\n<li class=\"\" data-start=\"1452\" data-end=\"1510\">\n<p class=\"\" data-start=\"1454\" data-end=\"1510\"><strong data-start=\"1454\" data-end=\"1510\">Dost\u0119pne w rozmiarach 1000 ml, 2000 ml i 5000 ml<\/strong><\/p>\n<\/li>\n<\/ul>\n<hr class=\"\" data-start=\"1512\" data-end=\"1515\" \/>\n<h3 class=\"\" data-start=\"1517\" data-end=\"1532\">Jak u\u017cywa\u0107:<\/h3>\n<ol data-start=\"1533\" data-end=\"1742\">\n<li class=\"\" data-start=\"1533\" data-end=\"1600\">\n<p class=\"\" data-start=\"1536\" data-end=\"1600\">Nanie\u015b\u0107 produkt na <strong data-start=\"1555\" data-end=\"1570\">suchy pojazd<\/strong> za pomoc\u0105 pistoletu do piany lub opryskiwacza.<\/p>\n<\/li>\n<li class=\"\" data-start=\"1601\" data-end=\"1641\">\n<p class=\"\" data-start=\"1604\" data-end=\"1641\">Pokryj ca\u0142\u0105 obudow\u0119 piank\u0105<\/p>\n<\/li>\n<li class=\"\" data-start=\"1642\" data-end=\"1690\">\n<p class=\"\" data-start=\"1645\" data-end=\"1690\">Pozostawi\u0107 pian\u0119 na <strong data-start=\"1673\" data-end=\"1688\">5-7 minut<\/strong>.<\/p>\n<\/li>\n<li class=\"\" data-start=\"1691\" data-end=\"1742\">\n<p class=\"\" data-start=\"1694\" data-end=\"1742\">Dok\u0142adnie sp\u0142uka\u0107 myjk\u0105 <strong data-start=\"1718\" data-end=\"1742\">wysokoci\u015bnieniow\u0105<\/strong><\/p>\n<\/li>\n<\/ol>\n<hr class=\"\" data-start=\"1744\" data-end=\"1747\" \/>\n<h3 class=\"\" data-start=\"1749\" data-end=\"1774\">Zalecane rozcie\u0144czenie:<\/h3>\n<ul data-start=\"1846\" data-end=\"1937\">\n<li data-start=\"1846\" data-end=\"1882\">\n<p data-start=\"1848\" data-end=\"1882\"><strong data-start=\"1851\" data-end=\"1868\">Lanca pianowa<\/strong>: 1:9 do 1:5<\/p>\n<\/li>\n<li data-start=\"1883\" data-end=\"1937\">\n<p data-start=\"1885\" data-end=\"1937\"><strong data-start=\"1888\" data-end=\"1910\">Spryskiwacz r\u0119czny<\/strong>: 50\u201360 ml na 1 litr wody<\/p>\n<\/li>\n<\/ul>\n<p class=\"\" data-start=\"1907\" data-end=\"1968\">\u26a0\ufe0f <strong data-start=\"1910\" data-end=\"1968\">Nie stosowa\u0107 na gor\u0105cych powierzchniach lub w bezpo\u015brednim \u015bwietle s\u0142onecznym.<\/strong><\/p>\n<p data-start=\"1907\" data-end=\"1968\">Snow Foam to nie tylko efektowna piana, ale przede wszystkim skuteczna ochrona lakieru. Zmniejsza tarcie w kolejnym etapie mycia kontaktowego, chroni\u0105c powierzchni\u0119 auta przed mikrorysami. Dodatkowo upraszcza proces mycia i podnosi jego skuteczno\u015b\u0107 \u2013 nawet w przypadku trudnych zanieczyszcze\u0144. Dzi\u0119ki wersjom kolorystycznym i zapachowym nadaje rytua\u0142owi mycia nowy, przyjemny wymiar.<\/p>\n[\/vc_column_text][nectar_cta btn_style=&#8221;basic&#8221; heading_tag=&#8221;h6&#8243; border_radius=&#8221;10&#8243; button_color=&#8221;default&#8221; text_color=&#8221;#fbb921&#8243; text_color_hover=&#8221;#ffffff&#8221; button_border_color=&#8221;#fbb921&#8243; button_border_color_hover=&#8221;#ffffff&#8221; button_border_thickness=&#8221;4px&#8221; link_type=&#8221;regular&#8221; alignment=&#8221;center&#8221; alignment_tablet=&#8221;default&#8221; alignment_phone=&#8221;default&#8221; constrain_group_3=&#8221;yes&#8221; display=&#8221;block&#8221; display_tablet=&#8221;inherit&#8221; display_phone=&#8221;inherit&#8221; icon_family=&#8221;linecons&#8221; class=&#8221;buy-button&#8221; font_size_desktop=&#8221;20&#8243; link_text=&#8221;Kupuj w Autoryzowanych Sklepach&#8221; padding_top=&#8221;11&#8243; padding_bottom=&#8221;11&#8243; padding_left=&#8221;11&#8243; padding_right=&#8221;11&#8243; icon_linecons=&#8221;vc_li vc_li-star&#8221; font_size_phone=&#8221;1rem&#8221;][vc_column_text css=&#8221;&#8221; text_direction=&#8221;default&#8221;]\n<div class=\"ws-nav\" style=\"text-align: center;\"><a class=\"ws-nav__btn ws-nav__btn--prev\" href=\"https:\/\/goodstuff.com.pl\/pl\/produkty\/mycie\/pure-shampoo\/\">\u2190 POPRZEDNI <\/a><br \/>\n<a class=\"ws-nav__btn ws-nav__btn--next\" href=\"https:\/\/goodstuff.com.pl\/pl\/produkty\/mycie\/snow-foam-mint\/\">NAST\u0118PNY\u2192<\/a><\/div>\n[\/vc_column_text][\/vc_column_inner][\/vc_row_inner][\/vc_column][\/vc_row]\n","protected":false},"excerpt":{"rendered":"<p>[vc_row type=&#8221;full_width_background&#8221; full_screen_row_position=&#8221;middle&#8221; column_margin=&#8221;default&#8221; column_direction=&#8221;default&#8221; column_direction_tablet=&#8221;default&#8221; column_direction_phone=&#8221;default&#8221; bg_color=&#8221;#212121&#8243; bg_image=&#8221;27330&#8243; bg_position=&#8221;left top&#8221; background_image_loading=&#8221;lazy-load&#8221; bg_repeat=&#8221;no-repeat&#8221; scene_position=&#8221;center&#8221; top_padding=&#8221;4%&#8221; bottom_padding=&#8221;6%&#8221; text_color=&#8221;light&#8221; text_align=&#8221;left&#8221; row_border_radius=&#8221;none&#8221; row_border_radius_applies=&#8221;bg&#8221; overflow=&#8221;visible&#8221; color_overlay=&#8221;#212121&#8243; overlay_strength=&#8221;0.8&#8243; gradient_direction=&#8221;left_to_right&#8221; shape_divider_position=&#8221;bottom&#8221; bg_image_animation=&#8221;none&#8221; parallax_bg=&#8221;true&#8221; parallax_bg_speed=&#8221;fast&#8221; shape_type=&#8221;&#8221; gradient_type=&#8221;default&#8221;][vc_column&#8230;<\/p>\n","protected":false},"author":1,"featured_media":32505,"parent":29403,"menu_order":0,"comment_status":"closed","ping_status":"closed","template":"","meta":{"footnotes":""},"class_list":["post-29418","page","type-page","status-publish","has-post-thumbnail"],"publishpress_future_action":{"enabled":false,"date":"2026-04-14 12:41:14","action":"change-status","newStatus":"draft","terms":[],"taxonomy":"translation_priority","extraData":[]},"publishpress_future_workflow_manual_trigger":{"enabledWorkflows":[]},"_links":{"self":[{"href":"https:\/\/goodstuff.com.pl\/pl\/wp-json\/wp\/v2\/pages\/29418","targetHints":{"allow":["GET"]}}],"collection":[{"href":"https:\/\/goodstuff.com.pl\/pl\/wp-json\/wp\/v2\/pages"}],"about":[{"href":"https:\/\/goodstuff.com.pl\/pl\/wp-json\/wp\/v2\/types\/page"}],"author":[{"embeddable":true,"href":"https:\/\/goodstuff.com.pl\/pl\/wp-json\/wp\/v2\/users\/1"}],"replies":[{"embeddable":true,"href":"https:\/\/goodstuff.com.pl\/pl\/wp-json\/wp\/v2\/comments?post=29418"}],"version-history":[{"count":7,"href":"https:\/\/goodstuff.com.pl\/pl\/wp-json\/wp\/v2\/pages\/29418\/revisions"}],"predecessor-version":[{"id":33891,"href":"https:\/\/goodstuff.com.pl\/pl\/wp-json\/wp\/v2\/pages\/29418\/revisions\/33891"}],"up":[{"embeddable":true,"href":"https:\/\/goodstuff.com.pl\/pl\/wp-json\/wp\/v2\/pages\/29403"}],"wp:featuredmedia":[{"embeddable":true,"href":"https:\/\/goodstuff.com.pl\/pl\/wp-json\/wp\/v2\/media\/32505"}],"wp:attachment":[{"href":"https:\/\/goodstuff.com.pl\/pl\/wp-json\/wp\/v2\/media?parent=29418"}],"curies":[{"name":"wp","href":"https:\/\/api.w.org\/{rel}","templated":true}]}}