{"id":29422,"date":"2025-05-27T13:39:27","date_gmt":"2025-05-27T11:39:27","guid":{"rendered":""},"modified":"2026-03-27T07:48:25","modified_gmt":"2026-03-27T06:48:25","slug":"snow-foam-orange","status":"publish","type":"page","link":"https:\/\/goodstuff.com.pl\/pl\/produkty\/mycie\/snow-foam-orange\/","title":{"rendered":"Snow Foam Orange &#8211; Pianka do mycia wst\u0119pnego o neutralnym pH i zapachu cytrus\u00f3w | Good Stuff"},"content":{"rendered":"[vc_row type=&#8221;full_width_background&#8221; full_screen_row_position=&#8221;middle&#8221; column_margin=&#8221;default&#8221; column_direction=&#8221;default&#8221; column_direction_tablet=&#8221;default&#8221; column_direction_phone=&#8221;default&#8221; bg_color=&#8221;#212121&#8243; bg_image=&#8221;27330&#8243; bg_position=&#8221;left top&#8221; background_image_loading=&#8221;lazy-load&#8221; bg_repeat=&#8221;no-repeat&#8221; scene_position=&#8221;center&#8221; top_padding=&#8221;4%&#8221; bottom_padding=&#8221;6%&#8221; text_color=&#8221;light&#8221; text_align=&#8221;left&#8221; row_border_radius=&#8221;none&#8221; row_border_radius_applies=&#8221;bg&#8221; overflow=&#8221;visible&#8221; color_overlay=&#8221;#212121&#8243; overlay_strength=&#8221;0.8&#8243; gradient_direction=&#8221;left_to_right&#8221; shape_divider_position=&#8221;bottom&#8221; bg_image_animation=&#8221;none&#8221; parallax_bg=&#8221;true&#8221; parallax_bg_speed=&#8221;fast&#8221; shape_type=&#8221;&#8221; gradient_type=&#8221;default&#8221;][vc_column column_padding=&#8221;no-extra-padding&#8221; column_padding_tablet=&#8221;inherit&#8221; column_padding_phone=&#8221;inherit&#8221; column_padding_position=&#8221;all&#8221; column_element_direction_desktop=&#8221;default&#8221; column_element_spacing=&#8221;default&#8221; desktop_text_alignment=&#8221;default&#8221; tablet_text_alignment=&#8221;default&#8221; phone_text_alignment=&#8221;default&#8221; background_color_opacity=&#8221;1&#8243; background_hover_color_opacity=&#8221;1&#8243; column_backdrop_filter=&#8221;none&#8221; column_shadow=&#8221;none&#8221; column_border_radius=&#8221;none&#8221; column_link_target=&#8221;_self&#8221; column_position=&#8221;default&#8221; gradient_direction=&#8221;left_to_right&#8221; overlay_strength=&#8221;0.3&#8243; width=&#8221;1\/1&#8243; tablet_width_inherit=&#8221;default&#8221; animation_type=&#8221;default&#8221; bg_image_animation=&#8221;none&#8221; border_type=&#8221;simple&#8221; column_border_width=&#8221;none&#8221; column_border_style=&#8221;solid&#8221;][nectar_highlighted_text text_color=&#8221;#ff7070&#8243; style=&#8221;text_outline&#8221; outline_thickness=&#8221;extra_thick&#8221; text_direction=&#8221;default&#8221; custom_font_size=&#8221;3vw&#8221;]\n<h1 data-product-id=\"132\"><em>Snow Foam Orange<\/em><span style=\"font-weight: normal; font-size: 0.8em;\"> &#8211; G\u0119sta, aktywna piana z cytrusow\u0105 energi\u0105<\/span><\/h1>\n[\/nectar_highlighted_text][vc_row_inner column_margin=&#8221;30px&#8221; column_direction=&#8221;default&#8221; column_direction_tablet=&#8221;default&#8221; column_direction_phone=&#8221;default&#8221; text_align=&#8221;left&#8221; row_position=&#8221;default&#8221; row_position_tablet=&#8221;inherit&#8221; row_position_phone=&#8221;inherit&#8221; overflow=&#8221;visible&#8221; pointer_events=&#8221;all&#8221;][vc_column_inner column_padding=&#8221;no-extra-padding&#8221; column_padding_tablet=&#8221;inherit&#8221; column_padding_phone=&#8221;inherit&#8221; column_padding_position=&#8221;all&#8221; column_element_direction_desktop=&#8221;default&#8221; column_element_spacing=&#8221;default&#8221; desktop_text_alignment=&#8221;default&#8221; tablet_text_alignment=&#8221;default&#8221; phone_text_alignment=&#8221;default&#8221; background_color_opacity=&#8221;1&#8243; background_hover_color_opacity=&#8221;1&#8243; column_backdrop_filter=&#8221;none&#8221; column_shadow=&#8221;none&#8221; column_border_radius=&#8221;none&#8221; column_link_target=&#8221;_self&#8221; overflow=&#8221;visible&#8221; gradient_direction=&#8221;left_to_right&#8221; overlay_strength=&#8221;0.3&#8243; width=&#8221;1\/2&#8243; tablet_width_inherit=&#8221;default&#8221; animation_type=&#8221;default&#8221; bg_image_animation=&#8221;none&#8221; border_type=&#8221;simple&#8221; column_border_width=&#8221;none&#8221; column_border_style=&#8221;solid&#8221;][nectar_cta btn_style=&#8221;basic&#8221; heading_tag=&#8221;h6&#8243; border_radius=&#8221;10&#8243; button_color=&#8221;default&#8221; text_color=&#8221;#fbb921&#8243; text_color_hover=&#8221;#ffffff&#8221; button_border_color=&#8221;#fbb921&#8243; button_border_color_hover=&#8221;#ffffff&#8221; button_border_thickness=&#8221;4px&#8221; link_type=&#8221;regular&#8221; alignment=&#8221;center&#8221; alignment_tablet=&#8221;default&#8221; alignment_phone=&#8221;default&#8221; constrain_group_3=&#8221;yes&#8221; display=&#8221;block&#8221; display_tablet=&#8221;inherit&#8221; display_phone=&#8221;inherit&#8221; icon_family=&#8221;linecons&#8221; class=&#8221;buy-button&#8221; font_size_desktop=&#8221;20&#8243; link_text=&#8221;Kupuj w Autoryzowanych Sklepach&#8221; padding_top=&#8221;11&#8243; padding_bottom=&#8221;11&#8243; padding_left=&#8221;11&#8243; padding_right=&#8221;11&#8243; icon_linecons=&#8221;vc_li vc_li-star&#8221; font_size_phone=&#8221;1rem&#8221;][vc_gallery css=&#8221;&#8221; type=&#8221;image_grid&#8221; images=&#8221;32524&#8243; image_grid_loading=&#8221;lazy-load&#8221; layout=&#8221;2&#8243; item_spacing=&#8221;5px&#8221; gallery_style=&#8221;5&#8243; load_in_animation=&#8221;none&#8221; img_size=&#8221;full&#8221;]<div id=\"ultimate-video-882969d4f6e14f857\" class=\"ult-video  vc_custom_1746094020564 ult-adjust-bottom-margin ultimate-video-882969d4f6e14f857 ultv-3333 \"><div class=\"ultv-video ultv-aspect-ratio-16_9 ultv-subscribe-responsive-none\" data-videotype=\"uv_iframe\">\n\t\t\t\t\t\t<div class=\"ultv-video__outer-wrap\" data-autoplay=\"0\" data-device=\"false\"  data-iconbg=\"#3A3A3A\" data-overcolor=\"\" data-defaultbg=\"#1f1f1e\" data-defaultplay=\"defaulticon\"><div class=\"ultv-video__play\" data-src=\"https:\/\/www.youtube.com\/embed\/QTS5Jwh58A8?rel=0&amp;start&amp;end&amp;controls=1&amp;mute=0&amp;modestbranding=0&amp;autoplay=1\">\n\t\t\t\t\t\t\t\t<img decoding=\"async\" class=\"ultv-video__thumb\" src=\"https:\/\/i.ytimg.com\/vi\/QTS5Jwh58A8\/maxresdefault.jpg\"\/>\n\t\t\t\t\t\t\t\t<div class=\"ultv-video__play-icon  ultv-animation-none\" style=\"width:75px\"><svg height=\"100%\" version=\"1.1\" viewBox=\"0 0 68 48\" width=\"100%\"><path class=\"ultv-youtube-icon-bg\" d=\"m .66,37.62 c 0,0 .66,4.70 2.70,6.77 2.58,2.71 5.98,2.63 7.49,2.91 5.43,.52 23.10,.68 23.12,.68 .00,-1.3e-5 14.29,-0.02 23.81,-0.71 1.32,-0.15 4.22,-0.17 6.81,-2.89 2.03,-2.07 2.70,-6.77 2.70,-6.77 0,0 .67,-5.52 .67,-11.04 l 0,-5.17 c 0,-5.52 -0.67,-11.04 -0.67,-11.04 0,0 -0.66,-4.70 -2.70,-6.77 C 62.03,.86 59.13,.84 57.80,.69 48.28,0 34.00,0 34.00,0 33.97,0 19.69,0 10.18,.69 8.85,.84 5.95,.86 3.36,3.58 1.32,5.65 .66,10.35 .66,10.35 c 0,0 -0.55,4.50 -0.66,9.45 l 0,8.36 c .10,4.94 .66,9.45 .66,9.45 z\" fill=\"#1f1f1e\" ><\/path><path d=\"m 26.96,13.67 18.37,9.62 -18.37,9.55 -0.00,-19.17 z\" fill=\"#fff\"><\/path><path d=\"M 45.02,23.46 45.32,23.28 26.96,13.67 43.32,22.34 45.02,23.46 z\" fill=\"#ccc\"><\/path><\/svg><\/div> <\/div> <\/div><div class=\"ultv-subscribe-bar ult-responsive\"  data-ultimate-target='.ult-video.ultv-3333 .ultv-subscribe-bar'  data-responsive-json-new='{\"font-size\":\"\",\"line-height\":\"\"}'  style = \"color:#fff; background-color:#1b1b1b; \">\n\t\t\t\t<div class=\"ultv-subscribe-bar-prefix\" style=\"font-weight:normal;\">Subscribe to our YouTube Channel<\/div>\n\t\t\t\t<div class=\"ultv-subscribe-content\">\n\t\t\t\t\t<script src=\"https:\/\/apis.google.com\/js\/platform.js\"><\/script> <!-- Need to be enqueued from someplace else --><div class=\"g-ytsubscribe\" data-channelid=\"UCdaZpJ6Aql4hFcnLbtO_FGg\" data-count=\"hidden\"><\/div><\/div> <\/div><\/div><\/div>[image_with_animation image_url=&#8221;21652&#8243; image_size=&#8221;full&#8221; animation_type=&#8221;entrance&#8221; animation=&#8221;None&#8221; animation_movement_type=&#8221;transform_y&#8221; hover_animation=&#8221;none&#8221; alignment=&#8221;&#8221; border_radius=&#8221;15px&#8221; box_shadow=&#8221;large_depth&#8221; image_loading=&#8221;lazy-load&#8221; max_width=&#8221;100%&#8221; max_width_mobile=&#8221;default&#8221;][\/vc_column_inner][vc_column_inner column_padding=&#8221;padding-5-percent&#8221; column_padding_tablet=&#8221;inherit&#8221; column_padding_phone=&#8221;inherit&#8221; column_padding_position=&#8221;left-right&#8221; column_element_direction_desktop=&#8221;default&#8221; column_element_spacing=&#8221;default&#8221; desktop_text_alignment=&#8221;default&#8221; tablet_text_alignment=&#8221;default&#8221; phone_text_alignment=&#8221;default&#8221; background_color_opacity=&#8221;1&#8243; background_hover_color_opacity=&#8221;1&#8243; column_backdrop_filter=&#8221;none&#8221; column_shadow=&#8221;none&#8221; column_border_radius=&#8221;none&#8221; column_link_target=&#8221;_self&#8221; overflow=&#8221;visible&#8221; gradient_direction=&#8221;left_to_right&#8221; overlay_strength=&#8221;0.3&#8243; width=&#8221;1\/2&#8243; tablet_width_inherit=&#8221;default&#8221; animation_type=&#8221;default&#8221; bg_image_animation=&#8221;none&#8221; border_type=&#8221;simple&#8221; column_border_width=&#8221;none&#8221; column_border_style=&#8221;solid&#8221; column_padding_type=&#8221;default&#8221; gradient_type=&#8221;default&#8221;][vc_column_text css=&#8221;&#8221; text_direction=&#8221;default&#8221;]\n<h2>Snow Foam Orange &#8211; \u017bywa piana do prania wst\u0119pnego o owocowym zapachu<\/h2>\n[\/vc_column_text][vc_column_text css=&#8221;&#8221; text_direction=&#8221;default&#8221;]\n<p class=\"\" data-start=\"478\" data-end=\"802\"><strong data-start=\"478\" data-end=\"509\">Good Stuff Snow Foam Orange<\/strong> to skoncentrowana piana do mycia wst\u0119pnego, kt\u00f3ra \u0142\u0105czy wysok\u0105 skuteczno\u015b\u0107 czyszczenia z <strong data-start=\"593\" data-end=\"615\">\u017cywym pomara\u0144czowym odcieniem<\/strong> i <strong data-start=\"622\" data-end=\"649\">\u015bwie\u017cym, owocowym zapachem<\/strong>. Zaprojektowana, aby zapewni\u0107 doskona\u0142\u0105 zdolno\u015b\u0107 zmi\u0119kczania brudu przed myciem kontaktowym, ta aktywna piana jest bezpieczna dla wszystkich powierzchni dzi\u0119ki <strong data-start=\"787\" data-end=\"801\">neutralnemu pH<\/strong>.<\/p>\n<p class=\"\" data-start=\"804\" data-end=\"1082\">Dzi\u0119ki stabilnej, g\u0119stej pianie i energetycznemu zapachowi, Snow Foam Orange usprawnia proces detailingu zar\u00f3wno pod wzgl\u0119dem funkcjonalnym, jak i sensorycznym. Idealny do stosowania z <strong data-start=\"955\" data-end=\"987\">lancami pianowymi lub r\u0119cznymi opryskiwaczami<\/strong>, jest ulubionym produktem w\u015br\u00f3d profesjonalist\u00f3w, kt\u00f3rzy chc\u0105 czego\u015b wi\u0119cej ni\u017c tylko rezultat\u00f3w &#8211; chc\u0105 wra\u017ce\u0144.<\/p>\n<h3 class=\"\" data-start=\"1084\" data-end=\"1103\">\u2705 Kluczowe cechy:<\/h3>\n<ul data-start=\"1104\" data-end=\"1390\">\n<li class=\"\" data-start=\"1104\" data-end=\"1164\">\n<p class=\"\" data-start=\"1106\" data-end=\"1164\"><strong data-start=\"1106\" data-end=\"1134\">\u015anie\u017cna piana o owocowym zapachu<\/strong> i wyrazistym pomara\u0144czowym zabarwieniu<\/p>\n<\/li>\n<li class=\"\" data-start=\"1165\" data-end=\"1223\">\n<p class=\"\" data-start=\"1167\" data-end=\"1223\"><strong data-start=\"1167\" data-end=\"1181\">Neutralne pH<\/strong> &#8211; bezpieczny dla wosk\u00f3w, uszczelniaczy i pow\u0142ok<\/p>\n<\/li>\n<li class=\"\" data-start=\"1224\" data-end=\"1277\">\n<p class=\"\" data-start=\"1226\" data-end=\"1277\"><strong data-start=\"1226\" data-end=\"1248\">Stabilna, g\u0119sta pianka<\/strong> dla optymalnego usuwania brudu<\/p>\n<\/li>\n<li class=\"\" data-start=\"1278\" data-end=\"1329\">\n<p class=\"\" data-start=\"1280\" data-end=\"1329\"><strong data-start=\"1280\" data-end=\"1327\">Przeznaczony do armatek pianowych i opryskiwaczy r\u0119cznych<\/strong><\/p>\n<\/li>\n<li class=\"\" data-start=\"1330\" data-end=\"1390\">\n<p class=\"\" data-start=\"1332\" data-end=\"1390\"><strong data-start=\"1332\" data-end=\"1390\">Dost\u0119pne w formatach 1000 ml<\/strong><\/p>\n<\/li>\n<\/ul>\n<hr class=\"\" data-start=\"1392\" data-end=\"1395\" \/>\n<h3 class=\"\" data-start=\"1397\" data-end=\"1412\">Jak u\u017cywa\u0107:<\/h3>\n<ol data-start=\"1413\" data-end=\"1596\">\n<li class=\"\" data-start=\"1413\" data-end=\"1472\">\n<p class=\"\" data-start=\"1416\" data-end=\"1472\">Nanie\u015b\u0107 na <strong data-start=\"1427\" data-end=\"1442\">suchy pojazd<\/strong> za pomoc\u0105 pistoletu do piany lub rozpylacza<\/p>\n<\/li>\n<li class=\"\" data-start=\"1473\" data-end=\"1509\">\n<p class=\"\" data-start=\"1476\" data-end=\"1509\">Pokryj r\u00f3wnomiernie ca\u0142\u0105 powierzchni\u0119<\/p>\n<\/li>\n<li class=\"\" data-start=\"1510\" data-end=\"1549\">\n<p class=\"\" data-start=\"1513\" data-end=\"1549\">Pozostawi\u0107 na <strong data-start=\"1532\" data-end=\"1547\">5-7 minut<\/strong><\/p>\n<\/li>\n<li class=\"\" data-start=\"1550\" data-end=\"1596\">\n<p class=\"\" data-start=\"1553\" data-end=\"1596\">Dok\u0142adnie sp\u0142uka\u0107 wod\u0105 pod wysokim ci\u015bnieniem<\/p>\n<\/li>\n<\/ol>\n<h3 class=\"\" data-start=\"1598\" data-end=\"1623\">Zalecane rozcie\u0144czenie:<\/h3>\n<ul data-start=\"1624\" data-end=\"1698\">\n<li class=\"\" data-start=\"1624\" data-end=\"1652\">\n<p class=\"\" data-start=\"1626\" data-end=\"1652\"><strong data-start=\"1626\" data-end=\"1639\">Pistolet do piany:<\/strong> 1:9 do 1:5<\/p>\n<\/li>\n<li class=\"\" data-start=\"1653\" data-end=\"1698\">\n<p class=\"\" data-start=\"1655\" data-end=\"1698\"><strong data-start=\"1655\" data-end=\"1672\">Opryskiwacz r\u0119czny:<\/strong> 50-60 ml na 1 l wody<\/p>\n<\/li>\n<\/ul>\n<p class=\"\" data-start=\"1700\" data-end=\"1761\">\u26a0\ufe0f <strong data-start=\"1703\" data-end=\"1761\">Unika\u0107 aplikacji w bezpo\u015brednim \u015bwietle s\u0142onecznym lub na gor\u0105cych panelach.<\/strong><\/p>\n<hr class=\"\" data-start=\"1763\" data-end=\"1766\" \/>\n<p class=\"\" data-start=\"1768\" data-end=\"1918\"><strong data-start=\"1768\" data-end=\"1865\">Snow Foam Orange zmienia rutynowe mycie w wydajne i aromatyczne do\u015bwiadczenie.<\/strong> Idealny dla detailer\u00f3w, kt\u00f3rzy oczekuj\u0105 zar\u00f3wno rezultat\u00f3w, jak i stylu.<\/p>\n[\/vc_column_text][nectar_cta btn_style=&#8221;basic&#8221; heading_tag=&#8221;h6&#8243; border_radius=&#8221;10&#8243; button_color=&#8221;default&#8221; text_color=&#8221;#fbb921&#8243; text_color_hover=&#8221;#ffffff&#8221; button_border_color=&#8221;#fbb921&#8243; button_border_color_hover=&#8221;#ffffff&#8221; button_border_thickness=&#8221;4px&#8221; link_type=&#8221;regular&#8221; alignment=&#8221;center&#8221; alignment_tablet=&#8221;default&#8221; alignment_phone=&#8221;default&#8221; constrain_group_3=&#8221;yes&#8221; display=&#8221;block&#8221; display_tablet=&#8221;inherit&#8221; display_phone=&#8221;inherit&#8221; icon_family=&#8221;linecons&#8221; class=&#8221;buy-button&#8221; font_size_desktop=&#8221;20&#8243; link_text=&#8221;Kupuj w Autoryzowanych Sklepach&#8221; padding_top=&#8221;11&#8243; padding_bottom=&#8221;11&#8243; padding_left=&#8221;11&#8243; padding_right=&#8221;11&#8243; icon_linecons=&#8221;vc_li vc_li-star&#8221; font_size_phone=&#8221;1rem&#8221;][vc_column_text css=&#8221;&#8221; text_direction=&#8221;default&#8221;]\n<div class=\"ws-nav\" style=\"text-align: center;\"><a class=\"ws-nav__btn ws-nav__btn--prev\" href=\"https:\/\/goodstuff.com.pl\/pl\/produkty\/mycie\/snow-foam-mint\/\">\u2190 POPRZEDNI <\/a><br \/>\n<a class=\"ws-nav__btn ws-nav__btn--next\" href=\"https:\/\/goodstuff.com.pl\/pl\/produkty\/mycie\/snow-foam-pink\/\">NAST\u0118PNY\u2192<\/a><\/div>\n[\/vc_column_text][\/vc_column_inner][\/vc_row_inner][\/vc_column][\/vc_row][vc_row type=&#8221;in_container&#8221; full_screen_row_position=&#8221;middle&#8221; column_margin=&#8221;default&#8221; column_direction=&#8221;default&#8221; column_direction_tablet=&#8221;default&#8221; column_direction_phone=&#8221;default&#8221; scene_position=&#8221;center&#8221; text_color=&#8221;dark&#8221; text_align=&#8221;left&#8221; row_border_radius=&#8221;none&#8221; row_border_radius_applies=&#8221;bg&#8221; overflow=&#8221;visible&#8221; overlay_strength=&#8221;0.3&#8243; gradient_direction=&#8221;left_to_right&#8221; shape_divider_position=&#8221;bottom&#8221; bg_image_animation=&#8221;none&#8221;][vc_column column_padding=&#8221;no-extra-padding&#8221; column_padding_tablet=&#8221;inherit&#8221; column_padding_phone=&#8221;inherit&#8221; column_padding_position=&#8221;all&#8221; column_element_direction_desktop=&#8221;default&#8221; column_element_spacing=&#8221;default&#8221; desktop_text_alignment=&#8221;default&#8221; tablet_text_alignment=&#8221;default&#8221; phone_text_alignment=&#8221;default&#8221; background_color_opacity=&#8221;1&#8243; background_hover_color_opacity=&#8221;1&#8243; column_backdrop_filter=&#8221;none&#8221; column_shadow=&#8221;none&#8221; column_border_radius=&#8221;none&#8221; column_link_target=&#8221;_self&#8221; column_position=&#8221;default&#8221; gradient_direction=&#8221;left_to_right&#8221; overlay_strength=&#8221;0.3&#8243; width=&#8221;1\/1&#8243; tablet_width_inherit=&#8221;default&#8221; animation_type=&#8221;default&#8221; bg_image_animation=&#8221;none&#8221; border_type=&#8221;simple&#8221; column_border_width=&#8221;none&#8221; column_border_style=&#8221;solid&#8221;][\/vc_column][\/vc_row]\n","protected":false},"excerpt":{"rendered":"<p>[vc_row type=&#8221;full_width_background&#8221; full_screen_row_position=&#8221;middle&#8221; column_margin=&#8221;default&#8221; column_direction=&#8221;default&#8221; column_direction_tablet=&#8221;default&#8221; column_direction_phone=&#8221;default&#8221; bg_color=&#8221;#212121&#8243; bg_image=&#8221;27330&#8243; bg_position=&#8221;left top&#8221; background_image_loading=&#8221;lazy-load&#8221; bg_repeat=&#8221;no-repeat&#8221; scene_position=&#8221;center&#8221; top_padding=&#8221;4%&#8221; bottom_padding=&#8221;6%&#8221; text_color=&#8221;light&#8221; text_align=&#8221;left&#8221; row_border_radius=&#8221;none&#8221; row_border_radius_applies=&#8221;bg&#8221; overflow=&#8221;visible&#8221; color_overlay=&#8221;#212121&#8243; overlay_strength=&#8221;0.8&#8243; gradient_direction=&#8221;left_to_right&#8221; shape_divider_position=&#8221;bottom&#8221; bg_image_animation=&#8221;none&#8221; parallax_bg=&#8221;true&#8221; parallax_bg_speed=&#8221;fast&#8221; shape_type=&#8221;&#8221; gradient_type=&#8221;default&#8221;][vc_column&#8230;<\/p>\n","protected":false},"author":1,"featured_media":32524,"parent":29403,"menu_order":0,"comment_status":"closed","ping_status":"closed","template":"","meta":{"footnotes":""},"class_list":["post-29422","page","type-page","status-publish","has-post-thumbnail"],"publishpress_future_action":{"enabled":false,"date":"2026-04-14 14:21:53","action":"change-status","newStatus":"draft","terms":[],"taxonomy":"translation_priority","extraData":[]},"publishpress_future_workflow_manual_trigger":{"enabledWorkflows":[]},"_links":{"self":[{"href":"https:\/\/goodstuff.com.pl\/pl\/wp-json\/wp\/v2\/pages\/29422","targetHints":{"allow":["GET"]}}],"collection":[{"href":"https:\/\/goodstuff.com.pl\/pl\/wp-json\/wp\/v2\/pages"}],"about":[{"href":"https:\/\/goodstuff.com.pl\/pl\/wp-json\/wp\/v2\/types\/page"}],"author":[{"embeddable":true,"href":"https:\/\/goodstuff.com.pl\/pl\/wp-json\/wp\/v2\/users\/1"}],"replies":[{"embeddable":true,"href":"https:\/\/goodstuff.com.pl\/pl\/wp-json\/wp\/v2\/comments?post=29422"}],"version-history":[{"count":11,"href":"https:\/\/goodstuff.com.pl\/pl\/wp-json\/wp\/v2\/pages\/29422\/revisions"}],"predecessor-version":[{"id":33928,"href":"https:\/\/goodstuff.com.pl\/pl\/wp-json\/wp\/v2\/pages\/29422\/revisions\/33928"}],"up":[{"embeddable":true,"href":"https:\/\/goodstuff.com.pl\/pl\/wp-json\/wp\/v2\/pages\/29403"}],"wp:featuredmedia":[{"embeddable":true,"href":"https:\/\/goodstuff.com.pl\/pl\/wp-json\/wp\/v2\/media\/32524"}],"wp:attachment":[{"href":"https:\/\/goodstuff.com.pl\/pl\/wp-json\/wp\/v2\/media?parent=29422"}],"curies":[{"name":"wp","href":"https:\/\/api.w.org\/{rel}","templated":true}]}}