{"id":29426,"date":"2025-05-27T13:41:15","date_gmt":"2025-05-27T11:41:15","guid":{"rendered":""},"modified":"2026-03-27T07:49:39","modified_gmt":"2026-03-27T06:49:39","slug":"sour-foam","status":"publish","type":"page","link":"https:\/\/goodstuff.com.pl\/pl\/produkty\/mycie\/sour-foam\/","title":{"rendered":"Sour Foam \u2013 Kwa\u015bna piana do mycia wst\u0119pnego pow\u0142ok | Good Stuff"},"content":{"rendered":"[vc_row type=&#8221;full_width_background&#8221; full_screen_row_position=&#8221;middle&#8221; column_margin=&#8221;default&#8221; column_direction=&#8221;default&#8221; column_direction_tablet=&#8221;default&#8221; column_direction_phone=&#8221;default&#8221; bg_color=&#8221;#212121&#8243; bg_image=&#8221;27330&#8243; bg_position=&#8221;left top&#8221; background_image_loading=&#8221;lazy-load&#8221; bg_repeat=&#8221;no-repeat&#8221; scene_position=&#8221;center&#8221; top_padding=&#8221;4%&#8221; bottom_padding=&#8221;6%&#8221; text_color=&#8221;light&#8221; text_align=&#8221;left&#8221; row_border_radius=&#8221;none&#8221; row_border_radius_applies=&#8221;bg&#8221; overflow=&#8221;visible&#8221; color_overlay=&#8221;#212121&#8243; overlay_strength=&#8221;0.8&#8243; gradient_direction=&#8221;left_to_right&#8221; shape_divider_position=&#8221;bottom&#8221; bg_image_animation=&#8221;none&#8221; parallax_bg=&#8221;true&#8221; parallax_bg_speed=&#8221;fast&#8221; shape_type=&#8221;&#8221; gradient_type=&#8221;default&#8221;][vc_column column_padding=&#8221;no-extra-padding&#8221; column_padding_tablet=&#8221;inherit&#8221; column_padding_phone=&#8221;inherit&#8221; column_padding_position=&#8221;all&#8221; column_element_direction_desktop=&#8221;default&#8221; column_element_spacing=&#8221;default&#8221; desktop_text_alignment=&#8221;default&#8221; tablet_text_alignment=&#8221;default&#8221; phone_text_alignment=&#8221;default&#8221; background_color_opacity=&#8221;1&#8243; background_hover_color_opacity=&#8221;1&#8243; column_backdrop_filter=&#8221;none&#8221; column_shadow=&#8221;none&#8221; column_border_radius=&#8221;none&#8221; column_link_target=&#8221;_self&#8221; column_position=&#8221;default&#8221; gradient_direction=&#8221;left_to_right&#8221; overlay_strength=&#8221;0.3&#8243; width=&#8221;1\/1&#8243; tablet_width_inherit=&#8221;default&#8221; animation_type=&#8221;default&#8221; bg_image_animation=&#8221;none&#8221; border_type=&#8221;simple&#8221; column_border_width=&#8221;none&#8221; column_border_style=&#8221;solid&#8221;][nectar_highlighted_text text_color=&#8221;#ff7070&#8243; style=&#8221;text_outline&#8221; outline_thickness=&#8221;extra_thick&#8221; text_direction=&#8221;default&#8221; custom_font_size=&#8221;3vw&#8221;]\n<h1 data-product-id=\"134\"><em>SOUR FOAM<\/em> &#8211; Aktywna piana o kwa\u015bnym pH do g\u0142\u0119bokiego czyszczenia<\/h1>\n[\/nectar_highlighted_text][vc_row_inner column_margin=&#8221;30px&#8221; column_direction=&#8221;default&#8221; column_direction_tablet=&#8221;default&#8221; column_direction_phone=&#8221;default&#8221; text_align=&#8221;left&#8221; row_position=&#8221;default&#8221; row_position_tablet=&#8221;inherit&#8221; row_position_phone=&#8221;inherit&#8221; overflow=&#8221;visible&#8221; pointer_events=&#8221;all&#8221;][vc_column_inner column_padding=&#8221;no-extra-padding&#8221; column_padding_tablet=&#8221;inherit&#8221; column_padding_phone=&#8221;inherit&#8221; column_padding_position=&#8221;all&#8221; column_element_direction_desktop=&#8221;default&#8221; column_element_spacing=&#8221;default&#8221; desktop_text_alignment=&#8221;default&#8221; tablet_text_alignment=&#8221;default&#8221; phone_text_alignment=&#8221;default&#8221; background_color_opacity=&#8221;1&#8243; background_hover_color_opacity=&#8221;1&#8243; column_backdrop_filter=&#8221;none&#8221; column_shadow=&#8221;none&#8221; column_border_radius=&#8221;none&#8221; column_link_target=&#8221;_self&#8221; overflow=&#8221;visible&#8221; gradient_direction=&#8221;left_to_right&#8221; overlay_strength=&#8221;0.3&#8243; width=&#8221;1\/2&#8243; tablet_width_inherit=&#8221;default&#8221; animation_type=&#8221;default&#8221; bg_image_animation=&#8221;none&#8221; border_type=&#8221;simple&#8221; column_border_width=&#8221;none&#8221; column_border_style=&#8221;solid&#8221;][nectar_cta btn_style=&#8221;basic&#8221; heading_tag=&#8221;h6&#8243; border_radius=&#8221;10&#8243; button_color=&#8221;default&#8221; text_color=&#8221;#fbb921&#8243; text_color_hover=&#8221;#ffffff&#8221; button_border_color=&#8221;#fbb921&#8243; button_border_color_hover=&#8221;#ffffff&#8221; button_border_thickness=&#8221;4px&#8221; link_type=&#8221;regular&#8221; alignment=&#8221;center&#8221; alignment_tablet=&#8221;default&#8221; alignment_phone=&#8221;default&#8221; constrain_group_3=&#8221;yes&#8221; display=&#8221;block&#8221; display_tablet=&#8221;inherit&#8221; display_phone=&#8221;inherit&#8221; icon_family=&#8221;linecons&#8221; class=&#8221;buy-button&#8221; font_size_desktop=&#8221;20&#8243; link_text=&#8221;Kupuj w Autoryzowanych Sklepach&#8221; padding_top=&#8221;11&#8243; padding_bottom=&#8221;11&#8243; padding_left=&#8221;11&#8243; padding_right=&#8221;11&#8243; icon_linecons=&#8221;vc_li vc_li-star&#8221; font_size_phone=&#8221;1rem&#8221;][vc_gallery css=&#8221;&#8221; type=&#8221;image_grid&#8221; images=&#8221;32536,29211&#8243; image_grid_loading=&#8221;lazy-load&#8221; layout=&#8221;2&#8243; item_spacing=&#8221;5px&#8221; gallery_style=&#8221;5&#8243; load_in_animation=&#8221;none&#8221; img_size=&#8221;full&#8221;][\/vc_column_inner][vc_column_inner column_padding=&#8221;padding-5-percent&#8221; column_padding_tablet=&#8221;inherit&#8221; column_padding_phone=&#8221;inherit&#8221; column_padding_position=&#8221;left-right&#8221; column_element_direction_desktop=&#8221;default&#8221; column_element_spacing=&#8221;default&#8221; desktop_text_alignment=&#8221;default&#8221; tablet_text_alignment=&#8221;default&#8221; phone_text_alignment=&#8221;default&#8221; background_color_opacity=&#8221;1&#8243; background_hover_color_opacity=&#8221;1&#8243; column_backdrop_filter=&#8221;none&#8221; column_shadow=&#8221;none&#8221; column_border_radius=&#8221;none&#8221; column_link_target=&#8221;_self&#8221; overflow=&#8221;visible&#8221; gradient_direction=&#8221;left_to_right&#8221; overlay_strength=&#8221;0.3&#8243; width=&#8221;1\/2&#8243; tablet_width_inherit=&#8221;default&#8221; animation_type=&#8221;default&#8221; bg_image_animation=&#8221;none&#8221; border_type=&#8221;simple&#8221; column_border_width=&#8221;none&#8221; column_border_style=&#8221;solid&#8221; column_padding_type=&#8221;default&#8221; gradient_type=&#8221;default&#8221;][vc_column_text css=&#8221;&#8221; text_direction=&#8221;default&#8221;]\n<h2>Kwa\u015bna aktywna piana<\/h2>\n[\/vc_column_text][vc_column_text css=&#8221;&#8221; text_direction=&#8221;default&#8221;]\n<p data-start=\"482\" data-end=\"873\"><strong>Good Stuff Sour Foam<\/strong> to skoncentrowana piana aktywna o kwa\u015bnym pH, zaprojektowana z my\u015bl\u0105 o intensywnym i skutecznym myciu wst\u0119pnym. Jej kwa\u015bna formu\u0142a radzi sobie z osadami mineralnymi, zanieczyszczeniami drogowymi i resztkami twardej wody tam, gdzie piany neutralne nie daj\u0105 rady. Idealnie nadaje si\u0119 do przygotowania lakieru przed dekontaminacj\u0105 chemiczn\u0105 lub aplikacj\u0105 pow\u0142ok ochronnych.<\/p>\n<p data-start=\"875\" data-end=\"1076\">Zwi\u0119kszony czas przywierania do powierzchni zapewnia wyd\u0142u\u017cone dzia\u0142anie, a zapach Coca-Coli czyni proces mycia bardziej komfortowym. Kompatybilna z pianownicami, spryskiwaczami i aplikacj\u0105 natryskow\u0105.<\/p>\n<hr data-start=\"1078\" data-end=\"1081\" \/>\n<h3 data-start=\"1083\" data-end=\"1122\">\u2705 <strong data-start=\"1089\" data-end=\"1122\">Kluczowe cechy (Key Benefits)<\/strong><\/h3>\n<ul data-start=\"1123\" data-end=\"1707\">\n<li data-start=\"1123\" data-end=\"1220\">\n<p data-start=\"1125\" data-end=\"1220\"><strong data-start=\"1128\" data-end=\"1141\">Kwa\u015bne pH<\/strong> \u2013 skutecznie usuwa osady mineralne i brud, kt\u00f3rych nie usuwa piana neutralna<\/p>\n<\/li>\n<li data-start=\"1221\" data-end=\"1317\">\n<p data-start=\"1223\" data-end=\"1317\"><strong data-start=\"1226\" data-end=\"1255\">Przygotowanie pod pow\u0142oki<\/strong> \u2013 idealna do mycia dekontaminacyjnego lub przed woskowaniem<\/p>\n<\/li>\n<li data-start=\"1318\" data-end=\"1418\">\n<p data-start=\"1320\" data-end=\"1418\"><strong data-start=\"1323\" data-end=\"1353\">D\u0142u\u017cszy czas przyczepno\u015bci<\/strong> \u2013 zwi\u0119kszona efektywno\u015b\u0107 dzia\u0142ania na pionowych powierzchniach<\/p>\n<\/li>\n<li data-start=\"1419\" data-end=\"1508\">\n<p data-start=\"1421\" data-end=\"1508\"><strong data-start=\"1424\" data-end=\"1450\">Bezpieczna dla lakieru<\/strong> \u2013 nie narusza pow\u0142ok ochronnych przy prawid\u0142owym u\u017cyciu<\/p>\n<\/li>\n<li data-start=\"1509\" data-end=\"1572\">\n<p data-start=\"1511\" data-end=\"1572\"><strong data-start=\"1514\" data-end=\"1545\">Intensywny zapach Coca-Coli<\/strong> \u2013 umila prac\u0119 przy aucie<\/p>\n<\/li>\n<li data-start=\"1573\" data-end=\"1660\">\n<p data-start=\"1575\" data-end=\"1660\"><strong data-start=\"1578\" data-end=\"1603\">Uniwersalna aplikacja<\/strong> \u2013 kompatybilna z lanc\u0105 pianow\u0105 i r\u0119cznym opryskiwaczem<\/p>\n<\/li>\n<li data-start=\"1661\" data-end=\"1707\">\n<p data-start=\"1663\" data-end=\"1707\"><strong data-start=\"1666\" data-end=\"1679\">Pojemno\u015b\u0107<\/strong> \u2013 dost\u0119pny w wersji 1000 ml<\/p>\n<\/li>\n<\/ul>\n<hr data-start=\"1709\" data-end=\"1712\" \/>\n<h3 data-start=\"1714\" data-end=\"1750\"><strong data-start=\"1721\" data-end=\"1748\">Jak u\u017cywa\u0107?<\/strong><\/h3>\n<ol data-start=\"1751\" data-end=\"1968\">\n<li data-start=\"1751\" data-end=\"1825\">\n<p data-start=\"1754\" data-end=\"1825\">Nanie\u015b produkt na suchy lakier za pomoc\u0105 pianownicy lub opryskiwacza.<\/p>\n<\/li>\n<li data-start=\"1826\" data-end=\"1869\">\n<p data-start=\"1829\" data-end=\"1869\">Pokryj r\u00f3wnomiernie ca\u0142y pojazd pian\u0105.<\/p>\n<\/li>\n<li data-start=\"1870\" data-end=\"1927\">\n<p data-start=\"1873\" data-end=\"1927\">Odczekaj 5\u20137 minut, nie dopuszczaj\u0105c do wyschni\u0119cia.<\/p>\n<\/li>\n<li data-start=\"1928\" data-end=\"1968\">\n<p data-start=\"1931\" data-end=\"1968\">Dok\u0142adnie sp\u0142ucz wod\u0105 pod ci\u015bnieniem.<\/p>\n<\/li>\n<\/ol>\n<p data-start=\"1970\" data-end=\"1999\"><strong data-start=\"1970\" data-end=\"1997\">Zalecane rozcie\u0144czenie:<\/strong><\/p>\n<ul data-start=\"2000\" data-end=\"2086\">\n<li data-start=\"2000\" data-end=\"2036\">\n<p data-start=\"2002\" data-end=\"2036\"><strong data-start=\"2002\" data-end=\"2019\">Lanca pianowa<\/strong>: od 1:9 do 1:5<\/p>\n<\/li>\n<li data-start=\"2037\" data-end=\"2086\">\n<p data-start=\"2039\" data-end=\"2086\"><strong data-start=\"2039\" data-end=\"2061\">Spryskiwacz r\u0119czny<\/strong>: 50\u201360 ml na 1 litr wody<\/p>\n<\/li>\n<\/ul>\n<p data-start=\"2088\" data-end=\"2164\">\u26a0\ufe0f <strong data-start=\"2091\" data-end=\"2164\">Nie stosowa\u0107 na rozgrzanych powierzchniach ani w bezpo\u015brednim s\u0142o\u0144cu.<\/strong><\/p>\n<hr data-start=\"2166\" data-end=\"2169\" \/>\n<h3 data-start=\"2171\" data-end=\"2215\">\u2753 <strong data-start=\"2177\" data-end=\"2213\">Dlaczego warto u\u017cywa\u0107 Sour Foam?<\/strong><\/h3>\n<p data-start=\"2216\" data-end=\"2575\">Sour Foam to must-have dla detailer\u00f3w i pasjonat\u00f3w, kt\u00f3rzy szukaj\u0105 maksymalnej si\u0142y czyszczenia bez kompromis\u00f3w dla lakieru. Sprawdza si\u0119 w sytuacjach wymagaj\u0105cych g\u0142\u0119bokiego oczyszczania \u2013 np. po zimie, przed aplikacj\u0105 sealantu lub na autach z ceramiczn\u0105 pow\u0142ok\u0105. Dzia\u0142a tam, gdzie piany neutralne przestaj\u0105 by\u0107 skuteczne \u2013 szybko, intensywnie i bezpiecznie.<\/p>\n[\/vc_column_text][nectar_cta btn_style=&#8221;basic&#8221; heading_tag=&#8221;h6&#8243; border_radius=&#8221;10&#8243; button_color=&#8221;default&#8221; text_color=&#8221;#fbb921&#8243; text_color_hover=&#8221;#ffffff&#8221; button_border_color=&#8221;#fbb921&#8243; button_border_color_hover=&#8221;#ffffff&#8221; button_border_thickness=&#8221;4px&#8221; link_type=&#8221;regular&#8221; alignment=&#8221;center&#8221; alignment_tablet=&#8221;default&#8221; alignment_phone=&#8221;default&#8221; constrain_group_3=&#8221;yes&#8221; display=&#8221;block&#8221; display_tablet=&#8221;inherit&#8221; display_phone=&#8221;inherit&#8221; icon_family=&#8221;linecons&#8221; class=&#8221;buy-button&#8221; font_size_desktop=&#8221;20&#8243; link_text=&#8221;Kupuj w Autoryzowanych Sklepach&#8221; padding_top=&#8221;11&#8243; padding_bottom=&#8221;11&#8243; padding_left=&#8221;11&#8243; padding_right=&#8221;11&#8243; icon_linecons=&#8221;vc_li vc_li-star&#8221; font_size_phone=&#8221;1rem&#8221;][vc_column_text css=&#8221;&#8221; text_direction=&#8221;default&#8221;]\n<div class=\"ws-nav\" style=\"text-align: center;\"><a class=\"ws-nav__btn ws-nav__btn--prev\" href=\"https:\/\/goodstuff.com.pl\/pl\/produkty\/mycie\/snow-foam-pink\/\">\u2190 POPRZEDNI <\/a><br \/>\n<a class=\"ws-nav__btn ws-nav__btn--next\" href=\"https:\/\/goodstuff.com.pl\/pl\/produkty\/mycie\/sour-shampoo\/\">NAST\u0118PNY\u2192<\/a><\/div>\n[\/vc_column_text][\/vc_column_inner][\/vc_row_inner][\/vc_column][\/vc_row][vc_row type=&#8221;in_container&#8221; full_screen_row_position=&#8221;middle&#8221; column_margin=&#8221;default&#8221; column_direction=&#8221;default&#8221; column_direction_tablet=&#8221;default&#8221; column_direction_phone=&#8221;default&#8221; scene_position=&#8221;center&#8221; text_color=&#8221;dark&#8221; text_align=&#8221;left&#8221; row_border_radius=&#8221;none&#8221; row_border_radius_applies=&#8221;bg&#8221; overflow=&#8221;visible&#8221; overlay_strength=&#8221;0.3&#8243; gradient_direction=&#8221;left_to_right&#8221; shape_divider_position=&#8221;bottom&#8221; bg_image_animation=&#8221;none&#8221;][vc_column column_padding=&#8221;no-extra-padding&#8221; column_padding_tablet=&#8221;inherit&#8221; column_padding_phone=&#8221;inherit&#8221; column_padding_position=&#8221;all&#8221; column_element_direction_desktop=&#8221;default&#8221; column_element_spacing=&#8221;default&#8221; desktop_text_alignment=&#8221;default&#8221; tablet_text_alignment=&#8221;default&#8221; phone_text_alignment=&#8221;default&#8221; background_color_opacity=&#8221;1&#8243; background_hover_color_opacity=&#8221;1&#8243; column_backdrop_filter=&#8221;none&#8221; column_shadow=&#8221;none&#8221; column_border_radius=&#8221;none&#8221; column_link_target=&#8221;_self&#8221; column_position=&#8221;default&#8221; gradient_direction=&#8221;left_to_right&#8221; overlay_strength=&#8221;0.3&#8243; width=&#8221;1\/1&#8243; tablet_width_inherit=&#8221;default&#8221; animation_type=&#8221;default&#8221; bg_image_animation=&#8221;none&#8221; border_type=&#8221;simple&#8221; column_border_width=&#8221;none&#8221; column_border_style=&#8221;solid&#8221;][\/vc_column][\/vc_row]\n","protected":false},"excerpt":{"rendered":"<p>[vc_row type=&#8221;full_width_background&#8221; full_screen_row_position=&#8221;middle&#8221; column_margin=&#8221;default&#8221; column_direction=&#8221;default&#8221; column_direction_tablet=&#8221;default&#8221; column_direction_phone=&#8221;default&#8221; bg_color=&#8221;#212121&#8243; bg_image=&#8221;27330&#8243; bg_position=&#8221;left top&#8221; background_image_loading=&#8221;lazy-load&#8221; bg_repeat=&#8221;no-repeat&#8221; scene_position=&#8221;center&#8221; top_padding=&#8221;4%&#8221; bottom_padding=&#8221;6%&#8221; text_color=&#8221;light&#8221; text_align=&#8221;left&#8221; row_border_radius=&#8221;none&#8221; row_border_radius_applies=&#8221;bg&#8221; overflow=&#8221;visible&#8221; color_overlay=&#8221;#212121&#8243; overlay_strength=&#8221;0.8&#8243; gradient_direction=&#8221;left_to_right&#8221; shape_divider_position=&#8221;bottom&#8221; bg_image_animation=&#8221;none&#8221; parallax_bg=&#8221;true&#8221; parallax_bg_speed=&#8221;fast&#8221; shape_type=&#8221;&#8221; gradient_type=&#8221;default&#8221;][vc_column&#8230;<\/p>\n","protected":false},"author":1,"featured_media":32536,"parent":29403,"menu_order":0,"comment_status":"closed","ping_status":"closed","template":"","meta":{"footnotes":""},"class_list":["post-29426","page","type-page","status-publish","has-post-thumbnail"],"publishpress_future_action":{"enabled":false,"date":"2026-04-14 14:22:03","action":"change-status","newStatus":"draft","terms":[],"taxonomy":"translation_priority","extraData":[]},"publishpress_future_workflow_manual_trigger":{"enabledWorkflows":[]},"_links":{"self":[{"href":"https:\/\/goodstuff.com.pl\/pl\/wp-json\/wp\/v2\/pages\/29426","targetHints":{"allow":["GET"]}}],"collection":[{"href":"https:\/\/goodstuff.com.pl\/pl\/wp-json\/wp\/v2\/pages"}],"about":[{"href":"https:\/\/goodstuff.com.pl\/pl\/wp-json\/wp\/v2\/types\/page"}],"author":[{"embeddable":true,"href":"https:\/\/goodstuff.com.pl\/pl\/wp-json\/wp\/v2\/users\/1"}],"replies":[{"embeddable":true,"href":"https:\/\/goodstuff.com.pl\/pl\/wp-json\/wp\/v2\/comments?post=29426"}],"version-history":[{"count":8,"href":"https:\/\/goodstuff.com.pl\/pl\/wp-json\/wp\/v2\/pages\/29426\/revisions"}],"predecessor-version":[{"id":33929,"href":"https:\/\/goodstuff.com.pl\/pl\/wp-json\/wp\/v2\/pages\/29426\/revisions\/33929"}],"up":[{"embeddable":true,"href":"https:\/\/goodstuff.com.pl\/pl\/wp-json\/wp\/v2\/pages\/29403"}],"wp:featuredmedia":[{"embeddable":true,"href":"https:\/\/goodstuff.com.pl\/pl\/wp-json\/wp\/v2\/media\/32536"}],"wp:attachment":[{"href":"https:\/\/goodstuff.com.pl\/pl\/wp-json\/wp\/v2\/media?parent=29426"}],"curies":[{"name":"wp","href":"https:\/\/api.w.org\/{rel}","templated":true}]}}