{"id":29454,"date":"2025-05-27T13:58:51","date_gmt":"2025-05-27T11:58:51","guid":{"rendered":""},"modified":"2026-03-25T15:44:19","modified_gmt":"2026-03-25T14:44:19","slug":"interior-cleaner","status":"publish","type":"page","link":"https:\/\/goodstuff.com.pl\/pl\/produkty\/produkty-wnetrze\/interior-cleaner\/","title":{"rendered":"Interior Cleaner \u2013 \u015arodek do czyszczenia plastiku i gumy we wn\u0119trzu | Good Stuff"},"content":{"rendered":"[vc_row type=&#8221;full_width_background&#8221; full_screen_row_position=&#8221;middle&#8221; column_margin=&#8221;default&#8221; column_direction=&#8221;default&#8221; column_direction_tablet=&#8221;default&#8221; column_direction_phone=&#8221;default&#8221; bg_color=&#8221;#212121&#8243; bg_image=&#8221;28949&#8243; bg_position=&#8221;center top&#8221; background_image_loading=&#8221;lazy-load&#8221; bg_repeat=&#8221;no-repeat&#8221; scene_position=&#8221;center&#8221; top_padding=&#8221;4%&#8221; bottom_padding=&#8221;6%&#8221; text_color=&#8221;light&#8221; text_align=&#8221;left&#8221; row_border_radius=&#8221;none&#8221; row_border_radius_applies=&#8221;bg&#8221; overflow=&#8221;visible&#8221; color_overlay=&#8221;#212121&#8243; overlay_strength=&#8221;0.8&#8243; gradient_direction=&#8221;left_to_right&#8221; shape_divider_position=&#8221;bottom&#8221; bg_image_animation=&#8221;none&#8221; parallax_bg=&#8221;true&#8221; parallax_bg_speed=&#8221;fast&#8221; shape_type=&#8221;&#8221; gradient_type=&#8221;default&#8221;][vc_column column_padding=&#8221;no-extra-padding&#8221; column_padding_tablet=&#8221;inherit&#8221; column_padding_phone=&#8221;inherit&#8221; column_padding_position=&#8221;all&#8221; column_element_direction_desktop=&#8221;default&#8221; column_element_spacing=&#8221;default&#8221; desktop_text_alignment=&#8221;default&#8221; tablet_text_alignment=&#8221;default&#8221; phone_text_alignment=&#8221;default&#8221; background_color_opacity=&#8221;1&#8243; background_hover_color_opacity=&#8221;1&#8243; column_backdrop_filter=&#8221;none&#8221; column_shadow=&#8221;none&#8221; column_border_radius=&#8221;none&#8221; column_link_target=&#8221;_self&#8221; column_position=&#8221;default&#8221; gradient_direction=&#8221;left_to_right&#8221; overlay_strength=&#8221;0.3&#8243; width=&#8221;1\/1&#8243; tablet_width_inherit=&#8221;default&#8221; animation_type=&#8221;default&#8221; bg_image_animation=&#8221;none&#8221; border_type=&#8221;simple&#8221; column_border_width=&#8221;none&#8221; column_border_style=&#8221;solid&#8221;][nectar_highlighted_text text_color=&#8221;#ff7070&#8243; style=&#8221;text_outline&#8221; outline_thickness=&#8221;extra_thick&#8221; text_direction=&#8221;default&#8221; custom_font_size=&#8221;3vw&#8221;]\n<h1 data-product-id=\"118\"><em>INTERIOR CLEANER<\/em> &#8211; Gotowy do u\u017cycia spray do detailingu wn\u0119trz<\/h1>\n[\/nectar_highlighted_text][vc_row_inner column_margin=&#8221;30px&#8221; column_direction=&#8221;default&#8221; column_direction_tablet=&#8221;default&#8221; column_direction_phone=&#8221;default&#8221; text_align=&#8221;left&#8221; row_position=&#8221;default&#8221; row_position_tablet=&#8221;inherit&#8221; row_position_phone=&#8221;inherit&#8221; overflow=&#8221;visible&#8221; pointer_events=&#8221;all&#8221;][vc_column_inner column_padding=&#8221;no-extra-padding&#8221; column_padding_tablet=&#8221;inherit&#8221; column_padding_phone=&#8221;inherit&#8221; column_padding_position=&#8221;all&#8221; column_element_direction_desktop=&#8221;default&#8221; column_element_spacing=&#8221;default&#8221; desktop_text_alignment=&#8221;default&#8221; tablet_text_alignment=&#8221;default&#8221; phone_text_alignment=&#8221;default&#8221; background_color_opacity=&#8221;1&#8243; background_hover_color_opacity=&#8221;1&#8243; column_backdrop_filter=&#8221;none&#8221; column_shadow=&#8221;none&#8221; column_border_radius=&#8221;none&#8221; column_link_target=&#8221;_self&#8221; overflow=&#8221;visible&#8221; gradient_direction=&#8221;left_to_right&#8221; overlay_strength=&#8221;0.3&#8243; width=&#8221;1\/2&#8243; tablet_width_inherit=&#8221;default&#8221; animation_type=&#8221;default&#8221; bg_image_animation=&#8221;none&#8221; border_type=&#8221;simple&#8221; column_border_width=&#8221;none&#8221; column_border_style=&#8221;solid&#8221;][nectar_cta btn_style=&#8221;basic&#8221; heading_tag=&#8221;h6&#8243; border_radius=&#8221;10&#8243; button_color=&#8221;default&#8221; text_color=&#8221;#fbb921&#8243; text_color_hover=&#8221;#ffffff&#8221; button_border_color=&#8221;#fbb921&#8243; button_border_color_hover=&#8221;#ffffff&#8221; button_border_thickness=&#8221;4px&#8221; link_type=&#8221;regular&#8221; alignment=&#8221;center&#8221; alignment_tablet=&#8221;default&#8221; alignment_phone=&#8221;default&#8221; constrain_group_3=&#8221;yes&#8221; display=&#8221;block&#8221; display_tablet=&#8221;inherit&#8221; display_phone=&#8221;inherit&#8221; icon_family=&#8221;linecons&#8221; class=&#8221;buy-button&#8221; font_size_desktop=&#8221;20&#8243; link_text=&#8221;Kupuj w Autoryzowanych Sklepach&#8221; padding_top=&#8221;11&#8243; padding_bottom=&#8221;11&#8243; padding_left=&#8221;11&#8243; padding_right=&#8221;11&#8243; icon_linecons=&#8221;vc_li vc_li-star&#8221; font_size_phone=&#8221;1rem&#8221;][vc_gallery css=&#8221;&#8221; type=&#8221;image_grid&#8221; images=&#8221;28032,28092&#8243; image_grid_loading=&#8221;lazy-load&#8221; layout=&#8221;2&#8243; item_spacing=&#8221;5px&#8221; gallery_style=&#8221;5&#8243; load_in_animation=&#8221;none&#8221; img_size=&#8221;full&#8221;]<div id=\"ultimate-video-286869d4d2bcbac32\" class=\"ult-video  vc_custom_1746171239792 ult-adjust-bottom-margin ultimate-video-286869d4d2bcbac32 ultv-4672 \"><div class=\"ultv-video ultv-aspect-ratio-16_9 ultv-subscribe-responsive-none\" data-videotype=\"uv_iframe\">\n\t\t\t\t\t\t<div class=\"ultv-video__outer-wrap\" data-autoplay=\"0\" data-device=\"false\"  data-iconbg=\"#3A3A3A\" data-overcolor=\"\" data-defaultbg=\"#1f1f1e\" data-defaultplay=\"defaulticon\"><div class=\"ultv-video__play\" data-src=\"https:\/\/www.youtube.com\/embed\/j75j1OH87hI?rel=0&amp;start&amp;end&amp;controls=1&amp;mute=0&amp;modestbranding=0&amp;autoplay=1\">\n\t\t\t\t\t\t\t\t<img decoding=\"async\" class=\"ultv-video__thumb\" src=\"https:\/\/i.ytimg.com\/vi\/j75j1OH87hI\/maxresdefault.jpg\"\/>\n\t\t\t\t\t\t\t\t<div class=\"ultv-video__play-icon  ultv-animation-none\" style=\"width:75px\"><svg height=\"100%\" version=\"1.1\" viewBox=\"0 0 68 48\" width=\"100%\"><path class=\"ultv-youtube-icon-bg\" d=\"m .66,37.62 c 0,0 .66,4.70 2.70,6.77 2.58,2.71 5.98,2.63 7.49,2.91 5.43,.52 23.10,.68 23.12,.68 .00,-1.3e-5 14.29,-0.02 23.81,-0.71 1.32,-0.15 4.22,-0.17 6.81,-2.89 2.03,-2.07 2.70,-6.77 2.70,-6.77 0,0 .67,-5.52 .67,-11.04 l 0,-5.17 c 0,-5.52 -0.67,-11.04 -0.67,-11.04 0,0 -0.66,-4.70 -2.70,-6.77 C 62.03,.86 59.13,.84 57.80,.69 48.28,0 34.00,0 34.00,0 33.97,0 19.69,0 10.18,.69 8.85,.84 5.95,.86 3.36,3.58 1.32,5.65 .66,10.35 .66,10.35 c 0,0 -0.55,4.50 -0.66,9.45 l 0,8.36 c .10,4.94 .66,9.45 .66,9.45 z\" fill=\"#1f1f1e\" ><\/path><path d=\"m 26.96,13.67 18.37,9.62 -18.37,9.55 -0.00,-19.17 z\" fill=\"#fff\"><\/path><path d=\"M 45.02,23.46 45.32,23.28 26.96,13.67 43.32,22.34 45.02,23.46 z\" fill=\"#ccc\"><\/path><\/svg><\/div> <\/div> <\/div><div class=\"ultv-subscribe-bar ult-responsive\"  data-ultimate-target='.ult-video.ultv-4672 .ultv-subscribe-bar'  data-responsive-json-new='{\"font-size\":\"\",\"line-height\":\"\"}'  style = \"color:#fff; background-color:#1b1b1b; \">\n\t\t\t\t<div class=\"ultv-subscribe-bar-prefix\" style=\"font-weight:normal;\">Subscribe to our YouTube Channel<\/div>\n\t\t\t\t<div class=\"ultv-subscribe-content\">\n\t\t\t\t\t<script src=\"https:\/\/apis.google.com\/js\/platform.js\"><\/script> <!-- Need to be enqueued from someplace else --><div class=\"g-ytsubscribe\" data-channelid=\"UCdaZpJ6Aql4hFcnLbtO_FGg\" data-count=\"hidden\"><\/div><\/div> <\/div><\/div><\/div>[\/vc_column_inner][vc_column_inner column_padding=&#8221;padding-5-percent&#8221; column_padding_tablet=&#8221;inherit&#8221; column_padding_phone=&#8221;inherit&#8221; column_padding_position=&#8221;left-right&#8221; column_element_direction_desktop=&#8221;default&#8221; column_element_spacing=&#8221;default&#8221; desktop_text_alignment=&#8221;default&#8221; tablet_text_alignment=&#8221;default&#8221; phone_text_alignment=&#8221;default&#8221; background_color_opacity=&#8221;1&#8243; background_hover_color_opacity=&#8221;1&#8243; column_backdrop_filter=&#8221;none&#8221; column_shadow=&#8221;none&#8221; column_border_radius=&#8221;none&#8221; column_link_target=&#8221;_self&#8221; overflow=&#8221;visible&#8221; gradient_direction=&#8221;left_to_right&#8221; overlay_strength=&#8221;0.3&#8243; width=&#8221;1\/2&#8243; tablet_width_inherit=&#8221;default&#8221; animation_type=&#8221;default&#8221; bg_image_animation=&#8221;none&#8221; border_type=&#8221;simple&#8221; column_border_width=&#8221;none&#8221; column_border_style=&#8221;solid&#8221; column_padding_type=&#8221;default&#8221; gradient_type=&#8221;default&#8221;][nectar_responsive_text inherited_font_style=&#8221;default&#8221; text_color=&#8221;#ffffff&#8221; text_direction=&#8221;default&#8221; font_size_desktop=&#8221;25&#8243;]\n<h2>Skuteczne czyszczenie tworzyw sztucznych, gumy i nie tylko<\/h2>\n[\/nectar_responsive_text][vc_column_text css=&#8221;&#8221; text_direction=&#8221;default&#8221;]\n<p class=\"\" data-start=\"504\" data-end=\"840\"><strong data-start=\"504\" data-end=\"535\">Good Stuff Interior Cleaner<\/strong> to <strong data-start=\"541\" data-end=\"566\">gotowe do u\u017cycia rozwi\u0105zanie<\/strong> do czyszczenia wewn\u0119trznych powierzchni samochodowych, takich jak <strong data-start=\"607\" data-end=\"687\">deski rozdzielcze, panele drzwi, konsole \u015brodkowe, gumowe wyko\u0144czenia i plastiki kokpitu<\/strong>. Z \u0142atwo\u015bci\u0105 usuwa brud, kurz i lekkie zabrudzenia, a jednocze\u015bnie jest <strong data-start=\"745\" data-end=\"790\">ca\u0142kowicie bezpieczny dla wszystkich obrabianych materia\u0142\u00f3w &#8211; idealny<\/strong>do regularnej konserwacji lub szybkiego od\u015bwie\u017cania.<\/p>\n<p class=\"\" data-start=\"842\" data-end=\"1136\">Ten wszechstronny \u015brodek czyszcz\u0105cy doskonale wsp\u00f3\u0142pracuje z <strong data-start=\"888\" data-end=\"908\">r\u0119cznikiem z mikrofibry<\/strong>, <strong data-start=\"910\" data-end=\"934\">mi\u0119kk\u0105 szczotk\u0105 do detali<\/strong> lub <strong data-start=\"939\" data-end=\"956\">r\u0119kawic\u0105 wewn\u0119trzn\u0105<\/strong> i nie pozostawia t\u0142ustych \u015blad\u00f3w. Jego zr\u00f3wnowa\u017cona formu\u0142a zapewnia skuteczne czyszczenie <strong data-start=\"1036\" data-end=\"1080\">bez zmiany tekstury lub poziomu po\u0142ysku<\/strong>, dzi\u0119ki czemu nadaje si\u0119 do nowoczesnych satynowych lub matowych wyko\u0144cze\u0144.<\/p>\n<h3 class=\"\" data-start=\"1138\" data-end=\"1157\">\u2705 Kluczowe cechy:<\/h3>\n<ul data-start=\"1158\" data-end=\"1468\">\n<li class=\"\" data-start=\"1158\" data-end=\"1233\">\n<p class=\"\" data-start=\"1160\" data-end=\"1233\"><strong data-start=\"1160\" data-end=\"1195\">Bezpieczny dla wszystkich materia\u0142\u00f3w wewn\u0119trznych<\/strong> &#8211; tworzyw sztucznych, gumy, winylu i tapicerki.<\/p>\n<\/li>\n<li class=\"\" data-start=\"1234\" data-end=\"1270\">\n<p class=\"\" data-start=\"1236\" data-end=\"1270\"><strong data-start=\"1236\" data-end=\"1268\">Szybkie czyszczenie bez pozostawiania \u015blad\u00f3w<\/strong><\/p>\n<\/li>\n<li class=\"\" data-start=\"1271\" data-end=\"1314\">\n<p class=\"\" data-start=\"1273\" data-end=\"1314\"><strong data-start=\"1273\" data-end=\"1312\">Gotowy do u\u017cycia &#8211; nie wymaga rozcie\u0144czania<\/strong><\/p>\n<\/li>\n<li class=\"\" data-start=\"1315\" data-end=\"1364\">\n<p class=\"\" data-start=\"1317\" data-end=\"1364\"><strong data-start=\"1317\" data-end=\"1362\">Idealny do prac konserwacyjnych i wyko\u0144czeniowych<\/strong><\/p>\n<\/li>\n<li class=\"\" data-start=\"1365\" data-end=\"1426\">\n<p class=\"\" data-start=\"1367\" data-end=\"1426\"><strong data-start=\"1367\" data-end=\"1424\">Kompatybilny ze \u015bciereczkami, szczotkami i r\u0119kawicami z mikrofibry<\/strong><\/p>\n<\/li>\n<li class=\"\" data-start=\"1427\" data-end=\"1468\">\n<p class=\"\" data-start=\"1429\" data-end=\"1468\"><strong data-start=\"1429\" data-end=\"1468\">Dost\u0119pne w rozmiarach 500 ml i 1000 ml<\/strong><\/p>\n<\/li>\n<\/ul>\n<hr class=\"\" data-start=\"1470\" data-end=\"1473\" \/>\n<h3 class=\"\" data-start=\"1475\" data-end=\"1490\">Jak u\u017cywa\u0107:<\/h3>\n<ol data-start=\"1491\" data-end=\"1698\">\n<li class=\"\" data-start=\"1491\" data-end=\"1596\">\n<p class=\"\" data-start=\"1494\" data-end=\"1596\">Rozpyla\u0107 bezpo\u015brednio na <strong data-start=\"1516\" data-end=\"1536\">r\u0119cznik z mikrofibry<\/strong>, <strong data-start=\"1538\" data-end=\"1547\">szczotk\u0119<\/strong>, <strong data-start=\"1549\" data-end=\"1566\">r\u0119kawic\u0119 wewn\u0119trzn\u0105<\/strong> lub bezpo\u015brednio na powierzchni\u0119.<\/p>\n<\/li>\n<li class=\"\" data-start=\"1597\" data-end=\"1654\">\n<p class=\"\" data-start=\"1600\" data-end=\"1654\">Delikatnie rozprowad\u017a produkt po powierzchni, aby usun\u0105\u0107 brud.<\/p>\n<\/li>\n<li class=\"\" data-start=\"1655\" data-end=\"1698\">\n<p class=\"\" data-start=\"1658\" data-end=\"1698\">Wytrze\u0107 do sucha czystym r\u0119cznikiem z mikrofibry<\/p>\n<\/li>\n<\/ol>\n<hr class=\"\" data-start=\"1700\" data-end=\"1703\" \/>\n<p class=\"\" data-start=\"1705\" data-end=\"1856\"><strong data-start=\"1705\" data-end=\"1856\">Interior Cleaner to bezpieczny i niezawodny \u015brodek do utrzymania wn\u0119trza samochodu w czysto\u015bci, macie i \u015bwie\u017co\u015bci &#8211; idealny do codziennej konserwacji lub ko\u0144cowego detailingu.<\/strong><\/p>\n[\/vc_column_text][nectar_cta btn_style=&#8221;basic&#8221; heading_tag=&#8221;h6&#8243; border_radius=&#8221;10&#8243; button_color=&#8221;default&#8221; text_color=&#8221;#fbb921&#8243; text_color_hover=&#8221;#ffffff&#8221; button_border_color=&#8221;#fbb921&#8243; button_border_color_hover=&#8221;#ffffff&#8221; button_border_thickness=&#8221;4px&#8221; link_type=&#8221;regular&#8221; alignment=&#8221;center&#8221; alignment_tablet=&#8221;default&#8221; alignment_phone=&#8221;default&#8221; constrain_group_3=&#8221;yes&#8221; display=&#8221;block&#8221; display_tablet=&#8221;inherit&#8221; display_phone=&#8221;inherit&#8221; icon_family=&#8221;linecons&#8221; class=&#8221;buy-button&#8221; font_size_desktop=&#8221;20&#8243; link_text=&#8221;Kupuj w Autoryzowanych Sklepach&#8221; padding_top=&#8221;11&#8243; padding_bottom=&#8221;11&#8243; padding_left=&#8221;11&#8243; padding_right=&#8221;11&#8243; icon_linecons=&#8221;vc_li vc_li-star&#8221; font_size_phone=&#8221;1rem&#8221;][vc_column_text css=&#8221;&#8221; text_direction=&#8221;default&#8221;]\n<div class=\"ws-nav\" style=\"text-align: center;\"><a class=\"ws-nav__btn ws-nav__btn--prev\" href=\"https:\/\/goodstuff.com.pl\/pl\/produkty\/produkty-wnetrze\/fabric-cleaner\/\">\u2190 POPRZEDNI <\/a><br \/>\n<a class=\"ws-nav__btn ws-nav__btn--next\" href=\"https:\/\/goodstuff.com.pl\/pl\/produkty\/produkty-wnetrze\/interior-dressing\/\">NAST\u0118PNY\u2192<\/a><\/div>\n[\/vc_column_text][\/vc_column_inner][\/vc_row_inner][\/vc_column][\/vc_row]\n","protected":false},"excerpt":{"rendered":"<p>[vc_row type=&#8221;full_width_background&#8221; full_screen_row_position=&#8221;middle&#8221; column_margin=&#8221;default&#8221; column_direction=&#8221;default&#8221; column_direction_tablet=&#8221;default&#8221; column_direction_phone=&#8221;default&#8221; bg_color=&#8221;#212121&#8243; bg_image=&#8221;28949&#8243; bg_position=&#8221;center top&#8221; background_image_loading=&#8221;lazy-load&#8221; bg_repeat=&#8221;no-repeat&#8221; scene_position=&#8221;center&#8221; top_padding=&#8221;4%&#8221; bottom_padding=&#8221;6%&#8221; text_color=&#8221;light&#8221; text_align=&#8221;left&#8221; row_border_radius=&#8221;none&#8221; row_border_radius_applies=&#8221;bg&#8221; overflow=&#8221;visible&#8221; color_overlay=&#8221;#212121&#8243; overlay_strength=&#8221;0.8&#8243; gradient_direction=&#8221;left_to_right&#8221; shape_divider_position=&#8221;bottom&#8221; bg_image_animation=&#8221;none&#8221; parallax_bg=&#8221;true&#8221; parallax_bg_speed=&#8221;fast&#8221; shape_type=&#8221;&#8221; gradient_type=&#8221;default&#8221;][vc_column&#8230;<\/p>\n","protected":false},"author":1,"featured_media":28034,"parent":29444,"menu_order":0,"comment_status":"closed","ping_status":"closed","template":"","meta":{"footnotes":""},"class_list":["post-29454","page","type-page","status-publish","has-post-thumbnail"],"publishpress_future_action":{"enabled":false,"date":"2026-04-14 11:47:40","action":"change-status","newStatus":"draft","terms":[],"taxonomy":"translation_priority","extraData":[]},"publishpress_future_workflow_manual_trigger":{"enabledWorkflows":[]},"_links":{"self":[{"href":"https:\/\/goodstuff.com.pl\/pl\/wp-json\/wp\/v2\/pages\/29454","targetHints":{"allow":["GET"]}}],"collection":[{"href":"https:\/\/goodstuff.com.pl\/pl\/wp-json\/wp\/v2\/pages"}],"about":[{"href":"https:\/\/goodstuff.com.pl\/pl\/wp-json\/wp\/v2\/types\/page"}],"author":[{"embeddable":true,"href":"https:\/\/goodstuff.com.pl\/pl\/wp-json\/wp\/v2\/users\/1"}],"replies":[{"embeddable":true,"href":"https:\/\/goodstuff.com.pl\/pl\/wp-json\/wp\/v2\/comments?post=29454"}],"version-history":[{"count":11,"href":"https:\/\/goodstuff.com.pl\/pl\/wp-json\/wp\/v2\/pages\/29454\/revisions"}],"predecessor-version":[{"id":33912,"href":"https:\/\/goodstuff.com.pl\/pl\/wp-json\/wp\/v2\/pages\/29454\/revisions\/33912"}],"up":[{"embeddable":true,"href":"https:\/\/goodstuff.com.pl\/pl\/wp-json\/wp\/v2\/pages\/29444"}],"wp:featuredmedia":[{"embeddable":true,"href":"https:\/\/goodstuff.com.pl\/pl\/wp-json\/wp\/v2\/media\/28034"}],"wp:attachment":[{"href":"https:\/\/goodstuff.com.pl\/pl\/wp-json\/wp\/v2\/media?parent=29454"}],"curies":[{"name":"wp","href":"https:\/\/api.w.org\/{rel}","templated":true}]}}