{"id":29459,"date":"2025-05-27T14:03:01","date_gmt":"2025-05-27T12:03:01","guid":{"rendered":"https:\/\/goodstuff.com.pl\/wysokiej-jakosci-chemia-do-detailingu-samochodowego-dla-profesjonalistow\/produkty-do-detailingu-wnetrza-samochodu-czyszczenie-ochrona-i-przywracanie-good-stuff\/interior-dressing-satin-finish-dashboard-conditioner-good-stuff\/"},"modified":"2026-03-25T15:44:44","modified_gmt":"2026-03-25T14:44:44","slug":"interior-dressing","status":"publish","type":"page","link":"https:\/\/goodstuff.com.pl\/pl\/produkty\/produkty-wnetrze\/interior-dressing\/","title":{"rendered":"Interior Dressing \u2013 Satynowe wyko\u0144czenie i ochrona kokpitu | Good Stuff"},"content":{"rendered":"[vc_row type=&#8221;full_width_background&#8221; full_screen_row_position=&#8221;middle&#8221; column_margin=&#8221;default&#8221; column_direction=&#8221;default&#8221; column_direction_tablet=&#8221;default&#8221; column_direction_phone=&#8221;default&#8221; bg_color=&#8221;#212121&#8243; bg_image=&#8221;28949&#8243; bg_position=&#8221;center top&#8221; background_image_loading=&#8221;lazy-load&#8221; bg_repeat=&#8221;no-repeat&#8221; scene_position=&#8221;center&#8221; top_padding=&#8221;4%&#8221; bottom_padding=&#8221;6%&#8221; text_color=&#8221;light&#8221; text_align=&#8221;left&#8221; row_border_radius=&#8221;none&#8221; row_border_radius_applies=&#8221;bg&#8221; overflow=&#8221;visible&#8221; color_overlay=&#8221;#212121&#8243; overlay_strength=&#8221;0.8&#8243; gradient_direction=&#8221;left_to_right&#8221; shape_divider_position=&#8221;bottom&#8221; bg_image_animation=&#8221;none&#8221; parallax_bg=&#8221;true&#8221; parallax_bg_speed=&#8221;fast&#8221; shape_type=&#8221;&#8221; gradient_type=&#8221;default&#8221;][vc_column column_padding=&#8221;no-extra-padding&#8221; column_padding_tablet=&#8221;inherit&#8221; column_padding_phone=&#8221;inherit&#8221; column_padding_position=&#8221;all&#8221; column_element_direction_desktop=&#8221;default&#8221; column_element_spacing=&#8221;default&#8221; desktop_text_alignment=&#8221;default&#8221; tablet_text_alignment=&#8221;default&#8221; phone_text_alignment=&#8221;default&#8221; background_color_opacity=&#8221;1&#8243; background_hover_color_opacity=&#8221;1&#8243; column_backdrop_filter=&#8221;none&#8221; column_shadow=&#8221;none&#8221; column_border_radius=&#8221;none&#8221; column_link_target=&#8221;_self&#8221; column_position=&#8221;default&#8221; gradient_direction=&#8221;left_to_right&#8221; overlay_strength=&#8221;0.3&#8243; width=&#8221;1\/1&#8243; tablet_width_inherit=&#8221;default&#8221; animation_type=&#8221;default&#8221; bg_image_animation=&#8221;none&#8221; border_type=&#8221;simple&#8221; column_border_width=&#8221;none&#8221; column_border_style=&#8221;solid&#8221;][nectar_highlighted_text text_color=&#8221;#ff7070&#8243; style=&#8221;text_outline&#8221; outline_thickness=&#8221;extra_thick&#8221; text_direction=&#8221;default&#8221; custom_font_size=&#8221;3vw&#8221;]\n<h1 data-start=\"171\" data-end=\"252\"><em>INTERIOR DRESSING<\/em> \u2013 satynowa od\u017cywka do kokpitu i tworzyw sztucznych wewn\u0119trznych<\/h1>\n[\/nectar_highlighted_text][vc_row_inner column_margin=&#8221;30px&#8221; column_direction=&#8221;default&#8221; column_direction_tablet=&#8221;default&#8221; column_direction_phone=&#8221;default&#8221; text_align=&#8221;left&#8221; row_position=&#8221;default&#8221; row_position_tablet=&#8221;inherit&#8221; row_position_phone=&#8221;inherit&#8221; overflow=&#8221;visible&#8221; pointer_events=&#8221;all&#8221;][vc_column_inner column_padding=&#8221;no-extra-padding&#8221; column_padding_tablet=&#8221;inherit&#8221; column_padding_phone=&#8221;inherit&#8221; column_padding_position=&#8221;all&#8221; column_element_direction_desktop=&#8221;default&#8221; column_element_spacing=&#8221;default&#8221; desktop_text_alignment=&#8221;default&#8221; tablet_text_alignment=&#8221;default&#8221; phone_text_alignment=&#8221;default&#8221; background_color_opacity=&#8221;1&#8243; background_hover_color_opacity=&#8221;1&#8243; column_backdrop_filter=&#8221;none&#8221; column_shadow=&#8221;none&#8221; column_border_radius=&#8221;none&#8221; column_link_target=&#8221;_self&#8221; overflow=&#8221;visible&#8221; gradient_direction=&#8221;left_to_right&#8221; overlay_strength=&#8221;0.3&#8243; width=&#8221;1\/2&#8243; tablet_width_inherit=&#8221;default&#8221; animation_type=&#8221;default&#8221; bg_image_animation=&#8221;none&#8221; border_type=&#8221;simple&#8221; column_border_width=&#8221;none&#8221; column_border_style=&#8221;solid&#8221;][nectar_cta btn_style=&#8221;basic&#8221; heading_tag=&#8221;h6&#8243; border_radius=&#8221;10&#8243; button_color=&#8221;default&#8221; text_color=&#8221;#fbb921&#8243; text_color_hover=&#8221;#ffffff&#8221; button_border_color=&#8221;#fbb921&#8243; button_border_color_hover=&#8221;#ffffff&#8221; button_border_thickness=&#8221;4px&#8221; link_type=&#8221;regular&#8221; alignment=&#8221;center&#8221; alignment_tablet=&#8221;default&#8221; alignment_phone=&#8221;default&#8221; constrain_group_3=&#8221;yes&#8221; display=&#8221;block&#8221; display_tablet=&#8221;inherit&#8221; display_phone=&#8221;inherit&#8221; icon_family=&#8221;linecons&#8221; class=&#8221;buy-button&#8221; font_size_desktop=&#8221;20&#8243; link_text=&#8221;Kupuj w Autoryzowanych Sklepach&#8221; padding_top=&#8221;11&#8243; padding_bottom=&#8221;11&#8243; padding_left=&#8221;11&#8243; padding_right=&#8221;11&#8243; icon_linecons=&#8221;vc_li vc_li-star&#8221; font_size_phone=&#8221;1rem&#8221;][vc_gallery css=&#8221;&#8221; type=&#8221;image_grid&#8221; images=&#8221;29132,29136,29140,29144&#8243; image_grid_loading=&#8221;lazy-load&#8221; layout=&#8221;2&#8243; item_spacing=&#8221;5px&#8221; gallery_style=&#8221;5&#8243; load_in_animation=&#8221;none&#8221; img_size=&#8221;full&#8221;][\/vc_column_inner][vc_column_inner column_padding=&#8221;padding-5-percent&#8221; column_padding_tablet=&#8221;inherit&#8221; column_padding_phone=&#8221;inherit&#8221; column_padding_position=&#8221;left-right&#8221; column_element_direction_desktop=&#8221;default&#8221; column_element_spacing=&#8221;default&#8221; desktop_text_alignment=&#8221;default&#8221; tablet_text_alignment=&#8221;default&#8221; phone_text_alignment=&#8221;default&#8221; background_color_opacity=&#8221;1&#8243; background_hover_color_opacity=&#8221;1&#8243; column_backdrop_filter=&#8221;none&#8221; column_shadow=&#8221;none&#8221; column_border_radius=&#8221;none&#8221; column_link_target=&#8221;_self&#8221; overflow=&#8221;visible&#8221; gradient_direction=&#8221;left_to_right&#8221; overlay_strength=&#8221;0.3&#8243; width=&#8221;1\/2&#8243; tablet_width_inherit=&#8221;default&#8221; animation_type=&#8221;default&#8221; bg_image_animation=&#8221;none&#8221; border_type=&#8221;simple&#8221; column_border_width=&#8221;none&#8221; column_border_style=&#8221;solid&#8221; column_padding_type=&#8221;default&#8221; gradient_type=&#8221;default&#8221;][nectar_responsive_text inherited_font_style=&#8221;default&#8221; text_color=&#8221;#ffffff&#8221; text_direction=&#8221;default&#8221; font_size_desktop=&#8221;25&#8243;]\n<h2>Od\u017cywka do wn\u0119trza auta z satynowym wyko\u0144czeniem i ochron\u0105 UV<\/h2>\n[\/nectar_responsive_text][vc_column_text css=&#8221;&#8221; text_direction=&#8221;default&#8221;]\n<article class=\"text-token-text-primary w-full\" dir=\"auto\" data-testid=\"conversation-turn-234\" data-scroll-anchor=\"true\">\n<div class=\"text-base my-auto mx-auto py-5 [--thread-content-margin:--spacing(4)] @[37rem]:[--thread-content-margin:--spacing(6)] @[72rem]:[--thread-content-margin:--spacing(16)] px-(--thread-content-margin)\">\n<div class=\"[--thread-content-max-width:32rem] @[34rem]:[--thread-content-max-width:40rem] @[64rem]:[--thread-content-max-width:48rem] mx-auto flex max-w-(--thread-content-max-width) flex-1 text-base gap-4 md:gap-5 lg:gap-6 group\/turn-messages focus-visible:outline-hidden\" tabindex=\"-1\">\n<div class=\"group\/conversation-turn relative flex w-full min-w-0 flex-col agent-turn\">\n<div class=\"relative flex-col gap-1 md:gap-3\">\n<div class=\"flex max-w-full flex-col grow\">\n<div class=\"min-h-8 text-message relative flex w-full flex-col items-end gap-2 text-start break-words whitespace-normal [.text-message+&amp;]:mt-5\" dir=\"auto\" data-message-author-role=\"assistant\" data-message-id=\"4c51898b-a4a6-43a2-a8d5-74a1ac9a2ca9\" data-message-model-slug=\"gpt-4o\">\n<div class=\"flex w-full flex-col gap-1 empty:hidden first:pt-[3px]\">\n<div class=\"markdown prose dark:prose-invert w-full break-words light\">\n<p data-start=\"409\" data-end=\"780\"><strong>Good Stuff Interior Dressing<\/strong> to wysokiej jako\u015bci \u015brodek piel\u0119gnacyjny do wn\u0119trza samochodu, kt\u00f3ry przywraca \u015bwie\u017co\u015b\u0107 plastikom, gumie i winylowym elementom kabiny. Zapewnia eleganckie, <strong data-start=\"594\" data-end=\"618\">satynowe wyko\u0144czenie<\/strong>, nie pozostawiaj\u0105c t\u0142ustej pow\u0142oki ani nadmiernego po\u0142ysku. Dzi\u0119ki gotowej do u\u017cycia formule aplikacja jest szybka i wygodna, a efekt \u2013 d\u0142ugotrwa\u0142y i estetyczny.<\/p>\n<p data-start=\"782\" data-end=\"1114\"><strong>Zawiera sk\u0142adniki zabezpieczaj\u0105ce przed promieniowaniem UV<\/strong>, kt\u00f3re zapobiegaj\u0105 blakni\u0119ciu, p\u0119kaniu i wysuszaniu powierzchni. Idealny do deski rozdzielczej, boczk\u00f3w drzwiowych i innych element\u00f3w wn\u0119trza nara\u017conych na zu\u017cycie. Dodatkowo, <strong data-start=\"1017\" data-end=\"1052\">elegancki zapach m\u0119skich perfum<\/strong> sprawia, \u017ce ka\u017cdy detailing staje si\u0119 jeszcze przyjemniejszy.<\/p>\n<hr data-start=\"1116\" data-end=\"1119\" \/>\n<h3 data-start=\"1121\" data-end=\"1162\">\u2705 <strong data-start=\"1127\" data-end=\"1160\">Kluczowe cechy:<\/strong><\/h3>\n<ul data-start=\"1163\" data-end=\"1542\">\n<li data-start=\"1163\" data-end=\"1234\">\n<p data-start=\"1165\" data-end=\"1234\"><strong data-start=\"1169\" data-end=\"1193\">Satynowe wyko\u0144czenie<\/strong> \u2013 naturalny, czysty wygl\u0105d bez po\u0142ysku<\/p>\n<\/li>\n<li data-start=\"1235\" data-end=\"1307\">\n<p data-start=\"1237\" data-end=\"1307\"><strong data-start=\"1241\" data-end=\"1255\">Ochrona UV<\/strong> \u2013 chroni przed starzeniem, p\u0119kaniem i blakni\u0119ciem<\/p>\n<\/li>\n<li data-start=\"1308\" data-end=\"1366\">\n<p data-start=\"1310\" data-end=\"1366\"><strong data-start=\"1313\" data-end=\"1336\">M\u0119ski zapach perfum<\/strong><\/p>\n<\/li>\n<li data-start=\"1367\" data-end=\"1430\">\n<p data-start=\"1369\" data-end=\"1430\"><strong data-start=\"1371\" data-end=\"1392\">Niet\u0142usta formu\u0142a<\/strong> \u2013 nie klei si\u0119, nie przyci\u0105ga kurzu<\/p>\n<\/li>\n<li data-start=\"1431\" data-end=\"1499\">\n<p data-start=\"1433\" data-end=\"1499\"><strong data-start=\"1436\" data-end=\"1455\">\u0141atwa aplikacja<\/strong> \u2013 idealny dla profesjonalist\u00f3w i amator\u00f3w<\/p>\n<\/li>\n<li data-start=\"1500\" data-end=\"1542\">\n<p data-start=\"1502\" data-end=\"1542\">Dost\u0119pne pojemno\u015bci: 500 ml i 1000 ml<\/p>\n<\/li>\n<\/ul>\n<hr data-start=\"1544\" data-end=\"1547\" \/>\n<h3 data-start=\"1549\" data-end=\"1585\"><strong data-start=\"1556\" data-end=\"1583\">Jak u\u017cywa\u0107:<\/strong><\/h3>\n<ol data-start=\"1586\" data-end=\"1850\">\n<li data-start=\"1586\" data-end=\"1623\">\n<p data-start=\"1589\" data-end=\"1623\">Wstrz\u0105\u015bnij butelk\u0105 przed u\u017cyciem<\/p>\n<\/li>\n<li data-start=\"1624\" data-end=\"1684\">\n<p data-start=\"1627\" data-end=\"1684\">Upewnij si\u0119, \u017ce powierzchnia jest czysta i odt\u0142uszczona<\/p>\n<\/li>\n<li data-start=\"1685\" data-end=\"1732\">\n<p data-start=\"1688\" data-end=\"1732\">Nanie\u015b produkt na aplikator lub mikrofibr\u0119<\/p>\n<\/li>\n<li data-start=\"1733\" data-end=\"1776\">\n<p data-start=\"1736\" data-end=\"1776\">R\u00f3wnomiernie rozprowad\u017a na powierzchni<\/p>\n<\/li>\n<li data-start=\"1777\" data-end=\"1850\">\n<p data-start=\"1780\" data-end=\"1850\">Pozostaw do wyschni\u0119cia lub lekko wypoleruj dla wyr\u00f3wnania wyko\u0144czenia<\/p>\n<\/li>\n<\/ol>\n<hr data-start=\"1852\" data-end=\"1855\" \/>\n<h3 data-start=\"1857\" data-end=\"1923\">\u2753 <strong data-start=\"1863\" data-end=\"1921\">Dlaczego warto u\u017cywa\u0107 Interior Dressing od Good Stuff?<\/strong><\/h3>\n<p data-start=\"1924\" data-end=\"2275\">Bo wn\u0119trze Twojego auta zas\u0142uguje na <strong data-start=\"1961\" data-end=\"2004\">stylowe wyko\u0144czenie i skuteczn\u0105 ochron\u0119<\/strong>. Interior Dressing nie tylko poprawia wygl\u0105d kokpitu i element\u00f3w plastikowych, ale tak\u017ce zabezpiecza je przed szkodliwym dzia\u0142aniem promieni UV i codziennym zu\u017cyciem. To doskona\u0142y wyb\u00f3r dla tych, kt\u00f3rzy ceni\u0105 <strong data-start=\"2214\" data-end=\"2274\">czyst\u0105 estetyk\u0119, subtelny zapach i trwa\u0142y efekt bez smug<\/strong>.<\/p>\n<p data-start=\"2277\" data-end=\"2340\" data-is-last-node=\"\" data-is-only-node=\"\"><strong data-start=\"2280\" data-end=\"2340\" data-is-last-node=\"\">Interior Dressing \u2013 dla wn\u0119trza, kt\u00f3re wygl\u0105da jak nowe.<\/strong><\/p>\n<\/div>\n<\/div>\n<\/div>\n<\/div>\n<\/div>\n<\/div>\n<\/div>\n<\/div>\n<\/article>\n[\/vc_column_text][nectar_cta btn_style=&#8221;basic&#8221; heading_tag=&#8221;h6&#8243; border_radius=&#8221;10&#8243; button_color=&#8221;default&#8221; text_color=&#8221;#fbb921&#8243; text_color_hover=&#8221;#ffffff&#8221; button_border_color=&#8221;#fbb921&#8243; button_border_color_hover=&#8221;#ffffff&#8221; button_border_thickness=&#8221;4px&#8221; link_type=&#8221;regular&#8221; alignment=&#8221;center&#8221; alignment_tablet=&#8221;default&#8221; alignment_phone=&#8221;default&#8221; constrain_group_3=&#8221;yes&#8221; display=&#8221;block&#8221; display_tablet=&#8221;inherit&#8221; display_phone=&#8221;inherit&#8221; icon_family=&#8221;linecons&#8221; class=&#8221;buy-button&#8221; font_size_desktop=&#8221;20&#8243; link_text=&#8221;Kupuj w Autoryzowanych Sklepach&#8221; padding_top=&#8221;11&#8243; padding_bottom=&#8221;11&#8243; padding_left=&#8221;11&#8243; padding_right=&#8221;11&#8243; icon_linecons=&#8221;vc_li vc_li-star&#8221; font_size_phone=&#8221;1rem&#8221;][vc_column_text css=&#8221;&#8221; text_direction=&#8221;default&#8221;]\n<div class=\"ws-nav\" style=\"text-align: center;\"><a class=\"ws-nav__btn ws-nav__btn--prev\" href=\"https:\/\/goodstuff.com.pl\/pl\/produkty\/produkty-wnetrze\/interior-cleaner\/\">\u2190 POPRZEDNI <\/a><br \/>\n<a class=\"ws-nav__btn ws-nav__btn--next\" href=\"https:\/\/goodstuff.com.pl\/pl\/produkty\/produkty-wnetrze\/leather-cleaner\/\">NAST\u0118PNY\u2192<\/a><\/div>\n[\/vc_column_text][\/vc_column_inner][\/vc_row_inner][\/vc_column][\/vc_row][vc_row type=&#8221;in_container&#8221; full_screen_row_position=&#8221;middle&#8221; column_margin=&#8221;default&#8221; column_direction=&#8221;default&#8221; column_direction_tablet=&#8221;default&#8221; column_direction_phone=&#8221;default&#8221; scene_position=&#8221;center&#8221; text_color=&#8221;dark&#8221; text_align=&#8221;left&#8221; row_border_radius=&#8221;none&#8221; row_border_radius_applies=&#8221;bg&#8221; overflow=&#8221;visible&#8221; overlay_strength=&#8221;0.3&#8243; gradient_direction=&#8221;left_to_right&#8221; shape_divider_position=&#8221;bottom&#8221; bg_image_animation=&#8221;none&#8221;][vc_column column_padding=&#8221;no-extra-padding&#8221; column_padding_tablet=&#8221;inherit&#8221; column_padding_phone=&#8221;inherit&#8221; column_padding_position=&#8221;all&#8221; column_element_direction_desktop=&#8221;default&#8221; column_element_spacing=&#8221;default&#8221; desktop_text_alignment=&#8221;default&#8221; tablet_text_alignment=&#8221;default&#8221; phone_text_alignment=&#8221;default&#8221; background_color_opacity=&#8221;1&#8243; background_hover_color_opacity=&#8221;1&#8243; column_backdrop_filter=&#8221;none&#8221; column_shadow=&#8221;none&#8221; column_border_radius=&#8221;none&#8221; column_link_target=&#8221;_self&#8221; column_position=&#8221;default&#8221; gradient_direction=&#8221;left_to_right&#8221; overlay_strength=&#8221;0.3&#8243; width=&#8221;1\/1&#8243; tablet_width_inherit=&#8221;default&#8221; animation_type=&#8221;default&#8221; bg_image_animation=&#8221;none&#8221; border_type=&#8221;simple&#8221; column_border_width=&#8221;none&#8221; column_border_style=&#8221;solid&#8221;][\/vc_column][\/vc_row]\n","protected":false},"excerpt":{"rendered":"<p>[vc_row type=&#8221;full_width_background&#8221; full_screen_row_position=&#8221;middle&#8221; column_margin=&#8221;default&#8221; column_direction=&#8221;default&#8221; column_direction_tablet=&#8221;default&#8221; column_direction_phone=&#8221;default&#8221; bg_color=&#8221;#212121&#8243; bg_image=&#8221;28949&#8243; bg_position=&#8221;center top&#8221; background_image_loading=&#8221;lazy-load&#8221; bg_repeat=&#8221;no-repeat&#8221; scene_position=&#8221;center&#8221; top_padding=&#8221;4%&#8221; bottom_padding=&#8221;6%&#8221; text_color=&#8221;light&#8221; text_align=&#8221;left&#8221; row_border_radius=&#8221;none&#8221; row_border_radius_applies=&#8221;bg&#8221; overflow=&#8221;visible&#8221; color_overlay=&#8221;#212121&#8243; overlay_strength=&#8221;0.8&#8243; gradient_direction=&#8221;left_to_right&#8221; shape_divider_position=&#8221;bottom&#8221; bg_image_animation=&#8221;none&#8221; parallax_bg=&#8221;true&#8221; parallax_bg_speed=&#8221;fast&#8221; shape_type=&#8221;&#8221; gradient_type=&#8221;default&#8221;][vc_column&#8230;<\/p>\n","protected":false},"author":1,"featured_media":28038,"parent":29444,"menu_order":0,"comment_status":"closed","ping_status":"closed","template":"","meta":{"footnotes":""},"class_list":["post-29459","page","type-page","status-publish","has-post-thumbnail"],"publishpress_future_action":{"enabled":false,"date":"2026-04-14 12:09:24","action":"change-status","newStatus":"draft","terms":[],"taxonomy":"translation_priority","extraData":[]},"publishpress_future_workflow_manual_trigger":{"enabledWorkflows":[]},"_links":{"self":[{"href":"https:\/\/goodstuff.com.pl\/pl\/wp-json\/wp\/v2\/pages\/29459","targetHints":{"allow":["GET"]}}],"collection":[{"href":"https:\/\/goodstuff.com.pl\/pl\/wp-json\/wp\/v2\/pages"}],"about":[{"href":"https:\/\/goodstuff.com.pl\/pl\/wp-json\/wp\/v2\/types\/page"}],"author":[{"embeddable":true,"href":"https:\/\/goodstuff.com.pl\/pl\/wp-json\/wp\/v2\/users\/1"}],"replies":[{"embeddable":true,"href":"https:\/\/goodstuff.com.pl\/pl\/wp-json\/wp\/v2\/comments?post=29459"}],"version-history":[{"count":8,"href":"https:\/\/goodstuff.com.pl\/pl\/wp-json\/wp\/v2\/pages\/29459\/revisions"}],"predecessor-version":[{"id":33913,"href":"https:\/\/goodstuff.com.pl\/pl\/wp-json\/wp\/v2\/pages\/29459\/revisions\/33913"}],"up":[{"embeddable":true,"href":"https:\/\/goodstuff.com.pl\/pl\/wp-json\/wp\/v2\/pages\/29444"}],"wp:featuredmedia":[{"embeddable":true,"href":"https:\/\/goodstuff.com.pl\/pl\/wp-json\/wp\/v2\/media\/28038"}],"wp:attachment":[{"href":"https:\/\/goodstuff.com.pl\/pl\/wp-json\/wp\/v2\/media?parent=29459"}],"curies":[{"name":"wp","href":"https:\/\/api.w.org\/{rel}","templated":true}]}}