{"id":29465,"date":"2025-05-27T14:06:30","date_gmt":"2025-05-27T12:06:30","guid":{"rendered":"https:\/\/goodstuff.com.pl\/wysokiej-jakosci-chemia-do-detailingu-samochodowego-dla-profesjonalistow\/produkty-do-detailingu-wnetrza-samochodu-czyszczenie-ochrona-i-przywracanie-good-stuff\/leather-milk-nieblyszczaca-odzywka-do-skory-samochodowej-good-stuff\/"},"modified":"2026-03-25T15:47:56","modified_gmt":"2026-03-25T14:47:56","slug":"leather-milk","status":"publish","type":"page","link":"https:\/\/goodstuff.com.pl\/pl\/produkty\/produkty-wnetrze\/leather-milk\/","title":{"rendered":"Leather Milk \u2013 Nieb\u0142yszcz\u0105ca od\u017cywka do sk\u00f3ry | Good Stuff"},"content":{"rendered":"[vc_row type=&#8221;full_width_background&#8221; full_screen_row_position=&#8221;middle&#8221; column_margin=&#8221;default&#8221; column_direction=&#8221;default&#8221; column_direction_tablet=&#8221;default&#8221; column_direction_phone=&#8221;default&#8221; bg_color=&#8221;#212121&#8243; bg_image=&#8221;28949&#8243; bg_position=&#8221;center top&#8221; background_image_loading=&#8221;lazy-load&#8221; bg_repeat=&#8221;no-repeat&#8221; scene_position=&#8221;center&#8221; top_padding=&#8221;4%&#8221; bottom_padding=&#8221;6%&#8221; text_color=&#8221;light&#8221; text_align=&#8221;left&#8221; row_border_radius=&#8221;none&#8221; row_border_radius_applies=&#8221;bg&#8221; overflow=&#8221;visible&#8221; color_overlay=&#8221;#212121&#8243; overlay_strength=&#8221;0.8&#8243; gradient_direction=&#8221;left_to_right&#8221; shape_divider_position=&#8221;bottom&#8221; bg_image_animation=&#8221;none&#8221; parallax_bg=&#8221;true&#8221; parallax_bg_speed=&#8221;fast&#8221; shape_type=&#8221;&#8221; gradient_type=&#8221;default&#8221;][vc_column column_padding=&#8221;no-extra-padding&#8221; column_padding_tablet=&#8221;inherit&#8221; column_padding_phone=&#8221;inherit&#8221; column_padding_position=&#8221;all&#8221; column_element_direction_desktop=&#8221;default&#8221; column_element_spacing=&#8221;default&#8221; desktop_text_alignment=&#8221;default&#8221; tablet_text_alignment=&#8221;default&#8221; phone_text_alignment=&#8221;default&#8221; background_color_opacity=&#8221;1&#8243; background_hover_color_opacity=&#8221;1&#8243; column_backdrop_filter=&#8221;none&#8221; column_shadow=&#8221;none&#8221; column_border_radius=&#8221;none&#8221; column_link_target=&#8221;_self&#8221; column_position=&#8221;default&#8221; gradient_direction=&#8221;left_to_right&#8221; overlay_strength=&#8221;0.3&#8243; width=&#8221;1\/1&#8243; tablet_width_inherit=&#8221;default&#8221; animation_type=&#8221;default&#8221; bg_image_animation=&#8221;none&#8221; border_type=&#8221;simple&#8221; column_border_width=&#8221;none&#8221; column_border_style=&#8221;solid&#8221;][nectar_highlighted_text text_color=&#8221;#ff7070&#8243; style=&#8221;text_outline&#8221; outline_thickness=&#8221;extra_thick&#8221; text_direction=&#8221;default&#8221; custom_font_size=&#8221;3vw&#8221;]\n<h1 data-product-id=\"123\"><em>LEATHER MILK<\/em> &#8211; od\u017cywka do sk\u00f3ry samochodowej bez po\u0142ysku<\/h1>\n[\/nectar_highlighted_text][vc_row_inner column_margin=&#8221;30px&#8221; column_direction=&#8221;default&#8221; column_direction_tablet=&#8221;default&#8221; column_direction_phone=&#8221;default&#8221; text_align=&#8221;left&#8221; row_position=&#8221;default&#8221; row_position_tablet=&#8221;inherit&#8221; row_position_phone=&#8221;inherit&#8221; overflow=&#8221;visible&#8221; pointer_events=&#8221;all&#8221;][vc_column_inner column_padding=&#8221;no-extra-padding&#8221; column_padding_tablet=&#8221;inherit&#8221; column_padding_phone=&#8221;inherit&#8221; column_padding_position=&#8221;all&#8221; column_element_direction_desktop=&#8221;default&#8221; column_element_spacing=&#8221;default&#8221; desktop_text_alignment=&#8221;default&#8221; tablet_text_alignment=&#8221;default&#8221; phone_text_alignment=&#8221;default&#8221; background_color_opacity=&#8221;1&#8243; background_hover_color_opacity=&#8221;1&#8243; column_backdrop_filter=&#8221;none&#8221; column_shadow=&#8221;none&#8221; column_border_radius=&#8221;none&#8221; column_link_target=&#8221;_self&#8221; overflow=&#8221;visible&#8221; gradient_direction=&#8221;left_to_right&#8221; overlay_strength=&#8221;0.3&#8243; width=&#8221;1\/2&#8243; tablet_width_inherit=&#8221;default&#8221; animation_type=&#8221;default&#8221; bg_image_animation=&#8221;none&#8221; border_type=&#8221;simple&#8221; column_border_width=&#8221;none&#8221; column_border_style=&#8221;solid&#8221;][nectar_cta btn_style=&#8221;basic&#8221; heading_tag=&#8221;h6&#8243; border_radius=&#8221;10&#8243; button_color=&#8221;default&#8221; text_color=&#8221;#fbb921&#8243; text_color_hover=&#8221;#ffffff&#8221; button_border_color=&#8221;#fbb921&#8243; button_border_color_hover=&#8221;#ffffff&#8221; button_border_thickness=&#8221;4px&#8221; link_type=&#8221;regular&#8221; alignment=&#8221;center&#8221; alignment_tablet=&#8221;default&#8221; alignment_phone=&#8221;default&#8221; constrain_group_3=&#8221;yes&#8221; display=&#8221;block&#8221; display_tablet=&#8221;inherit&#8221; display_phone=&#8221;inherit&#8221; icon_family=&#8221;linecons&#8221; class=&#8221;buy-button&#8221; font_size_desktop=&#8221;20&#8243; link_text=&#8221;Kupuj w Autoryzowanych Sklepach&#8221; padding_top=&#8221;11&#8243; padding_bottom=&#8221;11&#8243; padding_left=&#8221;11&#8243; padding_right=&#8221;11&#8243; icon_linecons=&#8221;vc_li vc_li-star&#8221; font_size_phone=&#8221;1rem&#8221;][vc_gallery css=&#8221;&#8221; type=&#8221;image_grid&#8221; images=&#8221;28123,28044,28131&#8243; image_grid_loading=&#8221;lazy-load&#8221; layout=&#8221;2&#8243; item_spacing=&#8221;5px&#8221; gallery_style=&#8221;5&#8243; load_in_animation=&#8221;none&#8221; img_size=&#8221;full&#8221;]<div id=\"ultimate-video-171469d65d920c6f1\" class=\"ult-video  vc_custom_1746173044887 ult-adjust-bottom-margin ultimate-video-171469d65d920c6f1 ultv-576 \"><div class=\"ultv-video ultv-aspect-ratio-16_9 ultv-subscribe-responsive-none\" data-videotype=\"uv_iframe\">\n\t\t\t\t\t\t<div class=\"ultv-video__outer-wrap\" data-autoplay=\"0\" data-device=\"false\"  data-iconbg=\"#3A3A3A\" data-overcolor=\"\" data-defaultbg=\"#1f1f1e\" data-defaultplay=\"defaulticon\"><div class=\"ultv-video__play\" data-src=\"https:\/\/www.youtube.com\/embed\/GBn94QLJ69k?rel=0&amp;start&amp;end&amp;controls=1&amp;mute=0&amp;modestbranding=0&amp;autoplay=1\">\n\t\t\t\t\t\t\t\t<img decoding=\"async\" class=\"ultv-video__thumb\" src=\"https:\/\/i.ytimg.com\/vi\/GBn94QLJ69k\/maxresdefault.jpg\"\/>\n\t\t\t\t\t\t\t\t<div class=\"ultv-video__play-icon  ultv-animation-none\" style=\"width:75px\"><svg height=\"100%\" version=\"1.1\" viewBox=\"0 0 68 48\" width=\"100%\"><path class=\"ultv-youtube-icon-bg\" d=\"m .66,37.62 c 0,0 .66,4.70 2.70,6.77 2.58,2.71 5.98,2.63 7.49,2.91 5.43,.52 23.10,.68 23.12,.68 .00,-1.3e-5 14.29,-0.02 23.81,-0.71 1.32,-0.15 4.22,-0.17 6.81,-2.89 2.03,-2.07 2.70,-6.77 2.70,-6.77 0,0 .67,-5.52 .67,-11.04 l 0,-5.17 c 0,-5.52 -0.67,-11.04 -0.67,-11.04 0,0 -0.66,-4.70 -2.70,-6.77 C 62.03,.86 59.13,.84 57.80,.69 48.28,0 34.00,0 34.00,0 33.97,0 19.69,0 10.18,.69 8.85,.84 5.95,.86 3.36,3.58 1.32,5.65 .66,10.35 .66,10.35 c 0,0 -0.55,4.50 -0.66,9.45 l 0,8.36 c .10,4.94 .66,9.45 .66,9.45 z\" fill=\"#1f1f1e\" ><\/path><path d=\"m 26.96,13.67 18.37,9.62 -18.37,9.55 -0.00,-19.17 z\" fill=\"#fff\"><\/path><path d=\"M 45.02,23.46 45.32,23.28 26.96,13.67 43.32,22.34 45.02,23.46 z\" fill=\"#ccc\"><\/path><\/svg><\/div> <\/div> <\/div><div class=\"ultv-subscribe-bar ult-responsive\"  data-ultimate-target='.ult-video.ultv-576 .ultv-subscribe-bar'  data-responsive-json-new='{\"font-size\":\"\",\"line-height\":\"\"}'  style = \"color:#fff; background-color:#1b1b1b; \">\n\t\t\t\t<div class=\"ultv-subscribe-bar-prefix\" style=\"font-weight:normal;\">Subscribe to our YouTube Channel<\/div>\n\t\t\t\t<div class=\"ultv-subscribe-content\">\n\t\t\t\t\t<script src=\"https:\/\/apis.google.com\/js\/platform.js\"><\/script> <!-- Need to be enqueued from someplace else --><div class=\"g-ytsubscribe\" data-channelid=\"UCdaZpJ6Aql4hFcnLbtO_FGg\" data-count=\"hidden\"><\/div><\/div> <\/div><\/div><\/div>[\/vc_column_inner][vc_column_inner column_padding=&#8221;padding-5-percent&#8221; column_padding_tablet=&#8221;inherit&#8221; column_padding_phone=&#8221;inherit&#8221; column_padding_position=&#8221;left-right&#8221; column_element_direction_desktop=&#8221;default&#8221; column_element_spacing=&#8221;default&#8221; desktop_text_alignment=&#8221;default&#8221; tablet_text_alignment=&#8221;default&#8221; phone_text_alignment=&#8221;default&#8221; background_color_opacity=&#8221;1&#8243; background_hover_color_opacity=&#8221;1&#8243; column_backdrop_filter=&#8221;none&#8221; column_shadow=&#8221;none&#8221; column_border_radius=&#8221;none&#8221; column_link_target=&#8221;_self&#8221; overflow=&#8221;visible&#8221; gradient_direction=&#8221;left_to_right&#8221; overlay_strength=&#8221;0.3&#8243; width=&#8221;1\/2&#8243; tablet_width_inherit=&#8221;default&#8221; animation_type=&#8221;default&#8221; bg_image_animation=&#8221;none&#8221; border_type=&#8221;simple&#8221; column_border_width=&#8221;none&#8221; column_border_style=&#8221;solid&#8221; column_padding_type=&#8221;default&#8221; gradient_type=&#8221;default&#8221;][nectar_responsive_text inherited_font_style=&#8221;default&#8221; text_color=&#8221;#ffffff&#8221; text_direction=&#8221;default&#8221; font_size_desktop=&#8221;25&#8243;]\n<h2>Matowe mleczko piel\u0119gnacyjne do sk\u00f3ry samochodowej<\/h2>\n[\/nectar_responsive_text][vc_column_text css=&#8221;&#8221; text_direction=&#8221;default&#8221;]\n<p data-start=\"347\" data-end=\"688\"><strong>Good Stuff Leather Milk<\/strong> to <strong data-start=\"374\" data-end=\"428\">od\u017cywcza formu\u0142a do piel\u0119gnacji sk\u00f3ry samochodowej<\/strong>, zaprojektowana z my\u015bl\u0105 o zachowaniu jej naturalnego, matowego wygl\u0105du. W przeciwie\u0144stwie do b\u0142yszcz\u0105cych impregnat\u00f3w, nie pozostawia t\u0142ustych \u015blad\u00f3w \u2013 zapewnia subtelne, fabryczne wyko\u0144czenie i skuteczn\u0105 ochron\u0119 przed p\u0119kaniem, sztywnieniem oraz wysychaniem.<\/p>\n<p data-start=\"690\" data-end=\"952\">Wzbogacona o kondycjonuj\u0105ce sk\u0142adniki i przyjemny <strong data-start=\"740\" data-end=\"759\">sk\u00f3rzany zapach<\/strong>, Leather Milk g\u0142\u0119boko od\u017cywia i zabezpiecza sk\u00f3r\u0119 przed wp\u0142ywem promieniowania UV oraz codziennym zu\u017cyciem. To idealne rozwi\u0105zanie do regularnej konserwacji wn\u0119trz \u2013 bez niepo\u017c\u0105danego po\u0142ysku.<\/p>\n<hr data-start=\"954\" data-end=\"957\" \/>\n<h3 data-start=\"959\" data-end=\"1000\">\u2705 <strong data-start=\"965\" data-end=\"998\">Kluczowe cechy:<\/strong><\/h3>\n<ul data-start=\"1001\" data-end=\"1376\">\n<li data-start=\"1001\" data-end=\"1066\">\n<p data-start=\"1003\" data-end=\"1066\"><strong data-start=\"1006\" data-end=\"1033\">Naturalny, matowy efekt<\/strong> \u2013 przywraca wygl\u0105d nowej sk\u00f3ry<\/p>\n<\/li>\n<li data-start=\"1067\" data-end=\"1135\">\n<p data-start=\"1069\" data-end=\"1135\"><strong data-start=\"1072\" data-end=\"1095\">G\u0142\u0119boka piel\u0119gnacja<\/strong> \u2013 chroni przed wysuszaniem i p\u0119kaniem<\/p>\n<\/li>\n<li data-start=\"1136\" data-end=\"1197\">\n<p data-start=\"1138\" data-end=\"1197\"><strong data-start=\"1141\" data-end=\"1162\">Niet\u0142usta formu\u0142a<\/strong> \u2013 nie pozostawia smug ani \u015blad\u00f3w<\/p>\n<\/li>\n<li data-start=\"1198\" data-end=\"1264\">\n<p data-start=\"1200\" data-end=\"1264\"><strong data-start=\"1203\" data-end=\"1235\">Wyrafinowany sk\u00f3rzany zapach<\/strong><\/p>\n<\/li>\n<li data-start=\"1198\" data-end=\"1264\">\n<p data-start=\"1200\" data-end=\"1264\"><strong data-start=\"1270\" data-end=\"1289\">\u0141atwa aplikacja<\/strong> \u2013 za pomoc\u0105 g\u0105bki lub mikrofibry<\/p>\n<\/li>\n<li data-start=\"1325\" data-end=\"1376\">\n<p data-start=\"1327\" data-end=\"1376\">\u00a0Dost\u0119pne pojemno\u015bci: 250 ml, 500 ml, 1000 ml<\/p>\n<\/li>\n<\/ul>\n<hr data-start=\"1378\" data-end=\"1381\" \/>\n<h3 data-start=\"1383\" data-end=\"1419\"><strong data-start=\"1390\" data-end=\"1417\">Jak u\u017cywa\u0107:<\/strong><\/h3>\n<ol data-start=\"1420\" data-end=\"1677\">\n<li data-start=\"1420\" data-end=\"1460\">\n<p data-start=\"1423\" data-end=\"1460\">Oczy\u015b\u0107 i odt\u0142u\u015b\u0107 powierzchni\u0119 sk\u00f3ry<\/p>\n<\/li>\n<li data-start=\"1461\" data-end=\"1532\">\n<p data-start=\"1464\" data-end=\"1532\">Na\u0142\u00f3\u017c niewielk\u0105 ilo\u015b\u0107 produktu na aplikator z mikrofibry lub g\u0105bk\u0119<\/p>\n<\/li>\n<li data-start=\"1533\" data-end=\"1576\">\n<p data-start=\"1536\" data-end=\"1576\">R\u00f3wnomiernie rozprowad\u017a na powierzchni<\/p>\n<\/li>\n<li data-start=\"1577\" data-end=\"1637\">\n<p data-start=\"1580\" data-end=\"1637\">Pozostaw do wch\u0142oni\u0119cia i wyschni\u0119cia przez 40\u201360 minut<\/p>\n<\/li>\n<li data-start=\"1638\" data-end=\"1677\">\n<p data-start=\"1641\" data-end=\"1677\">W razie potrzeby na\u0142\u00f3\u017c drug\u0105 warstw\u0119<\/p>\n<\/li>\n<\/ol>\n<p data-start=\"1679\" data-end=\"1778\">\u26a0\ufe0f Nie stosowa\u0107 na nubuk, zamsz i sk\u00f3ry olejowane. Zawsze wykonaj pr\u00f3b\u0119 na niewidocznym fragmencie.<\/p>\n<hr data-start=\"1780\" data-end=\"1783\" \/>\n<h3 data-start=\"1785\" data-end=\"1832\">\u2753 <strong data-start=\"1791\" data-end=\"1830\">Dlaczego warto u\u017cywa\u0107 Leather Milk?<\/strong><\/h3>\n<p data-start=\"1833\" data-end=\"2183\">Sk\u00f3ra w samochodzie wymaga systematycznej piel\u0119gnacji \u2013 szczeg\u00f3lnie w warunkach zmiennych temperatur i ekspozycji na s\u0142o\u0144ce. <strong data-start=\"1958\" data-end=\"1985\">Good Stuff Leather Milk<\/strong> chroni j\u0105 przed przesuszeniem, zapobiega mikrop\u0119kni\u0119ciom i pomaga utrzyma\u0107 oryginaln\u0105 mi\u0119kko\u015b\u0107. To najlepszy wyb\u00f3r dla os\u00f3b, kt\u00f3re chc\u0105 zachowa\u0107 <strong data-start=\"2131\" data-end=\"2182\">autentyczny wygl\u0105d sk\u00f3ry bez sztucznego po\u0142ysku<\/strong>.<\/p>\n<p data-start=\"2185\" data-end=\"2241\" data-is-last-node=\"\" data-is-only-node=\"\"><strong data-start=\"2188\" data-end=\"2241\" data-is-last-node=\"\">Leather Milk \u2013 dyskretna elegancja, kt\u00f3ra dzia\u0142a.<\/strong><\/p>\n[\/vc_column_text][nectar_cta btn_style=&#8221;basic&#8221; heading_tag=&#8221;h6&#8243; border_radius=&#8221;10&#8243; button_color=&#8221;default&#8221; text_color=&#8221;#fbb921&#8243; text_color_hover=&#8221;#ffffff&#8221; button_border_color=&#8221;#fbb921&#8243; button_border_color_hover=&#8221;#ffffff&#8221; button_border_thickness=&#8221;4px&#8221; link_type=&#8221;regular&#8221; alignment=&#8221;center&#8221; alignment_tablet=&#8221;default&#8221; alignment_phone=&#8221;default&#8221; constrain_group_3=&#8221;yes&#8221; display=&#8221;block&#8221; display_tablet=&#8221;inherit&#8221; display_phone=&#8221;inherit&#8221; icon_family=&#8221;linecons&#8221; class=&#8221;buy-button&#8221; font_size_desktop=&#8221;20&#8243; link_text=&#8221;Kupuj w Autoryzowanych Sklepach&#8221; padding_top=&#8221;11&#8243; padding_bottom=&#8221;11&#8243; padding_left=&#8221;11&#8243; padding_right=&#8221;11&#8243; icon_linecons=&#8221;vc_li vc_li-star&#8221; font_size_phone=&#8221;1rem&#8221;][vc_column_text css=&#8221;&#8221; text_direction=&#8221;default&#8221;]\n<div class=\"ws-nav\" style=\"text-align: center;\"><a class=\"ws-nav__btn ws-nav__btn--prev\" href=\"https:\/\/goodstuff.com.pl\/pl\/produkty\/produkty-wnetrze\/leather-cleaner\/\">\u2190 POPRZEDNI <\/a><br \/>\n<a class=\"ws-nav__btn ws-nav__btn--next\" href=\"https:\/\/goodstuff.com.pl\/pl\/produkty\/produkty-wnetrze\/apc\/\">NAST\u0118PNY\u2192<\/a><\/div>\n[\/vc_column_text][\/vc_column_inner][\/vc_row_inner][\/vc_column][\/vc_row]\n","protected":false},"excerpt":{"rendered":"<p>[vc_row type=&#8221;full_width_background&#8221; full_screen_row_position=&#8221;middle&#8221; column_margin=&#8221;default&#8221; column_direction=&#8221;default&#8221; column_direction_tablet=&#8221;default&#8221; column_direction_phone=&#8221;default&#8221; bg_color=&#8221;#212121&#8243; bg_image=&#8221;28949&#8243; bg_position=&#8221;center top&#8221; background_image_loading=&#8221;lazy-load&#8221; bg_repeat=&#8221;no-repeat&#8221; scene_position=&#8221;center&#8221; top_padding=&#8221;4%&#8221; bottom_padding=&#8221;6%&#8221; text_color=&#8221;light&#8221; text_align=&#8221;left&#8221; row_border_radius=&#8221;none&#8221; row_border_radius_applies=&#8221;bg&#8221; overflow=&#8221;visible&#8221; color_overlay=&#8221;#212121&#8243; overlay_strength=&#8221;0.8&#8243; gradient_direction=&#8221;left_to_right&#8221; shape_divider_position=&#8221;bottom&#8221; bg_image_animation=&#8221;none&#8221; parallax_bg=&#8221;true&#8221; parallax_bg_speed=&#8221;fast&#8221; shape_type=&#8221;&#8221; gradient_type=&#8221;default&#8221;][vc_column&#8230;<\/p>\n","protected":false},"author":1,"featured_media":28046,"parent":29444,"menu_order":0,"comment_status":"closed","ping_status":"closed","template":"","meta":{"footnotes":""},"class_list":["post-29465","page","type-page","status-publish","has-post-thumbnail"],"publishpress_future_action":{"enabled":false,"date":"2026-04-15 15:52:18","action":"change-status","newStatus":"draft","terms":[],"taxonomy":"translation_priority","extraData":[]},"publishpress_future_workflow_manual_trigger":{"enabledWorkflows":[]},"_links":{"self":[{"href":"https:\/\/goodstuff.com.pl\/pl\/wp-json\/wp\/v2\/pages\/29465","targetHints":{"allow":["GET"]}}],"collection":[{"href":"https:\/\/goodstuff.com.pl\/pl\/wp-json\/wp\/v2\/pages"}],"about":[{"href":"https:\/\/goodstuff.com.pl\/pl\/wp-json\/wp\/v2\/types\/page"}],"author":[{"embeddable":true,"href":"https:\/\/goodstuff.com.pl\/pl\/wp-json\/wp\/v2\/users\/1"}],"replies":[{"embeddable":true,"href":"https:\/\/goodstuff.com.pl\/pl\/wp-json\/wp\/v2\/comments?post=29465"}],"version-history":[{"count":7,"href":"https:\/\/goodstuff.com.pl\/pl\/wp-json\/wp\/v2\/pages\/29465\/revisions"}],"predecessor-version":[{"id":33916,"href":"https:\/\/goodstuff.com.pl\/pl\/wp-json\/wp\/v2\/pages\/29465\/revisions\/33916"}],"up":[{"embeddable":true,"href":"https:\/\/goodstuff.com.pl\/pl\/wp-json\/wp\/v2\/pages\/29444"}],"wp:featuredmedia":[{"embeddable":true,"href":"https:\/\/goodstuff.com.pl\/pl\/wp-json\/wp\/v2\/media\/28046"}],"wp:attachment":[{"href":"https:\/\/goodstuff.com.pl\/pl\/wp-json\/wp\/v2\/media?parent=29465"}],"curies":[{"name":"wp","href":"https:\/\/api.w.org\/{rel}","templated":true}]}}