{"id":29469,"date":"2025-05-27T14:09:03","date_gmt":"2025-05-27T12:09:03","guid":{"rendered":""},"modified":"2026-03-27T08:43:36","modified_gmt":"2026-03-27T07:43:36","slug":"aqua-soft-shampoo","status":"publish","type":"page","link":"https:\/\/goodstuff.com.pl\/pl\/produkty\/passion-line\/aqua-soft-shampoo\/","title":{"rendered":"Aqua Soft Shampoo &#8211; szampon samochodowy zmi\u0119kczaj\u0105cy wod\u0119 o neutralnym pH | Good Stuff"},"content":{"rendered":"[vc_row type=&#8221;full_width_background&#8221; full_screen_row_position=&#8221;middle&#8221; column_margin=&#8221;default&#8221; column_direction=&#8221;default&#8221; column_direction_tablet=&#8221;default&#8221; column_direction_phone=&#8221;default&#8221; bg_color=&#8221;#212121&#8243; bg_image=&#8221;27391&#8243; bg_position=&#8221;left top&#8221; background_image_loading=&#8221;lazy-load&#8221; bg_repeat=&#8221;no-repeat&#8221; scene_position=&#8221;center&#8221; top_padding=&#8221;4%&#8221; bottom_padding=&#8221;6%&#8221; text_color=&#8221;light&#8221; text_align=&#8221;left&#8221; row_border_radius=&#8221;none&#8221; row_border_radius_applies=&#8221;bg&#8221; overflow=&#8221;visible&#8221; color_overlay=&#8221;#212121&#8243; overlay_strength=&#8221;0.8&#8243; gradient_direction=&#8221;left_to_right&#8221; shape_divider_position=&#8221;bottom&#8221; bg_image_animation=&#8221;none&#8221; parallax_bg=&#8221;true&#8221; parallax_bg_speed=&#8221;fast&#8221; shape_type=&#8221;&#8221; gradient_type=&#8221;default&#8221;][vc_column column_padding=&#8221;no-extra-padding&#8221; column_padding_tablet=&#8221;inherit&#8221; column_padding_phone=&#8221;inherit&#8221; column_padding_position=&#8221;all&#8221; column_element_direction_desktop=&#8221;default&#8221; column_element_spacing=&#8221;default&#8221; desktop_text_alignment=&#8221;default&#8221; tablet_text_alignment=&#8221;default&#8221; phone_text_alignment=&#8221;default&#8221; background_color_opacity=&#8221;1&#8243; background_hover_color_opacity=&#8221;1&#8243; column_backdrop_filter=&#8221;none&#8221; column_shadow=&#8221;none&#8221; column_border_radius=&#8221;none&#8221; column_link_target=&#8221;_self&#8221; column_position=&#8221;default&#8221; gradient_direction=&#8221;left_to_right&#8221; overlay_strength=&#8221;0.3&#8243; width=&#8221;1\/1&#8243; tablet_width_inherit=&#8221;default&#8221; animation_type=&#8221;default&#8221; bg_image_animation=&#8221;none&#8221; border_type=&#8221;simple&#8221; column_border_width=&#8221;none&#8221; column_border_style=&#8221;solid&#8221;][nectar_highlighted_text text_color=&#8221;#ff7070&#8243; style=&#8221;text_outline&#8221; outline_thickness=&#8221;extra_thick&#8221; text_direction=&#8221;default&#8221; custom_font_size=&#8221;3vw&#8221;]\n<h1 data-product-id=\"109\">Szampon <em>AQUA SOFT<\/em> &#8211; szampon samochodowy klasy premium<\/h1>\n[\/nectar_highlighted_text][vc_row_inner column_margin=&#8221;30px&#8221; column_direction=&#8221;default&#8221; column_direction_tablet=&#8221;default&#8221; column_direction_phone=&#8221;default&#8221; text_align=&#8221;left&#8221; row_position=&#8221;default&#8221; row_position_tablet=&#8221;inherit&#8221; row_position_phone=&#8221;inherit&#8221; overflow=&#8221;visible&#8221; pointer_events=&#8221;all&#8221;][vc_column_inner column_padding=&#8221;no-extra-padding&#8221; column_padding_tablet=&#8221;inherit&#8221; column_padding_phone=&#8221;inherit&#8221; column_padding_position=&#8221;all&#8221; column_element_direction_desktop=&#8221;default&#8221; column_element_spacing=&#8221;default&#8221; desktop_text_alignment=&#8221;default&#8221; tablet_text_alignment=&#8221;default&#8221; phone_text_alignment=&#8221;default&#8221; background_color_opacity=&#8221;1&#8243; background_hover_color_opacity=&#8221;1&#8243; column_backdrop_filter=&#8221;none&#8221; column_shadow=&#8221;none&#8221; column_border_radius=&#8221;none&#8221; column_link_target=&#8221;_self&#8221; overflow=&#8221;visible&#8221; gradient_direction=&#8221;left_to_right&#8221; overlay_strength=&#8221;0.3&#8243; width=&#8221;1\/2&#8243; tablet_width_inherit=&#8221;default&#8221; animation_type=&#8221;default&#8221; bg_image_animation=&#8221;none&#8221; border_type=&#8221;simple&#8221; column_border_width=&#8221;none&#8221; column_border_style=&#8221;solid&#8221;][nectar_cta btn_style=&#8221;basic&#8221; heading_tag=&#8221;h6&#8243; border_radius=&#8221;10&#8243; button_color=&#8221;default&#8221; text_color=&#8221;#fbb921&#8243; text_color_hover=&#8221;#ffffff&#8221; button_border_color=&#8221;#fbb921&#8243; button_border_color_hover=&#8221;#ffffff&#8221; button_border_thickness=&#8221;4px&#8221; link_type=&#8221;regular&#8221; alignment=&#8221;center&#8221; alignment_tablet=&#8221;default&#8221; alignment_phone=&#8221;default&#8221; constrain_group_3=&#8221;yes&#8221; display=&#8221;block&#8221; display_tablet=&#8221;inherit&#8221; display_phone=&#8221;inherit&#8221; icon_family=&#8221;linecons&#8221; class=&#8221;buy-button&#8221; font_size_desktop=&#8221;20&#8243; link_text=&#8221;Kupuj w Autoryzowanych Sklepach&#8221; padding_top=&#8221;11&#8243; padding_bottom=&#8221;11&#8243; padding_left=&#8221;11&#8243; padding_right=&#8221;11&#8243; icon_linecons=&#8221;vc_li vc_li-star&#8221; font_size_phone=&#8221;1rem&#8221;][vc_gallery css=&#8221;&#8221; type=&#8221;image_grid&#8221; images=&#8221;28361,28390,28394,28400&#8243; image_grid_loading=&#8221;lazy-load&#8221; layout=&#8221;2&#8243; item_spacing=&#8221;5px&#8221; gallery_style=&#8221;5&#8243; load_in_animation=&#8221;none&#8221; img_size=&#8221;full&#8221;][vc_column_text css=&#8221;&#8221; text_direction=&#8221;default&#8221;]\n<hr>\n<h3 class=\"\" data-start=\"2075\" data-end=\"2133\">\u2753 Dlaczego warto u\u017cywa\u0107 szamponu zmi\u0119kczaj\u0105cego wod\u0119 do detailingu samochodowego?<\/h3>\n<p class=\"\" data-start=\"2135\" data-end=\"2437\"><strong data-start=\"2135\" data-end=\"2263\">Na obszarach z tward\u0105 wod\u0105, minera\u0142y takie jak wap\u0144 i magnez mog\u0105 pozostawia\u0107 plamy i smugi po sp\u0142ukaniu &#8211; nawet na lakierowanych samochodach.<\/strong> Aqua Soft Shampoo zmi\u0119kcza wod\u0119, pomagaj\u0105c <strong data-start=\"2312\" data-end=\"2364\">zredukowa\u0107 osady i u\u0142atwiaj\u0105c suszenie<\/strong>, co jest szczeg\u00f3lnie cenne w ciep\u0142ym klimacie lub w przypadku wysokiej klasy wyko\u0144cze\u0144.<\/p>\n<p data-start=\"2135\" data-end=\"2437\"><strong data-start=\"2003\" data-end=\"2040\">Chcesz opanowa\u0107 swoj\u0105 technik\u0119?<\/strong><br data-start=\"2040\" data-end=\"2043\">\ud83d\udc49 <a href=\"https:\/\/goodstuff.com.pl\/pl\/jak-zapobiegac-powstawaniu-plam-z-wody-na-samochodzie\/\">Przeczytaj nasz pe\u0142ny poradnik Jak zapobiega\u0107 powstawaniu plam z wody na samochodzie \u2192<\/a><\/p>\n[\/vc_column_text][\/vc_column_inner][vc_column_inner column_padding=&#8221;padding-5-percent&#8221; column_padding_tablet=&#8221;inherit&#8221; column_padding_phone=&#8221;inherit&#8221; column_padding_position=&#8221;left-right&#8221; column_element_direction_desktop=&#8221;default&#8221; column_element_spacing=&#8221;default&#8221; desktop_text_alignment=&#8221;default&#8221; tablet_text_alignment=&#8221;default&#8221; phone_text_alignment=&#8221;default&#8221; background_color_opacity=&#8221;1&#8243; background_hover_color_opacity=&#8221;1&#8243; column_backdrop_filter=&#8221;none&#8221; column_shadow=&#8221;none&#8221; column_border_radius=&#8221;none&#8221; column_link_target=&#8221;_self&#8221; overflow=&#8221;visible&#8221; gradient_direction=&#8221;left_to_right&#8221; overlay_strength=&#8221;0.3&#8243; width=&#8221;1\/2&#8243; tablet_width_inherit=&#8221;default&#8221; animation_type=&#8221;default&#8221; bg_image_animation=&#8221;none&#8221; border_type=&#8221;simple&#8221; column_border_width=&#8221;none&#8221; column_border_style=&#8221;solid&#8221; column_padding_type=&#8221;default&#8221; gradient_type=&#8221;default&#8221;][vc_column_text css=&#8221;&#8221; text_direction=&#8221;default&#8221;]\n<h2>Szampon o neutralnym pH, kt\u00f3ry redukuje plamy wodne<\/h2>\n[\/vc_column_text][vc_column_text css=&#8221;&#8221; text_direction=&#8221;default&#8221;]\n<p class=\"\" data-start=\"575\" data-end=\"928\"><strong data-start=\"575\" data-end=\"607\">Good Stuff Aqua Soft Shampoo<\/strong> to <strong data-start=\"613\" data-end=\"647\">specjalistyczny szampon o neutralnym pH<\/strong> z linii PASSION, opracowany w celu zminimalizowania <strong data-start=\"691\" data-end=\"706\">plam z wody<\/strong> i usprawnienia procesu mycia &#8211; szczeg\u00f3lnie latem lub przy u\u017cyciu twardej wody. Jego starannie dobrane sk\u0142adniki <strong data-start=\"825\" data-end=\"854\">zmi\u0119kczaj\u0105 wod\u0119 nawet o 50%<\/strong>, pomagaj\u0105c zapobiega\u0107 gromadzeniu si\u0119 minera\u0142\u00f3w i pozostawiaj\u0105c samoch\u00f3d czystszym, szybciej.<\/p>\n<p class=\"\" data-start=\"930\" data-end=\"1230\">Bezpieczny dla <strong data-start=\"939\" data-end=\"1018\">powierzchni lakierowanych, PPF, chromu, pow\u0142ok ceramicznych, wosk\u00f3w i quick detailer\u00f3w<\/strong>, szampon ten zapewnia <strong data-start=\"1042\" data-end=\"1067\">doskona\u0142e smarowanie<\/strong> przy jednoczesnym zachowaniu bezpiecze\u0144stwa powierzchni. Jego g\u0119sta, ale \u0142atwa w dozowaniu formu\u0142a \u0142atwo si\u0119 pieni, szybko sp\u0142ukuje i zmniejsza ryzyko mikrozarysowa\u0144, minimalizuj\u0105c tarcie.<\/p>\n<p class=\"\" data-start=\"1232\" data-end=\"1408\">Szampon Aqua Soft to idealne rozwi\u0105zanie do prania w <strong data-start=\"1289\" data-end=\"1335\">wysokich temperaturach lub w nieoptymalnych warunkach<\/strong>, o <strong data-start=\"1344\" data-end=\"1377\">przyjemnym zapachu cukierk\u00f3w Cola<\/strong>, kt\u00f3ry zwi\u0119ksza komfort u\u017cytkowania.<\/p>\n<h3 class=\"\" data-start=\"1410\" data-end=\"1429\">\u2705 Kluczowe cechy:<\/h3>\n<ul data-start=\"1430\" data-end=\"1791\">\n<li class=\"\" data-start=\"1430\" data-end=\"1491\">\n<p class=\"\" data-start=\"1432\" data-end=\"1491\"><strong data-start=\"1432\" data-end=\"1449\">Zmi\u0119kcza wod\u0119<\/strong> &#8211; redukuje osady mineralne nawet o 50%.<\/p>\n<\/li>\n<li class=\"\" data-start=\"1492\" data-end=\"1563\">\n<p class=\"\" data-start=\"1494\" data-end=\"1563\"><strong data-start=\"1494\" data-end=\"1519\">Minimalizuje powstawanie plam z wody<\/strong>, szczeg\u00f3lnie latem lub w obszarach z tward\u0105 wod\u0105<\/p>\n<\/li>\n<li class=\"\" data-start=\"1564\" data-end=\"1623\">\n<p class=\"\" data-start=\"1566\" data-end=\"1623\"><strong data-start=\"1566\" data-end=\"1621\">Bezpieczny dla pow\u0142ok, wosk\u00f3w, PPF, chromu i tworzyw sztucznych<\/strong><\/p>\n<\/li>\n<li class=\"\" data-start=\"1624\" data-end=\"1669\">\n<p class=\"\" data-start=\"1626\" data-end=\"1669\"><strong data-start=\"1626\" data-end=\"1667\">pH neutralne i delikatne dla wszystkich powierzchni<\/strong><\/p>\n<\/li>\n<li class=\"\" data-start=\"1670\" data-end=\"1712\">\n<p class=\"\" data-start=\"1672\" data-end=\"1712\"><strong data-start=\"1672\" data-end=\"1710\">Formu\u0142a o wysokiej g\u0119sto\u015bci, \u0142atwa do sp\u0142ukania<\/strong><\/p>\n<\/li>\n<li class=\"\" data-start=\"1713\" data-end=\"1746\">\n<p class=\"\" data-start=\"1715\" data-end=\"1746\"><strong data-start=\"1715\" data-end=\"1744\">Przyjemny zapach cukierk\u00f3w Cola<\/strong><\/p>\n<\/li>\n<li class=\"\" data-start=\"1747\" data-end=\"1791\">\n<p class=\"\" data-start=\"1749\" data-end=\"1791\"><strong data-start=\"1749\" data-end=\"1791\">Dost\u0119pne w pojemno\u015bciach 500 ml, 1000 ml i 5000 ml<\/strong><\/p>\n<\/li>\n<\/ul>\n<hr class=\"\" data-start=\"1793\" data-end=\"1796\">\n<h3 class=\"\" data-start=\"1798\" data-end=\"1813\">Jak u\u017cywa\u0107:<\/h3>\n<ol data-start=\"1814\" data-end=\"2068\">\n<li class=\"\" data-start=\"1814\" data-end=\"1861\">\n<p class=\"\" data-start=\"1817\" data-end=\"1861\">Sp\u0142uka\u0107 pojazd wod\u0105 pod wysokim ci\u015bnieniem<\/p>\n<\/li>\n<li class=\"\" data-start=\"1862\" data-end=\"1926\">\n<p class=\"\" data-start=\"1865\" data-end=\"1926\">Wla\u0107 <strong data-start=\"1870\" data-end=\"1882\">20-50 ml<\/strong> szamponu na 10 l wody do wiadra.<\/p>\n<\/li>\n<li class=\"\" data-start=\"1927\" data-end=\"1971\">\n<p class=\"\" data-start=\"1930\" data-end=\"1971\">Tworzenie piany przy u\u017cyciu silnego strumienia wody<\/p>\n<\/li>\n<li class=\"\" data-start=\"1972\" data-end=\"2030\">\n<p class=\"\" data-start=\"1975\" data-end=\"2030\">Umyj samoch\u00f3d od g\u00f3ry do do\u0142u za pomoc\u0105 r\u0119kawicy lub g\u0105bki.<\/p>\n<\/li>\n<li class=\"\" data-start=\"2031\" data-end=\"2068\">\n<p class=\"\" data-start=\"2034\" data-end=\"2068\">Dok\u0142adnie sp\u0142uka\u0107 i osuszy\u0107 samoch\u00f3d<\/p>\n<\/li>\n<\/ol>\n<hr class=\"\" data-start=\"2439\" data-end=\"2442\">\n<p class=\"\" data-start=\"2444\" data-end=\"2600\"><strong data-start=\"2444\" data-end=\"2600\">Aqua Soft Shampoo oferuje bezpieczne mycie o wysokiej smarowno\u015bci z zaawansowanym zmi\u0119kczaniem wody &#8211; zaprojektowane z my\u015bl\u0105 o rzeczywistych warunkach, z kt\u00f3rymi detailerzy maj\u0105 do czynienia ka\u017cdego dnia.<\/strong><\/p>\n[\/vc_column_text][nectar_cta btn_style=&#8221;basic&#8221; heading_tag=&#8221;h6&#8243; border_radius=&#8221;10&#8243; button_color=&#8221;default&#8221; text_color=&#8221;#fbb921&#8243; text_color_hover=&#8221;#ffffff&#8221; button_border_color=&#8221;#fbb921&#8243; button_border_color_hover=&#8221;#ffffff&#8221; button_border_thickness=&#8221;4px&#8221; link_type=&#8221;regular&#8221; alignment=&#8221;center&#8221; alignment_tablet=&#8221;default&#8221; alignment_phone=&#8221;default&#8221; constrain_group_3=&#8221;yes&#8221; display=&#8221;block&#8221; display_tablet=&#8221;inherit&#8221; display_phone=&#8221;inherit&#8221; icon_family=&#8221;linecons&#8221; class=&#8221;buy-button&#8221; font_size_desktop=&#8221;20&#8243; link_text=&#8221;Kupuj w Autoryzowanych Sklepach&#8221; padding_top=&#8221;11&#8243; padding_bottom=&#8221;11&#8243; padding_left=&#8221;11&#8243; padding_right=&#8221;11&#8243; icon_linecons=&#8221;vc_li vc_li-star&#8221; font_size_phone=&#8221;1rem&#8221;][vc_column_text css=&#8221;&#8221; text_direction=&#8221;default&#8221;]\n<div class=\"ws-nav\" style=\"text-align: center;\"><a class=\"ws-nav__btn ws-nav__btn--prev\" href=\"https:\/\/goodstuff.com.pl\/pl\/produkty\/passion-line\/glass-cleaner-supreme\/\">\u2190 POPRZEDNI <\/a><br \/>\n<a class=\"ws-nav__btn ws-nav__btn--next\" href=\"https:\/\/goodstuff.com.pl\/pl\/produkty\/passion-line\/leather-detailer\/\">NAST\u0118PNY\u2192<\/a><\/div>\n[\/vc_column_text][\/vc_column_inner][\/vc_row_inner][\/vc_column][\/vc_row]\n","protected":false},"excerpt":{"rendered":"<p>[vc_row type=&#8221;full_width_background&#8221; full_screen_row_position=&#8221;middle&#8221; column_margin=&#8221;default&#8221; column_direction=&#8221;default&#8221; column_direction_tablet=&#8221;default&#8221; column_direction_phone=&#8221;default&#8221; bg_color=&#8221;#212121&#8243; bg_image=&#8221;27391&#8243; bg_position=&#8221;left top&#8221; background_image_loading=&#8221;lazy-load&#8221; bg_repeat=&#8221;no-repeat&#8221; scene_position=&#8221;center&#8221; top_padding=&#8221;4%&#8221; bottom_padding=&#8221;6%&#8221; text_color=&#8221;light&#8221; text_align=&#8221;left&#8221; row_border_radius=&#8221;none&#8221; row_border_radius_applies=&#8221;bg&#8221; overflow=&#8221;visible&#8221; color_overlay=&#8221;#212121&#8243; overlay_strength=&#8221;0.8&#8243; gradient_direction=&#8221;left_to_right&#8221; shape_divider_position=&#8221;bottom&#8221; bg_image_animation=&#8221;none&#8221; parallax_bg=&#8221;true&#8221; parallax_bg_speed=&#8221;fast&#8221; shape_type=&#8221;&#8221; gradient_type=&#8221;default&#8221;][vc_column&#8230;<\/p>\n","protected":false},"author":1,"featured_media":28363,"parent":29467,"menu_order":0,"comment_status":"closed","ping_status":"closed","template":"","meta":{"footnotes":""},"class_list":["post-29469","page","type-page","status-publish","has-post-thumbnail"],"publishpress_future_action":{"enabled":false,"date":"2026-04-14 12:27:43","action":"change-status","newStatus":"draft","terms":[],"taxonomy":"translation_priority","extraData":[]},"publishpress_future_workflow_manual_trigger":{"enabledWorkflows":[]},"_links":{"self":[{"href":"https:\/\/goodstuff.com.pl\/pl\/wp-json\/wp\/v2\/pages\/29469","targetHints":{"allow":["GET"]}}],"collection":[{"href":"https:\/\/goodstuff.com.pl\/pl\/wp-json\/wp\/v2\/pages"}],"about":[{"href":"https:\/\/goodstuff.com.pl\/pl\/wp-json\/wp\/v2\/types\/page"}],"author":[{"embeddable":true,"href":"https:\/\/goodstuff.com.pl\/pl\/wp-json\/wp\/v2\/users\/1"}],"replies":[{"embeddable":true,"href":"https:\/\/goodstuff.com.pl\/pl\/wp-json\/wp\/v2\/comments?post=29469"}],"version-history":[{"count":13,"href":"https:\/\/goodstuff.com.pl\/pl\/wp-json\/wp\/v2\/pages\/29469\/revisions"}],"predecessor-version":[{"id":33947,"href":"https:\/\/goodstuff.com.pl\/pl\/wp-json\/wp\/v2\/pages\/29469\/revisions\/33947"}],"up":[{"embeddable":true,"href":"https:\/\/goodstuff.com.pl\/pl\/wp-json\/wp\/v2\/pages\/29467"}],"wp:featuredmedia":[{"embeddable":true,"href":"https:\/\/goodstuff.com.pl\/pl\/wp-json\/wp\/v2\/media\/28363"}],"wp:attachment":[{"href":"https:\/\/goodstuff.com.pl\/pl\/wp-json\/wp\/v2\/media?parent=29469"}],"curies":[{"name":"wp","href":"https:\/\/api.w.org\/{rel}","templated":true}]}}