{"id":29475,"date":"2025-05-27T14:10:58","date_gmt":"2025-05-27T12:10:58","guid":{"rendered":""},"modified":"2026-03-27T08:51:11","modified_gmt":"2026-03-27T07:51:11","slug":"interior-detailer","status":"publish","type":"page","link":"https:\/\/goodstuff.com.pl\/pl\/produkty\/passion-line\/interior-detailer\/","title":{"rendered":"Interior Detailer \u2013 Quick Detailer do wn\u0119trz z ochron\u0105 UV | Good Stuff"},"content":{"rendered":"[vc_row type=&#8221;full_width_background&#8221; full_screen_row_position=&#8221;middle&#8221; column_margin=&#8221;default&#8221; column_direction=&#8221;default&#8221; column_direction_tablet=&#8221;default&#8221; column_direction_phone=&#8221;default&#8221; bg_color=&#8221;#212121&#8243; bg_image=&#8221;27391&#8243; bg_position=&#8221;left top&#8221; background_image_loading=&#8221;lazy-load&#8221; bg_repeat=&#8221;no-repeat&#8221; scene_position=&#8221;center&#8221; top_padding=&#8221;4%&#8221; bottom_padding=&#8221;6%&#8221; text_color=&#8221;light&#8221; text_align=&#8221;left&#8221; row_border_radius=&#8221;none&#8221; row_border_radius_applies=&#8221;bg&#8221; overflow=&#8221;visible&#8221; color_overlay=&#8221;#212121&#8243; overlay_strength=&#8221;0.8&#8243; gradient_direction=&#8221;left_to_right&#8221; shape_divider_position=&#8221;bottom&#8221; bg_image_animation=&#8221;none&#8221; parallax_bg=&#8221;true&#8221; parallax_bg_speed=&#8221;fast&#8221; shape_type=&#8221;&#8221; gradient_type=&#8221;default&#8221;][vc_column column_padding=&#8221;no-extra-padding&#8221; column_padding_tablet=&#8221;inherit&#8221; column_padding_phone=&#8221;inherit&#8221; column_padding_position=&#8221;all&#8221; column_element_direction_desktop=&#8221;default&#8221; column_element_spacing=&#8221;default&#8221; desktop_text_alignment=&#8221;default&#8221; tablet_text_alignment=&#8221;default&#8221; phone_text_alignment=&#8221;default&#8221; background_color_opacity=&#8221;1&#8243; background_hover_color_opacity=&#8221;1&#8243; column_backdrop_filter=&#8221;none&#8221; column_shadow=&#8221;none&#8221; column_border_radius=&#8221;none&#8221; column_link_target=&#8221;_self&#8221; column_position=&#8221;default&#8221; gradient_direction=&#8221;left_to_right&#8221; overlay_strength=&#8221;0.3&#8243; width=&#8221;1\/1&#8243; tablet_width_inherit=&#8221;default&#8221; animation_type=&#8221;default&#8221; bg_image_animation=&#8221;none&#8221; border_type=&#8221;simple&#8221; column_border_width=&#8221;none&#8221; column_border_style=&#8221;solid&#8221;][nectar_highlighted_text text_color=&#8221;#ff7070&#8243; style=&#8221;text_outline&#8221; outline_thickness=&#8221;extra_thick&#8221; text_direction=&#8221;default&#8221; custom_font_size=&#8221;3vw&#8221;]\n<h1 data-product-id=\"119\"><em>INTERIOR<\/em> Detailer &#8211; Uniwersalny \u015brodek do czyszczenia wn\u0119trz<\/h1>\n[\/nectar_highlighted_text][vc_row_inner column_margin=&#8221;30px&#8221; column_direction=&#8221;default&#8221; column_direction_tablet=&#8221;default&#8221; column_direction_phone=&#8221;default&#8221; text_align=&#8221;left&#8221; row_position=&#8221;default&#8221; row_position_tablet=&#8221;inherit&#8221; row_position_phone=&#8221;inherit&#8221; overflow=&#8221;visible&#8221; pointer_events=&#8221;all&#8221;][vc_column_inner column_padding=&#8221;no-extra-padding&#8221; column_padding_tablet=&#8221;inherit&#8221; column_padding_phone=&#8221;inherit&#8221; column_padding_position=&#8221;all&#8221; column_element_direction_desktop=&#8221;default&#8221; column_element_spacing=&#8221;default&#8221; desktop_text_alignment=&#8221;default&#8221; tablet_text_alignment=&#8221;default&#8221; phone_text_alignment=&#8221;default&#8221; background_color_opacity=&#8221;1&#8243; background_hover_color_opacity=&#8221;1&#8243; column_backdrop_filter=&#8221;none&#8221; column_shadow=&#8221;none&#8221; column_border_radius=&#8221;none&#8221; column_link_target=&#8221;_self&#8221; overflow=&#8221;visible&#8221; gradient_direction=&#8221;left_to_right&#8221; overlay_strength=&#8221;0.3&#8243; width=&#8221;1\/2&#8243; tablet_width_inherit=&#8221;default&#8221; animation_type=&#8221;default&#8221; bg_image_animation=&#8221;none&#8221; border_type=&#8221;simple&#8221; column_border_width=&#8221;none&#8221; column_border_style=&#8221;solid&#8221;][nectar_cta btn_style=&#8221;basic&#8221; heading_tag=&#8221;h6&#8243; border_radius=&#8221;10&#8243; button_color=&#8221;default&#8221; text_color=&#8221;#fbb921&#8243; text_color_hover=&#8221;#ffffff&#8221; button_border_color=&#8221;#fbb921&#8243; button_border_color_hover=&#8221;#ffffff&#8221; button_border_thickness=&#8221;4px&#8221; link_type=&#8221;regular&#8221; alignment=&#8221;center&#8221; alignment_tablet=&#8221;default&#8221; alignment_phone=&#8221;default&#8221; constrain_group_3=&#8221;yes&#8221; display=&#8221;block&#8221; display_tablet=&#8221;inherit&#8221; display_phone=&#8221;inherit&#8221; icon_family=&#8221;linecons&#8221; class=&#8221;buy-button&#8221; font_size_desktop=&#8221;20&#8243; link_text=&#8221;Kupuj w Autoryzowanych Sklepach&#8221; padding_top=&#8221;11&#8243; padding_bottom=&#8221;11&#8243; padding_left=&#8221;11&#8243; padding_right=&#8221;11&#8243; icon_linecons=&#8221;vc_li vc_li-star&#8221; font_size_phone=&#8221;1rem&#8221;][vc_gallery css=&#8221;&#8221; type=&#8221;image_grid&#8221; images=&#8221;28369,28417,28421,28425&#8243; image_grid_loading=&#8221;lazy-load&#8221; layout=&#8221;2&#8243; item_spacing=&#8221;5px&#8221; gallery_style=&#8221;5&#8243; load_in_animation=&#8221;none&#8221; img_size=&#8221;full&#8221;][vc_column_text css=&#8221;&#8221; text_direction=&#8221;default&#8221;]\n<hr \/>\n<h3 class=\"\" data-start=\"1810\" data-end=\"1887\">\u2753 Dlaczego warto u\u017cywa\u0107 Interior Detailer zamiast oddzielnego \u015brodka czyszcz\u0105cego i ochronnego?<\/h3>\n<p class=\"\" data-start=\"1889\" data-end=\"2125\"><strong data-start=\"1889\" data-end=\"1995\">Interior Detailer oszcz\u0119dza czas i zmniejsza zu\u017cycie produktu, \u0142\u0105cz\u0105c czyszczenie i ochron\u0119 w jednym kroku.<\/strong> Jest idealny do konserwacji mi\u0119dzy g\u0142\u0119bokimi czyszczeniami, pozostawiaj\u0105c powierzchnie czyste, matowe i chronione &#8211; bez potrzeby stosowania dodatkowego opatrunku.<\/p>\n[\/vc_column_text][\/vc_column_inner][vc_column_inner column_padding=&#8221;padding-5-percent&#8221; column_padding_tablet=&#8221;inherit&#8221; column_padding_phone=&#8221;inherit&#8221; column_padding_position=&#8221;left-right&#8221; column_element_direction_desktop=&#8221;default&#8221; column_element_spacing=&#8221;default&#8221; desktop_text_alignment=&#8221;default&#8221; tablet_text_alignment=&#8221;default&#8221; phone_text_alignment=&#8221;default&#8221; background_color_opacity=&#8221;1&#8243; background_hover_color_opacity=&#8221;1&#8243; column_backdrop_filter=&#8221;none&#8221; column_shadow=&#8221;none&#8221; column_border_radius=&#8221;none&#8221; column_link_target=&#8221;_self&#8221; overflow=&#8221;visible&#8221; gradient_direction=&#8221;left_to_right&#8221; overlay_strength=&#8221;0.3&#8243; width=&#8221;1\/2&#8243; tablet_width_inherit=&#8221;default&#8221; animation_type=&#8221;default&#8221; bg_image_animation=&#8221;none&#8221; border_type=&#8221;simple&#8221; column_border_width=&#8221;none&#8221; column_border_style=&#8221;solid&#8221; column_padding_type=&#8221;default&#8221; gradient_type=&#8221;default&#8221;][vc_column_text css=&#8221;&#8221; text_direction=&#8221;default&#8221;]\n<h2>Detailer do wn\u0119trz &#8211; czyszczenie i ochrona powierzchni wewn\u0119trznych w jednym kroku<\/h2>\n[\/vc_column_text][vc_column_text css=&#8221;&#8221; text_direction=&#8221;default&#8221;]\n<p class=\"\" data-start=\"568\" data-end=\"898\"><strong data-start=\"568\" data-end=\"600\">Good Stuff Interior Detailer<\/strong> to \u015brodek do <strong data-start=\"607\" data-end=\"634\">szybkiego detailingu wn\u0119trza<\/strong> z linii PASSION, przeznaczony do <strong data-start=\"670\" data-end=\"725\">czyszczenia i ochrony wszystkich powierzchni wewn\u0119trznych w jednym kroku<\/strong>. Bezpiecznie usuwa kurz i lekkie zabrudzenia, pozostawiaj\u0105c <strong data-start=\"788\" data-end=\"840\">hydrofobow\u0105, antystatyczn\u0105 i chroni\u0105c\u0105 przed promieniowaniem UV warstw\u0119 &#8211; idealn\u0105<\/strong>do piel\u0119gnacji plastiku, gumy, winylu i tapicerki.<\/p>\n<p class=\"\" data-start=\"900\" data-end=\"1202\">Ten produkt jest idealny dla detailer\u00f3w lub w\u0142a\u015bcicieli samochod\u00f3w, kt\u00f3rzy chc\u0105 <strong data-start=\"959\" data-end=\"992\">wydajno\u015bci bez kompromis\u00f3w<\/strong>, eliminuj\u0105c potrzeb\u0119 stosowania oddzielnego \u015brodka czyszcz\u0105cego i dressingu. Poprawia wygl\u0105d i dotyk wn\u0119trza, zapewniaj\u0105c jednocze\u015bnie prawdziw\u0105 ochron\u0119, a <strong data-start=\"1138\" data-end=\"1165\">elegancki m\u0119ski zapach<\/strong> dodaje wyrafinowania ca\u0142emu procesowi.<\/p>\n<h3 class=\"\" data-start=\"1204\" data-end=\"1223\">\u2705 Kluczowe cechy:<\/h3>\n<ul data-start=\"1224\" data-end=\"1623\">\n<li class=\"\" data-start=\"1224\" data-end=\"1280\">\n<p class=\"\" data-start=\"1226\" data-end=\"1280\"><strong data-start=\"1226\" data-end=\"1240\">Dwa w jednym<\/strong>: czy\u015bci i chroni w jednym kroku<\/p>\n<\/li>\n<li class=\"\" data-start=\"1281\" data-end=\"1341\">\n<p class=\"\" data-start=\"1283\" data-end=\"1341\"><strong data-start=\"1283\" data-end=\"1313\">Pozostawia hydrofobow\u0105 warstw\u0119<\/strong>, kt\u00f3ra odpycha kurz i brud.<\/p>\n<\/li>\n<li class=\"\" data-start=\"1342\" data-end=\"1398\">\n<p class=\"\" data-start=\"1344\" data-end=\"1398\"><strong data-start=\"1344\" data-end=\"1365\">Efekt antystatyczny<\/strong> zapewniaj\u0105cy d\u0142ugotrwa\u0142\u0105 czysto\u015b\u0107<\/p>\n<\/li>\n<li class=\"\" data-start=\"1399\" data-end=\"1451\">\n<p class=\"\" data-start=\"1401\" data-end=\"1451\"><strong data-start=\"1401\" data-end=\"1418\">Ochrona przed promieniowaniem UV<\/strong> zapobiega blakni\u0119ciu i p\u0119kaniu<\/p>\n<\/li>\n<li class=\"\" data-start=\"1452\" data-end=\"1520\">\n<p class=\"\" data-start=\"1454\" data-end=\"1520\"><strong data-start=\"1454\" data-end=\"1488\">Bezpieczny dla wszystkich materia\u0142\u00f3w wewn\u0119trznych<\/strong>: plastiku, winylu, gumy, tapicerki.<\/p>\n<\/li>\n<li class=\"\" data-start=\"1521\" data-end=\"1573\">\n<p class=\"\" data-start=\"1523\" data-end=\"1573\"><strong data-start=\"1523\" data-end=\"1571\">M\u0119ski zapach dla przyjemnej aplikacji<\/strong><\/p>\n<\/li>\n<li class=\"\" data-start=\"1574\" data-end=\"1623\">\n<p class=\"\" data-start=\"1576\" data-end=\"1623\"><strong data-start=\"1576\" data-end=\"1623\">Dost\u0119pne w rozmiarach 250 ml, 500 ml i 1000 ml<\/strong><\/p>\n<\/li>\n<\/ul>\n<hr class=\"\" data-start=\"1625\" data-end=\"1628\" \/>\n<h3 class=\"\" data-start=\"1630\" data-end=\"1645\">Jak u\u017cywa\u0107:<\/h3>\n<ol data-start=\"1646\" data-end=\"1803\">\n<li class=\"\" data-start=\"1646\" data-end=\"1696\">\n<p class=\"\" data-start=\"1649\" data-end=\"1696\">Rozpyl produkt na <strong data-start=\"1674\" data-end=\"1694\">r\u0119cznik z mikrofibry<\/strong><\/p>\n<\/li>\n<li class=\"\" data-start=\"1697\" data-end=\"1725\">\n<p class=\"\" data-start=\"1700\" data-end=\"1725\">R\u00f3wnomiernie wytrze\u0107 powierzchni\u0119<\/p>\n<\/li>\n<li class=\"\" data-start=\"1726\" data-end=\"1803\">\n<p class=\"\" data-start=\"1729\" data-end=\"1803\">Je\u015bli to konieczne, wyko\u0144cz <strong data-start=\"1757\" data-end=\"1784\">drug\u0105 czyst\u0105 mikrofibr\u0105<\/strong>, aby usun\u0105\u0107 nadmiar.<\/p>\n<\/li>\n<\/ol>\n<hr class=\"\" data-start=\"2127\" data-end=\"2130\" \/>\n<p class=\"\" data-start=\"2132\" data-end=\"2271\"><strong data-start=\"2132\" data-end=\"2271\">Interior Detailer to inteligentne rozwi\u0105zanie do skutecznej piel\u0119gnacji wn\u0119trza &#8211; czy\u015bci, chroni i od\u015bwie\u017ca ka\u017cd\u0105 powierzchni\u0119 za pomoc\u0105 jednego produktu premium.<\/strong><\/p>\n[\/vc_column_text][nectar_cta btn_style=&#8221;basic&#8221; heading_tag=&#8221;h6&#8243; border_radius=&#8221;10&#8243; button_color=&#8221;default&#8221; text_color=&#8221;#fbb921&#8243; text_color_hover=&#8221;#ffffff&#8221; button_border_color=&#8221;#fbb921&#8243; button_border_color_hover=&#8221;#ffffff&#8221; button_border_thickness=&#8221;4px&#8221; link_type=&#8221;regular&#8221; alignment=&#8221;center&#8221; alignment_tablet=&#8221;default&#8221; alignment_phone=&#8221;default&#8221; constrain_group_3=&#8221;yes&#8221; display=&#8221;block&#8221; display_tablet=&#8221;inherit&#8221; display_phone=&#8221;inherit&#8221; icon_family=&#8221;linecons&#8221; class=&#8221;buy-button&#8221; font_size_desktop=&#8221;20&#8243; link_text=&#8221;Kupuj w Autoryzowanych Sklepach&#8221; padding_top=&#8221;11&#8243; padding_bottom=&#8221;11&#8243; padding_left=&#8221;11&#8243; padding_right=&#8221;11&#8243; icon_linecons=&#8221;vc_li vc_li-star&#8221; font_size_phone=&#8221;1rem&#8221;][vc_column_text css=&#8221;&#8221; text_direction=&#8221;default&#8221;]\n<div class=\"ws-nav\" style=\"text-align: center;\"><a class=\"ws-nav__btn ws-nav__btn--prev\" href=\"https:\/\/goodstuff.com.pl\/pl\/produkty\/passion-line\/sio%e2%82%82-detailer\/\">\u2190 POPRZEDNI <\/a><br \/>\n<a class=\"ws-nav__btn ws-nav__btn--next\" href=\"https:\/\/goodstuff.com.pl\/pl\/produkty\/passion-line\/sio%e2%82%82-wax\/\">NAST\u0118PNY\u2192<\/a><\/div>\n[\/vc_column_text][\/vc_column_inner][\/vc_row_inner][\/vc_column][\/vc_row]\n","protected":false},"excerpt":{"rendered":"<p>[vc_row type=&#8221;full_width_background&#8221; full_screen_row_position=&#8221;middle&#8221; column_margin=&#8221;default&#8221; column_direction=&#8221;default&#8221; column_direction_tablet=&#8221;default&#8221; column_direction_phone=&#8221;default&#8221; bg_color=&#8221;#212121&#8243; bg_image=&#8221;27391&#8243; bg_position=&#8221;left top&#8221; background_image_loading=&#8221;lazy-load&#8221; bg_repeat=&#8221;no-repeat&#8221; scene_position=&#8221;center&#8221; top_padding=&#8221;4%&#8221; bottom_padding=&#8221;6%&#8221; text_color=&#8221;light&#8221; text_align=&#8221;left&#8221; row_border_radius=&#8221;none&#8221; row_border_radius_applies=&#8221;bg&#8221; overflow=&#8221;visible&#8221; color_overlay=&#8221;#212121&#8243; overlay_strength=&#8221;0.8&#8243; gradient_direction=&#8221;left_to_right&#8221; shape_divider_position=&#8221;bottom&#8221; bg_image_animation=&#8221;none&#8221; parallax_bg=&#8221;true&#8221; parallax_bg_speed=&#8221;fast&#8221; shape_type=&#8221;&#8221; gradient_type=&#8221;default&#8221;][vc_column&#8230;<\/p>\n","protected":false},"author":1,"featured_media":28427,"parent":29467,"menu_order":0,"comment_status":"closed","ping_status":"closed","template":"","meta":{"footnotes":""},"class_list":["post-29475","page","type-page","status-publish","has-post-thumbnail"],"publishpress_future_action":{"enabled":false,"date":"2026-04-15 15:42:07","action":"change-status","newStatus":"draft","terms":[],"taxonomy":"translation_priority","extraData":[]},"publishpress_future_workflow_manual_trigger":{"enabledWorkflows":[]},"_links":{"self":[{"href":"https:\/\/goodstuff.com.pl\/pl\/wp-json\/wp\/v2\/pages\/29475","targetHints":{"allow":["GET"]}}],"collection":[{"href":"https:\/\/goodstuff.com.pl\/pl\/wp-json\/wp\/v2\/pages"}],"about":[{"href":"https:\/\/goodstuff.com.pl\/pl\/wp-json\/wp\/v2\/types\/page"}],"author":[{"embeddable":true,"href":"https:\/\/goodstuff.com.pl\/pl\/wp-json\/wp\/v2\/users\/1"}],"replies":[{"embeddable":true,"href":"https:\/\/goodstuff.com.pl\/pl\/wp-json\/wp\/v2\/comments?post=29475"}],"version-history":[{"count":6,"href":"https:\/\/goodstuff.com.pl\/pl\/wp-json\/wp\/v2\/pages\/29475\/revisions"}],"predecessor-version":[{"id":33950,"href":"https:\/\/goodstuff.com.pl\/pl\/wp-json\/wp\/v2\/pages\/29475\/revisions\/33950"}],"up":[{"embeddable":true,"href":"https:\/\/goodstuff.com.pl\/pl\/wp-json\/wp\/v2\/pages\/29467"}],"wp:featuredmedia":[{"embeddable":true,"href":"https:\/\/goodstuff.com.pl\/pl\/wp-json\/wp\/v2\/media\/28427"}],"wp:attachment":[{"href":"https:\/\/goodstuff.com.pl\/pl\/wp-json\/wp\/v2\/media?parent=29475"}],"curies":[{"name":"wp","href":"https:\/\/api.w.org\/{rel}","templated":true}]}}