{"id":29478,"date":"2025-05-27T14:11:37","date_gmt":"2025-05-27T12:11:37","guid":{"rendered":"https:\/\/goodstuff.com.pl\/wysokiej-jakosci-chemia-do-detailingu-samochodowego-dla-profesjonalistow\/passion-line-najwyzszej-jakosci-chemia-do-detailingu-samochodowego-good-stuff\/leather-detailer-quick-leather-cleaner-conditioner-matte-finish-good-stuff\/"},"modified":"2026-03-27T08:47:12","modified_gmt":"2026-03-27T07:47:12","slug":"leather-detailer","status":"publish","type":"page","link":"https:\/\/goodstuff.com.pl\/pl\/produkty\/passion-line\/leather-detailer\/","title":{"rendered":"Leather Detailer \u2013 Quick cleaner &#038; conditioner do sk\u00f3ry | Good Stuff"},"content":{"rendered":"[vc_row type=&#8221;full_width_background&#8221; full_screen_row_position=&#8221;middle&#8221; column_margin=&#8221;default&#8221; column_direction=&#8221;default&#8221; column_direction_tablet=&#8221;default&#8221; column_direction_phone=&#8221;default&#8221; bg_color=&#8221;#212121&#8243; bg_image=&#8221;27391&#8243; bg_position=&#8221;left top&#8221; background_image_loading=&#8221;lazy-load&#8221; bg_repeat=&#8221;no-repeat&#8221; scene_position=&#8221;center&#8221; top_padding=&#8221;4%&#8221; bottom_padding=&#8221;6%&#8221; text_color=&#8221;light&#8221; text_align=&#8221;left&#8221; row_border_radius=&#8221;none&#8221; row_border_radius_applies=&#8221;bg&#8221; overflow=&#8221;visible&#8221; color_overlay=&#8221;#212121&#8243; overlay_strength=&#8221;0.8&#8243; gradient_direction=&#8221;left_to_right&#8221; shape_divider_position=&#8221;bottom&#8221; bg_image_animation=&#8221;none&#8221; parallax_bg=&#8221;true&#8221; parallax_bg_speed=&#8221;fast&#8221; shape_type=&#8221;&#8221; gradient_type=&#8221;default&#8221;][vc_column column_padding=&#8221;no-extra-padding&#8221; column_padding_tablet=&#8221;inherit&#8221; column_padding_phone=&#8221;inherit&#8221; column_padding_position=&#8221;all&#8221; column_element_direction_desktop=&#8221;default&#8221; column_element_spacing=&#8221;default&#8221; desktop_text_alignment=&#8221;default&#8221; tablet_text_alignment=&#8221;default&#8221; phone_text_alignment=&#8221;default&#8221; background_color_opacity=&#8221;1&#8243; background_hover_color_opacity=&#8221;1&#8243; column_backdrop_filter=&#8221;none&#8221; column_shadow=&#8221;none&#8221; column_border_radius=&#8221;none&#8221; column_link_target=&#8221;_self&#8221; column_position=&#8221;default&#8221; gradient_direction=&#8221;left_to_right&#8221; overlay_strength=&#8221;0.3&#8243; width=&#8221;1\/1&#8243; tablet_width_inherit=&#8221;default&#8221; animation_type=&#8221;default&#8221; bg_image_animation=&#8221;none&#8221; border_type=&#8221;simple&#8221; column_border_width=&#8221;none&#8221; column_border_style=&#8221;solid&#8221;][nectar_highlighted_text text_color=&#8221;#ff7070&#8243; style=&#8221;scribble&#8221; scribble_thickness=&#8221;thin&#8221; scribble_speed=&#8221;1.8s&#8221; scribble_easing=&#8221;ease_in_out&#8221; text_direction=&#8221;default&#8221; custom_font_size=&#8221;3vw&#8221;]\n<h1 data-product-id=\"146\">LEATHER DETAILER &#8211; \u015arodek do czyszczenia i piel\u0119gnacji sk\u00f3ry<\/h1>\n[\/nectar_highlighted_text][vc_row_inner column_margin=&#8221;30px&#8221; column_direction=&#8221;default&#8221; column_direction_tablet=&#8221;default&#8221; column_direction_phone=&#8221;default&#8221; text_align=&#8221;left&#8221; row_position=&#8221;default&#8221; row_position_tablet=&#8221;inherit&#8221; row_position_phone=&#8221;inherit&#8221; overflow=&#8221;visible&#8221; pointer_events=&#8221;all&#8221;][vc_column_inner column_padding=&#8221;no-extra-padding&#8221; column_padding_tablet=&#8221;inherit&#8221; column_padding_phone=&#8221;inherit&#8221; column_padding_position=&#8221;all&#8221; column_element_direction_desktop=&#8221;default&#8221; column_element_spacing=&#8221;default&#8221; desktop_text_alignment=&#8221;default&#8221; tablet_text_alignment=&#8221;default&#8221; phone_text_alignment=&#8221;default&#8221; background_color_opacity=&#8221;1&#8243; background_hover_color_opacity=&#8221;1&#8243; column_backdrop_filter=&#8221;none&#8221; column_shadow=&#8221;none&#8221; column_border_radius=&#8221;none&#8221; column_link_target=&#8221;_self&#8221; overflow=&#8221;visible&#8221; gradient_direction=&#8221;left_to_right&#8221; overlay_strength=&#8221;0.3&#8243; width=&#8221;1\/2&#8243; tablet_width_inherit=&#8221;default&#8221; animation_type=&#8221;default&#8221; bg_image_animation=&#8221;none&#8221; border_type=&#8221;simple&#8221; column_border_width=&#8221;none&#8221; column_border_style=&#8221;solid&#8221;][nectar_cta btn_style=&#8221;basic&#8221; heading_tag=&#8221;h6&#8243; border_radius=&#8221;10&#8243; button_color=&#8221;default&#8221; text_color=&#8221;#fbb921&#8243; text_color_hover=&#8221;#ffffff&#8221; button_border_color=&#8221;#fbb921&#8243; button_border_color_hover=&#8221;#ffffff&#8221; button_border_thickness=&#8221;4px&#8221; link_type=&#8221;regular&#8221; alignment=&#8221;center&#8221; alignment_tablet=&#8221;default&#8221; alignment_phone=&#8221;default&#8221; constrain_group_3=&#8221;yes&#8221; display=&#8221;block&#8221; display_tablet=&#8221;inherit&#8221; display_phone=&#8221;inherit&#8221; icon_family=&#8221;linecons&#8221; class=&#8221;buy-button&#8221; font_size_desktop=&#8221;20&#8243; link_text=&#8221;Kupuj w Autoryzowanych Sklepach&#8221; padding_top=&#8221;11&#8243; padding_bottom=&#8221;11&#8243; padding_left=&#8221;11&#8243; padding_right=&#8221;11&#8243; icon_linecons=&#8221;vc_li vc_li-star&#8221; font_size_phone=&#8221;1rem&#8221;][vc_gallery css=&#8221;&#8221; type=&#8221;image_grid&#8221; images=&#8221;28991,28995&#8243; image_grid_loading=&#8221;lazy-load&#8221; layout=&#8221;2&#8243; item_spacing=&#8221;5px&#8221; gallery_style=&#8221;5&#8243; load_in_animation=&#8221;none&#8221; img_size=&#8221;full&#8221;]<div id=\"ultimate-video-595969d4c31c637ac\" class=\"ult-video  vc_custom_1748343375351 ult-adjust-bottom-margin ultimate-video-595969d4c31c637ac ultv-353 \"><div class=\"ultv-video ultv-aspect-ratio-16_9 ultv-subscribe-responsive-none\" data-videotype=\"uv_iframe\">\n\t\t\t\t\t\t<div class=\"ultv-video__outer-wrap\" data-autoplay=\"0\" data-device=\"false\"  data-iconbg=\"#3A3A3A\" data-overcolor=\"\" data-defaultbg=\"#1f1f1e\" data-defaultplay=\"defaulticon\"><div class=\"ultv-video__play\" data-src=\"https:\/\/www.youtube.com\/embed\/hUjHKNi9-YE?rel=0&amp;start&amp;end&amp;controls=1&amp;mute=0&amp;modestbranding=0&amp;autoplay=1\">\n\t\t\t\t\t\t\t\t<img decoding=\"async\" class=\"ultv-video__thumb\" src=\"https:\/\/i.ytimg.com\/vi\/hUjHKNi9-YE\/maxresdefault.jpg\"\/>\n\t\t\t\t\t\t\t\t<div class=\"ultv-video__play-icon  ultv-animation-none\" style=\"width:75px\"><svg height=\"100%\" version=\"1.1\" viewBox=\"0 0 68 48\" width=\"100%\"><path class=\"ultv-youtube-icon-bg\" d=\"m .66,37.62 c 0,0 .66,4.70 2.70,6.77 2.58,2.71 5.98,2.63 7.49,2.91 5.43,.52 23.10,.68 23.12,.68 .00,-1.3e-5 14.29,-0.02 23.81,-0.71 1.32,-0.15 4.22,-0.17 6.81,-2.89 2.03,-2.07 2.70,-6.77 2.70,-6.77 0,0 .67,-5.52 .67,-11.04 l 0,-5.17 c 0,-5.52 -0.67,-11.04 -0.67,-11.04 0,0 -0.66,-4.70 -2.70,-6.77 C 62.03,.86 59.13,.84 57.80,.69 48.28,0 34.00,0 34.00,0 33.97,0 19.69,0 10.18,.69 8.85,.84 5.95,.86 3.36,3.58 1.32,5.65 .66,10.35 .66,10.35 c 0,0 -0.55,4.50 -0.66,9.45 l 0,8.36 c .10,4.94 .66,9.45 .66,9.45 z\" fill=\"#1f1f1e\" ><\/path><path d=\"m 26.96,13.67 18.37,9.62 -18.37,9.55 -0.00,-19.17 z\" fill=\"#fff\"><\/path><path d=\"M 45.02,23.46 45.32,23.28 26.96,13.67 43.32,22.34 45.02,23.46 z\" fill=\"#ccc\"><\/path><\/svg><\/div> <\/div> <\/div><div class=\"ultv-subscribe-bar ult-responsive\"  data-ultimate-target='.ult-video.ultv-353 .ultv-subscribe-bar'  data-responsive-json-new='{\"font-size\":\"\",\"line-height\":\"\"}'  style = \"color:#fff; background-color:#1b1b1b; \">\n\t\t\t\t<div class=\"ultv-subscribe-bar-prefix\" style=\"font-weight:normal;\">Subscribe to our YouTube Channel<\/div>\n\t\t\t\t<div class=\"ultv-subscribe-content\">\n\t\t\t\t\t<script src=\"https:\/\/apis.google.com\/js\/platform.js\"><\/script> <!-- Need to be enqueued from someplace else --><div class=\"g-ytsubscribe\" data-channelid=\"UCdaZpJ6Aql4hFcnLbtO_FGg\" data-count=\"hidden\"><\/div><\/div> <\/div><\/div><\/div>[vc_column_text css=&#8221;&#8221; text_direction=&#8221;default&#8221;]\n<hr \/>\n<h3 class=\"\" data-start=\"1410\" data-end=\"1429\">\u2705 Kluczowe cechy:<\/h3>\n<ul>\n<li><strong data-start=\"1376\" data-end=\"1394\">Formu\u0142a 2 w 1<\/strong> &#8211; czy\u015bci i piel\u0119gnuje sk\u00f3r\u0119 w jednym kroku<\/li>\n<li data-start=\"1442\" data-end=\"1486\">Pozostawia <strong data-start=\"1451\" data-end=\"1484\">suche, matowe, niet\u0142uste wyko\u0144czenie<\/strong><\/li>\n<li data-start=\"1489\" data-end=\"1533\">Gotowy do u\u017cycia z do\u0142\u0105czonym spryskiwaczem<\/li>\n<li data-start=\"1536\" data-end=\"1588\">Usuwa kurz, odciski palc\u00f3w, oleje i lekkie plamy<\/li>\n<li data-start=\"1591\" data-end=\"1637\"><strong data-start=\"1591\" data-end=\"1635\">Bezpieczny dla wszystkich rodzaj\u00f3w sk\u00f3ry samochodowej<\/strong><\/li>\n<li data-start=\"1640\" data-end=\"1689\">Nie ma potrzeby intensywnego szorowania lub polerowania ko\u0144cowego<\/li>\n<li data-start=\"1692\" data-end=\"1744\"><strong data-start=\"1692\" data-end=\"1714\">Przyjemny zapach<\/strong> dla wyrafinowanego wn\u0119trza<\/li>\n<li data-start=\"1747\" data-end=\"1821\">Wszechstronne zastosowanie &#8211; idealny do samochod\u00f3w, motocykli, \u0142odzi, but\u00f3w i mebli<\/li>\n<li data-start=\"1747\" data-end=\"1821\"><strong>Dost\u0119pne w rozmiarach 500 ml i 1000 ml<\/strong><\/li>\n<\/ul>\n<hr \/>\n<h3 data-start=\"2643\" data-end=\"2662\"><strong data-start=\"2649\" data-end=\"2660\">Pro Tip<\/strong><\/h3>\n<p class=\"\" data-start=\"2663\" data-end=\"2913\">U\u017cywaj <strong data-start=\"2667\" data-end=\"2687\">LEATHER DETAILER<\/strong> raz w tygodniu lub po d\u0142ugich podr\u00f3\u017cach, aby zapobiec gromadzeniu si\u0119 osad\u00f3w i unikn\u0105\u0107 konieczno\u015bci p\u00f3\u017aniejszego intensywnego czyszczenia.<br data-start=\"2793\" data-end=\"2796\" \/>Zawsze u\u017cywaj <strong data-start=\"2815\" data-end=\"2840\">mi\u0119kkiego r\u0119cznika z mikrofibry<\/strong>, aby chroni\u0107 szwy i zachowa\u0107 naturaln\u0105 struktur\u0119 sk\u00f3ry.<\/p>\n[\/vc_column_text][\/vc_column_inner][vc_column_inner column_padding=&#8221;padding-5-percent&#8221; column_padding_tablet=&#8221;inherit&#8221; column_padding_phone=&#8221;inherit&#8221; column_padding_position=&#8221;left-right&#8221; column_element_direction_desktop=&#8221;default&#8221; column_element_spacing=&#8221;default&#8221; desktop_text_alignment=&#8221;default&#8221; tablet_text_alignment=&#8221;default&#8221; phone_text_alignment=&#8221;default&#8221; background_color_opacity=&#8221;1&#8243; background_hover_color_opacity=&#8221;1&#8243; column_backdrop_filter=&#8221;none&#8221; column_shadow=&#8221;none&#8221; column_border_radius=&#8221;none&#8221; column_link_target=&#8221;_self&#8221; overflow=&#8221;visible&#8221; gradient_direction=&#8221;left_to_right&#8221; overlay_strength=&#8221;0.3&#8243; width=&#8221;1\/2&#8243; tablet_width_inherit=&#8221;default&#8221; animation_type=&#8221;default&#8221; bg_image_animation=&#8221;none&#8221; border_type=&#8221;simple&#8221; column_border_width=&#8221;none&#8221; column_border_style=&#8221;solid&#8221; column_padding_type=&#8221;default&#8221; gradient_type=&#8221;default&#8221;][vc_column_text css=&#8221;&#8221; text_direction=&#8221;default&#8221;]\n<h2>Quick Leather Cleaner &amp; Conditioner | Matowe wyko\u0144czenie, bez t\u0142ustych pozosta\u0142o\u015bci<\/h2>\n[\/vc_column_text][vc_column_text css=&#8221;&#8221; text_direction=&#8221;default&#8221;]\n<p class=\"\" data-start=\"411\" data-end=\"625\"><strong data-start=\"411\" data-end=\"431\">LEATHER DETAILER<\/strong> to szybki i skuteczny \u015brodek do piel\u0119gnacji sk\u00f3ry przeznaczony do codziennego u\u017cytku. Czy\u015bci, od\u015bwie\u017ca i lekko chroni sk\u00f3rzane powierzchnie w jednym prostym kroku &#8211; bez t\u0142ustych pozosta\u0142o\u015bci, bez niechcianego po\u0142ysku.<\/p>\n<p class=\"\" data-start=\"627\" data-end=\"872\">Wystarczy <strong data-start=\"632\" data-end=\"664\">spryska\u0107, przetrze\u0107 i gotowe<\/strong>. Usuwa codzienne zanieczyszczenia, takie jak kurz, odciski palc\u00f3w, transfer barwnik\u00f3w tkanin i lekkie plamy z \u017cywno\u015bci, kosmetyk\u00f3w lub potu &#8211; wszystko to przy zachowaniu <strong data-start=\"828\" data-end=\"869\">naturalnej mi\u0119kko\u015bci<\/strong> sk\u00f3ry <strong data-start=\"828\" data-end=\"869\">i suchego matowego wyko\u0144czenia<\/strong>.<\/p>\n<p class=\"\" data-start=\"874\" data-end=\"1133\">W przeciwie\u0144stwie do tradycyjnych od\u017cywek, <strong data-start=\"907\" data-end=\"979\">LEATHER DETAILER nie wymaga intensywnego szorowania ani d\u0142ugiego czasu utwardzania<\/strong>. Szybko si\u0119 wch\u0142ania, pozostawiaj\u0105c sk\u00f3r\u0119 czyst\u0105, g\u0142adk\u0105 i jednolicie matow\u0105. Idealny do nowoczesnych pojazd\u00f3w, w kt\u00f3rych preferowane jest subtelne, fabryczne wyko\u0144czenie.<\/p>\n<p class=\"\" data-start=\"1135\" data-end=\"1343\">Dzi\u0119ki gotowej do u\u017cycia butelce ze spustem, aplikacja jest \u0142atwa, wygodna i bezpieczna do stosowania na szerokiej gamie sk\u00f3rzanych powierzchni &#8211; nie tylko w samochodach, ale tak\u017ce na motocyklach, \u0142odziach, butach, torbach i meblach.<\/p>\n<h3 data-start=\"1354\" data-end=\"1563\">Gotowy do u\u017cycia w ka\u017cdej chwili<\/h3>\n<p class=\"\" data-start=\"2331\" data-end=\"2661\">Dostarczany z wygodnym <strong data-start=\"2358\" data-end=\"2377\">spryskiwaczem<\/strong>, LEATHER DETAILER jest gotowy do u\u017cycia zaraz po wyj\u0119ciu z butelki. Nie wymaga rozcie\u0144czania ani mieszania &#8211; wystarczy spryska\u0107, przetrze\u0107 i cieszy\u0107 si\u0119 \u015bwie\u017c\u0105, czyst\u0105 sk\u00f3r\u0105 w kilka sekund. Jest to idealny wyb\u00f3r do <strong data-start=\"2552\" data-end=\"2573\">szybkiej<\/strong> konserwacji, niezale\u017cnie od tego, czy przygotowujesz samoch\u00f3d na weekendowy rejs, czy po prostu od\u015bwie\u017casz go w \u015brodku tygodnia.<\/p>\n<h3 data-start=\"2331\" data-end=\"2661\">Codzienna piel\u0119gnacja mi\u0119dzy g\u0142\u0119bokimi zabiegami<\/h3>\n<p class=\"\" data-start=\"3076\" data-end=\"3353\">LEATHER DETAILER nie zast\u0119puje intensywnej piel\u0119gnacji sk\u00f3ry ani g\u0142\u0119bokich zabieg\u00f3w renowacyjnych. Zamiast tego wype\u0142nia luk\u0119 mi\u0119dzy g\u0142\u00f3wnymi sesjami detailingowymi. Jest idealny do <strong data-start=\"3242\" data-end=\"3271\">cz\u0119stego, delikatnego czyszczenia<\/strong>, dzi\u0119ki kt\u00f3remu sk\u00f3ra <strong data-start=\"3296\" data-end=\"3336\">wygl\u0105da, czuje si\u0119 i pachnie \u015bwie\u017co<\/strong> &#8211; dzie\u0144 po dniu.<\/p>\n<p class=\"\" data-start=\"3355\" data-end=\"3512\">Regularna konserwacja sk\u00f3ry pozwala <strong data-start=\"3402\" data-end=\"3425\">wyd\u0142u\u017cy\u0107 jej \u017cywotno\u015b\u0107<\/strong>, zapobiec przedwczesnemu starzeniu si\u0119 i ograniczy\u0107 potrzeb\u0119 intensywnych napraw lub regeneracji.<\/p>\n<hr class=\"\" data-start=\"1793\" data-end=\"1796\" \/>\n<h3 class=\"\" data-start=\"1798\" data-end=\"1813\">Jak u\u017cywa\u0107:<\/h3>\n<ol>\n<li data-start=\"1871\" data-end=\"1901\">Przed u\u017cyciem nale\u017cy wyj\u0105\u0107 butelk\u0119.<\/li>\n<li data-start=\"1905\" data-end=\"1974\">Spryska\u0107 bezpo\u015brednio powierzchni\u0119 sk\u00f3ry lub \u015bciereczk\u0119 z mikrofibry.<\/li>\n<li data-start=\"1978\" data-end=\"2012\">Delikatnie przetrze\u0107 okr\u0119\u017cnymi ruchami.<\/li>\n<li data-start=\"2016\" data-end=\"2084\">W celu dok\u0142adniejszego wyczyszczenia nale\u017cy u\u017cy\u0107 mi\u0119kkiej szczotki, a nast\u0119pnie ponownie przetrze\u0107.<\/li>\n<li data-start=\"2088\" data-end=\"2140\">Pozostaw powierzchni\u0119 do naturalnego wyschni\u0119cia &#8211; nie wymaga sp\u0142ukiwania.<\/li>\n<\/ol>\n<hr class=\"\" data-start=\"2439\" data-end=\"2442\" \/>\n<h3 data-start=\"3193\" data-end=\"3213\">Nie tylko dla samochod\u00f3w<\/h3>\n<p class=\"\" data-start=\"2695\" data-end=\"2793\">LEATHER DETAILER zosta\u0142 opracowany z my\u015bl\u0105 o wn\u0119trzach samochod\u00f3w, ale jego wszechstronno\u015b\u0107 wykracza daleko poza te ramy:<\/p>\n<ul data-start=\"2795\" data-end=\"2976\">\n<li class=\"\" data-start=\"2795\" data-end=\"2815\">\n<p class=\"\" data-start=\"2797\" data-end=\"2815\">Siedzenia motocyklowe<\/p>\n<\/li>\n<li class=\"\" data-start=\"2816\" data-end=\"2844\">\n<p class=\"\" data-start=\"2818\" data-end=\"2844\">Wn\u0119trza jacht\u00f3w i \u0142odzi<\/p>\n<\/li>\n<li class=\"\" data-start=\"2845\" data-end=\"2891\">\n<p class=\"\" data-start=\"2847\" data-end=\"2891\">Sk\u00f3rzane torebki, portfele i akcesoria<\/p>\n<\/li>\n<li class=\"\" data-start=\"2892\" data-end=\"2943\">\n<p class=\"\" data-start=\"2894\" data-end=\"2943\">Sk\u00f3rzane meble tapicerowane i krzes\u0142a biurowe<\/p>\n<\/li>\n<li class=\"\" data-start=\"2944\" data-end=\"2976\">\n<p class=\"\" data-start=\"2946\" data-end=\"2976\">Sk\u00f3rzane obuwie i kurtki<\/p>\n<\/li>\n<\/ul>\n<p class=\"\" data-start=\"2978\" data-end=\"3025\">Gdziekolwiek jest sk\u00f3ra &#8211; LEATHER DETAILER j\u0105 dostarcza.<\/p>\n[\/vc_column_text][nectar_cta btn_style=&#8221;basic&#8221; heading_tag=&#8221;h6&#8243; border_radius=&#8221;10&#8243; button_color=&#8221;default&#8221; text_color=&#8221;#fbb921&#8243; text_color_hover=&#8221;#ffffff&#8221; button_border_color=&#8221;#fbb921&#8243; button_border_color_hover=&#8221;#ffffff&#8221; button_border_thickness=&#8221;4px&#8221; link_type=&#8221;regular&#8221; alignment=&#8221;center&#8221; alignment_tablet=&#8221;default&#8221; alignment_phone=&#8221;default&#8221; constrain_group_3=&#8221;yes&#8221; display=&#8221;block&#8221; display_tablet=&#8221;inherit&#8221; display_phone=&#8221;inherit&#8221; icon_family=&#8221;linecons&#8221; class=&#8221;buy-button&#8221; font_size_desktop=&#8221;20&#8243; link_text=&#8221;Kupuj w Autoryzowanych Sklepach&#8221; padding_top=&#8221;11&#8243; padding_bottom=&#8221;11&#8243; padding_left=&#8221;11&#8243; padding_right=&#8221;11&#8243; icon_linecons=&#8221;vc_li vc_li-star&#8221; font_size_phone=&#8221;1rem&#8221;][vc_column_text css=&#8221;&#8221; text_direction=&#8221;default&#8221;]\n<div class=\"ws-nav\" style=\"text-align: center;\"><a class=\"ws-nav__btn ws-nav__btn--prev\" href=\"https:\/\/goodstuff.com.pl\/pl\/produkty\/passion-line\/aqua-soft-shampoo\/\">\u2190 POPRZEDNI <\/a><br \/>\n<a class=\"ws-nav__btn ws-nav__btn--next\" href=\"https:\/\/goodstuff.com.pl\/pl\/produkty\/passion-line\/sio%e2%82%82-detailer\/\">NAST\u0118PNY\u2192<\/a><\/div>\n[\/vc_column_text][\/vc_column_inner][\/vc_row_inner][\/vc_column][\/vc_row]\n","protected":false},"excerpt":{"rendered":"<p>[vc_row type=&#8221;full_width_background&#8221; full_screen_row_position=&#8221;middle&#8221; column_margin=&#8221;default&#8221; column_direction=&#8221;default&#8221; column_direction_tablet=&#8221;default&#8221; column_direction_phone=&#8221;default&#8221; bg_color=&#8221;#212121&#8243; bg_image=&#8221;27391&#8243; bg_position=&#8221;left top&#8221; background_image_loading=&#8221;lazy-load&#8221; bg_repeat=&#8221;no-repeat&#8221; scene_position=&#8221;center&#8221; top_padding=&#8221;4%&#8221; bottom_padding=&#8221;6%&#8221; text_color=&#8221;light&#8221; text_align=&#8221;left&#8221; row_border_radius=&#8221;none&#8221; row_border_radius_applies=&#8221;bg&#8221; overflow=&#8221;visible&#8221; color_overlay=&#8221;#212121&#8243; overlay_strength=&#8221;0.8&#8243; gradient_direction=&#8221;left_to_right&#8221; shape_divider_position=&#8221;bottom&#8221; bg_image_animation=&#8221;none&#8221; parallax_bg=&#8221;true&#8221; parallax_bg_speed=&#8221;fast&#8221; shape_type=&#8221;&#8221; gradient_type=&#8221;default&#8221;][vc_column&#8230;<\/p>\n","protected":false},"author":1,"featured_media":28997,"parent":29467,"menu_order":0,"comment_status":"closed","ping_status":"closed","template":"","meta":{"footnotes":""},"class_list":["post-29478","page","type-page","status-publish","has-post-thumbnail"],"publishpress_future_action":{"enabled":false,"date":"2026-04-14 10:41:00","action":"change-status","newStatus":"draft","terms":[],"taxonomy":"translation_priority","extraData":[]},"publishpress_future_workflow_manual_trigger":{"enabledWorkflows":[]},"_links":{"self":[{"href":"https:\/\/goodstuff.com.pl\/pl\/wp-json\/wp\/v2\/pages\/29478","targetHints":{"allow":["GET"]}}],"collection":[{"href":"https:\/\/goodstuff.com.pl\/pl\/wp-json\/wp\/v2\/pages"}],"about":[{"href":"https:\/\/goodstuff.com.pl\/pl\/wp-json\/wp\/v2\/types\/page"}],"author":[{"embeddable":true,"href":"https:\/\/goodstuff.com.pl\/pl\/wp-json\/wp\/v2\/users\/1"}],"replies":[{"embeddable":true,"href":"https:\/\/goodstuff.com.pl\/pl\/wp-json\/wp\/v2\/comments?post=29478"}],"version-history":[{"count":6,"href":"https:\/\/goodstuff.com.pl\/pl\/wp-json\/wp\/v2\/pages\/29478\/revisions"}],"predecessor-version":[{"id":33948,"href":"https:\/\/goodstuff.com.pl\/pl\/wp-json\/wp\/v2\/pages\/29478\/revisions\/33948"}],"up":[{"embeddable":true,"href":"https:\/\/goodstuff.com.pl\/pl\/wp-json\/wp\/v2\/pages\/29467"}],"wp:featuredmedia":[{"embeddable":true,"href":"https:\/\/goodstuff.com.pl\/pl\/wp-json\/wp\/v2\/media\/28997"}],"wp:attachment":[{"href":"https:\/\/goodstuff.com.pl\/pl\/wp-json\/wp\/v2\/media?parent=29478"}],"curies":[{"name":"wp","href":"https:\/\/api.w.org\/{rel}","templated":true}]}}