{"id":29480,"date":"2025-05-27T14:12:10","date_gmt":"2025-05-27T12:12:10","guid":{"rendered":"https:\/\/goodstuff.com.pl\/wysokiej-jakosci-chemia-do-detailingu-samochodowego-dla-profesjonalistow\/passion-line-najwyzszej-jakosci-chemia-do-detailingu-samochodowego-good-stuff\/sio%e2%82%82-detailer-quick-detailer-o-wysokim-polysku-z-krzemionka-good-stuff\/"},"modified":"2026-03-27T08:49:06","modified_gmt":"2026-03-27T07:49:06","slug":"sio%e2%82%82-detailer","status":"publish","type":"page","link":"https:\/\/goodstuff.com.pl\/pl\/produkty\/passion-line\/sio%e2%82%82-detailer\/","title":{"rendered":"SiO\u2082 Detailer \u2013 Nab\u0142yszczaj\u0105cy Quick Detailer z SiO\u2082 | Good Stuff"},"content":{"rendered":"[vc_row type=&#8221;full_width_background&#8221; full_screen_row_position=&#8221;middle&#8221; column_margin=&#8221;default&#8221; column_direction=&#8221;default&#8221; column_direction_tablet=&#8221;default&#8221; column_direction_phone=&#8221;default&#8221; bg_color=&#8221;#212121&#8243; bg_image=&#8221;27391&#8243; bg_position=&#8221;left top&#8221; background_image_loading=&#8221;lazy-load&#8221; bg_repeat=&#8221;no-repeat&#8221; scene_position=&#8221;center&#8221; top_padding=&#8221;4%&#8221; bottom_padding=&#8221;6%&#8221; text_color=&#8221;light&#8221; text_align=&#8221;left&#8221; row_border_radius=&#8221;none&#8221; row_border_radius_applies=&#8221;bg&#8221; overflow=&#8221;visible&#8221; color_overlay=&#8221;#212121&#8243; overlay_strength=&#8221;0.8&#8243; gradient_direction=&#8221;left_to_right&#8221; shape_divider_position=&#8221;bottom&#8221; bg_image_animation=&#8221;none&#8221; parallax_bg=&#8221;true&#8221; parallax_bg_speed=&#8221;fast&#8221; shape_type=&#8221;&#8221; gradient_type=&#8221;default&#8221;][vc_column column_padding=&#8221;no-extra-padding&#8221; column_padding_tablet=&#8221;inherit&#8221; column_padding_phone=&#8221;inherit&#8221; column_padding_position=&#8221;all&#8221; column_element_direction_desktop=&#8221;default&#8221; column_element_spacing=&#8221;default&#8221; desktop_text_alignment=&#8221;default&#8221; tablet_text_alignment=&#8221;default&#8221; phone_text_alignment=&#8221;default&#8221; background_color_opacity=&#8221;1&#8243; background_hover_color_opacity=&#8221;1&#8243; column_backdrop_filter=&#8221;none&#8221; column_shadow=&#8221;none&#8221; column_border_radius=&#8221;none&#8221; column_link_target=&#8221;_self&#8221; column_position=&#8221;default&#8221; gradient_direction=&#8221;left_to_right&#8221; overlay_strength=&#8221;0.3&#8243; width=&#8221;1\/1&#8243; tablet_width_inherit=&#8221;default&#8221; animation_type=&#8221;default&#8221; bg_image_animation=&#8221;none&#8221; border_type=&#8221;simple&#8221; column_border_width=&#8221;none&#8221; column_border_style=&#8221;solid&#8221;][nectar_highlighted_text text_color=&#8221;#ff7070&#8243; style=&#8221;text_outline&#8221; outline_thickness=&#8221;extra_thick&#8221; text_direction=&#8221;default&#8221; custom_font_size=&#8221;3vw&#8221;]\n<h1 data-product-id=\"129\"><em>SiO\u2082 DETAILER<\/em>\u2013 Quick detailer z krzemionk\u0105 do natychmiastowego po\u0142ysku i ochrony<\/h1>\n[\/nectar_highlighted_text][vc_row_inner column_margin=&#8221;30px&#8221; column_direction=&#8221;default&#8221; column_direction_tablet=&#8221;default&#8221; column_direction_phone=&#8221;default&#8221; text_align=&#8221;left&#8221; row_position=&#8221;default&#8221; row_position_tablet=&#8221;inherit&#8221; row_position_phone=&#8221;inherit&#8221; overflow=&#8221;visible&#8221; pointer_events=&#8221;all&#8221;][vc_column_inner column_padding=&#8221;no-extra-padding&#8221; column_padding_tablet=&#8221;inherit&#8221; column_padding_phone=&#8221;inherit&#8221; column_padding_position=&#8221;all&#8221; column_element_direction_desktop=&#8221;default&#8221; column_element_spacing=&#8221;default&#8221; desktop_text_alignment=&#8221;default&#8221; tablet_text_alignment=&#8221;default&#8221; phone_text_alignment=&#8221;default&#8221; background_color_opacity=&#8221;1&#8243; background_hover_color_opacity=&#8221;1&#8243; column_backdrop_filter=&#8221;none&#8221; column_shadow=&#8221;none&#8221; column_border_radius=&#8221;none&#8221; column_link_target=&#8221;_self&#8221; overflow=&#8221;visible&#8221; gradient_direction=&#8221;left_to_right&#8221; overlay_strength=&#8221;0.3&#8243; width=&#8221;1\/2&#8243; tablet_width_inherit=&#8221;default&#8221; animation_type=&#8221;default&#8221; bg_image_animation=&#8221;none&#8221; border_type=&#8221;simple&#8221; column_border_width=&#8221;none&#8221; column_border_style=&#8221;solid&#8221;][nectar_cta btn_style=&#8221;basic&#8221; heading_tag=&#8221;h6&#8243; border_radius=&#8221;10&#8243; button_color=&#8221;default&#8221; text_color=&#8221;#fbb921&#8243; text_color_hover=&#8221;#ffffff&#8221; button_border_color=&#8221;#fbb921&#8243; button_border_color_hover=&#8221;#ffffff&#8221; button_border_thickness=&#8221;4px&#8221; link_type=&#8221;regular&#8221; alignment=&#8221;center&#8221; alignment_tablet=&#8221;default&#8221; alignment_phone=&#8221;default&#8221; constrain_group_3=&#8221;yes&#8221; display=&#8221;block&#8221; display_tablet=&#8221;inherit&#8221; display_phone=&#8221;inherit&#8221; icon_family=&#8221;linecons&#8221; class=&#8221;buy-button&#8221; font_size_desktop=&#8221;20&#8243; link_text=&#8221;Kupuj w Autoryzowanych Sklepach&#8221; padding_top=&#8221;11&#8243; padding_bottom=&#8221;11&#8243; padding_left=&#8221;11&#8243; padding_right=&#8221;11&#8243; icon_linecons=&#8221;vc_li vc_li-star&#8221; font_size_phone=&#8221;1rem&#8221;][vc_gallery css=&#8221;&#8221; type=&#8221;image_grid&#8221; images=&#8221;28405,28409,28365&#8243; image_grid_loading=&#8221;lazy-load&#8221; layout=&#8221;2&#8243; item_spacing=&#8221;5px&#8221; gallery_style=&#8221;5&#8243; load_in_animation=&#8221;none&#8221; img_size=&#8221;full&#8221;]<div id=\"ultimate-video-545569d643664de74\" class=\"ult-video  vc_custom_1746190523497 ult-adjust-bottom-margin ultimate-video-545569d643664de74 ultv-4247 \"><div class=\"ultv-video ultv-aspect-ratio-16_9 ultv-subscribe-responsive-none\" data-videotype=\"uv_iframe\">\n\t\t\t\t\t\t<div class=\"ultv-video__outer-wrap\" data-autoplay=\"0\" data-device=\"false\"  data-iconbg=\"#3A3A3A\" data-overcolor=\"\" data-defaultbg=\"#1f1f1e\" data-defaultplay=\"defaulticon\"><div class=\"ultv-video__play\" data-src=\"https:\/\/www.youtube.com\/embed\/BZwiKaoC9OA?rel=0&amp;start&amp;end&amp;controls=1&amp;mute=0&amp;modestbranding=0&amp;autoplay=1\">\n\t\t\t\t\t\t\t\t<img decoding=\"async\" class=\"ultv-video__thumb\" src=\"https:\/\/i.ytimg.com\/vi\/BZwiKaoC9OA\/maxresdefault.jpg\"\/>\n\t\t\t\t\t\t\t\t<div class=\"ultv-video__play-icon  ultv-animation-none\" style=\"width:75px\"><svg height=\"100%\" version=\"1.1\" viewBox=\"0 0 68 48\" width=\"100%\"><path class=\"ultv-youtube-icon-bg\" d=\"m .66,37.62 c 0,0 .66,4.70 2.70,6.77 2.58,2.71 5.98,2.63 7.49,2.91 5.43,.52 23.10,.68 23.12,.68 .00,-1.3e-5 14.29,-0.02 23.81,-0.71 1.32,-0.15 4.22,-0.17 6.81,-2.89 2.03,-2.07 2.70,-6.77 2.70,-6.77 0,0 .67,-5.52 .67,-11.04 l 0,-5.17 c 0,-5.52 -0.67,-11.04 -0.67,-11.04 0,0 -0.66,-4.70 -2.70,-6.77 C 62.03,.86 59.13,.84 57.80,.69 48.28,0 34.00,0 34.00,0 33.97,0 19.69,0 10.18,.69 8.85,.84 5.95,.86 3.36,3.58 1.32,5.65 .66,10.35 .66,10.35 c 0,0 -0.55,4.50 -0.66,9.45 l 0,8.36 c .10,4.94 .66,9.45 .66,9.45 z\" fill=\"#1f1f1e\" ><\/path><path d=\"m 26.96,13.67 18.37,9.62 -18.37,9.55 -0.00,-19.17 z\" fill=\"#fff\"><\/path><path d=\"M 45.02,23.46 45.32,23.28 26.96,13.67 43.32,22.34 45.02,23.46 z\" fill=\"#ccc\"><\/path><\/svg><\/div> <\/div> <\/div><div class=\"ultv-subscribe-bar ult-responsive\"  data-ultimate-target='.ult-video.ultv-4247 .ultv-subscribe-bar'  data-responsive-json-new='{\"font-size\":\"\",\"line-height\":\"\"}'  style = \"color:#fff; background-color:#1b1b1b; \">\n\t\t\t\t<div class=\"ultv-subscribe-bar-prefix\" style=\"font-weight:normal;\">Subscribe to our YouTube Channel<\/div>\n\t\t\t\t<div class=\"ultv-subscribe-content\">\n\t\t\t\t\t<script src=\"https:\/\/apis.google.com\/js\/platform.js\"><\/script> <!-- Need to be enqueued from someplace else --><div class=\"g-ytsubscribe\" data-channelid=\"UCdaZpJ6Aql4hFcnLbtO_FGg\" data-count=\"hidden\"><\/div><\/div> <\/div><\/div><\/div>[\/vc_column_inner][vc_column_inner column_padding=&#8221;padding-5-percent&#8221; column_padding_tablet=&#8221;inherit&#8221; column_padding_phone=&#8221;inherit&#8221; column_padding_position=&#8221;left-right&#8221; column_element_direction_desktop=&#8221;default&#8221; column_element_spacing=&#8221;default&#8221; desktop_text_alignment=&#8221;default&#8221; tablet_text_alignment=&#8221;default&#8221; phone_text_alignment=&#8221;default&#8221; background_color_opacity=&#8221;1&#8243; background_hover_color_opacity=&#8221;1&#8243; column_backdrop_filter=&#8221;none&#8221; column_shadow=&#8221;none&#8221; column_border_radius=&#8221;none&#8221; column_link_target=&#8221;_self&#8221; overflow=&#8221;visible&#8221; gradient_direction=&#8221;left_to_right&#8221; overlay_strength=&#8221;0.3&#8243; width=&#8221;1\/2&#8243; tablet_width_inherit=&#8221;default&#8221; animation_type=&#8221;default&#8221; bg_image_animation=&#8221;none&#8221; border_type=&#8221;simple&#8221; column_border_width=&#8221;none&#8221; column_border_style=&#8221;solid&#8221; column_padding_type=&#8221;default&#8221; gradient_type=&#8221;default&#8221;][vc_column_text css=&#8221;&#8221; text_direction=&#8221;default&#8221;]\n<h2 data-start=\"224\" data-end=\"282\"><strong data-start=\"224\" data-end=\"282\">Hydrofobowo\u015b\u0107, g\u0142adko\u015b\u0107 i g\u0142\u0119bia koloru w jednym kroku<\/strong><\/h2>\n<p data-start=\"284\" data-end=\"612\">[\/vc_column_text][vc_column_text css=&#8221;&#8221; text_direction=&#8221;default&#8221;]\n<p data-start=\"284\" data-end=\"612\"><strong>Good Stuff SiO\u2082 Detailer<\/strong> to wysokiej klasy quick detailer z dodatkiem <strong data-start=\"354\" data-end=\"375\">krzemionki (SiO\u2082)<\/strong> <strong>z linii PASSION<\/strong>, stworzony dla tych, kt\u00f3rzy chc\u0105 po\u0142\u0105czy\u0107 szybkie wyko\u0144czenie z trwa\u0142\u0105 ochron\u0105. Zapewnia natychmiastowy efekt po\u0142ysku, wyra\u017an\u0105 <strong data-start=\"519\" data-end=\"536\">hydrofobowo\u015b\u0107<\/strong>, g\u0142adko\u015b\u0107 lakieru i <strong data-start=\"557\" data-end=\"581\">ochron\u0119 do 4 tygodni<\/strong> \u2013 wszystko w jednej aplikacji.<\/p>\n<p data-start=\"614\" data-end=\"850\">Sprawdza si\u0119 idealnie jako szybkie od\u015bwie\u017cenie mi\u0119dzy myciami, uzupe\u0142nienie pow\u0142oki ceramicznej lub jako <strong data-start=\"719\" data-end=\"741\">krok wyko\u0144czeniowy<\/strong> po myciu. Zwi\u0119ksza g\u0142\u0119bi\u0119 koloru i dodaje efektu \u201ewet look\u201d, przyjemnie pachn\u0105c eleganckim, m\u0119skim zapachem.<\/p>\n<hr data-start=\"852\" data-end=\"855\" \/>\n<p data-start=\"857\" data-end=\"878\">\u2705 <strong data-start=\"859\" data-end=\"878\">Kluczowe cechy:<\/strong><\/p>\n<ul data-start=\"879\" data-end=\"1378\">\n<li data-start=\"879\" data-end=\"955\">\n<p data-start=\"881\" data-end=\"955\"><strong data-start=\"881\" data-end=\"900\">SiO\u2082 w sk\u0142adzie<\/strong> \u2013 ochrona i hydrofobowo\u015b\u0107 jak w pow\u0142okach ceramicznych<\/p>\n<\/li>\n<li data-start=\"956\" data-end=\"1015\">\n<p data-start=\"958\" data-end=\"1015\"><strong data-start=\"958\" data-end=\"975\">Wysoki po\u0142ysk<\/strong> \u2013 efekt mokrego lakieru i g\u0142\u0119bia koloru<\/p>\n<\/li>\n<li data-start=\"1016\" data-end=\"1081\">\n<p data-start=\"1018\" data-end=\"1081\"><strong data-start=\"1018\" data-end=\"1042\">G\u0142adko\u015b\u0107 powierzchni<\/strong> \u2013 znacznie zmniejsza opory przy dotyku<\/p>\n<\/li>\n<li data-start=\"1082\" data-end=\"1161\">\n<p data-start=\"1084\" data-end=\"1161\"><strong data-start=\"1084\" data-end=\"1109\">Trwa\u0142o\u015b\u0107 do 4 tygodni<\/strong> \u2013 doskona\u0142y jako ochrona pomi\u0119dzy pe\u0142nymi zabiegami<\/p>\n<\/li>\n<li data-start=\"1162\" data-end=\"1224\">\n<p data-start=\"1164\" data-end=\"1224\"><strong data-start=\"1164\" data-end=\"1184\">Przyjemny zapach<\/strong> \u2013 profesjonalne wra\u017cenie przy aplikacji<\/p>\n<\/li>\n<li data-start=\"1225\" data-end=\"1325\">\n<p data-start=\"1227\" data-end=\"1325\"><strong data-start=\"1227\" data-end=\"1325\">Bezpieczny dla wszystkich powierzchni lakierowanych, plastik\u00f3w, folii PPF, pow\u0142ok ceramicznych<\/strong><\/p>\n<\/li>\n<li data-start=\"1326\" data-end=\"1378\">\n<p data-start=\"1328\" data-end=\"1378\"><strong data-start=\"1328\" data-end=\"1352\">Dost\u0119pne pojemno\u015bci:<\/strong> 250 ml \/ 500 ml \/ 1000 ml<\/p>\n<\/li>\n<\/ul>\n<hr data-start=\"1380\" data-end=\"1383\" \/>\n<h3 data-start=\"1385\" data-end=\"1400\">Jak u\u017cywa\u0107:<\/h3>\n<ol data-start=\"1401\" data-end=\"1652\">\n<li data-start=\"1401\" data-end=\"1429\">\n<p data-start=\"1404\" data-end=\"1429\">Wstrz\u0105\u015bnij przed u\u017cyciem.<\/p>\n<\/li>\n<li data-start=\"1430\" data-end=\"1485\">\n<p data-start=\"1433\" data-end=\"1485\">Aplikuj w cieniu, na ch\u0142odnej i czystej powierzchni.<\/p>\n<\/li>\n<li data-start=\"1486\" data-end=\"1519\">\n<p data-start=\"1489\" data-end=\"1519\">Spryskaj panel lub mikrofibr\u0119.<\/p>\n<\/li>\n<li data-start=\"1520\" data-end=\"1652\">\n<p data-start=\"1523\" data-end=\"1652\">Rozprowad\u017a jedn\u0105 stron\u0105 r\u0119cznika, nast\u0119pnie wypoleruj drug\u0105 (such\u0105) stron\u0105.<br \/>\n\ud83d\udca1 Mo\u017cna u\u017cywa\u0107 tak\u017ce na plastiki, chromy, folie PPF.<\/li>\n<\/ol>\n<hr data-start=\"1654\" data-end=\"1657\" \/>\n<h3 data-start=\"1659\" data-end=\"1717\">\u2753 Dlaczego SiO\u2082 Detailer, a nie zwyk\u0142y quick detailer?<\/h3>\n<p data-start=\"1718\" data-end=\"2085\">Detailery z SiO\u2082 tworz\u0105 mikropow\u0142ok\u0119, kt\u00f3ra zapewnia <strong data-start=\"1771\" data-end=\"1828\">wi\u0119ksz\u0105 trwa\u0142o\u015b\u0107 i silniejsze w\u0142a\u015bciwo\u015bci hydrofobowe<\/strong> ni\u017c klasyczne produkty. Dzi\u0119ki krzemionce zabezpieczaj\u0105 powierzchni\u0119 przed wod\u0105, brudem i osadami \u2013 jednocze\u015bnie poprawiaj\u0105c wygl\u0105d i u\u0142atwiaj\u0105c przysz\u0142e czyszczenie. To rozwi\u0105zanie idealne zar\u00f3wno do pow\u0142ok ceramicznych, jak i lakier\u00f3w bez zabezpieczenia.<\/p>\n<hr data-start=\"2087\" data-end=\"2090\" \/>\n<p data-start=\"2092\" data-end=\"2261\"><strong>SiO\u2082 Detailer to szybki i efektywny spos\u00f3b na dodanie blasku, ochrony i g\u0142adko\u015bci \u2013 gotowy do u\u017cycia zawsze, gdy zale\u017cy Ci na perfekcyjnym wyko\u0144czeniu w kilka minut.<\/strong><\/p>\n[\/vc_column_text][nectar_cta btn_style=&#8221;basic&#8221; heading_tag=&#8221;h6&#8243; border_radius=&#8221;10&#8243; button_color=&#8221;default&#8221; text_color=&#8221;#fbb921&#8243; text_color_hover=&#8221;#ffffff&#8221; button_border_color=&#8221;#fbb921&#8243; button_border_color_hover=&#8221;#ffffff&#8221; button_border_thickness=&#8221;4px&#8221; link_type=&#8221;regular&#8221; alignment=&#8221;center&#8221; alignment_tablet=&#8221;default&#8221; alignment_phone=&#8221;default&#8221; constrain_group_3=&#8221;yes&#8221; display=&#8221;block&#8221; display_tablet=&#8221;inherit&#8221; display_phone=&#8221;inherit&#8221; icon_family=&#8221;linecons&#8221; class=&#8221;buy-button&#8221; font_size_desktop=&#8221;20&#8243; link_text=&#8221;Kupuj w Autoryzowanych Sklepach&#8221; padding_top=&#8221;11&#8243; padding_bottom=&#8221;11&#8243; padding_left=&#8221;11&#8243; padding_right=&#8221;11&#8243; icon_linecons=&#8221;vc_li vc_li-star&#8221; font_size_phone=&#8221;1rem&#8221;][vc_column_text css=&#8221;&#8221; text_direction=&#8221;default&#8221;]\n<div class=\"ws-nav\" style=\"text-align: center;\"><a class=\"ws-nav__btn ws-nav__btn--prev\" href=\"https:\/\/goodstuff.com.pl\/pl\/produkty\/passion-line\/leather-detailer\/\">\u2190 POPRZEDNI <\/a><br \/>\n<a class=\"ws-nav__btn ws-nav__btn--next\" href=\"https:\/\/goodstuff.com.pl\/pl\/produkty\/passion-line\/interior-detailer\/\">NAST\u0118PNY\u2192<\/a><\/div>\n[\/vc_column_text][\/vc_column_inner][\/vc_row_inner][\/vc_column][\/vc_row]\n","protected":false},"excerpt":{"rendered":"<p>[vc_row type=&#8221;full_width_background&#8221; full_screen_row_position=&#8221;middle&#8221; column_margin=&#8221;default&#8221; column_direction=&#8221;default&#8221; column_direction_tablet=&#8221;default&#8221; column_direction_phone=&#8221;default&#8221; bg_color=&#8221;#212121&#8243; bg_image=&#8221;27391&#8243; bg_position=&#8221;left top&#8221; background_image_loading=&#8221;lazy-load&#8221; bg_repeat=&#8221;no-repeat&#8221; scene_position=&#8221;center&#8221; top_padding=&#8221;4%&#8221; bottom_padding=&#8221;6%&#8221; text_color=&#8221;light&#8221; text_align=&#8221;left&#8221; row_border_radius=&#8221;none&#8221; row_border_radius_applies=&#8221;bg&#8221; overflow=&#8221;visible&#8221; color_overlay=&#8221;#212121&#8243; overlay_strength=&#8221;0.8&#8243; gradient_direction=&#8221;left_to_right&#8221; shape_divider_position=&#8221;bottom&#8221; bg_image_animation=&#8221;none&#8221; parallax_bg=&#8221;true&#8221; parallax_bg_speed=&#8221;fast&#8221; shape_type=&#8221;&#8221; gradient_type=&#8221;default&#8221;][vc_column&#8230;<\/p>\n","protected":false},"author":1,"featured_media":28367,"parent":29467,"menu_order":0,"comment_status":"closed","ping_status":"closed","template":"","meta":{"footnotes":""},"class_list":["post-29480","page","type-page","status-publish","has-post-thumbnail"],"publishpress_future_action":{"enabled":false,"date":"2026-04-15 14:00:38","action":"change-status","newStatus":"draft","terms":[],"taxonomy":"translation_priority","extraData":[]},"publishpress_future_workflow_manual_trigger":{"enabledWorkflows":[]},"_links":{"self":[{"href":"https:\/\/goodstuff.com.pl\/pl\/wp-json\/wp\/v2\/pages\/29480","targetHints":{"allow":["GET"]}}],"collection":[{"href":"https:\/\/goodstuff.com.pl\/pl\/wp-json\/wp\/v2\/pages"}],"about":[{"href":"https:\/\/goodstuff.com.pl\/pl\/wp-json\/wp\/v2\/types\/page"}],"author":[{"embeddable":true,"href":"https:\/\/goodstuff.com.pl\/pl\/wp-json\/wp\/v2\/users\/1"}],"replies":[{"embeddable":true,"href":"https:\/\/goodstuff.com.pl\/pl\/wp-json\/wp\/v2\/comments?post=29480"}],"version-history":[{"count":7,"href":"https:\/\/goodstuff.com.pl\/pl\/wp-json\/wp\/v2\/pages\/29480\/revisions"}],"predecessor-version":[{"id":33949,"href":"https:\/\/goodstuff.com.pl\/pl\/wp-json\/wp\/v2\/pages\/29480\/revisions\/33949"}],"up":[{"embeddable":true,"href":"https:\/\/goodstuff.com.pl\/pl\/wp-json\/wp\/v2\/pages\/29467"}],"wp:featuredmedia":[{"embeddable":true,"href":"https:\/\/goodstuff.com.pl\/pl\/wp-json\/wp\/v2\/media\/28367"}],"wp:attachment":[{"href":"https:\/\/goodstuff.com.pl\/pl\/wp-json\/wp\/v2\/media?parent=29480"}],"curies":[{"name":"wp","href":"https:\/\/api.w.org\/{rel}","templated":true}]}}