{"id":29483,"date":"2025-05-27T14:13:16","date_gmt":"2025-05-27T12:13:16","guid":{"rendered":"https:\/\/goodstuff.com.pl\/wysokiej-jakosci-chemia-do-detailingu-samochodowego-dla-profesjonalistow\/passion-line-najwyzszej-jakosci-chemia-do-detailingu-samochodowego-good-stuff\/sio%e2%82%82-wax-hydrofobowy-wosk-samochodowy-na-bazie-krzemionki-good-stuff\/"},"modified":"2026-03-27T08:53:17","modified_gmt":"2026-03-27T07:53:17","slug":"sio%e2%82%82-wax","status":"publish","type":"page","link":"https:\/\/goodstuff.com.pl\/pl\/produkty\/passion-line\/sio%e2%82%82-wax\/","title":{"rendered":"SiO\u2082 Wax &#8211; hydrofobowy wosk samochodowy na bazie krzemionki | Good Stuff"},"content":{"rendered":"[vc_row type=&#8221;full_width_background&#8221; full_screen_row_position=&#8221;middle&#8221; column_margin=&#8221;default&#8221; column_direction=&#8221;default&#8221; column_direction_tablet=&#8221;default&#8221; column_direction_phone=&#8221;default&#8221; bg_color=&#8221;#212121&#8243; bg_image=&#8221;27391&#8243; bg_position=&#8221;center center&#8221; background_image_loading=&#8221;lazy-load&#8221; bg_repeat=&#8221;no-repeat&#8221; scene_position=&#8221;center&#8221; top_padding=&#8221;4%&#8221; bottom_padding=&#8221;6%&#8221; text_color=&#8221;light&#8221; text_align=&#8221;left&#8221; row_border_radius=&#8221;none&#8221; row_border_radius_applies=&#8221;bg&#8221; overflow=&#8221;visible&#8221; color_overlay=&#8221;#212121&#8243; overlay_strength=&#8221;0.8&#8243; gradient_direction=&#8221;left_to_right&#8221; shape_divider_position=&#8221;bottom&#8221; bg_image_animation=&#8221;none&#8221; parallax_bg=&#8221;true&#8221; parallax_bg_speed=&#8221;fast&#8221; shape_type=&#8221;&#8221; gradient_type=&#8221;default&#8221;][vc_column column_padding=&#8221;no-extra-padding&#8221; column_padding_tablet=&#8221;inherit&#8221; column_padding_phone=&#8221;inherit&#8221; column_padding_position=&#8221;all&#8221; column_element_direction_desktop=&#8221;default&#8221; column_element_spacing=&#8221;default&#8221; desktop_text_alignment=&#8221;default&#8221; tablet_text_alignment=&#8221;default&#8221; phone_text_alignment=&#8221;default&#8221; background_color_opacity=&#8221;1&#8243; background_hover_color_opacity=&#8221;1&#8243; column_backdrop_filter=&#8221;none&#8221; column_shadow=&#8221;none&#8221; column_border_radius=&#8221;none&#8221; column_link_target=&#8221;_self&#8221; column_position=&#8221;default&#8221; gradient_direction=&#8221;left_to_right&#8221; overlay_strength=&#8221;0.3&#8243; width=&#8221;1\/1&#8243; tablet_width_inherit=&#8221;default&#8221; animation_type=&#8221;default&#8221; bg_image_animation=&#8221;none&#8221; border_type=&#8221;simple&#8221; column_border_width=&#8221;none&#8221; column_border_style=&#8221;solid&#8221;][nectar_highlighted_text text_color=&#8221;#ff7070&#8243; style=&#8221;text_outline&#8221; outline_thickness=&#8221;extra_thick&#8221; text_direction=&#8221;default&#8221; custom_font_size=&#8221;3vw&#8221;]\n<h1 data-product-id=\"128\"><em>SiO2 Wax<\/em> &#8211; zaawansowany wosk na bazie SiO\u2082 zapewniaj\u0105cy d\u0142ugotrwa\u0142y po\u0142ysk<\/h1>\n[\/nectar_highlighted_text][vc_row_inner column_margin=&#8221;30px&#8221; column_direction=&#8221;default&#8221; column_direction_tablet=&#8221;default&#8221; column_direction_phone=&#8221;default&#8221; text_align=&#8221;left&#8221; row_position=&#8221;default&#8221; row_position_tablet=&#8221;inherit&#8221; row_position_phone=&#8221;inherit&#8221; overflow=&#8221;visible&#8221; pointer_events=&#8221;all&#8221;][vc_column_inner column_padding=&#8221;no-extra-padding&#8221; column_padding_tablet=&#8221;inherit&#8221; column_padding_phone=&#8221;inherit&#8221; column_padding_position=&#8221;all&#8221; column_element_direction_desktop=&#8221;default&#8221; column_element_spacing=&#8221;default&#8221; desktop_text_alignment=&#8221;default&#8221; tablet_text_alignment=&#8221;default&#8221; phone_text_alignment=&#8221;default&#8221; background_color_opacity=&#8221;1&#8243; background_hover_color_opacity=&#8221;1&#8243; column_backdrop_filter=&#8221;none&#8221; column_shadow=&#8221;none&#8221; column_border_radius=&#8221;none&#8221; column_link_target=&#8221;_self&#8221; overflow=&#8221;visible&#8221; gradient_direction=&#8221;left_to_right&#8221; overlay_strength=&#8221;0.3&#8243; width=&#8221;1\/2&#8243; tablet_width_inherit=&#8221;default&#8221; animation_type=&#8221;default&#8221; bg_image_animation=&#8221;none&#8221; border_type=&#8221;simple&#8221; column_border_width=&#8221;none&#8221; column_border_style=&#8221;solid&#8221;][nectar_cta btn_style=&#8221;basic&#8221; heading_tag=&#8221;h6&#8243; border_radius=&#8221;10&#8243; button_color=&#8221;default&#8221; text_color=&#8221;#fbb921&#8243; text_color_hover=&#8221;#ffffff&#8221; button_border_color=&#8221;#fbb921&#8243; button_border_color_hover=&#8221;#ffffff&#8221; button_border_thickness=&#8221;4px&#8221; link_type=&#8221;regular&#8221; alignment=&#8221;center&#8221; alignment_tablet=&#8221;default&#8221; alignment_phone=&#8221;default&#8221; constrain_group_3=&#8221;yes&#8221; display=&#8221;block&#8221; display_tablet=&#8221;inherit&#8221; display_phone=&#8221;inherit&#8221; icon_family=&#8221;linecons&#8221; class=&#8221;buy-button&#8221; font_size_desktop=&#8221;20&#8243; link_text=&#8221;Kupuj w Autoryzowanych Sklepach&#8221; padding_top=&#8221;11&#8243; padding_bottom=&#8221;11&#8243; padding_left=&#8221;11&#8243; padding_right=&#8221;11&#8243; icon_linecons=&#8221;vc_li vc_li-star&#8221; font_size_phone=&#8221;1rem&#8221;][vc_gallery css=&#8221;&#8221; type=&#8221;image_grid&#8221; images=&#8221;28373,28432,28436&#8243; image_grid_loading=&#8221;lazy-load&#8221; layout=&#8221;2&#8243; item_spacing=&#8221;5px&#8221; gallery_style=&#8221;5&#8243; load_in_animation=&#8221;none&#8221; img_size=&#8221;full&#8221;]<div id=\"ultimate-video-320469d4f16033c83\" class=\"ult-video  vc_custom_1746191922668 ult-adjust-bottom-margin ultimate-video-320469d4f16033c83 ultv-9321 \"><div class=\"ultv-video ultv-aspect-ratio-16_9 ultv-subscribe-responsive-none\" data-videotype=\"uv_iframe\">\n\t\t\t\t\t\t<div class=\"ultv-video__outer-wrap\" data-autoplay=\"0\" data-device=\"false\"  data-iconbg=\"#3A3A3A\" data-overcolor=\"\" data-defaultbg=\"#1f1f1e\" data-defaultplay=\"defaulticon\"><div class=\"ultv-video__play\" data-src=\"https:\/\/www.youtube.com\/embed\/oAK97LS8atQ?rel=0&amp;start&amp;end&amp;controls=1&amp;mute=0&amp;modestbranding=0&amp;autoplay=1\">\n\t\t\t\t\t\t\t\t<img decoding=\"async\" class=\"ultv-video__thumb\" src=\"https:\/\/i.ytimg.com\/vi\/oAK97LS8atQ\/maxresdefault.jpg\"\/>\n\t\t\t\t\t\t\t\t<div class=\"ultv-video__play-icon  ultv-animation-none\" style=\"width:75px\"><svg height=\"100%\" version=\"1.1\" viewBox=\"0 0 68 48\" width=\"100%\"><path class=\"ultv-youtube-icon-bg\" d=\"m .66,37.62 c 0,0 .66,4.70 2.70,6.77 2.58,2.71 5.98,2.63 7.49,2.91 5.43,.52 23.10,.68 23.12,.68 .00,-1.3e-5 14.29,-0.02 23.81,-0.71 1.32,-0.15 4.22,-0.17 6.81,-2.89 2.03,-2.07 2.70,-6.77 2.70,-6.77 0,0 .67,-5.52 .67,-11.04 l 0,-5.17 c 0,-5.52 -0.67,-11.04 -0.67,-11.04 0,0 -0.66,-4.70 -2.70,-6.77 C 62.03,.86 59.13,.84 57.80,.69 48.28,0 34.00,0 34.00,0 33.97,0 19.69,0 10.18,.69 8.85,.84 5.95,.86 3.36,3.58 1.32,5.65 .66,10.35 .66,10.35 c 0,0 -0.55,4.50 -0.66,9.45 l 0,8.36 c .10,4.94 .66,9.45 .66,9.45 z\" fill=\"#1f1f1e\" ><\/path><path d=\"m 26.96,13.67 18.37,9.62 -18.37,9.55 -0.00,-19.17 z\" fill=\"#fff\"><\/path><path d=\"M 45.02,23.46 45.32,23.28 26.96,13.67 43.32,22.34 45.02,23.46 z\" fill=\"#ccc\"><\/path><\/svg><\/div> <\/div> <\/div><div class=\"ultv-subscribe-bar ult-responsive\"  data-ultimate-target='.ult-video.ultv-9321 .ultv-subscribe-bar'  data-responsive-json-new='{\"font-size\":\"\",\"line-height\":\"\"}'  style = \"color:#fff; background-color:#1b1b1b; \">\n\t\t\t\t<div class=\"ultv-subscribe-bar-prefix\" style=\"font-weight:normal;\">Subscribe to our YouTube Channel<\/div>\n\t\t\t\t<div class=\"ultv-subscribe-content\">\n\t\t\t\t\t<script src=\"https:\/\/apis.google.com\/js\/platform.js\"><\/script> <!-- Need to be enqueued from someplace else --><div class=\"g-ytsubscribe\" data-channelid=\"UCdaZpJ6Aql4hFcnLbtO_FGg\" data-count=\"hidden\"><\/div><\/div> <\/div><\/div><\/div>[\/vc_column_inner][vc_column_inner column_padding=&#8221;padding-5-percent&#8221; column_padding_tablet=&#8221;inherit&#8221; column_padding_phone=&#8221;inherit&#8221; column_padding_position=&#8221;left-right&#8221; column_element_direction_desktop=&#8221;default&#8221; column_element_spacing=&#8221;default&#8221; desktop_text_alignment=&#8221;default&#8221; tablet_text_alignment=&#8221;default&#8221; phone_text_alignment=&#8221;default&#8221; background_color_opacity=&#8221;1&#8243; background_hover_color_opacity=&#8221;1&#8243; column_backdrop_filter=&#8221;none&#8221; column_shadow=&#8221;none&#8221; column_border_radius=&#8221;none&#8221; column_link_target=&#8221;_self&#8221; overflow=&#8221;visible&#8221; gradient_direction=&#8221;left_to_right&#8221; overlay_strength=&#8221;0.3&#8243; width=&#8221;1\/2&#8243; tablet_width_inherit=&#8221;default&#8221; animation_type=&#8221;default&#8221; bg_image_animation=&#8221;none&#8221; border_type=&#8221;simple&#8221; column_border_width=&#8221;none&#8221; column_border_style=&#8221;solid&#8221; column_padding_type=&#8221;default&#8221; gradient_type=&#8221;default&#8221;][vc_column_text css=&#8221;&#8221; text_direction=&#8221;default&#8221;]\n<h2>Ochrona lakieru na bazie krzemionki o wysokim po\u0142ysku i hydrofobowo\u015bci<\/h2>\n[\/vc_column_text][vc_column_text css=&#8221;&#8221; text_direction=&#8221;default&#8221;]\n<p class=\"\" data-start=\"564\" data-end=\"901\"><strong data-start=\"564\" data-end=\"587\">Good Stuff SiO\u2082 Wax<\/strong> to <strong data-start=\"593\" data-end=\"616\">wzbogacony krzemionk\u0105 wosk<\/strong> z linii PASSION, opracowany w celu <strong data-start=\"654\" data-end=\"686\">wzmocnienia po\u0142ysku lakieru<\/strong> i <strong data-start=\"691\" data-end=\"725\">trwa\u0142ej ochrony hydrofobowej<\/strong>. Formu\u0142a oparta na technologii SiO\u2082 zapewnia g\u0142adkie, b\u0142yszcz\u0105ce wyko\u0144czenie, kt\u00f3re odpycha wod\u0119 i chroni powierzchni\u0119 przed brudem i zanieczyszczeniami \u015brodowiskowymi przez okres do <strong data-start=\"888\" data-end=\"900\">2 miesi\u0119cy<\/strong>.<\/p>\n<p class=\"\" data-start=\"903\" data-end=\"1148\">Jego kremowa konsystencja pozwala na \u0142atwe rozprowadzanie i mo\u017cna go nak\u0142ada\u0107 za pomoc\u0105 mi\u0119kkiego aplikatora. Wosk jest <strong data-start=\"1015\" data-end=\"1062\">bezpieczny dla powlekanych i niepowlekanych powierzchni lakierniczych<\/strong>, a jego <strong data-start=\"1072\" data-end=\"1099\">od\u015bwie\u017caj\u0105cy pomara\u0144czowy zapach<\/strong> poprawia wra\u017cenia u\u017cytkownika podczas aplikacji.<\/p>\n<p class=\"\" data-start=\"1150\" data-end=\"1301\">Ten produkt jest idealny dla profesjonalist\u00f3w i entuzjast\u00f3w poszukuj\u0105cych <strong data-start=\"1218\" data-end=\"1244\">nowoczesnego wosku<\/strong> o dodatkowej g\u0142\u0119bi i bogactwie, kt\u00f3re mo\u017ce zapewni\u0107 tylko SiO\u2082.<\/p>\n<h3 class=\"\" data-start=\"1303\" data-end=\"1322\">\u2705 Kluczowe cechy:<\/h3>\n<ul data-start=\"1323\" data-end=\"1676\">\n<li class=\"\" data-start=\"1323\" data-end=\"1385\">\n<p class=\"\" data-start=\"1325\" data-end=\"1385\"><strong data-start=\"1325\" data-end=\"1343\">Wosk na bazie SiO\u2082<\/strong> zapewnia d\u0142ugotrwa\u0142\u0105 ochron\u0119 hydrofobow\u0105<\/p>\n<\/li>\n<li class=\"\" data-start=\"1386\" data-end=\"1424\">\n<p class=\"\" data-start=\"1388\" data-end=\"1424\"><strong data-start=\"1388\" data-end=\"1422\">Intensywny po\u0142ysk i g\u0142adkie wyko\u0144czenie<\/strong><\/p>\n<\/li>\n<li class=\"\" data-start=\"1425\" data-end=\"1484\">\n<p class=\"\" data-start=\"1427\" data-end=\"1484\"><strong data-start=\"1427\" data-end=\"1482\">Chroni przed brudem, wod\u0105 i zanieczyszczeniami drogowymi<\/strong><\/p>\n<\/li>\n<li class=\"\" data-start=\"1485\" data-end=\"1537\">\n<p class=\"\" data-start=\"1487\" data-end=\"1537\"><strong data-start=\"1487\" data-end=\"1535\">Bezpieczny do stosowania na pojazdach powlekanych i niepowlekanych<\/strong><\/p>\n<\/li>\n<li class=\"\" data-start=\"1538\" data-end=\"1568\">\n<p class=\"\" data-start=\"1540\" data-end=\"1568\"><strong data-start=\"1540\" data-end=\"1566\">\u0141atwy do nak\u0142adania i polerowania<\/strong><\/p>\n<\/li>\n<li class=\"\" data-start=\"1569\" data-end=\"1602\">\n<p class=\"\" data-start=\"1571\" data-end=\"1602\"><strong data-start=\"1571\" data-end=\"1600\">Przyjemny pomara\u0144czowy zapach<\/strong><\/p>\n<\/li>\n<li class=\"\" data-start=\"1603\" data-end=\"1637\">\n<p class=\"\" data-start=\"1605\" data-end=\"1637\"><strong data-start=\"1605\" data-end=\"1635\">Trwa\u0142o\u015b\u0107: do 2 miesi\u0119cy<\/strong><\/p>\n<\/li>\n<li class=\"\" data-start=\"1638\" data-end=\"1676\">\n<p class=\"\" data-start=\"1640\" data-end=\"1676\"><strong data-start=\"1640\" data-end=\"1676\">Dost\u0119pne w rozmiarach 25 ml i 50 ml<\/strong><\/p>\n<\/li>\n<\/ul>\n<hr class=\"\" data-start=\"1678\" data-end=\"1681\" \/>\n<h3 class=\"\" data-start=\"1683\" data-end=\"1698\">Jak u\u017cywa\u0107:<\/h3>\n<ol data-start=\"1699\" data-end=\"1918\">\n<li class=\"\" data-start=\"1699\" data-end=\"1756\">\n<p class=\"\" data-start=\"1702\" data-end=\"1756\">Nak\u0142ada\u0107 na <strong data-start=\"1711\" data-end=\"1731\">czyst\u0105, such\u0105 farb\u0119<\/strong> za pomoc\u0105 mi\u0119kkiego aplikatora<\/p>\n<\/li>\n<li class=\"\" data-start=\"1757\" data-end=\"1808\">\n<p class=\"\" data-start=\"1760\" data-end=\"1808\">Rozprowad\u017a <strong data-start=\"1769\" data-end=\"1789\">cienk\u0105, r\u00f3wnomiern\u0105 warstw\u0119<\/strong> na powierzchni.<\/p>\n<\/li>\n<li class=\"\" data-start=\"1809\" data-end=\"1874\">\n<p class=\"\" data-start=\"1812\" data-end=\"1874\">Pozostawi\u0107 do utwardzenia na <strong data-start=\"1830\" data-end=\"1846\">5-10 minut<\/strong>, w zale\u017cno\u015bci od temperatury.<\/p>\n<\/li>\n<li class=\"\" data-start=\"1875\" data-end=\"1918\">\n<p class=\"\" data-start=\"1878\" data-end=\"1918\">Zetrzyj czystym r\u0119cznikiem z mikrofibry<\/p>\n<\/li>\n<\/ol>\n<hr class=\"\" data-start=\"1920\" data-end=\"1923\" \/>\n<h3 class=\"\" data-start=\"1925\" data-end=\"1976\">\u2753 Dlaczego warto wybra\u0107 wosk SiO\u2082 zamiast tradycyjnego wosku?<\/h3>\n<p class=\"\" data-start=\"1978\" data-end=\"2257\"><strong data-start=\"1978\" data-end=\"2086\">Woski SiO\u2082 zapewniaj\u0105 silniejsz\u0105 ochron\u0119, g\u0142\u0119bszy po\u0142ysk i lepsz\u0105 hydrofobowo\u015b\u0107 ni\u017c konwencjonalne woski.<\/strong> Good Stuff SiO\u2082 Wax \u0142\u0105czy w sobie \u0142atwo\u015b\u0107 aplikacji wosku z zaletami ochrony na bazie krzemionki &#8211; idealny do przed\u0142u\u017cenia po\u0142ysku i zmniejszenia zanieczyszczenia mi\u0119dzy myciami.<\/p>\n<hr class=\"\" data-start=\"2259\" data-end=\"2262\" \/>\n<p class=\"\" data-start=\"2264\" data-end=\"2396\"><strong data-start=\"2264\" data-end=\"2396\">Wosk SiO\u2082 zapewnia doskona\u0142y po\u0142ysk, trwa\u0142o\u015b\u0107 i nowoczesn\u0105 ochron\u0119 powierzchni &#8211; dla entuzjast\u00f3w, kt\u00f3rzy chc\u0105 czego\u015b wi\u0119cej ni\u017c tylko po\u0142ysku.<\/strong><\/p>\n[\/vc_column_text][nectar_cta btn_style=&#8221;basic&#8221; heading_tag=&#8221;h6&#8243; border_radius=&#8221;10&#8243; button_color=&#8221;default&#8221; text_color=&#8221;#fbb921&#8243; text_color_hover=&#8221;#ffffff&#8221; button_border_color=&#8221;#fbb921&#8243; button_border_color_hover=&#8221;#ffffff&#8221; button_border_thickness=&#8221;4px&#8221; link_type=&#8221;regular&#8221; alignment=&#8221;center&#8221; alignment_tablet=&#8221;default&#8221; alignment_phone=&#8221;default&#8221; constrain_group_3=&#8221;yes&#8221; display=&#8221;block&#8221; display_tablet=&#8221;inherit&#8221; display_phone=&#8221;inherit&#8221; icon_family=&#8221;linecons&#8221; class=&#8221;buy-button&#8221; font_size_desktop=&#8221;20&#8243; link_text=&#8221;Kupuj w Autoryzowanych Sklepach&#8221; padding_top=&#8221;11&#8243; padding_bottom=&#8221;11&#8243; padding_left=&#8221;11&#8243; padding_right=&#8221;11&#8243; icon_linecons=&#8221;vc_li vc_li-star&#8221; font_size_phone=&#8221;1rem&#8221;][vc_column_text css=&#8221;&#8221; text_direction=&#8221;default&#8221;]\n<div class=\"ws-nav\" style=\"text-align: center;\"><a class=\"ws-nav__btn ws-nav__btn--prev\" href=\"https:\/\/goodstuff.com.pl\/pl\/produkty\/passion-line\/interior-detailer\/\">\u2190 POPRZEDNI <\/a><br \/>\n<a class=\"ws-nav__btn ws-nav__btn--next\" href=\"https:\/\/goodstuff.com.pl\/pl\/produkty\/passion-line\/glass-cleaner-supreme\/\">NAST\u0118PNY\u2192<\/a><\/div>\n[\/vc_column_text][\/vc_column_inner][\/vc_row_inner][\/vc_column][\/vc_row]\n","protected":false},"excerpt":{"rendered":"<p>[vc_row type=&#8221;full_width_background&#8221; full_screen_row_position=&#8221;middle&#8221; column_margin=&#8221;default&#8221; column_direction=&#8221;default&#8221; column_direction_tablet=&#8221;default&#8221; column_direction_phone=&#8221;default&#8221; bg_color=&#8221;#212121&#8243; bg_image=&#8221;27391&#8243; bg_position=&#8221;center center&#8221; background_image_loading=&#8221;lazy-load&#8221; bg_repeat=&#8221;no-repeat&#8221; scene_position=&#8221;center&#8221; top_padding=&#8221;4%&#8221; bottom_padding=&#8221;6%&#8221; text_color=&#8221;light&#8221; text_align=&#8221;left&#8221; row_border_radius=&#8221;none&#8221; row_border_radius_applies=&#8221;bg&#8221; overflow=&#8221;visible&#8221; color_overlay=&#8221;#212121&#8243; overlay_strength=&#8221;0.8&#8243; gradient_direction=&#8221;left_to_right&#8221; shape_divider_position=&#8221;bottom&#8221; bg_image_animation=&#8221;none&#8221; parallax_bg=&#8221;true&#8221; parallax_bg_speed=&#8221;fast&#8221; shape_type=&#8221;&#8221; gradient_type=&#8221;default&#8221;][vc_column&#8230;<\/p>\n","protected":false},"author":1,"featured_media":28375,"parent":29467,"menu_order":0,"comment_status":"closed","ping_status":"closed","template":"","meta":{"footnotes":""},"class_list":["post-29483","page","type-page","status-publish","has-post-thumbnail"],"publishpress_future_action":{"enabled":false,"date":"2026-04-14 13:58:24","action":"change-status","newStatus":"draft","terms":[],"taxonomy":"translation_priority","extraData":[]},"publishpress_future_workflow_manual_trigger":{"enabledWorkflows":[]},"_links":{"self":[{"href":"https:\/\/goodstuff.com.pl\/pl\/wp-json\/wp\/v2\/pages\/29483","targetHints":{"allow":["GET"]}}],"collection":[{"href":"https:\/\/goodstuff.com.pl\/pl\/wp-json\/wp\/v2\/pages"}],"about":[{"href":"https:\/\/goodstuff.com.pl\/pl\/wp-json\/wp\/v2\/types\/page"}],"author":[{"embeddable":true,"href":"https:\/\/goodstuff.com.pl\/pl\/wp-json\/wp\/v2\/users\/1"}],"replies":[{"embeddable":true,"href":"https:\/\/goodstuff.com.pl\/pl\/wp-json\/wp\/v2\/comments?post=29483"}],"version-history":[{"count":7,"href":"https:\/\/goodstuff.com.pl\/pl\/wp-json\/wp\/v2\/pages\/29483\/revisions"}],"predecessor-version":[{"id":33952,"href":"https:\/\/goodstuff.com.pl\/pl\/wp-json\/wp\/v2\/pages\/29483\/revisions\/33952"}],"up":[{"embeddable":true,"href":"https:\/\/goodstuff.com.pl\/pl\/wp-json\/wp\/v2\/pages\/29467"}],"wp:featuredmedia":[{"embeddable":true,"href":"https:\/\/goodstuff.com.pl\/pl\/wp-json\/wp\/v2\/media\/28375"}],"wp:attachment":[{"href":"https:\/\/goodstuff.com.pl\/pl\/wp-json\/wp\/v2\/media?parent=29483"}],"curies":[{"name":"wp","href":"https:\/\/api.w.org\/{rel}","templated":true}]}}