{"id":29493,"date":"2025-05-27T14:19:48","date_gmt":"2025-05-27T12:19:48","guid":{"rendered":""},"modified":"2026-03-27T08:21:53","modified_gmt":"2026-03-27T07:21:53","slug":"tire-rubber-cleaner","status":"publish","type":"page","link":"https:\/\/goodstuff.com.pl\/pl\/produkty\/detailing-kol\/tire-rubber-cleaner\/","title":{"rendered":"Tire &#038; Rubber Cleaner \u2013 odt\u0142uszczacz i preparat do opon | Good Stuff"},"content":{"rendered":"[vc_row type=&#8221;full_width_background&#8221; full_screen_row_position=&#8221;middle&#8221; column_margin=&#8221;default&#8221; column_direction=&#8221;default&#8221; column_direction_tablet=&#8221;default&#8221; column_direction_phone=&#8221;default&#8221; bg_color=&#8221;#212121&#8243; bg_image=&#8221;29170&#8243; bg_position=&#8221;center top&#8221; background_image_loading=&#8221;lazy-load&#8221; bg_repeat=&#8221;no-repeat&#8221; scene_position=&#8221;center&#8221; top_padding=&#8221;4%&#8221; bottom_padding=&#8221;6%&#8221; text_color=&#8221;light&#8221; text_align=&#8221;left&#8221; row_border_radius=&#8221;none&#8221; row_border_radius_applies=&#8221;bg&#8221; overflow=&#8221;visible&#8221; color_overlay=&#8221;#212121&#8243; overlay_strength=&#8221;0.8&#8243; gradient_direction=&#8221;left_to_right&#8221; shape_divider_position=&#8221;bottom&#8221; bg_image_animation=&#8221;none&#8221; parallax_bg=&#8221;true&#8221; parallax_bg_speed=&#8221;fast&#8221; shape_type=&#8221;&#8221; gradient_type=&#8221;default&#8221;][vc_column column_padding=&#8221;no-extra-padding&#8221; column_padding_tablet=&#8221;inherit&#8221; column_padding_phone=&#8221;inherit&#8221; column_padding_position=&#8221;all&#8221; column_element_direction_desktop=&#8221;default&#8221; column_element_spacing=&#8221;default&#8221; desktop_text_alignment=&#8221;default&#8221; tablet_text_alignment=&#8221;default&#8221; phone_text_alignment=&#8221;default&#8221; background_color_opacity=&#8221;1&#8243; background_hover_color_opacity=&#8221;1&#8243; column_backdrop_filter=&#8221;none&#8221; column_shadow=&#8221;none&#8221; column_border_radius=&#8221;none&#8221; column_link_target=&#8221;_self&#8221; column_position=&#8221;default&#8221; gradient_direction=&#8221;left_to_right&#8221; overlay_strength=&#8221;0.3&#8243; width=&#8221;1\/1&#8243; tablet_width_inherit=&#8221;default&#8221; animation_type=&#8221;default&#8221; bg_image_animation=&#8221;none&#8221; border_type=&#8221;simple&#8221; column_border_width=&#8221;none&#8221; column_border_style=&#8221;solid&#8221;][nectar_highlighted_text text_color=&#8221;#ff7070&#8243; style=&#8221;text_outline&#8221; outline_thickness=&#8221;extra_thick&#8221; text_direction=&#8221;default&#8221; custom_font_size=&#8221;3vw&#8221;]\n<h1 data-product-id=\"136\"><em>TIRE &amp; RUBBER CLEANER<\/em> \u2013 g\u0142\u0119bokie czyszczenie i przygotowanie opon<\/h1>\n[\/nectar_highlighted_text][vc_row_inner column_margin=&#8221;30px&#8221; column_direction=&#8221;default&#8221; column_direction_tablet=&#8221;default&#8221; column_direction_phone=&#8221;default&#8221; text_align=&#8221;left&#8221; row_position=&#8221;default&#8221; row_position_tablet=&#8221;inherit&#8221; row_position_phone=&#8221;inherit&#8221; overflow=&#8221;visible&#8221; pointer_events=&#8221;all&#8221;][vc_column_inner column_padding=&#8221;no-extra-padding&#8221; column_padding_tablet=&#8221;inherit&#8221; column_padding_phone=&#8221;inherit&#8221; column_padding_position=&#8221;all&#8221; column_element_direction_desktop=&#8221;default&#8221; column_element_spacing=&#8221;default&#8221; desktop_text_alignment=&#8221;default&#8221; tablet_text_alignment=&#8221;default&#8221; phone_text_alignment=&#8221;default&#8221; background_color_opacity=&#8221;1&#8243; background_hover_color_opacity=&#8221;1&#8243; column_backdrop_filter=&#8221;none&#8221; column_shadow=&#8221;none&#8221; column_border_radius=&#8221;none&#8221; column_link_target=&#8221;_self&#8221; overflow=&#8221;visible&#8221; gradient_direction=&#8221;left_to_right&#8221; overlay_strength=&#8221;0.3&#8243; width=&#8221;1\/2&#8243; tablet_width_inherit=&#8221;default&#8221; animation_type=&#8221;default&#8221; bg_image_animation=&#8221;none&#8221; border_type=&#8221;simple&#8221; column_border_width=&#8221;none&#8221; column_border_style=&#8221;solid&#8221;][nectar_cta btn_style=&#8221;basic&#8221; heading_tag=&#8221;h6&#8243; border_radius=&#8221;10&#8243; button_color=&#8221;default&#8221; text_color=&#8221;#fbb921&#8243; text_color_hover=&#8221;#ffffff&#8221; button_border_color=&#8221;#fbb921&#8243; button_border_color_hover=&#8221;#ffffff&#8221; button_border_thickness=&#8221;4px&#8221; link_type=&#8221;regular&#8221; alignment=&#8221;center&#8221; alignment_tablet=&#8221;default&#8221; alignment_phone=&#8221;default&#8221; constrain_group_3=&#8221;yes&#8221; display=&#8221;block&#8221; display_tablet=&#8221;inherit&#8221; display_phone=&#8221;inherit&#8221; icon_family=&#8221;linecons&#8221; class=&#8221;buy-button&#8221; font_size_desktop=&#8221;20&#8243; link_text=&#8221;Kupuj w Autoryzowanych Sklepach&#8221; padding_top=&#8221;11&#8243; padding_bottom=&#8221;11&#8243; padding_left=&#8221;11&#8243; padding_right=&#8221;11&#8243; icon_linecons=&#8221;vc_li vc_li-star&#8221; font_size_phone=&#8221;1rem&#8221;][vc_gallery css=&#8221;&#8221; type=&#8221;image_grid&#8221; images=&#8221;28167,28276,28280,28286&#8243; image_grid_loading=&#8221;lazy-load&#8221; layout=&#8221;2&#8243; item_spacing=&#8221;5px&#8221; gallery_style=&#8221;5&#8243; load_in_animation=&#8221;none&#8221; img_size=&#8221;full&#8221;][\/vc_column_inner][vc_column_inner column_padding=&#8221;padding-5-percent&#8221; column_padding_tablet=&#8221;inherit&#8221; column_padding_phone=&#8221;inherit&#8221; column_padding_position=&#8221;left-right&#8221; column_element_direction_desktop=&#8221;default&#8221; column_element_spacing=&#8221;default&#8221; desktop_text_alignment=&#8221;default&#8221; tablet_text_alignment=&#8221;default&#8221; phone_text_alignment=&#8221;default&#8221; background_color_opacity=&#8221;1&#8243; background_hover_color_opacity=&#8221;1&#8243; column_backdrop_filter=&#8221;none&#8221; column_shadow=&#8221;none&#8221; column_border_radius=&#8221;none&#8221; column_link_target=&#8221;_self&#8221; overflow=&#8221;visible&#8221; gradient_direction=&#8221;left_to_right&#8221; overlay_strength=&#8221;0.3&#8243; width=&#8221;1\/2&#8243; tablet_width_inherit=&#8221;default&#8221; animation_type=&#8221;default&#8221; bg_image_animation=&#8221;none&#8221; border_type=&#8221;simple&#8221; column_border_width=&#8221;none&#8221; column_border_style=&#8221;solid&#8221; column_padding_type=&#8221;default&#8221; gradient_type=&#8221;default&#8221;][nectar_responsive_text inherited_font_style=&#8221;default&#8221; text_color=&#8221;#ffffff&#8221; text_direction=&#8221;default&#8221; font_size_desktop=&#8221;25&#8243;]\n<h2>Odt\u0142uszczaj\u0105cy preparat do opon z silnym dzia\u0142aniem czyszcz\u0105cym<\/h2>\n[\/nectar_responsive_text][vc_column_text css=&#8221;&#8221; text_direction=&#8221;default&#8221;]\n<article class=\"w-full scroll-mb-[var(--thread-trailing-height,150px)] text-token-text-primary focus-visible:outline-2 focus-visible:outline-offset-[-4px]\" dir=\"auto\" data-testid=\"conversation-turn-207\" data-scroll-anchor=\"false\">\n<div class=\"m-auto text-base py-[18px] px-3 md:px-4 w-full md:px-5 lg:px-4 xl:px-5\">\n<div class=\"mx-auto flex flex-1 gap-4 text-base md:gap-5 lg:gap-6 md:max-w-3xl lg:max-w-[40rem] xl:max-w-[48rem]\">\n<div class=\"group\/conversation-turn relative flex w-full min-w-0 flex-col agent-turn\">\n<div class=\"flex-col gap-1 md:gap-3\">\n<div class=\"flex max-w-full flex-col flex-grow\">\n<div class=\"min-h-8 text-message flex w-full flex-col items-end gap-2 whitespace-normal break-words text-start [.text-message+&amp;]:mt-5\" dir=\"auto\" data-message-author-role=\"assistant\" data-message-id=\"ef49b18c-61e9-47f8-9445-6a87a7cbb5a1\" data-message-model-slug=\"gpt-4o\">\n<div class=\"flex w-full flex-col gap-1 empty:hidden first:pt-[3px]\">\n<div class=\"markdown prose w-full break-words dark:prose-invert dark\">\n<p data-start=\"306\" data-end=\"640\"><strong data-start=\"306\" data-end=\"342\">Good Stuff Tire &amp; Rubber Cleaner<\/strong> to wysokowydajny \u015brodek do czyszczenia opon i element\u00f3w gumowych, kt\u00f3ry skutecznie usuwa stare dressingi, brud i pozosta\u0142o\u015bci drogowe. Dzi\u0119ki skoncentrowanej formule z inhibitorami korozji, produkt zapewnia <strong data-start=\"550\" data-end=\"588\">czyst\u0105 i odt\u0142uszczon\u0105 powierzchni\u0119<\/strong>, idealn\u0105 do aplikacji nowych preparat\u00f3w ochronnych.<\/p>\n<p data-start=\"642\" data-end=\"887\">To niezb\u0119dny krok w profesjonalnym detailingu \u2013 zapewnia lepsze wi\u0105zanie dressing\u00f3w, r\u00f3wnomierne wyko\u0144czenie oraz zwi\u0119kszon\u0105 trwa\u0142o\u015b\u0107 efektu. Mo\u017ce by\u0107 stosowany tak\u017ce do czyszczenia dywanik\u00f3w gumowych, pi\u00f3r wycieraczek i innych element\u00f3w z gumy.<\/p>\n<h3 data-start=\"889\" data-end=\"910\">\u2705 <strong data-start=\"891\" data-end=\"910\">Kluczowe cechy:<\/strong><\/h3>\n<ul data-start=\"911\" data-end=\"1254\">\n<li data-start=\"911\" data-end=\"956\">\n<p data-start=\"913\" data-end=\"956\">Silne dzia\u0142anie czyszcz\u0105ce i odt\u0142uszczaj\u0105ce<\/p>\n<\/li>\n<li data-start=\"957\" data-end=\"1013\">\n<p data-start=\"959\" data-end=\"1013\">Skuteczne usuwanie starych dressing\u00f3w i zanieczyszcze\u0144<\/p>\n<\/li>\n<li data-start=\"1014\" data-end=\"1089\">\n<p data-start=\"1016\" data-end=\"1089\">Zawiera inhibitory korozji \u2013 bezpieczny dla felg i powierzchni metalowych<\/p>\n<\/li>\n<li data-start=\"1090\" data-end=\"1141\">\n<p data-start=\"1092\" data-end=\"1141\">Przygotowuje powierzchni\u0119 do aplikacji dressing\u00f3w<\/p>\n<\/li>\n<li data-start=\"1142\" data-end=\"1199\">\n<p data-start=\"1144\" data-end=\"1199\">Mo\u017ce by\u0107 u\u017cywany na gumowych dywanikach i wycieraczkach<\/p>\n<\/li>\n<li data-start=\"1200\" data-end=\"1254\">\n<p data-start=\"1202\" data-end=\"1254\">Dost\u0119pny w pojemno\u015bciach: 500 ml \/ 1000 ml \/ 5000 ml<\/p>\n<\/li>\n<\/ul>\n<h3 data-start=\"1256\" data-end=\"1274\"><strong data-start=\"1259\" data-end=\"1274\">Jak u\u017cywa\u0107:<\/strong><\/h3>\n<ol data-start=\"1275\" data-end=\"1473\">\n<li data-start=\"1275\" data-end=\"1340\">\n<p data-start=\"1278\" data-end=\"1340\">Rozcie\u0144czy\u0107 od 1:3 do 1:10 w zale\u017cno\u015bci od poziomu zabrudzenia<\/p>\n<\/li>\n<li data-start=\"1341\" data-end=\"1390\">\n<p data-start=\"1344\" data-end=\"1390\">Nanie\u015b\u0107 na mokr\u0105 opon\u0119 lub powierzchni\u0119 gumow\u0105<\/p>\n<\/li>\n<li data-start=\"1391\" data-end=\"1424\">\n<p data-start=\"1394\" data-end=\"1424\">Wymiesza\u0107 p\u0119dzlem lub szczotk\u0105<\/p>\n<\/li>\n<li data-start=\"1425\" data-end=\"1473\">\n<p data-start=\"1428\" data-end=\"1473\">Dok\u0142adnie sp\u0142uka\u0107 wod\u0105 pod wysokim ci\u015bnieniem<\/p>\n<\/li>\n<\/ol>\n<p data-start=\"1475\" data-end=\"1618\">\u26a0\ufe0f Nie u\u017cywa\u0107 na gor\u0105cych powierzchniach lub w pe\u0142nym s\u0142o\u0144cu. Nie dopu\u015bci\u0107 do wyschni\u0119cia produktu. Zawsze przetestuj w ma\u0142o widocznym miejscu.<\/p>\n<hr data-start=\"1620\" data-end=\"1623\" \/>\n<p data-start=\"1625\" data-end=\"2077\">\u2753 <strong data-start=\"1627\" data-end=\"1687\">Dlaczego warto czy\u015bci\u0107 opony przed na\u0142o\u017ceniem dressingu?<\/strong><br data-start=\"1687\" data-end=\"1690\" \/>Czyszczenie opon \u015brodkiem takim jak <strong data-start=\"1726\" data-end=\"1751\">Tire &amp; Rubber Cleaner<\/strong> pozwala uzyska\u0107 <strong data-start=\"1768\" data-end=\"1805\">czyst\u0105, odt\u0142uszczon\u0105 powierzchni\u0119<\/strong>, na kt\u00f3rej dressing b\u0119dzie m\u00f3g\u0142 r\u00f3wnomiernie si\u0119 rozprowadzi\u0107 i skutecznie przylega\u0107. Pomija si\u0119 w ten spos\u00f3b ryzyko powstawania smug, odpadania produktu czy szybkiego blakni\u0119cia. To kluczowy krok, je\u015bli zale\u017cy Ci na trwa\u0142o\u015bci, estetyce i profesjonalnym wyko\u0144czeniu opon.<\/p>\n<\/div>\n<\/div>\n<\/div>\n<\/div>\n<\/div>\n<\/div>\n<\/div>\n<\/div>\n<\/article>\n[\/vc_column_text][nectar_cta btn_style=&#8221;basic&#8221; heading_tag=&#8221;h6&#8243; border_radius=&#8221;10&#8243; button_color=&#8221;default&#8221; text_color=&#8221;#fbb921&#8243; text_color_hover=&#8221;#ffffff&#8221; button_border_color=&#8221;#fbb921&#8243; button_border_color_hover=&#8221;#ffffff&#8221; button_border_thickness=&#8221;4px&#8221; link_type=&#8221;regular&#8221; alignment=&#8221;center&#8221; alignment_tablet=&#8221;default&#8221; alignment_phone=&#8221;default&#8221; constrain_group_3=&#8221;yes&#8221; display=&#8221;block&#8221; display_tablet=&#8221;inherit&#8221; display_phone=&#8221;inherit&#8221; icon_family=&#8221;linecons&#8221; class=&#8221;buy-button&#8221; font_size_desktop=&#8221;20&#8243; link_text=&#8221;Kupuj w Autoryzowanych Sklepach&#8221; padding_top=&#8221;11&#8243; padding_bottom=&#8221;11&#8243; padding_left=&#8221;11&#8243; padding_right=&#8221;11&#8243; icon_linecons=&#8221;vc_li vc_li-star&#8221; font_size_phone=&#8221;1rem&#8221;][vc_column_text css=&#8221;&#8221; text_direction=&#8221;default&#8221;]\n<div class=\"ws-nav\" style=\"text-align: center;\"><a class=\"ws-nav__btn ws-nav__btn--prev\" href=\"https:\/\/goodstuff.com.pl\/pl\/produkty\/detailing-kol\/wheel-cleaner-alkaline\/\">\u2190 POPRZEDNI <\/a><br \/>\n<a class=\"ws-nav__btn ws-nav__btn--next\" href=\"https:\/\/goodstuff.com.pl\/pl\/produkty\/detailing-kol\/iron-remover\/\">NAST\u0118PNY\u2192<\/a><\/div>\n[\/vc_column_text][\/vc_column_inner][\/vc_row_inner][\/vc_column][\/vc_row]\n","protected":false},"excerpt":{"rendered":"<p>[vc_row type=&#8221;full_width_background&#8221; full_screen_row_position=&#8221;middle&#8221; column_margin=&#8221;default&#8221; column_direction=&#8221;default&#8221; column_direction_tablet=&#8221;default&#8221; column_direction_phone=&#8221;default&#8221; bg_color=&#8221;#212121&#8243; bg_image=&#8221;29170&#8243; bg_position=&#8221;center top&#8221; background_image_loading=&#8221;lazy-load&#8221; bg_repeat=&#8221;no-repeat&#8221; scene_position=&#8221;center&#8221; top_padding=&#8221;4%&#8221; bottom_padding=&#8221;6%&#8221; text_color=&#8221;light&#8221; text_align=&#8221;left&#8221; row_border_radius=&#8221;none&#8221; row_border_radius_applies=&#8221;bg&#8221; overflow=&#8221;visible&#8221; color_overlay=&#8221;#212121&#8243; overlay_strength=&#8221;0.8&#8243; gradient_direction=&#8221;left_to_right&#8221; shape_divider_position=&#8221;bottom&#8221; bg_image_animation=&#8221;none&#8221; parallax_bg=&#8221;true&#8221; parallax_bg_speed=&#8221;fast&#8221; shape_type=&#8221;&#8221; gradient_type=&#8221;default&#8221;][vc_column&#8230;<\/p>\n","protected":false},"author":1,"featured_media":28278,"parent":29486,"menu_order":0,"comment_status":"closed","ping_status":"closed","template":"","meta":{"footnotes":""},"class_list":["post-29493","page","type-page","status-publish","has-post-thumbnail"],"publishpress_future_action":{"enabled":false,"date":"2026-04-15 14:02:03","action":"change-status","newStatus":"draft","terms":[],"taxonomy":"translation_priority","extraData":[]},"publishpress_future_workflow_manual_trigger":{"enabledWorkflows":[]},"_links":{"self":[{"href":"https:\/\/goodstuff.com.pl\/pl\/wp-json\/wp\/v2\/pages\/29493","targetHints":{"allow":["GET"]}}],"collection":[{"href":"https:\/\/goodstuff.com.pl\/pl\/wp-json\/wp\/v2\/pages"}],"about":[{"href":"https:\/\/goodstuff.com.pl\/pl\/wp-json\/wp\/v2\/types\/page"}],"author":[{"embeddable":true,"href":"https:\/\/goodstuff.com.pl\/pl\/wp-json\/wp\/v2\/users\/1"}],"replies":[{"embeddable":true,"href":"https:\/\/goodstuff.com.pl\/pl\/wp-json\/wp\/v2\/comments?post=29493"}],"version-history":[{"count":10,"href":"https:\/\/goodstuff.com.pl\/pl\/wp-json\/wp\/v2\/pages\/29493\/revisions"}],"predecessor-version":[{"id":33939,"href":"https:\/\/goodstuff.com.pl\/pl\/wp-json\/wp\/v2\/pages\/29493\/revisions\/33939"}],"up":[{"embeddable":true,"href":"https:\/\/goodstuff.com.pl\/pl\/wp-json\/wp\/v2\/pages\/29486"}],"wp:featuredmedia":[{"embeddable":true,"href":"https:\/\/goodstuff.com.pl\/pl\/wp-json\/wp\/v2\/media\/28278"}],"wp:attachment":[{"href":"https:\/\/goodstuff.com.pl\/pl\/wp-json\/wp\/v2\/media?parent=29493"}],"curies":[{"name":"wp","href":"https:\/\/api.w.org\/{rel}","templated":true}]}}