{"id":29499,"date":"2025-05-27T14:24:17","date_gmt":"2025-05-27T12:24:17","guid":{"rendered":"https:\/\/goodstuff.com.pl\/wysokiej-jakosci-chemia-do-detailingu-samochodowego-dla-profesjonalistow\/produkty-do-detailingu-kol-srodki-czyszczace-dressingi-i-ochrona-good-stuff\/wheel-cleaner-acid-kwasowy-srodek-do-czyszczenia-felg-aluminiowych-good-stuff\/"},"modified":"2026-03-27T08:16:13","modified_gmt":"2026-03-27T07:16:13","slug":"wheel-cleaner-acid","status":"publish","type":"page","link":"https:\/\/goodstuff.com.pl\/pl\/produkty\/detailing-kol\/wheel-cleaner-acid\/","title":{"rendered":"Wheel Cleaner Acid \u2013 Kwasowy \u015brodek do felg aluminiowych | Good Stuff"},"content":{"rendered":"[vc_row type=&#8221;full_width_background&#8221; full_screen_row_position=&#8221;middle&#8221; column_margin=&#8221;default&#8221; column_direction=&#8221;default&#8221; column_direction_tablet=&#8221;default&#8221; column_direction_phone=&#8221;default&#8221; bg_color=&#8221;#212121&#8243; bg_image=&#8221;29170&#8243; bg_position=&#8221;center top&#8221; background_image_loading=&#8221;lazy-load&#8221; bg_repeat=&#8221;no-repeat&#8221; scene_position=&#8221;center&#8221; top_padding=&#8221;4%&#8221; bottom_padding=&#8221;6%&#8221; text_color=&#8221;light&#8221; text_align=&#8221;left&#8221; row_border_radius=&#8221;none&#8221; row_border_radius_applies=&#8221;bg&#8221; overflow=&#8221;visible&#8221; color_overlay=&#8221;#212121&#8243; overlay_strength=&#8221;0.8&#8243; gradient_direction=&#8221;left_to_right&#8221; shape_divider_position=&#8221;bottom&#8221; bg_image_animation=&#8221;none&#8221; parallax_bg=&#8221;true&#8221; parallax_bg_speed=&#8221;fast&#8221; shape_type=&#8221;&#8221; gradient_type=&#8221;default&#8221;][vc_column column_padding=&#8221;no-extra-padding&#8221; column_padding_tablet=&#8221;inherit&#8221; column_padding_phone=&#8221;inherit&#8221; column_padding_position=&#8221;all&#8221; column_element_direction_desktop=&#8221;default&#8221; column_element_spacing=&#8221;default&#8221; desktop_text_alignment=&#8221;default&#8221; tablet_text_alignment=&#8221;default&#8221; phone_text_alignment=&#8221;default&#8221; background_color_opacity=&#8221;1&#8243; background_hover_color_opacity=&#8221;1&#8243; column_backdrop_filter=&#8221;none&#8221; column_shadow=&#8221;none&#8221; column_border_radius=&#8221;none&#8221; column_link_target=&#8221;_self&#8221; column_position=&#8221;default&#8221; gradient_direction=&#8221;left_to_right&#8221; overlay_strength=&#8221;0.3&#8243; width=&#8221;1\/1&#8243; tablet_width_inherit=&#8221;default&#8221; animation_type=&#8221;default&#8221; bg_image_animation=&#8221;none&#8221; border_type=&#8221;simple&#8221; column_border_width=&#8221;none&#8221; column_border_style=&#8221;solid&#8221;][nectar_highlighted_text text_color=&#8221;#ff7070&#8243; style=&#8221;text_outline&#8221; outline_thickness=&#8221;extra_thick&#8221; text_direction=&#8221;default&#8221; custom_font_size=&#8221;3vw&#8221;]\n<h1 data-product-id=\"140\">Wheel Cleaner <em>ACID<\/em> &#8211; kwa\u015bny \u015brodek do czyszczenia felg z osad\u00f3w i py\u0142u hamulcowego<\/h1>\n[\/nectar_highlighted_text][vc_row_inner column_margin=&#8221;30px&#8221; column_direction=&#8221;default&#8221; column_direction_tablet=&#8221;default&#8221; column_direction_phone=&#8221;default&#8221; text_align=&#8221;left&#8221; row_position=&#8221;default&#8221; row_position_tablet=&#8221;inherit&#8221; row_position_phone=&#8221;inherit&#8221; overflow=&#8221;visible&#8221; pointer_events=&#8221;all&#8221;][vc_column_inner column_padding=&#8221;no-extra-padding&#8221; column_padding_tablet=&#8221;inherit&#8221; column_padding_phone=&#8221;inherit&#8221; column_padding_position=&#8221;all&#8221; column_element_direction_desktop=&#8221;default&#8221; column_element_spacing=&#8221;default&#8221; desktop_text_alignment=&#8221;default&#8221; tablet_text_alignment=&#8221;default&#8221; phone_text_alignment=&#8221;default&#8221; background_color_opacity=&#8221;1&#8243; background_hover_color_opacity=&#8221;1&#8243; column_backdrop_filter=&#8221;none&#8221; column_shadow=&#8221;none&#8221; column_border_radius=&#8221;none&#8221; column_link_target=&#8221;_self&#8221; overflow=&#8221;visible&#8221; gradient_direction=&#8221;left_to_right&#8221; overlay_strength=&#8221;0.3&#8243; width=&#8221;1\/2&#8243; tablet_width_inherit=&#8221;default&#8221; animation_type=&#8221;default&#8221; bg_image_animation=&#8221;none&#8221; border_type=&#8221;simple&#8221; column_border_width=&#8221;none&#8221; column_border_style=&#8221;solid&#8221;][nectar_cta btn_style=&#8221;basic&#8221; heading_tag=&#8221;h6&#8243; border_radius=&#8221;10&#8243; button_color=&#8221;default&#8221; text_color=&#8221;#fbb921&#8243; text_color_hover=&#8221;#ffffff&#8221; button_border_color=&#8221;#fbb921&#8243; button_border_color_hover=&#8221;#ffffff&#8221; button_border_thickness=&#8221;4px&#8221; link_type=&#8221;regular&#8221; alignment=&#8221;center&#8221; alignment_tablet=&#8221;default&#8221; alignment_phone=&#8221;default&#8221; constrain_group_3=&#8221;yes&#8221; display=&#8221;block&#8221; display_tablet=&#8221;inherit&#8221; display_phone=&#8221;inherit&#8221; icon_family=&#8221;linecons&#8221; class=&#8221;buy-button&#8221; font_size_desktop=&#8221;20&#8243; link_text=&#8221;Kupuj w Autoryzowanych Sklepach&#8221; padding_top=&#8221;11&#8243; padding_bottom=&#8221;11&#8243; padding_left=&#8221;11&#8243; padding_right=&#8221;11&#8243; icon_linecons=&#8221;vc_li vc_li-star&#8221; font_size_phone=&#8221;1rem&#8221;][vc_gallery css=&#8221;&#8221; type=&#8221;image_grid&#8221; images=&#8221;29327&#8243; image_grid_loading=&#8221;lazy-load&#8221; layout=&#8221;2&#8243; item_spacing=&#8221;default&#8221; gallery_style=&#8221;5&#8243; load_in_animation=&#8221;none&#8221; img_size=&#8221;full&#8221;]<div id=\"ultimate-video-565569d649a9decdb\" class=\"ult-video  vc_custom_1746181967405 ult-adjust-bottom-margin ultimate-video-565569d649a9decdb ultv-5034 \"><div class=\"ultv-video ultv-aspect-ratio-16_9 ultv-subscribe-responsive-none\" data-videotype=\"uv_iframe\">\n\t\t\t\t\t\t<div class=\"ultv-video__outer-wrap\" data-autoplay=\"0\" data-device=\"false\"  data-iconbg=\"#3A3A3A\" data-overcolor=\"\" data-defaultbg=\"#1f1f1e\" data-defaultplay=\"defaulticon\"><div class=\"ultv-video__play\" data-src=\"https:\/\/www.youtube.com\/embed\/pGk-1NTU4z0?rel=0&amp;start&amp;end&amp;controls=1&amp;mute=0&amp;modestbranding=0&amp;autoplay=1\">\n\t\t\t\t\t\t\t\t<img decoding=\"async\" class=\"ultv-video__thumb\" src=\"https:\/\/i.ytimg.com\/vi\/pGk-1NTU4z0\/maxresdefault.jpg\"\/>\n\t\t\t\t\t\t\t\t<div class=\"ultv-video__play-icon  ultv-animation-none\" style=\"width:75px\"><svg height=\"100%\" version=\"1.1\" viewBox=\"0 0 68 48\" width=\"100%\"><path class=\"ultv-youtube-icon-bg\" d=\"m .66,37.62 c 0,0 .66,4.70 2.70,6.77 2.58,2.71 5.98,2.63 7.49,2.91 5.43,.52 23.10,.68 23.12,.68 .00,-1.3e-5 14.29,-0.02 23.81,-0.71 1.32,-0.15 4.22,-0.17 6.81,-2.89 2.03,-2.07 2.70,-6.77 2.70,-6.77 0,0 .67,-5.52 .67,-11.04 l 0,-5.17 c 0,-5.52 -0.67,-11.04 -0.67,-11.04 0,0 -0.66,-4.70 -2.70,-6.77 C 62.03,.86 59.13,.84 57.80,.69 48.28,0 34.00,0 34.00,0 33.97,0 19.69,0 10.18,.69 8.85,.84 5.95,.86 3.36,3.58 1.32,5.65 .66,10.35 .66,10.35 c 0,0 -0.55,4.50 -0.66,9.45 l 0,8.36 c .10,4.94 .66,9.45 .66,9.45 z\" fill=\"#1f1f1e\" ><\/path><path d=\"m 26.96,13.67 18.37,9.62 -18.37,9.55 -0.00,-19.17 z\" fill=\"#fff\"><\/path><path d=\"M 45.02,23.46 45.32,23.28 26.96,13.67 43.32,22.34 45.02,23.46 z\" fill=\"#ccc\"><\/path><\/svg><\/div> <\/div> <\/div><div class=\"ultv-subscribe-bar ult-responsive\"  data-ultimate-target='.ult-video.ultv-5034 .ultv-subscribe-bar'  data-responsive-json-new='{\"font-size\":\"\",\"line-height\":\"\"}'  style = \"color:#fff; background-color:#1b1b1b; \">\n\t\t\t\t<div class=\"ultv-subscribe-bar-prefix\" style=\"font-weight:normal;\">Subscribe to our YouTube Channel<\/div>\n\t\t\t\t<div class=\"ultv-subscribe-content\">\n\t\t\t\t\t<script src=\"https:\/\/apis.google.com\/js\/platform.js\"><\/script> <!-- Need to be enqueued from someplace else --><div class=\"g-ytsubscribe\" data-channelid=\"UCdaZpJ6Aql4hFcnLbtO_FGg\" data-count=\"hidden\"><\/div><\/div> <\/div><\/div><\/div>[\/vc_column_inner][vc_column_inner column_padding=&#8221;padding-5-percent&#8221; column_padding_tablet=&#8221;inherit&#8221; column_padding_phone=&#8221;inherit&#8221; column_padding_position=&#8221;left-right&#8221; column_element_direction_desktop=&#8221;default&#8221; column_element_spacing=&#8221;default&#8221; desktop_text_alignment=&#8221;default&#8221; tablet_text_alignment=&#8221;default&#8221; phone_text_alignment=&#8221;default&#8221; background_color_opacity=&#8221;1&#8243; background_hover_color_opacity=&#8221;1&#8243; column_backdrop_filter=&#8221;none&#8221; column_shadow=&#8221;none&#8221; column_border_radius=&#8221;none&#8221; column_link_target=&#8221;_self&#8221; overflow=&#8221;visible&#8221; gradient_direction=&#8221;left_to_right&#8221; overlay_strength=&#8221;0.3&#8243; width=&#8221;1\/2&#8243; tablet_width_inherit=&#8221;default&#8221; animation_type=&#8221;default&#8221; bg_image_animation=&#8221;none&#8221; border_type=&#8221;simple&#8221; column_border_width=&#8221;none&#8221; column_border_style=&#8221;solid&#8221; column_padding_type=&#8221;default&#8221; gradient_type=&#8221;default&#8221;][nectar_responsive_text inherited_font_style=&#8221;default&#8221; text_color=&#8221;#ffffff&#8221; text_direction=&#8221;default&#8221; font_size_desktop=&#8221;25&#8243;]\n<h2>Wheel Cleaner Acid \u2013 skuteczne czyszczenie felg aluminiowych<\/h2>\n[\/nectar_responsive_text][vc_column_text css=&#8221;&#8221; text_direction=&#8221;default&#8221;]\n<article class=\"w-full scroll-mb-[var(--thread-trailing-height,150px)] text-token-text-primary focus-visible:outline-2 focus-visible:outline-offset-[-4px]\" dir=\"auto\" data-testid=\"conversation-turn-207\" data-scroll-anchor=\"false\">\n<div class=\"m-auto text-base py-[18px] px-3 md:px-4 w-full md:px-5 lg:px-4 xl:px-5\">\n<div class=\"mx-auto flex flex-1 gap-4 text-base md:gap-5 lg:gap-6 md:max-w-3xl lg:max-w-[40rem] xl:max-w-[48rem]\">\n<div class=\"group\/conversation-turn relative flex w-full min-w-0 flex-col agent-turn\">\n<div class=\"flex-col gap-1 md:gap-3\">\n<div class=\"flex max-w-full flex-col flex-grow\">\n<div class=\"min-h-8 text-message flex w-full flex-col items-end gap-2 whitespace-normal break-words text-start [.text-message+&amp;]:mt-5\" dir=\"auto\" data-message-author-role=\"assistant\" data-message-id=\"ef49b18c-61e9-47f8-9445-6a87a7cbb5a1\" data-message-model-slug=\"gpt-4o\">\n<div class=\"flex w-full flex-col gap-1 empty:hidden first:pt-[3px]\">\n<div class=\"markdown prose w-full break-words dark:prose-invert dark\">\n<p data-start=\"351\" data-end=\"691\"><strong>Good Stuff Wheel Cleaner ACID<\/strong> to zaawansowany \u015brodek czyszcz\u0105cy na bazie kwasu, opracowany specjalnie do intensywnego czyszczenia felg aluminiowych i ko\u0142pak\u00f3w. Jego silna, regulowana formu\u0142a rozpuszcza najbardziej uporczywy py\u0142 hamulcowy, osady drogowe i zabrudzenia mineralne, sprawiaj\u0105c, \u017ce nawet zaniedbane felgi odzyskuj\u0105 \u015bwie\u017cy wygl\u0105d.<\/p>\n<p data-start=\"693\" data-end=\"992\">Rozcie\u0144czany w zakresie 1:30 do 1:5, produkt mo\u017cna precyzyjnie dostosowa\u0107 do poziomu zanieczyszcze\u0144 \u2013 od regularnej konserwacji po profesjonalne czyszczenie detailingowe. Dzi\u0119ki szybkiemu dzia\u0142aniu i wspomaganiu mechanicznym (szczotka detailingowa) zapewnia spektakularne rezultaty w kr\u00f3tkim czasie.<\/p>\n<hr data-start=\"994\" data-end=\"997\" \/>\n<h3 data-start=\"999\" data-end=\"1053\"><strong data-start=\"1006\" data-end=\"1051\">Dlaczego warto wybra\u0107 Wheel Cleaner Acid:<\/strong><\/h3>\n<ul data-start=\"1055\" data-end=\"1348\">\n<li data-start=\"1055\" data-end=\"1138\">\n<p data-start=\"1057\" data-end=\"1138\"><strong data-start=\"1057\" data-end=\"1090\">Zaawansowana si\u0142a czyszczenia<\/strong>, idealna dla felg o du\u017cym stopniu zabrudzenia<\/p>\n<\/li>\n<li data-start=\"1139\" data-end=\"1202\">\n<p data-start=\"1141\" data-end=\"1202\"><strong data-start=\"1141\" data-end=\"1159\">Szybkie efekty<\/strong> \u2013 widoczne ju\u017c po 1\u20132 minutach dzia\u0142ania<\/p>\n<\/li>\n<li data-start=\"1203\" data-end=\"1285\">\n<p data-start=\"1205\" data-end=\"1285\"><strong data-start=\"1205\" data-end=\"1233\">Elastyczne rozcie\u0144czanie<\/strong> \u2013 w zale\u017cno\u015bci od potrzeb i typu zanieczyszczenia<\/p>\n<\/li>\n<li data-start=\"1286\" data-end=\"1348\">\n<p data-start=\"1288\" data-end=\"1348\"><strong data-start=\"1288\" data-end=\"1311\">Profesjonalny efekt<\/strong> \u2013 nawet na trudnych powierzchniach<\/p>\n<\/li>\n<\/ul>\n<hr data-start=\"1350\" data-end=\"1353\" \/>\n<h3 data-start=\"1355\" data-end=\"1398\"><strong data-start=\"1362\" data-end=\"1396\">Kluczowe cechy:<\/strong><\/h3>\n<ul>\n<li data-start=\"1400\" data-end=\"1680\">Kwa\u015bne pH \u2013 rozpuszcza osady i twardy brud<\/li>\n<li data-start=\"1400\" data-end=\"1680\">Bezpieczny dla felg aluminiowych i ko\u0142pak\u00f3w przy odpowiednim rozcie\u0144czeniu<\/li>\n<li data-start=\"1400\" data-end=\"1680\">Intensywna skuteczno\u015b\u0107 bez konieczno\u015bci powtarzania aplikacji<\/li>\n<li data-start=\"1400\" data-end=\"1680\">Wi\u015bniowy zapach dla wi\u0119kszego komfortu u\u017cytkownika<\/li>\n<li data-start=\"1400\" data-end=\"1680\">Dost\u0119pny w pojemno\u015bci 1000 ml<\/li>\n<\/ul>\n<hr data-start=\"1682\" data-end=\"1685\" \/>\n<h3 data-start=\"1687\" data-end=\"1711\"><strong data-start=\"1694\" data-end=\"1709\">Jak u\u017cywa\u0107:<\/strong><\/h3>\n<ol data-start=\"1713\" data-end=\"1970\">\n<li data-start=\"1713\" data-end=\"1793\">\n<p data-start=\"1716\" data-end=\"1793\">Rozcie\u0144cz produkt od 1:30 (lekkie zabrudzenia) do 1:5 (ci\u0119\u017ckie zabrudzenia)<\/p>\n<\/li>\n<li data-start=\"1794\" data-end=\"1842\">\n<p data-start=\"1797\" data-end=\"1842\">Rozpyl bezpo\u015brednio na ch\u0142odne, suche felgi<\/p>\n<\/li>\n<li data-start=\"1843\" data-end=\"1867\">\n<p data-start=\"1846\" data-end=\"1867\">Odczekaj 1\u20132 minuty<\/p>\n<\/li>\n<li data-start=\"1868\" data-end=\"1920\">\n<p data-start=\"1871\" data-end=\"1920\">Dla najlepszych efekt\u00f3w u\u017cyj szczotki do detali<\/p>\n<\/li>\n<li data-start=\"1921\" data-end=\"1970\">\n<p data-start=\"1924\" data-end=\"1970\">Dok\u0142adnie sp\u0142ucz wod\u0105 pod wysokim ci\u015bnieniem<\/p>\n<\/li>\n<\/ol>\n<p data-start=\"1972\" data-end=\"2098\">\u26a0\ufe0f Unikaj stosowania na gor\u0105cych powierzchniach i w bezpo\u015brednim s\u0142o\u0144cu. Przetestuj na ma\u0142ej powierzchni przed pe\u0142nym u\u017cyciem.<\/p>\n<hr data-start=\"2100\" data-end=\"2103\" \/>\n<h3 data-start=\"2105\" data-end=\"2182\"><strong data-start=\"2112\" data-end=\"2180\">\u2753 Kiedy wybra\u0107 kwa\u015bny \u015brodek zamiast neutralnego lub zasadowego?<\/strong><\/h3>\n<p data-start=\"2184\" data-end=\"2516\">Gdy felgi s\u0105 mocno zabrudzone, maj\u0105 zmatowienia z osad\u00f3w mineralnych lub klasyczne \u015brodki nie radz\u0105 sobie z czyszczeniem \u2013 <strong data-start=\"2307\" data-end=\"2336\">kwa\u015bny Wheel Cleaner Acid<\/strong> zapewnia maksymaln\u0105 skuteczno\u015b\u0107. To idealne rozwi\u0105zanie do <strong data-start=\"2396\" data-end=\"2416\">regeneracji felg<\/strong> i przygotowania ich pod ochron\u0119, bez ryzyka dla struktury aluminium przy odpowiednim rozcie\u0144czeniu.<\/p>\n<hr data-start=\"2518\" data-end=\"2521\" \/>\n<h3 data-start=\"2523\" data-end=\"2549\"><strong data-start=\"2530\" data-end=\"2547\">Podsumowanie:<\/strong><\/h3>\n<p data-start=\"2551\" data-end=\"2830\"><strong>Good Stuff Wheel Cleaner Acid<\/strong> to niezb\u0119dnik ka\u017cdego profesjonalisty i entuzjasty detailingu, kt\u00f3ry oczekuje skuteczno\u015bci i precyzji. Pozwala na intensywne czyszczenie felg nawet w najtrudniejszych przypadkach \u2013 szybko, bezpiecznie i z zauwa\u017calnym efektem ju\u017c po pierwszym u\u017cyciu.<\/p>\n<\/div>\n<\/div>\n<\/div>\n<\/div>\n<\/div>\n<\/div>\n<\/div>\n<\/div>\n<\/article>\n[\/vc_column_text][nectar_cta btn_style=&#8221;basic&#8221; heading_tag=&#8221;h6&#8243; border_radius=&#8221;10&#8243; button_color=&#8221;default&#8221; text_color=&#8221;#fbb921&#8243; text_color_hover=&#8221;#ffffff&#8221; button_border_color=&#8221;#fbb921&#8243; button_border_color_hover=&#8221;#ffffff&#8221; button_border_thickness=&#8221;4px&#8221; link_type=&#8221;regular&#8221; alignment=&#8221;center&#8221; alignment_tablet=&#8221;default&#8221; alignment_phone=&#8221;default&#8221; constrain_group_3=&#8221;yes&#8221; display=&#8221;block&#8221; display_tablet=&#8221;inherit&#8221; display_phone=&#8221;inherit&#8221; icon_family=&#8221;linecons&#8221; class=&#8221;buy-button&#8221; font_size_desktop=&#8221;20&#8243; link_text=&#8221;Kupuj w Autoryzowanych Sklepach&#8221; padding_top=&#8221;11&#8243; padding_bottom=&#8221;11&#8243; padding_left=&#8221;11&#8243; padding_right=&#8221;11&#8243; icon_linecons=&#8221;vc_li vc_li-star&#8221; font_size_phone=&#8221;1rem&#8221;][vc_column_text css=&#8221;&#8221; text_direction=&#8221;default&#8221;]\n<div class=\"ws-nav\" style=\"text-align: center;\"><a class=\"ws-nav__btn ws-nav__btn--prev\" href=\"https:\/\/goodstuff.com.pl\/pl\/produkty\/detailing-kol\/tire-dressing-shine\/\">\u2190 POPRZEDNI <\/a><br \/>\n<a class=\"ws-nav__btn ws-nav__btn--next\" href=\"https:\/\/goodstuff.com.pl\/pl\/produkty\/detailing-kol\/wheel-cleaner-alkaline\/\">NAST\u0118PNY\u2192<\/a><\/div>\n[\/vc_column_text][\/vc_column_inner][\/vc_row_inner][\/vc_column][\/vc_row]\n","protected":false},"excerpt":{"rendered":"<p>[vc_row type=&#8221;full_width_background&#8221; full_screen_row_position=&#8221;middle&#8221; column_margin=&#8221;default&#8221; column_direction=&#8221;default&#8221; column_direction_tablet=&#8221;default&#8221; column_direction_phone=&#8221;default&#8221; bg_color=&#8221;#212121&#8243; bg_image=&#8221;29170&#8243; bg_position=&#8221;center top&#8221; background_image_loading=&#8221;lazy-load&#8221; bg_repeat=&#8221;no-repeat&#8221; scene_position=&#8221;center&#8221; top_padding=&#8221;4%&#8221; bottom_padding=&#8221;6%&#8221; text_color=&#8221;light&#8221; text_align=&#8221;left&#8221; row_border_radius=&#8221;none&#8221; row_border_radius_applies=&#8221;bg&#8221; overflow=&#8221;visible&#8221; color_overlay=&#8221;#212121&#8243; overlay_strength=&#8221;0.8&#8243; gradient_direction=&#8221;left_to_right&#8221; shape_divider_position=&#8221;bottom&#8221; bg_image_animation=&#8221;none&#8221; parallax_bg=&#8221;true&#8221; parallax_bg_speed=&#8221;fast&#8221; shape_type=&#8221;&#8221; gradient_type=&#8221;default&#8221;][vc_column&#8230;<\/p>\n","protected":false},"author":1,"featured_media":28255,"parent":29486,"menu_order":0,"comment_status":"closed","ping_status":"closed","template":"","meta":{"footnotes":""},"class_list":["post-29499","page","type-page","status-publish","has-post-thumbnail"],"publishpress_future_action":{"enabled":false,"date":"2026-04-15 14:27:21","action":"change-status","newStatus":"draft","terms":[],"taxonomy":"translation_priority","extraData":[]},"publishpress_future_workflow_manual_trigger":{"enabledWorkflows":[]},"_links":{"self":[{"href":"https:\/\/goodstuff.com.pl\/pl\/wp-json\/wp\/v2\/pages\/29499","targetHints":{"allow":["GET"]}}],"collection":[{"href":"https:\/\/goodstuff.com.pl\/pl\/wp-json\/wp\/v2\/pages"}],"about":[{"href":"https:\/\/goodstuff.com.pl\/pl\/wp-json\/wp\/v2\/types\/page"}],"author":[{"embeddable":true,"href":"https:\/\/goodstuff.com.pl\/pl\/wp-json\/wp\/v2\/users\/1"}],"replies":[{"embeddable":true,"href":"https:\/\/goodstuff.com.pl\/pl\/wp-json\/wp\/v2\/comments?post=29499"}],"version-history":[{"count":5,"href":"https:\/\/goodstuff.com.pl\/pl\/wp-json\/wp\/v2\/pages\/29499\/revisions"}],"predecessor-version":[{"id":33936,"href":"https:\/\/goodstuff.com.pl\/pl\/wp-json\/wp\/v2\/pages\/29499\/revisions\/33936"}],"up":[{"embeddable":true,"href":"https:\/\/goodstuff.com.pl\/pl\/wp-json\/wp\/v2\/pages\/29486"}],"wp:featuredmedia":[{"embeddable":true,"href":"https:\/\/goodstuff.com.pl\/pl\/wp-json\/wp\/v2\/media\/28255"}],"wp:attachment":[{"href":"https:\/\/goodstuff.com.pl\/pl\/wp-json\/wp\/v2\/media?parent=29499"}],"curies":[{"name":"wp","href":"https:\/\/api.w.org\/{rel}","templated":true}]}}