{"id":29506,"date":"2025-05-27T14:28:04","date_gmt":"2025-05-27T12:28:04","guid":{"rendered":"https:\/\/goodstuff.com.pl\/legal-notice\/"},"modified":"2025-05-27T14:28:16","modified_gmt":"2025-05-27T12:28:16","slug":"legal-notice","status":"publish","type":"page","link":"https:\/\/goodstuff.com.pl\/pl\/legal-notice\/","title":{"rendered":"Legal Notice"},"content":{"rendered":"[vc_row type=&#8221;in_container&#8221; full_screen_row_position=&#8221;middle&#8221; column_margin=&#8221;default&#8221; column_direction=&#8221;default&#8221; column_direction_tablet=&#8221;default&#8221; column_direction_phone=&#8221;default&#8221; scene_position=&#8221;center&#8221; text_color=&#8221;dark&#8221; text_align=&#8221;left&#8221; row_border_radius=&#8221;none&#8221; row_border_radius_applies=&#8221;bg&#8221; overflow=&#8221;visible&#8221; overlay_strength=&#8221;0.3&#8243; gradient_direction=&#8221;left_to_right&#8221; shape_divider_position=&#8221;bottom&#8221; bg_image_animation=&#8221;none&#8221;][vc_column column_padding=&#8221;no-extra-padding&#8221; column_padding_tablet=&#8221;inherit&#8221; column_padding_phone=&#8221;inherit&#8221; column_padding_position=&#8221;all&#8221; column_element_direction_desktop=&#8221;default&#8221; column_element_spacing=&#8221;default&#8221; desktop_text_alignment=&#8221;default&#8221; tablet_text_alignment=&#8221;default&#8221; phone_text_alignment=&#8221;default&#8221; background_color_opacity=&#8221;1&#8243; background_hover_color_opacity=&#8221;1&#8243; column_backdrop_filter=&#8221;none&#8221; column_shadow=&#8221;none&#8221; column_border_radius=&#8221;none&#8221; column_link_target=&#8221;_self&#8221; column_position=&#8221;default&#8221; gradient_direction=&#8221;left_to_right&#8221; overlay_strength=&#8221;0.3&#8243; width=&#8221;1\/6&#8243; tablet_width_inherit=&#8221;default&#8221; animation_type=&#8221;default&#8221; bg_image_animation=&#8221;none&#8221; border_type=&#8221;simple&#8221; column_border_width=&#8221;none&#8221; column_border_style=&#8221;solid&#8221;][\/vc_column][vc_column column_padding=&#8221;no-extra-padding&#8221; column_padding_tablet=&#8221;inherit&#8221; column_padding_phone=&#8221;inherit&#8221; column_padding_position=&#8221;all&#8221; column_element_direction_desktop=&#8221;default&#8221; column_element_spacing=&#8221;default&#8221; desktop_text_alignment=&#8221;default&#8221; tablet_text_alignment=&#8221;default&#8221; phone_text_alignment=&#8221;default&#8221; background_color_opacity=&#8221;1&#8243; background_hover_color_opacity=&#8221;1&#8243; column_backdrop_filter=&#8221;none&#8221; column_shadow=&#8221;none&#8221; column_border_radius=&#8221;none&#8221; column_link_target=&#8221;_self&#8221; column_position=&#8221;default&#8221; gradient_direction=&#8221;left_to_right&#8221; overlay_strength=&#8221;0.3&#8243; width=&#8221;2\/3&#8243; tablet_width_inherit=&#8221;default&#8221; animation_type=&#8221;default&#8221; bg_image_animation=&#8221;none&#8221; border_type=&#8221;simple&#8221; column_border_width=&#8221;none&#8221; column_border_style=&#8221;solid&#8221;][vc_column_text css=&#8221;&#8221; text_direction=&#8221;default&#8221;]\n<h2 class=\"\" data-start=\"225\" data-end=\"257\"><span style=\"color: #ff0000;\">Legal Notice \u2013 Good Stuff<\/span><\/h2>\n<h3 class=\"\" data-start=\"259\" data-end=\"294\"><span style=\"color: #ff0000;\"><strong data-start=\"263\" data-end=\"294\">1. W\u0142asno\u015b\u0107 strony internetowej<\/strong><\/span><\/h3>\n<p class=\"\" data-start=\"295\" data-end=\"488\"><span style=\"color: #ffffff;\">Niniejsza nota prawna (\u201eNota prawna\u201d) reguluje korzystanie ze strony internetowej www.goodstuff.com.pl (\u201eStrona internetowa\u201d), kt\u00f3ra jest w\u0142asno\u015bci\u0105 i jest obs\u0142ugiwana przez:<\/span><\/p>\n<p class=\"\" data-start=\"490\" data-end=\"664\"><span style=\"color: #ffffff;\">\ud83d\udccc  <strong data-start=\"493\" data-end=\"525\">GOOD STUFF Sp. z o.o. Sp. k.  <\/strong><\/span><br data-start=\"525\" data-end=\"528\"><span style=\"color: #ffffff;\">\ud83d\udccc <strong data-start=\"531\" data-end=\"539\">NIP:<\/strong> 7773295478<\/span><br data-start=\"550\" data-end=\"553\"><span style=\"color: #ffffff;\">\ud83d\udccc <strong data-start=\"556\" data-end=\"578\">Siedziba:<\/strong> ul. Nowa 47, 62-070 Pal\u0119dzie, Polska <\/span><br data-start=\"615\" data-end=\"618\"><span style=\"color: #ffffff;\">\ud83d\udccc <strong data-start=\"621\" data-end=\"639\">Kontakt Email:<\/strong> <span class=\"link_wrap\" style=\"color: #ffff00;\">Goodstuff@goodstuff.com.pl<\/span><\/span><\/p>\n<p class=\"\" data-start=\"666\" data-end=\"782\"><span style=\"color: #ffffff;\">Uzyskuj\u0105c dost\u0119p do niniejszej Witryny lub korzystaj\u0105c z niej, u\u017cytkownik wyra\u017ca zgod\u0119 na przestrzeganie warunk\u00f3w okre\u015blonych w niniejszej Informacji prawnej.<\/span><\/p>\n<hr class=\"\" data-start=\"784\" data-end=\"787\">\n<h3 class=\"\" data-start=\"789\" data-end=\"837\"><span style=\"color: #ff0000;\"><strong data-start=\"793\" data-end=\"837\">2. Obowi\u0105zuj\u0105ce prawodawstwo i jurysdykcja<\/strong><\/span><\/h3>\n<p class=\"\" data-start=\"838\" data-end=\"1156\"><span style=\"color: #ffffff;\">Stosunek prawny mi\u0119dzy  <strong data-start=\"869\" data-end=\"901\">GOOD STUFF Sp. z o.o. Sp. k.  <\/strong>  i u\u017cytkownik\u00f3w niniejszej Witryny podlega prawu polskiemu. Wszelkie spory wynikaj\u0105ce z interpretacji lub wykonania niniejszych warunk\u00f3w podlegaj\u0105 jurysdykcji s\u0105d\u00f3w polskich, chyba \u017ce obowi\u0105zuj\u0105ce przepisy dotycz\u0105ce ochrony konsument\u00f3w stanowi\u0105 inaczej. <\/span><\/p>\n<hr class=\"\" data-start=\"1158\" data-end=\"1161\">\n<h3 class=\"\" data-start=\"1163\" data-end=\"1207\"><span style=\"color: #ff0000;\"><strong data-start=\"1167\" data-end=\"1207\">3. W\u0142asno\u015b\u0107 intelektualna i prawa autorskie<\/strong><\/span><\/h3>\n<p class=\"\" data-start=\"1208\" data-end=\"1397\"><span style=\"color: #ffffff;\">Wszystkie tre\u015bci opublikowane na tej stronie internetowej &#8211; w tym logo, nazwy produkt\u00f3w, tekst, obrazy, grafika i kod &#8211; stanowi\u0105 w\u0142asno\u015b\u0107 intelektualn\u0105 WORK STUFF Sp. z o.o. Sp. k., chyba \u017ce okre\u015blono inaczej.<\/span><\/p>\n<ul data-start=\"1399\" data-end=\"1600\">\n<li class=\"\" data-start=\"1399\" data-end=\"1502\">\n<p class=\"\" data-start=\"1401\" data-end=\"1502\"><span style=\"color: #ffffff;\">Wszelkie nieautoryzowane powielanie, rozpowszechnianie lub modyfikowanie tre\u015bci jest surowo zabronione.<\/span><\/p>\n<\/li>\n<li class=\"\" data-start=\"1503\" data-end=\"1600\">\n<p class=\"\" data-start=\"1505\" data-end=\"1600\"><span style=\"color: #ffffff;\">Znaki towarowe os\u00f3b trzecich zamieszczone na tej stronie pozostaj\u0105 w\u0142asno\u015bci\u0105 ich odpowiednich w\u0142a\u015bcicieli.<\/span><\/p>\n<\/li>\n<\/ul>\n<hr class=\"\" data-start=\"1602\" data-end=\"1605\">\n<h3 class=\"\" data-start=\"1607\" data-end=\"1659\"><span style=\"color: #ff0000;\"><strong data-start=\"1611\" data-end=\"1659\">4. Zawarto\u015b\u0107 strony internetowej i ograniczenie odpowiedzialno\u015bci<\/strong><\/span><\/h3>\n<p class=\"\" data-start=\"1660\" data-end=\"1873\"><span style=\"color: #ffffff;\">Tre\u015bci prezentowane w niniejszej Witrynie s\u0142u\u017c\u0105 wy\u0142\u0105cznie og\u00f3lnym celom informacyjnym. Chocia\u017c staramy si\u0119 zapewni\u0107 dok\u0142adno\u015b\u0107 wszystkich informacji, zastrzegamy sobie prawo do wprowadzania zmian lub aktualizacji w dowolnym momencie bez powiadomienia. <\/span><\/p>\n<p class=\"\" data-start=\"1875\" data-end=\"2111\"><span style=\"color: #ffffff;\">Good Stuff nie ponosi odpowiedzialno\u015bci za:<\/span><br \/><span style=\"color: #ffffff;\">\u2714\ufe0f Wszelkie nie\u015bcis\u0142o\u015bci lub nieaktualne informacje.<\/span><br data-start=\"1960\" data-end=\"1963\"><span style=\"color: #ffffff;\">\u2714\ufe0f Tymczasow\u0105 niedost\u0119pno\u015b\u0107, b\u0142\u0119dy lub nieprawid\u0142owe dzia\u0142anie Witryny.<\/span><br data-start=\"2031\" data-end=\"2034\"><span style=\"color: #ffffff;\">\u2714\ufe0f Wszelkie szkody wynikaj\u0105ce z niew\u0142a\u015bciwego u\u017cycia lub interpretacji dostarczonych tre\u015bci.<\/span><\/p>\n<hr class=\"\" data-start=\"2113\" data-end=\"2116\">\n<h3 class=\"\" data-start=\"2118\" data-end=\"2170\"><span style=\"color: #ff0000;\"><strong data-start=\"2122\" data-end=\"2170\">5. Dystrybutorzy zewn\u0119trzni i linki zewn\u0119trzne<\/strong><\/span><\/h3>\n<p class=\"\" data-start=\"2171\" data-end=\"2296\"><span style=\"color: #ffffff;\">Niniejsza Witryna mo\u017ce zawiera\u0107 linki lub przekierowania do zewn\u0119trznych dystrybutor\u00f3w lub stron internetowych os\u00f3b trzecich oferuj\u0105cych produkty Good Stuff.<\/span><\/p>\n<p class=\"\" data-start=\"2298\" data-end=\"2504\"><span style=\"color: #ffffff;\">Nale\u017cy pami\u0119ta\u0107, \u017ce <strong data-start=\"2322\" data-end=\"2341\">nie<\/strong> ponosimy odpowiedzialno\u015bci za<\/span><br \/><span style=\"color: #ffffff;\">\ud83d\udd39 Wszelkie transakcje, dostawy, gwarancje lub zwroty obs\u0142ugiwane przez zewn\u0119trznych sprzedawc\u00f3w.<\/span><br data-start=\"2431\" data-end=\"2434\"><span style=\"color: #ffffff;\">\ud83d\udd39 Zawarto\u015b\u0107, bezpiecze\u0144stwo lub polityk\u0119 prywatno\u015bci stron internetowych os\u00f3b trzecich.<\/span><\/p>\n<p class=\"\" data-start=\"2506\" data-end=\"2610\"><span style=\"color: #ffffff;\">Przed dokonaniem zakupu u\u017cytkownicy powinni dok\u0142adnie zapozna\u0107 si\u0119 z warunkami i zasadami ka\u017cdej platformy innej firmy.<\/span><\/p>\n<hr class=\"\" data-start=\"2612\" data-end=\"2615\">\n<h3 class=\"\" data-start=\"2617\" data-end=\"2653\"><span style=\"color: #ff0000;\"><strong data-start=\"2621\" data-end=\"2653\">6. Ochrona danych i prywatno\u015b\u0107<\/strong><\/span><\/h3>\n<p class=\"\" data-start=\"2654\" data-end=\"2755\"><span style=\"color: #ffffff;\">Good Stuff szanuje Twoj\u0105 prywatno\u015b\u0107 i przestrzega <strong data-start=\"2709\" data-end=\"2754\">og\u00f3lnego rozporz\u0105dzenia o ochronie danych (RODO)<\/strong>.<\/span><\/p>\n<p class=\"\" data-start=\"2757\" data-end=\"3006\"><span style=\"color: #ffffff;\">Dane osobowe gromadzone za po\u015brednictwem tej Witryny s\u0105 przetwarzane zgodnie z nasz\u0105 [Polityk\u0105 prywatno\u015bci], kt\u00f3ra okre\u015bla:<\/span><br \/><span style=\"color: #ffffff;\">\u2714\ufe0f Jakie dane osobowe gromadzimy<\/span><br data-start=\"2905\" data-end=\"2908\"><span style=\"color: #ffffff;\">\u2714\ufe0f W jaki spos\u00f3b wykorzystujemy, chronimy i przechowujemy dane u\u017cytkownika<\/span><br data-start=\"2951\" data-end=\"2954\"><span style=\"color: #ffffff;\">\u2714\ufe0f Prawa u\u017cytkownika wynikaj\u0105ce z obowi\u0105zuj\u0105cych przepis\u00f3w o ochronie danych<\/span><\/p>\n<p class=\"\" data-start=\"3008\" data-end=\"3090\"><span style=\"color: #ffffff;\">W przypadku pyta\u0144 dotycz\u0105cych danych prosimy o kontakt pod adresem <span class=\"link_wrap\" style=\"color: #ffff00;\">Goodstuff@goodstuff.com.pl.<\/span><\/span><\/p>\n<hr class=\"\" data-start=\"3092\" data-end=\"3095\">\n<h3 class=\"\" data-start=\"3097\" data-end=\"3115\"><span style=\"color: #ff0000;\"><strong data-start=\"3101\" data-end=\"3115\">7. Pliki cookie<\/strong><\/span><\/h3>\n<p class=\"\" data-start=\"3116\" data-end=\"3193\"><span style=\"color: #ffffff;\">U\u017cywamy plik\u00f3w cookie, aby poprawi\u0107 komfort przegl\u0105dania i funkcjonalno\u015b\u0107 witryny.<\/span><\/p>\n<p class=\"\" data-start=\"3195\" data-end=\"3323\"><span style=\"color: #ffffff;\">Mo\u017cesz kontrolowa\u0107 lub wy\u0142\u0105czy\u0107 pliki cookie w ustawieniach przegl\u0105darki w dowolnym momencie. Wi\u0119cej szczeg\u00f3\u0142\u00f3w mo\u017cna znale\u017a\u0107 w naszej [Polityce plik\u00f3w cookie]. <\/span><\/p>\n<hr class=\"\" data-start=\"3325\" data-end=\"3328\">\n<h3 class=\"\" data-start=\"3330\" data-end=\"3369\"><span style=\"color: #ff0000;\"><strong data-start=\"3334\" data-end=\"3369\">8. Zmiany niniejszej informacji prawnej<\/strong><\/span><\/h3>\n<p class=\"\" data-start=\"3370\" data-end=\"3541\"><span style=\"color: #ffffff;\">Zastrzegamy sobie prawo do aktualizacji lub zmiany niniejszej Informacji prawnej w celu odzwierciedlenia aktualizacji prawnych lub zmian operacyjnych. Najbardziej aktualna wersja b\u0119dzie zawsze publikowana na tej stronie. <\/span><\/p>\n<hr class=\"\" data-start=\"3543\" data-end=\"3546\">\n<h3 class=\"\" data-start=\"3548\" data-end=\"3569\"><span style=\"color: #ff0000;\">\ud83d\udce9 <strong data-start=\"3555\" data-end=\"3569\">Kontakt<\/strong><\/span><\/h3>\n<p class=\"\" data-start=\"3570\" data-end=\"3702\"><span style=\"color: #ffffff;\">W przypadku jakichkolwiek pyta\u0144 lub w\u0105tpliwo\u015bci dotycz\u0105cych niniejszej Informacji prawnej, prosimy o kontakt za po\u015brednictwem poczty elektronicznej pod adresem <\/span><span class=\"link_wrap\" style=\"color: #ffff00;\">Goodstuff@goodstuff.com.pl<\/span><\/p>\n[\/vc_column_text][\/vc_column][vc_column column_padding=&#8221;no-extra-padding&#8221; column_padding_tablet=&#8221;inherit&#8221; column_padding_phone=&#8221;inherit&#8221; column_padding_position=&#8221;all&#8221; column_element_direction_desktop=&#8221;default&#8221; column_element_spacing=&#8221;default&#8221; desktop_text_alignment=&#8221;default&#8221; tablet_text_alignment=&#8221;default&#8221; phone_text_alignment=&#8221;default&#8221; background_color_opacity=&#8221;1&#8243; background_hover_color_opacity=&#8221;1&#8243; column_backdrop_filter=&#8221;none&#8221; column_shadow=&#8221;none&#8221; column_border_radius=&#8221;none&#8221; column_link_target=&#8221;_self&#8221; column_position=&#8221;default&#8221; gradient_direction=&#8221;left_to_right&#8221; overlay_strength=&#8221;0.3&#8243; width=&#8221;1\/6&#8243; tablet_width_inherit=&#8221;default&#8221; animation_type=&#8221;default&#8221; bg_image_animation=&#8221;none&#8221; border_type=&#8221;simple&#8221; column_border_width=&#8221;none&#8221; column_border_style=&#8221;solid&#8221;][\/vc_column][\/vc_row]\n","protected":false},"excerpt":{"rendered":"<p>[vc_row type=&#8221;in_container&#8221; full_screen_row_position=&#8221;middle&#8221; column_margin=&#8221;default&#8221; column_direction=&#8221;default&#8221; column_direction_tablet=&#8221;default&#8221; column_direction_phone=&#8221;default&#8221; scene_position=&#8221;center&#8221; text_color=&#8221;dark&#8221; text_align=&#8221;left&#8221; row_border_radius=&#8221;none&#8221; row_border_radius_applies=&#8221;bg&#8221; overflow=&#8221;visible&#8221; overlay_strength=&#8221;0.3&#8243; gradient_direction=&#8221;left_to_right&#8221; shape_divider_position=&#8221;bottom&#8221; bg_image_animation=&#8221;none&#8221;][vc_column column_padding=&#8221;no-extra-padding&#8221; column_padding_tablet=&#8221;inherit&#8221; column_padding_phone=&#8221;inherit&#8221; column_padding_position=&#8221;all&#8221; column_element_direction_desktop=&#8221;default&#8221; column_element_spacing=&#8221;default&#8221; desktop_text_alignment=&#8221;default&#8221; tablet_text_alignment=&#8221;default&#8221; phone_text_alignment=&#8221;default&#8221; background_color_opacity=&#8221;1&#8243; background_hover_color_opacity=&#8221;1&#8243; column_backdrop_filter=&#8221;none&#8221; column_shadow=&#8221;none&#8221;&#8230;<\/p>\n","protected":false},"author":1,"featured_media":0,"parent":0,"menu_order":0,"comment_status":"closed","ping_status":"closed","template":"","meta":{"footnotes":""},"class_list":["post-29506","page","type-page","status-publish"],"publishpress_future_action":{"enabled":false,"date":"2026-04-15 16:15:55","action":"change-status","newStatus":"draft","terms":[],"taxonomy":"translation_priority","extraData":[]},"publishpress_future_workflow_manual_trigger":{"enabledWorkflows":[]},"_links":{"self":[{"href":"https:\/\/goodstuff.com.pl\/pl\/wp-json\/wp\/v2\/pages\/29506","targetHints":{"allow":["GET"]}}],"collection":[{"href":"https:\/\/goodstuff.com.pl\/pl\/wp-json\/wp\/v2\/pages"}],"about":[{"href":"https:\/\/goodstuff.com.pl\/pl\/wp-json\/wp\/v2\/types\/page"}],"author":[{"embeddable":true,"href":"https:\/\/goodstuff.com.pl\/pl\/wp-json\/wp\/v2\/users\/1"}],"replies":[{"embeddable":true,"href":"https:\/\/goodstuff.com.pl\/pl\/wp-json\/wp\/v2\/comments?post=29506"}],"version-history":[{"count":2,"href":"https:\/\/goodstuff.com.pl\/pl\/wp-json\/wp\/v2\/pages\/29506\/revisions"}],"predecessor-version":[{"id":29508,"href":"https:\/\/goodstuff.com.pl\/pl\/wp-json\/wp\/v2\/pages\/29506\/revisions\/29508"}],"wp:attachment":[{"href":"https:\/\/goodstuff.com.pl\/pl\/wp-json\/wp\/v2\/media?parent=29506"}],"curies":[{"name":"wp","href":"https:\/\/api.w.org\/{rel}","templated":true}]}}