{"id":29509,"date":"2025-05-27T14:28:50","date_gmt":"2025-05-27T12:28:50","guid":{"rendered":"https:\/\/goodstuff.com.pl\/polityka-prywatnosci\/"},"modified":"2025-05-27T14:28:56","modified_gmt":"2025-05-27T12:28:56","slug":"polityka-prywatnosci","status":"publish","type":"page","link":"https:\/\/goodstuff.com.pl\/pl\/polityka-prywatnosci\/","title":{"rendered":"Polityka prywatno\u015bci"},"content":{"rendered":"&#13;\n<h2 class=\"wp-block-heading\" data-start=\"197\" data-end=\"231\"><strong data-start=\"200\" data-end=\"231\">Polityka prywatno\u015bci &#8211; Good Stuff<\/strong><\/h2>&#13;\n<h3 class=\"\" data-start=\"233\" data-end=\"251\"><strong data-start=\"237\" data-end=\"251\">Kim jeste\u015bmy<\/strong><\/h3>&#13;\n<p class=\"\" data-start=\"252\" data-end=\"545\">This Privacy Policy applies to the website <strong>www.goodstuff.com.pl<\/strong>, operated by <strong data-start=\"387\" data-end=\"401\">GOOD STUFF<\/strong>, a brand owned and managed by WORK STUFF Sp. z o.o. Sp. k. (NIP: 7773295478), with a registered office at ul. Nowa 47, 62-070 Pal\u0119dzie, Poland.<\/p>&#13;\n<hr class=\"\" data-start=\"547\" data-end=\"550\"\/>&#13;\n<h3 class=\"\" data-start=\"552\" data-end=\"597\"><strong data-start=\"556\" data-end=\"597\">Jakie dane osobowe gromadzimy i dlaczego<\/strong><\/h3>&#13;\n<p class=\"\" data-start=\"599\" data-end=\"705\">We only collect data that is necessary for the functionality of our website and to serve our users better:<\/p>&#13;\n<h4 class=\"\" data-start=\"707\" data-end=\"747\">\ud83d\udd39 <strong data-start=\"715\" data-end=\"747\">Dane podawane dobrowolnie przez u\u017cytkownika<\/strong><\/h4>&#13;\n<ul data-start=\"748\" data-end=\"1015\">&#13;\n<li class=\"\" data-start=\"748\" data-end=\"878\">&#13;\n<p class=\"\" data-start=\"750\" data-end=\"878\"><strong data-start=\"750\" data-end=\"767\">Contact Forms<\/strong> \u2013 We collect your name, email address, and message content when you contact us, so we can respond effectively.<\/p>&#13;\n<\/li>&#13;\n<li class=\"\" data-start=\"879\" data-end=\"1015\">&#13;\n<p class=\"\" data-start=\"881\" data-end=\"1015\"><strong data-start=\"881\" data-end=\"904\">Account Information<\/strong> <em data-start=\"905\" data-end=\"935\">(if available in the future)<\/em> \u2013 If we allow account creation, your basic profile data may be stored securely.<\/p>&#13;\n<\/li>&#13;\n<\/ul>&#13;\n<h4 class=\"\" data-start=\"1017\" data-end=\"1057\">\ud83d\udd39 <strong data-start=\"1025\" data-end=\"1057\">Automatycznie zbierane dane<\/strong><\/h4>&#13;\n<ul data-start=\"1058\" data-end=\"1296\">&#13;\n<li class=\"\" data-start=\"1058\" data-end=\"1204\">&#13;\n<p class=\"\" data-start=\"1060\" data-end=\"1204\"><strong data-start=\"1060\" data-end=\"1078\">Technical Data<\/strong> \u2013 Includes IP address, browser type, device information, and session activity, used for performance, security, and analytics.<\/p>&#13;\n<\/li>&#13;\n<li class=\"\" data-start=\"1205\" data-end=\"1296\">&#13;\n<p class=\"\" data-start=\"1207\" data-end=\"1296\"><strong data-start=\"1207\" data-end=\"1222\">Geolocation<\/strong> \u2013 Only if permitted, to help you find the closest authorized distributor.<\/p>&#13;\n<\/li>&#13;\n<\/ul>&#13;\n<h4 class=\"\" data-start=\"1298\" data-end=\"1317\">\ud83d\udd39 <strong data-start=\"1306\" data-end=\"1317\">Pliki cookie<\/strong><\/h4>&#13;\n<p class=\"\" data-start=\"1318\" data-end=\"1501\">We use cookies to improve navigation, personalize your experience, and analyze traffic. You can manage cookie preferences via your browser settings. For more, see our [Cookie Policy].<\/p>&#13;\n<hr class=\"\" data-start=\"1503\" data-end=\"1506\"\/>&#13;\n<h3 class=\"\" data-start=\"1508\" data-end=\"1536\"><strong data-start=\"1512\" data-end=\"1536\">Jak wykorzystujemy dane u\u017cytkownika<\/strong><\/h3>&#13;\n<p class=\"\" data-start=\"1537\" data-end=\"1567\">We use the data we collect to:<\/p>&#13;\n<p class=\"\" data-start=\"1569\" data-end=\"1808\">\u2714\ufe0f Respond to messages and inquiries submitted via our forms.<br data-start=\"1630\" data-end=\"1633\"\/>\u2714\ufe0f Provide geolocation-based redirections to local distributors.<br data-start=\"1697\" data-end=\"1700\"\/>\u2714\ufe0f Improve website functionality and user experience.<br data-start=\"1753\" data-end=\"1756\"\/>\u2714\ufe0f Monitor site security and prevent abuse or fraud.<\/p>&#13;\n<hr class=\"\" data-start=\"1810\" data-end=\"1813\"\/>&#13;\n<h3 class=\"\" data-start=\"1815\" data-end=\"1858\"><strong data-start=\"1819\" data-end=\"1858\">Osadzona zawarto\u015b\u0107 z innych \u017ar\u00f3de\u0142<\/strong><\/h3>&#13;\n<p class=\"\" data-start=\"1859\" data-end=\"2072\">Pages on this website may include embedded videos, maps, or social media feeds. These external sites may collect data as if you visited them directly and may track your interaction according to their own policies.<\/p>&#13;\n<hr class=\"\" data-start=\"2074\" data-end=\"2077\"\/>&#13;\n<h3 class=\"\" data-start=\"2079\" data-end=\"2113\"><strong data-start=\"2083\" data-end=\"2113\">Jak d\u0142ugo przechowujemy dane u\u017cytkownika<\/strong><\/h3>&#13;\n<ul data-start=\"2114\" data-end=\"2330\">&#13;\n<li class=\"\" data-start=\"2114\" data-end=\"2172\">&#13;\n<p class=\"\" data-start=\"2116\" data-end=\"2172\"><strong data-start=\"2116\" data-end=\"2141\">Contact form messages<\/strong> \u2013 Stored for up to 6 months.<\/p>&#13;\n<\/li>&#13;\n<li class=\"\" data-start=\"2173\" data-end=\"2235\">&#13;\n<p class=\"\" data-start=\"2175\" data-end=\"2235\"><strong data-start=\"2175\" data-end=\"2205\">Technical &amp; analytics data<\/strong> \u2013 Retained up to 12 months.<\/p>&#13;\n<\/li>&#13;\n<li class=\"\" data-start=\"2236\" data-end=\"2330\">&#13;\n<p class=\"\" data-start=\"2238\" data-end=\"2330\"><strong data-start=\"2238\" data-end=\"2255\">User accounts<\/strong> <em data-start=\"2256\" data-end=\"2286\">(if available in the future)<\/em> \u2013 Retained for the lifetime of the account.<\/p>&#13;\n<\/li>&#13;\n<\/ul>&#13;\n<hr class=\"\" data-start=\"2332\" data-end=\"2335\"\/>&#13;\n<h3 class=\"\" data-start=\"2337\" data-end=\"2363\"><strong data-start=\"2341\" data-end=\"2363\">Prawa u\u017cytkownika (RODO)<\/strong><\/h3>&#13;\n<p class=\"\" data-start=\"2364\" data-end=\"2434\">If you are located in the EU or under the GDPR, you have the right to:<\/p>&#13;\n<p class=\"\" data-start=\"2436\" data-end=\"2609\">\ud83d\udd39 Access your personal data<br data-start=\"2464\" data-end=\"2467\"\/>\ud83d\udd39 Correct inaccurate information<br data-start=\"2500\" data-end=\"2503\"\/>\ud83d\udd39 Request data deletion<br data-start=\"2527\" data-end=\"2530\"\/>\ud83d\udd39 Restrict or object to data processing<br data-start=\"2570\" data-end=\"2573\"\/>\ud83d\udd39 Request a copy (data portability)<\/p>&#13;\n<p class=\"\" data-start=\"2611\" data-end=\"2737\">To exercise any of these rights, email us at <span class=\"link_wrap\"><strong>Goodstuff@goodstuff.com.p<\/strong>l<\/span>\u00a0Proof of identity may be required for verification.<\/p>&#13;\n<hr class=\"\" data-start=\"2739\" data-end=\"2742\"\/>&#13;\n<h3 class=\"\" data-start=\"2744\" data-end=\"2764\"><strong data-start=\"2748\" data-end=\"2764\">Udost\u0119pnianie danych<\/strong><\/h3>&#13;\n<p class=\"\" data-start=\"2765\" data-end=\"2854\">We do <strong data-start=\"2771\" data-end=\"2792\">not sell or share<\/strong> your personal information except in the following situations:<\/p>&#13;\n<ul data-start=\"2856\" data-end=\"3022\">&#13;\n<li class=\"\" data-start=\"2856\" data-end=\"2901\">&#13;\n<p class=\"\" data-start=\"2858\" data-end=\"2901\">When required by law or public authority.<\/p>&#13;\n<\/li>&#13;\n<li class=\"\" data-start=\"2902\" data-end=\"3022\">&#13;\n<p class=\"\" data-start=\"2904\" data-end=\"3022\">With trusted third-party service providers (e.g., hosting, CRM), only to the extent necessary for running the website.<\/p>&#13;\n<\/li>&#13;\n<\/ul>&#13;\n<hr class=\"\" data-start=\"3024\" data-end=\"3027\"\/>&#13;\n<h3 class=\"\" data-start=\"3029\" data-end=\"3061\"><strong data-start=\"3033\" data-end=\"3061\">Jak chronimy dane u\u017cytkownik\u00f3w<\/strong><\/h3>&#13;\n<p class=\"\" data-start=\"3062\" data-end=\"3256\">We implement appropriate security practices\u2014such as encrypted connections and server-side protections\u2014to prevent unauthorized access or misuse of your data. Our protocols are reviewed regularly.<\/p>&#13;\n<hr class=\"\" data-start=\"3258\" data-end=\"3261\"\/>&#13;\n<h3 class=\"\" data-start=\"3263\" data-end=\"3296\"><strong data-start=\"3267\" data-end=\"3296\">Gdzie przechowywane s\u0105 dane u\u017cytkownika<\/strong><\/h3>&#13;\n<ul data-start=\"3297\" data-end=\"3422\">&#13;\n<li class=\"\" data-start=\"3297\" data-end=\"3353\">&#13;\n<p class=\"\" data-start=\"3299\" data-end=\"3353\">Form submissions are stored securely on our servers.<\/p>&#13;\n<\/li>&#13;\n<li class=\"\" data-start=\"3354\" data-end=\"3422\">&#13;\n<p class=\"\" data-start=\"3356\" data-end=\"3422\">If enabled, visitor comments may be checked via anti-spam filters.<\/p>&#13;\n<\/li>&#13;\n<\/ul>&#13;\n<hr class=\"\" data-start=\"3424\" data-end=\"3427\"\/>&#13;\n<h3 class=\"\" data-start=\"3429\" data-end=\"3451\"><strong data-start=\"3433\" data-end=\"3451\">Aktualizacje zasad<\/strong><\/h3>&#13;\n<p class=\"\" data-start=\"3452\" data-end=\"3594\">We may revise this Privacy Policy as our services evolve or legal requirements change. The most current version will always be available here.<\/p>&#13;\n<hr class=\"\" data-start=\"3596\" data-end=\"3599\"\/>&#13;\n<h3 class=\"\" data-start=\"3601\" data-end=\"3622\">\ud83d\udce9 <strong data-start=\"3608\" data-end=\"3622\">Kontakt<\/strong><\/h3>&#13;\n<p class=\"\" data-start=\"3623\" data-end=\"3719\">For questions about this policy or your data, please contact us at <strong><span class=\"link_wrap\">Goodstuff@goodstuff.com.pl<\/span><\/strong><\/p>&#13;\n","protected":false},"excerpt":{"rendered":"<p>&#13; Polityka prywatno\u015bci &#8211; Good Stuff &#13; Kim jeste\u015bmy &#13; This Privacy Policy applies to the website www.goodstuff.com.pl, operated by GOOD STUFF, a brand owned and managed by WORK STUFF&#8230;<\/p>\n","protected":false},"author":2,"featured_media":0,"parent":0,"menu_order":0,"comment_status":"closed","ping_status":"closed","template":"","meta":{"footnotes":""},"class_list":["post-29509","page","type-page","status-publish"],"publishpress_future_action":{"enabled":false,"date":"2026-04-15 17:38:04","action":"change-status","newStatus":"draft","terms":[],"taxonomy":"translation_priority","extraData":[]},"publishpress_future_workflow_manual_trigger":{"enabledWorkflows":[]},"_links":{"self":[{"href":"https:\/\/goodstuff.com.pl\/pl\/wp-json\/wp\/v2\/pages\/29509","targetHints":{"allow":["GET"]}}],"collection":[{"href":"https:\/\/goodstuff.com.pl\/pl\/wp-json\/wp\/v2\/pages"}],"about":[{"href":"https:\/\/goodstuff.com.pl\/pl\/wp-json\/wp\/v2\/types\/page"}],"author":[{"embeddable":true,"href":"https:\/\/goodstuff.com.pl\/pl\/wp-json\/wp\/v2\/users\/2"}],"replies":[{"embeddable":true,"href":"https:\/\/goodstuff.com.pl\/pl\/wp-json\/wp\/v2\/comments?post=29509"}],"version-history":[{"count":1,"href":"https:\/\/goodstuff.com.pl\/pl\/wp-json\/wp\/v2\/pages\/29509\/revisions"}],"predecessor-version":[{"id":29510,"href":"https:\/\/goodstuff.com.pl\/pl\/wp-json\/wp\/v2\/pages\/29509\/revisions\/29510"}],"wp:attachment":[{"href":"https:\/\/goodstuff.com.pl\/pl\/wp-json\/wp\/v2\/media?parent=29509"}],"curies":[{"name":"wp","href":"https:\/\/api.w.org\/{rel}","templated":true}]}}