{"id":31611,"date":"2025-06-27T11:26:01","date_gmt":"2025-06-27T09:26:01","guid":{"rendered":"https:\/\/goodstuff.com.pl\/produkty\/mycie\/bug-buster-srodek-do-czyszczenia-owadow-przed-praniem-good-stuff\/"},"modified":"2026-03-25T14:16:25","modified_gmt":"2026-03-25T13:16:25","slug":"bug-buster","status":"publish","type":"page","link":"https:\/\/goodstuff.com.pl\/pl\/produkty\/mycie\/bug-buster\/","title":{"rendered":"Bug Buster &#8211; \u015brodek do czyszczenia owad\u00f3w przed praniem | Good Stuff"},"content":{"rendered":"[vc_row type=&#8221;full_width_background&#8221; full_screen_row_position=&#8221;middle&#8221; column_margin=&#8221;default&#8221; column_direction=&#8221;default&#8221; column_direction_tablet=&#8221;default&#8221; column_direction_phone=&#8221;default&#8221; bg_color=&#8221;#212121&#8243; bg_image=&#8221;29811&#8243; bg_position=&#8221;left top&#8221; background_image_loading=&#8221;lazy-load&#8221; bg_repeat=&#8221;no-repeat&#8221; scene_position=&#8221;center&#8221; top_padding=&#8221;4%&#8221; bottom_padding=&#8221;6%&#8221; text_color=&#8221;light&#8221; text_align=&#8221;left&#8221; row_border_radius=&#8221;none&#8221; row_border_radius_applies=&#8221;bg&#8221; overflow=&#8221;visible&#8221; color_overlay=&#8221;#212121&#8243; overlay_strength=&#8221;0.8&#8243; gradient_direction=&#8221;left_to_right&#8221; shape_divider_position=&#8221;bottom&#8221; bg_image_animation=&#8221;none&#8221; parallax_bg=&#8221;true&#8221; parallax_bg_speed=&#8221;fast&#8221; shape_type=&#8221;&#8221; gradient_type=&#8221;default&#8221;][vc_column column_padding=&#8221;no-extra-padding&#8221; column_padding_tablet=&#8221;inherit&#8221; column_padding_phone=&#8221;inherit&#8221; column_padding_position=&#8221;all&#8221; column_element_direction_desktop=&#8221;default&#8221; column_element_spacing=&#8221;default&#8221; desktop_text_alignment=&#8221;default&#8221; tablet_text_alignment=&#8221;default&#8221; phone_text_alignment=&#8221;default&#8221; background_color_opacity=&#8221;1&#8243; background_hover_color_opacity=&#8221;1&#8243; column_backdrop_filter=&#8221;none&#8221; column_shadow=&#8221;none&#8221; column_border_radius=&#8221;none&#8221; column_link_target=&#8221;_self&#8221; column_position=&#8221;default&#8221; gradient_direction=&#8221;left_to_right&#8221; overlay_strength=&#8221;0.3&#8243; width=&#8221;1\/1&#8243; tablet_width_inherit=&#8221;default&#8221; animation_type=&#8221;default&#8221; bg_image_animation=&#8221;none&#8221; border_type=&#8221;simple&#8221; column_border_width=&#8221;none&#8221; column_border_style=&#8221;solid&#8221;][nectar_highlighted_text text_color=&#8221;#ff7070&#8243; style=&#8221;scribble&#8221; scribble_thickness=&#8221;thin&#8221; scribble_speed=&#8221;1.8s&#8221; scribble_easing=&#8221;ease_in_out&#8221; text_direction=&#8221;default&#8221; custom_font_size=&#8221;3vw&#8221;]\n<h1 data-product-id=\"146\">BUG BUSTER &#8211; \u015arodek do czyszczenia owad\u00f3w przed praniem<\/h1>\n[\/nectar_highlighted_text][vc_row_inner column_margin=&#8221;30px&#8221; column_direction=&#8221;default&#8221; column_direction_tablet=&#8221;default&#8221; column_direction_phone=&#8221;default&#8221; text_align=&#8221;left&#8221; row_position=&#8221;default&#8221; row_position_tablet=&#8221;inherit&#8221; row_position_phone=&#8221;inherit&#8221; overflow=&#8221;visible&#8221; pointer_events=&#8221;all&#8221;][vc_column_inner column_padding=&#8221;no-extra-padding&#8221; column_padding_tablet=&#8221;inherit&#8221; column_padding_phone=&#8221;inherit&#8221; column_padding_position=&#8221;all&#8221; column_element_direction_desktop=&#8221;default&#8221; column_element_spacing=&#8221;default&#8221; desktop_text_alignment=&#8221;default&#8221; tablet_text_alignment=&#8221;default&#8221; phone_text_alignment=&#8221;default&#8221; background_color_opacity=&#8221;1&#8243; background_hover_color_opacity=&#8221;1&#8243; column_backdrop_filter=&#8221;none&#8221; column_shadow=&#8221;none&#8221; column_border_radius=&#8221;none&#8221; column_link_target=&#8221;_self&#8221; overflow=&#8221;visible&#8221; gradient_direction=&#8221;left_to_right&#8221; overlay_strength=&#8221;0.3&#8243; width=&#8221;1\/2&#8243; tablet_width_inherit=&#8221;default&#8221; animation_type=&#8221;default&#8221; bg_image_animation=&#8221;none&#8221; border_type=&#8221;simple&#8221; column_border_width=&#8221;none&#8221; column_border_style=&#8221;solid&#8221;][nectar_cta btn_style=&#8221;basic&#8221; heading_tag=&#8221;h6&#8243; border_radius=&#8221;10&#8243; button_color=&#8221;default&#8221; text_color=&#8221;#fbb921&#8243; text_color_hover=&#8221;#ffffff&#8221; button_border_color=&#8221;#fbb921&#8243; button_border_color_hover=&#8221;#ffffff&#8221; button_border_thickness=&#8221;4px&#8221; link_type=&#8221;regular&#8221; alignment=&#8221;center&#8221; alignment_tablet=&#8221;default&#8221; alignment_phone=&#8221;default&#8221; constrain_group_3=&#8221;yes&#8221; display=&#8221;block&#8221; display_tablet=&#8221;inherit&#8221; display_phone=&#8221;inherit&#8221; icon_family=&#8221;linecons&#8221; class=&#8221;buy-button&#8221; font_size_desktop=&#8221;20&#8243; link_text=&#8221;Kupuj w Autoryzowanych Sklepach&#8221; padding_top=&#8221;11&#8243; padding_bottom=&#8221;11&#8243; padding_left=&#8221;11&#8243; padding_right=&#8221;11&#8243; icon_linecons=&#8221;vc_li vc_li-star&#8221; font_size_phone=&#8221;1rem&#8221;][vc_gallery css=&#8221;&#8221; type=&#8221;image_grid&#8221; images=&#8221;31594,31599&#8243; image_grid_loading=&#8221;skip-lazy-load&#8221; layout=&#8221;2&#8243; item_spacing=&#8221;5px&#8221; gallery_style=&#8221;5&#8243; load_in_animation=&#8221;none&#8221; img_size=&#8221;full&#8221;][vc_column_text css=&#8221;&#8221; text_direction=&#8221;default&#8221;]\n<hr \/>\n<h3 class=\"\" data-start=\"2075\" data-end=\"2133\">\u2757 Dlaczego warto u\u017cywa\u0107 BUG BUSTER?<\/h3>\n<p class=\"\" data-start=\"27\" data-end=\"226\">Odpryski owad\u00f3w, soki i ptasie odchody mog\u0105 <strong data-start=\"69\" data-end=\"102\">trwale uszkodzi\u0107 lakier<\/strong>.<br data-start=\"103\" data-end=\"106\" \/>BUG BUSTER szybko <strong data-start=\"125\" data-end=\"167\">neutralizuje szkodliwe kwasy i bia\u0142ka<\/strong>, zapobiegaj\u0105c powstawaniu plam, wytrawianiu i niszczeniu lakieru bezbarwnego.<\/p>\n<p class=\"\" data-start=\"228\" data-end=\"309\">\ud83d\udca1 U\u017cywaj go regularnie, aby <strong data-start=\"251\" data-end=\"273\">chroni\u0107 lakier<\/strong> i zachowa\u0107 nieskazitelny wygl\u0105d samochodu.<\/p>\n<hr \/>\n<h3 class=\"\" data-start=\"1410\" data-end=\"1429\">\u2705 Kluczowe cechy:<\/h3>\n<ul data-start=\"1430\" data-end=\"1791\">\n<li class=\"\" data-start=\"2290\" data-end=\"2361\">\n<p class=\"\" data-start=\"2292\" data-end=\"2361\">Skutecznie usuwa <strong data-start=\"2312\" data-end=\"2359\">owady, krew, bia\u0142ka i zabrudzenia organiczne.<\/strong><\/p>\n<\/li>\n<li class=\"\" data-start=\"2362\" data-end=\"2425\">\n<p class=\"\" data-start=\"2364\" data-end=\"2425\">Rozpuszcza <strong data-start=\"2374\" data-end=\"2405\">soki z drzew i ptasie odchody<\/strong> bez szorowania<\/p>\n<\/li>\n<li class=\"\" data-start=\"2426\" data-end=\"2490\">\n<p class=\"\" data-start=\"2428\" data-end=\"2490\">Silnie <strong data-start=\"2435\" data-end=\"2463\">alkaliczna formu\u0142a (pH 11)<\/strong> zapewnia g\u0142\u0119bokie dzia\u0142anie czyszcz\u0105ce<\/p>\n<\/li>\n<li class=\"\" data-start=\"2491\" data-end=\"2562\">\n<p class=\"\" data-start=\"2493\" data-end=\"2562\"><strong data-start=\"2493\" data-end=\"2514\">Stabilna, g\u0119sta piana<\/strong> &#8211; przylega do powierzchni i wyd\u0142u\u017ca czas pracy<\/p>\n<\/li>\n<li class=\"\" data-start=\"2563\" data-end=\"2609\">\n<p class=\"\" data-start=\"2565\" data-end=\"2609\">Wysoka <strong data-start=\"2572\" data-end=\"2600\">wydajno\u015b\u0107 i oszcz\u0119dno\u015b\u0107<\/strong> w u\u017cytkowaniu<\/p>\n<\/li>\n<li class=\"\" data-start=\"2610\" data-end=\"2703\">\n<p class=\"\" data-start=\"2612\" data-end=\"2703\"><strong data-start=\"2612\" data-end=\"2646\">Bezpieczny dla wszystkich powierzchni zewn\u0119trznych<\/strong>, w tym <strong data-start=\"2658\" data-end=\"2701\">pow\u0142ok ceramicznych i wysokiej jako\u015bci wosk\u00f3w<\/strong>.<\/p>\n<\/li>\n<li class=\"\" data-start=\"2704\" data-end=\"2770\">\n<p class=\"\" data-start=\"2706\" data-end=\"2770\">Idealny jako \u015brodek do prania <strong data-start=\"2717\" data-end=\"2739\">wst\u0119pnego<\/strong> lub do <strong data-start=\"2747\" data-end=\"2770\">szybkiego czyszczenia punktowego<\/strong><\/p>\n<\/li>\n<li data-start=\"2704\" data-end=\"2770\"><strong>Dost\u0119pny w pojemno\u015bciach 500 ml i 1000 ml.<\/strong><\/li>\n<\/ul>\n[\/vc_column_text][\/vc_column_inner][vc_column_inner column_padding=&#8221;padding-5-percent&#8221; column_padding_tablet=&#8221;inherit&#8221; column_padding_phone=&#8221;inherit&#8221; column_padding_position=&#8221;left-right&#8221; column_element_direction_desktop=&#8221;default&#8221; column_element_spacing=&#8221;default&#8221; desktop_text_alignment=&#8221;default&#8221; tablet_text_alignment=&#8221;default&#8221; phone_text_alignment=&#8221;default&#8221; background_color_opacity=&#8221;1&#8243; background_hover_color_opacity=&#8221;1&#8243; column_backdrop_filter=&#8221;none&#8221; column_shadow=&#8221;none&#8221; column_border_radius=&#8221;none&#8221; column_link_target=&#8221;_self&#8221; overflow=&#8221;visible&#8221; gradient_direction=&#8221;left_to_right&#8221; overlay_strength=&#8221;0.3&#8243; width=&#8221;1\/2&#8243; tablet_width_inherit=&#8221;default&#8221; animation_type=&#8221;default&#8221; bg_image_animation=&#8221;none&#8221; border_type=&#8221;simple&#8221; column_border_width=&#8221;none&#8221; column_border_style=&#8221;solid&#8221; column_padding_type=&#8221;default&#8221; gradient_type=&#8221;default&#8221;][vc_column_text css=&#8221;&#8221; text_direction=&#8221;default&#8221;]\n<h2>Bezpieczny dla farb, pow\u0142ok i wszystkich powierzchni zewn\u0119trznych<\/h2>\n[\/vc_column_text][vc_column_text css=&#8221;&#8221; text_direction=&#8221;default&#8221;]\n<p class=\"\" data-start=\"882\" data-end=\"1126\">Nie trzeba jecha\u0107 przez amazo\u0144skie lasy deszczowe, aby sko\u0144czy\u0107 z przodem pokrytym rozpryskami owad\u00f3w. Wystarczy jedna podr\u00f3\u017c autostrad\u0105, aby maska, przednia szyba, lusterka boczne i grille wygl\u0105da\u0142y jak po apokalipsie komar\u00f3w.<\/p>\n<p class=\"\" data-start=\"1128\" data-end=\"1352\"><strong data-start=\"1128\" data-end=\"1186\">Owady mog\u0105 by\u0107 ma\u0142e, ale s\u0105 agresywne chemicznie<\/strong> &#8211; pe\u0142ne enzym\u00f3w i bia\u0142ek, kt\u00f3re mog\u0105 uszkodzi\u0107 lakier pojazdu w ci\u0105gu kilku godzin. Od przebarwie\u0144 i matowienia po trwa\u0142e wytrawianie, nie mo\u017cna ich ignorowa\u0107.<\/p>\n<p class=\"\" data-start=\"1354\" data-end=\"1563\"><strong data-start=\"1354\" data-end=\"1368\">BUG BUSTER<\/strong> to szybko dzia\u0142aj\u0105cy \u015brodek obronny. Jego <strong data-start=\"1402\" data-end=\"1430\">alkaliczna formu\u0142a (pH 11)<\/strong> z \u0142atwo\u015bci\u0105 rozbija skorupy owad\u00f3w, bia\u0142ka, krew i inne zanieczyszczenia organiczne.<br data-start=\"1516\" data-end=\"1519\" \/>Wystarczy <strong data-start=\"1524\" data-end=\"1563\">spryska\u0107, odczeka\u0107 chwil\u0119, sp\u0142uka\u0107 &#8211; gotowe<\/strong>.<\/p>\n<h3 data-start=\"1354\" data-end=\"1563\"><strong data-start=\"1576\" data-end=\"1625\">Skuteczny r\u00f3wnie\u017c na soki z drzew i ptasie odchody<\/strong><\/h3>\n<p class=\"\" data-start=\"1627\" data-end=\"1806\">Czy kiedykolwiek zaparkowa\u0142e\u015b pod niew\u0142a\u015bciwym drzewem &#8211; na przyk\u0142ad lip\u0105 &#8211; i znalaz\u0142e\u015b sw\u00f3j samoch\u00f3d pokryty lepkim sokiem? Ta substancja przywiera do lakieru, przyci\u0105ga kurz, a po kilku dniach twardnieje jak syrop.<\/p>\n<p class=\"\" data-start=\"1808\" data-end=\"1992\">A potem przychodz\u0105 snajperzy z g\u00f3ry &#8211; <strong data-start=\"1847\" data-end=\"1865\">ptasie odchody<\/strong>, pozornie niewinne, ale chemicznie brutalne. Pe\u0142ne <strong data-start=\"1922\" data-end=\"1943\">kwas\u00f3w i enzym\u00f3w<\/strong>, dzia\u0142aj\u0105 jak \u015brodek do usuwania farby, je\u015bli nie zostan\u0105 poddane obr\u00f3bce.<\/p>\n<p class=\"\" data-start=\"1994\" data-end=\"2258\"><strong data-start=\"1994\" data-end=\"2026\">BUG BUSTER radzi sobie r\u00f3wnie\u017c z nimi<\/strong> &#8211; soki z drzew, odchody i zaschni\u0119ty brud nie maj\u0105 szans.<br data-start=\"2090\" data-end=\"2093\" \/>Jego <strong data-start=\"2097\" data-end=\"2145\">aktywnie pieni\u0105ca si\u0119 formu\u0142a przylega do powierzchni<\/strong>, dzia\u0142aj\u0105c d\u0142u\u017cej tam, gdzie jest najbardziej potrzebna, nawet na <strong data-start=\"2194\" data-end=\"2215\">zapieczone pozosta\u0142o\u015bci<\/strong> po d\u0142ugich jazdach lub intensywnym nas\u0142onecznieniu.<\/p>\n<hr class=\"\" data-start=\"1793\" data-end=\"1796\" \/>\n<h3 class=\"\" data-start=\"1798\" data-end=\"1813\">Jak u\u017cywa\u0107:<\/h3>\n<ol>\n<li class=\"\" data-start=\"33\" data-end=\"83\">\n<p class=\"\" data-start=\"36\" data-end=\"83\">Spryska\u0107 obficie <strong data-start=\"60\" data-end=\"68\">ch\u0142odn\u0105<\/strong> powierzchni\u0119 samochodu.<\/p>\n<\/li>\n<li class=\"\" data-start=\"84\" data-end=\"133\">\n<p class=\"\" data-start=\"87\" data-end=\"133\">Odczeka\u0107 <strong data-start=\"92\" data-end=\"106\">30 sekund<\/strong> &#8211; <strong data-start=\"112\" data-end=\"119\">nie<\/strong> dopu\u015bci\u0107 do wyschni\u0119cia.<\/p>\n<\/li>\n<li class=\"\" data-start=\"134\" data-end=\"190\">\n<p class=\"\" data-start=\"137\" data-end=\"190\">Dok\u0142adnie sp\u0142uka\u0107 <strong data-start=\"159\" data-end=\"187\">wod\u0105 lub myjk\u0105 ci\u015bnieniow\u0105<\/strong>.<\/p>\n<\/li>\n<li class=\"\" data-start=\"191\" data-end=\"233\">\n<p class=\"\" data-start=\"194\" data-end=\"233\">Powt\u00f3rzy\u0107 w razie potrzeby w przypadku uporczywych pozosta\u0142o\u015bci.<\/p>\n<\/li>\n<\/ol>\n<hr class=\"\" data-start=\"2439\" data-end=\"2442\" \/>\n<h3 data-start=\"3193\" data-end=\"3213\"><strong data-start=\"3199\" data-end=\"3211\">Pro Tip:<\/strong><\/h3>\n<p class=\"\" data-start=\"3214\" data-end=\"3379\">Stosowa\u0107 przed pian\u0105 \u015bnie\u017cn\u0105 lub szamponem, aby <strong data-start=\"3249\" data-end=\"3287\">zapobiec rozprzestrzenianiu si\u0119 pozosta\u0142o\u015bci owad\u00f3w<\/strong> podczas mycia kontaktowego. W przypadku uporczywych, zaschni\u0119tych zanieczyszcze\u0144 zastosowa\u0107 dwukrotnie lub wyd\u0142u\u017cy\u0107 czas dzia\u0142ania.<\/p>\n[\/vc_column_text][nectar_cta btn_style=&#8221;basic&#8221; heading_tag=&#8221;h6&#8243; border_radius=&#8221;10&#8243; button_color=&#8221;default&#8221; text_color=&#8221;#fbb921&#8243; text_color_hover=&#8221;#ffffff&#8221; button_border_color=&#8221;#fbb921&#8243; button_border_color_hover=&#8221;#ffffff&#8221; button_border_thickness=&#8221;4px&#8221; link_type=&#8221;regular&#8221; alignment=&#8221;center&#8221; alignment_tablet=&#8221;default&#8221; alignment_phone=&#8221;default&#8221; constrain_group_3=&#8221;yes&#8221; display=&#8221;block&#8221; display_tablet=&#8221;inherit&#8221; display_phone=&#8221;inherit&#8221; icon_family=&#8221;linecons&#8221; class=&#8221;buy-button&#8221; font_size_desktop=&#8221;20&#8243; link_text=&#8221;Kupuj w Autoryzowanych Sklepach&#8221; padding_top=&#8221;11&#8243; padding_bottom=&#8221;11&#8243; padding_left=&#8221;11&#8243; padding_right=&#8221;11&#8243; icon_linecons=&#8221;vc_li vc_li-star&#8221; font_size_phone=&#8221;1rem&#8221;][vc_column_text css=&#8221;&#8221; text_direction=&#8221;default&#8221;]\n<div class=\"ws-nav\" style=\"text-align: center;\"><a class=\"ws-nav__btn ws-nav__btn--prev\" href=\"https:\/\/goodstuff.com.pl\/pl\/produkty\/mycie\/sour-shampoo\/\">\u2190 POPRZEDNI <\/a><br \/>\n<a class=\"ws-nav__btn ws-nav__btn--next\" href=\"https:\/\/goodstuff.com.pl\/pl\/produkty\/mycie\/clay-lube\/\">NAST\u0118PNY\u2192<\/a><\/div>\n[\/vc_column_text][\/vc_column_inner][\/vc_row_inner][\/vc_column][\/vc_row]\n","protected":false},"excerpt":{"rendered":"<p>[vc_row type=&#8221;full_width_background&#8221; full_screen_row_position=&#8221;middle&#8221; column_margin=&#8221;default&#8221; column_direction=&#8221;default&#8221; column_direction_tablet=&#8221;default&#8221; column_direction_phone=&#8221;default&#8221; bg_color=&#8221;#212121&#8243; bg_image=&#8221;29811&#8243; bg_position=&#8221;left top&#8221; background_image_loading=&#8221;lazy-load&#8221; bg_repeat=&#8221;no-repeat&#8221; scene_position=&#8221;center&#8221; top_padding=&#8221;4%&#8221; bottom_padding=&#8221;6%&#8221; text_color=&#8221;light&#8221; text_align=&#8221;left&#8221; row_border_radius=&#8221;none&#8221; row_border_radius_applies=&#8221;bg&#8221; overflow=&#8221;visible&#8221; color_overlay=&#8221;#212121&#8243; overlay_strength=&#8221;0.8&#8243; gradient_direction=&#8221;left_to_right&#8221; shape_divider_position=&#8221;bottom&#8221; bg_image_animation=&#8221;none&#8221; parallax_bg=&#8221;true&#8221; parallax_bg_speed=&#8221;fast&#8221; shape_type=&#8221;&#8221; gradient_type=&#8221;default&#8221;][vc_column&#8230;<\/p>\n","protected":false},"author":1,"featured_media":31602,"parent":29403,"menu_order":0,"comment_status":"closed","ping_status":"closed","template":"","meta":{"footnotes":""},"class_list":["post-31611","page","type-page","status-publish","has-post-thumbnail"],"publishpress_future_action":{"enabled":false,"date":"2026-04-14 10:26:28","action":"change-status","newStatus":"draft","terms":[],"taxonomy":"translation_priority","extraData":[]},"publishpress_future_workflow_manual_trigger":{"enabledWorkflows":[]},"_links":{"self":[{"href":"https:\/\/goodstuff.com.pl\/pl\/wp-json\/wp\/v2\/pages\/31611","targetHints":{"allow":["GET"]}}],"collection":[{"href":"https:\/\/goodstuff.com.pl\/pl\/wp-json\/wp\/v2\/pages"}],"about":[{"href":"https:\/\/goodstuff.com.pl\/pl\/wp-json\/wp\/v2\/types\/page"}],"author":[{"embeddable":true,"href":"https:\/\/goodstuff.com.pl\/pl\/wp-json\/wp\/v2\/users\/1"}],"replies":[{"embeddable":true,"href":"https:\/\/goodstuff.com.pl\/pl\/wp-json\/wp\/v2\/comments?post=31611"}],"version-history":[{"count":8,"href":"https:\/\/goodstuff.com.pl\/pl\/wp-json\/wp\/v2\/pages\/31611\/revisions"}],"predecessor-version":[{"id":33882,"href":"https:\/\/goodstuff.com.pl\/pl\/wp-json\/wp\/v2\/pages\/31611\/revisions\/33882"}],"up":[{"embeddable":true,"href":"https:\/\/goodstuff.com.pl\/pl\/wp-json\/wp\/v2\/pages\/29403"}],"wp:featuredmedia":[{"embeddable":true,"href":"https:\/\/goodstuff.com.pl\/pl\/wp-json\/wp\/v2\/media\/31602"}],"wp:attachment":[{"href":"https:\/\/goodstuff.com.pl\/pl\/wp-json\/wp\/v2\/media?parent=31611"}],"curies":[{"name":"wp","href":"https:\/\/api.w.org\/{rel}","templated":true}]}}