{"id":32739,"date":"2025-08-04T12:34:21","date_gmt":"2025-08-04T10:34:21","guid":{"rendered":"https:\/\/goodstuff.com.pl\/?page_id=32739"},"modified":"2026-03-27T07:44:07","modified_gmt":"2026-03-27T06:44:07","slug":"trinity-graphene-coating","status":"publish","type":"page","link":"https:\/\/goodstuff.com.pl\/pl\/produkty\/powloki-protect-shine\/trinity-graphene-coating\/","title":{"rendered":"Trinity Graphene Coating \u2013  Grafenowa Pow\u0142oka Ochronna| Good Stuff"},"content":{"rendered":"[vc_row type=&#8221;full_width_background&#8221; full_screen_row_position=&#8221;middle&#8221; column_margin=&#8221;default&#8221; column_direction=&#8221;default&#8221; column_direction_tablet=&#8221;default&#8221; column_direction_phone=&#8221;default&#8221; bg_color=&#8221;#212121&#8243; bg_image=&#8221;32770&#8243; bg_position=&#8221;left top&#8221; background_image_loading=&#8221;lazy-load&#8221; bg_repeat=&#8221;no-repeat&#8221; scene_position=&#8221;center&#8221; top_padding=&#8221;4%&#8221; bottom_padding=&#8221;6%&#8221; text_color=&#8221;light&#8221; text_align=&#8221;left&#8221; row_border_radius=&#8221;none&#8221; row_border_radius_applies=&#8221;bg&#8221; overflow=&#8221;visible&#8221; color_overlay=&#8221;#212121&#8243; overlay_strength=&#8221;0.8&#8243; gradient_direction=&#8221;left_to_right&#8221; shape_divider_position=&#8221;bottom&#8221; bg_image_animation=&#8221;none&#8221; parallax_bg=&#8221;true&#8221; parallax_bg_speed=&#8221;fast&#8221; shape_type=&#8221;&#8221; gradient_type=&#8221;default&#8221;][vc_column column_padding=&#8221;no-extra-padding&#8221; column_padding_tablet=&#8221;inherit&#8221; column_padding_phone=&#8221;inherit&#8221; column_padding_position=&#8221;all&#8221; column_element_direction_desktop=&#8221;default&#8221; column_element_spacing=&#8221;default&#8221; desktop_text_alignment=&#8221;default&#8221; tablet_text_alignment=&#8221;default&#8221; phone_text_alignment=&#8221;default&#8221; background_color_opacity=&#8221;1&#8243; background_hover_color_opacity=&#8221;1&#8243; column_backdrop_filter=&#8221;none&#8221; column_shadow=&#8221;none&#8221; column_border_radius=&#8221;none&#8221; column_link_target=&#8221;_self&#8221; column_position=&#8221;default&#8221; gradient_direction=&#8221;left_to_right&#8221; overlay_strength=&#8221;0.3&#8243; width=&#8221;1\/1&#8243; tablet_width_inherit=&#8221;default&#8221; animation_type=&#8221;default&#8221; bg_image_animation=&#8221;none&#8221; border_type=&#8221;simple&#8221; column_border_width=&#8221;none&#8221; column_border_style=&#8221;solid&#8221;][nectar_highlighted_text text_color=&#8221;#ff7070&#8243; style=&#8221;scribble&#8221; scribble_thickness=&#8221;thin&#8221; scribble_speed=&#8221;1.8s&#8221; scribble_easing=&#8221;ease_in_out&#8221; text_direction=&#8221;default&#8221; custom_font_size=&#8221;3vw&#8221;]\n<h1 data-product-id=\"153\">TRINITY GRAPHENE COATING \u2013 Grafenowa Pow\u0142oka Ochronna<\/h1>\n[\/nectar_highlighted_text][vc_row_inner column_margin=&#8221;30px&#8221; column_direction=&#8221;default&#8221; column_direction_tablet=&#8221;default&#8221; column_direction_phone=&#8221;default&#8221; text_align=&#8221;left&#8221; row_position=&#8221;default&#8221; row_position_tablet=&#8221;inherit&#8221; row_position_phone=&#8221;inherit&#8221; overflow=&#8221;visible&#8221; pointer_events=&#8221;all&#8221;][vc_column_inner column_padding=&#8221;no-extra-padding&#8221; column_padding_tablet=&#8221;inherit&#8221; column_padding_phone=&#8221;inherit&#8221; column_padding_position=&#8221;all&#8221; column_element_direction_desktop=&#8221;default&#8221; column_element_spacing=&#8221;default&#8221; desktop_text_alignment=&#8221;default&#8221; tablet_text_alignment=&#8221;default&#8221; phone_text_alignment=&#8221;default&#8221; background_color_opacity=&#8221;1&#8243; background_hover_color_opacity=&#8221;1&#8243; column_backdrop_filter=&#8221;none&#8221; column_shadow=&#8221;none&#8221; column_border_radius=&#8221;none&#8221; column_link_target=&#8221;_self&#8221; overflow=&#8221;visible&#8221; gradient_direction=&#8221;left_to_right&#8221; overlay_strength=&#8221;0.3&#8243; width=&#8221;1\/2&#8243; tablet_width_inherit=&#8221;default&#8221; animation_type=&#8221;default&#8221; bg_image_animation=&#8221;none&#8221; border_type=&#8221;simple&#8221; column_border_width=&#8221;none&#8221; column_border_style=&#8221;solid&#8221;][nectar_cta btn_style=&#8221;basic&#8221; heading_tag=&#8221;h6&#8243; border_radius=&#8221;10&#8243; button_color=&#8221;default&#8221; text_color=&#8221;#fbb921&#8243; text_color_hover=&#8221;#ffffff&#8221; button_border_color=&#8221;#fbb921&#8243; button_border_color_hover=&#8221;#ffffff&#8221; button_border_thickness=&#8221;4px&#8221; link_type=&#8221;regular&#8221; alignment=&#8221;center&#8221; alignment_tablet=&#8221;default&#8221; alignment_phone=&#8221;default&#8221; constrain_group_3=&#8221;yes&#8221; display=&#8221;block&#8221; display_tablet=&#8221;inherit&#8221; display_phone=&#8221;inherit&#8221; icon_family=&#8221;linecons&#8221; class=&#8221;buy-button&#8221; font_size_desktop=&#8221;20&#8243; link_text=&#8221;Kupuj w Autoryzowanych Sklepach&#8221; padding_top=&#8221;11&#8243; padding_bottom=&#8221;11&#8243; padding_left=&#8221;11&#8243; padding_right=&#8221;11&#8243; icon_linecons=&#8221;vc_li vc_li-star&#8221; font_size_phone=&#8221;1rem&#8221;][vc_gallery css=&#8221;&#8221; type=&#8221;image_grid&#8221; images=&#8221;32711,32716,32726,32721&#8243; image_grid_loading=&#8221;lazy-load&#8221; layout=&#8221;2&#8243; item_spacing=&#8221;5px&#8221; gallery_style=&#8221;5&#8243; load_in_animation=&#8221;none&#8221; img_size=&#8221;full&#8221;][nectar_video_player_self_hosted video_mp4=&#8221;https:\/\/goodstuff.com.pl\/wp-content\/uploads\/2025\/12\/trinity-.mp4&#8243; el_aspect=&#8221;11&#8243; player_functionality=&#8221;default&#8221; border_radius=&#8221;10px&#8221; box_shadow=&#8221;none&#8221; advanced_gradient_display_type=&#8221;linear&#8221;][vc_column_text css=&#8221;&#8221; text_direction=&#8221;default&#8221;]\n<h2 data-start=\"998\" data-end=\"1029\">Najwa\u017cniejsze cechy produktu<\/h2>\n<ul data-start=\"1031\" data-end=\"1396\">\n<li data-start=\"1031\" data-end=\"1077\">\n<p data-start=\"1033\" data-end=\"1077\">rozmiar: 30 ml<\/p>\n<\/li>\n<li data-start=\"1078\" data-end=\"1142\">\n<p data-start=\"1080\" data-end=\"1142\">kompatybilna z lakierem, PPF, plastikiem, karbonem i metalem<\/p>\n<\/li>\n<li data-start=\"1143\" data-end=\"1185\">\n<p data-start=\"1145\" data-end=\"1185\">intensywny po\u0142ysk<\/p>\n<\/li>\n<li data-start=\"1186\" data-end=\"1219\">\n<p data-start=\"1188\" data-end=\"1219\">silne w\u0142a\u015bciwo\u015bci hydrofobowe<\/p>\n<\/li>\n<li data-start=\"1220\" data-end=\"1271\">\n<p data-start=\"1222\" data-end=\"1271\">wysoka odporno\u015b\u0107 na UV<\/p>\n<\/li>\n<li data-start=\"1220\" data-end=\"1271\">\n<p data-start=\"1222\" data-end=\"1271\">zwi\u0119kszona odporno\u015b\u0107 na mikro zarysowania<\/p>\n<\/li>\n<li data-start=\"1317\" data-end=\"1356\">\n<p data-start=\"1319\" data-end=\"1356\">bezpieczna i kontrolowana aplikacja<\/p>\n<\/li>\n<li data-start=\"1357\" data-end=\"1396\">\n<p data-start=\"1359\" data-end=\"1396\">mo\u017cliwo\u015b\u0107 aplikacji do <strong data-start=\"1382\" data-end=\"1394\">2 warstw<\/strong><\/p>\n<\/li>\n<\/ul>\n<hr data-start=\"1398\" data-end=\"1401\" \/>\n<h2 data-start=\"1403\" data-end=\"1431\">Wskaz\u00f3wki przed aplikacj\u0105<\/h2>\n<p data-start=\"1433\" data-end=\"1522\">Aby uzyska\u0107 maksymalny efekt i trwa\u0142o\u015b\u0107 pow\u0142oki TRINITY, nale\u017cy spe\u0142ni\u0107 poni\u017csze warunki:<\/p>\n<ul data-start=\"1524\" data-end=\"1940\">\n<li data-start=\"1524\" data-end=\"1596\">\n<p data-start=\"1526\" data-end=\"1596\">aplikuj w pomieszczeniu <strong data-start=\"1550\" data-end=\"1594\">zadaszonym, suchym i dobrze wentylowanym<\/strong><\/p>\n<\/li>\n<li data-start=\"1597\" data-end=\"1626\">\n<p data-start=\"1599\" data-end=\"1626\">unikaj kurzu i przeci\u0105g\u00f3w<\/p>\n<\/li>\n<li data-start=\"1627\" data-end=\"1665\">\n<p data-start=\"1629\" data-end=\"1665\">temperatura otoczenia: <strong data-start=\"1652\" data-end=\"1663\">15\u201325\u00b0C<\/strong><\/p>\n<\/li>\n<li data-start=\"1666\" data-end=\"1702\">\n<p data-start=\"1668\" data-end=\"1702\">wilgotno\u015b\u0107 powietrza: <strong data-start=\"1690\" data-end=\"1700\">40\u201370%<\/strong><\/p>\n<\/li>\n<li data-start=\"1703\" data-end=\"1758\">\n<p data-start=\"1705\" data-end=\"1758\">nie aplikuj na rozgrzany lakier ani w pe\u0142nym s\u0142o\u0144cu<\/p>\n<\/li>\n<li data-start=\"1759\" data-end=\"1812\">\n<p data-start=\"1761\" data-end=\"1812\">dok\u0142adnie umyj auto szamponem o <strong data-start=\"1793\" data-end=\"1810\">neutralnym pH<\/strong><\/p>\n<\/li>\n<li data-start=\"1813\" data-end=\"1857\">\n<p data-start=\"1815\" data-end=\"1857\">wykonaj <strong data-start=\"1823\" data-end=\"1855\">pe\u0142n\u0105 dekontaminacj\u0119 lakieru<\/strong><\/p>\n<\/li>\n<li data-start=\"1858\" data-end=\"1940\">\n<p data-start=\"1860\" data-end=\"1940\"><strong data-start=\"1860\" data-end=\"1896\">korekta lakieru jest obowi\u0105zkowa<\/strong> \u2013 znacz\u0105co poprawia efekt ko\u0144cowy pow\u0142oki<\/p>\n<\/li>\n<\/ul>\n[\/vc_column_text][\/vc_column_inner][vc_column_inner column_padding=&#8221;padding-5-percent&#8221; column_padding_tablet=&#8221;inherit&#8221; column_padding_phone=&#8221;inherit&#8221; column_padding_position=&#8221;left-right&#8221; column_element_direction_desktop=&#8221;default&#8221; column_element_spacing=&#8221;default&#8221; desktop_text_alignment=&#8221;default&#8221; tablet_text_alignment=&#8221;default&#8221; phone_text_alignment=&#8221;default&#8221; background_color_opacity=&#8221;1&#8243; background_hover_color_opacity=&#8221;1&#8243; column_backdrop_filter=&#8221;none&#8221; column_shadow=&#8221;none&#8221; column_border_radius=&#8221;none&#8221; column_link_target=&#8221;_self&#8221; overflow=&#8221;visible&#8221; gradient_direction=&#8221;left_to_right&#8221; overlay_strength=&#8221;0.3&#8243; width=&#8221;1\/2&#8243; tablet_width_inherit=&#8221;default&#8221; animation_type=&#8221;default&#8221; bg_image_animation=&#8221;none&#8221; border_type=&#8221;simple&#8221; column_border_width=&#8221;none&#8221; column_border_style=&#8221;solid&#8221; column_padding_type=&#8221;default&#8221; gradient_type=&#8221;default&#8221;][vc_column_text css=&#8221;&#8221; text_direction=&#8221;default&#8221;]\n<h2>Grafenowa Pow\u0142oka Ceramiczna Dla Maksymalnego Po\u0142ysku, Hydrofobowo\u015bci i Trwa\u0142o\u015bci<\/h2>\n[\/vc_column_text][vc_column_text css=&#8221;&#8221; text_direction=&#8221;default&#8221;]\n<p data-start=\"312\" data-end=\"672\"><strong data-start=\"312\" data-end=\"323\">TRINITY<\/strong> to zaawansowana <strong data-start=\"340\" data-end=\"370\">grafenowa pow\u0142oka ochronna<\/strong>, stworzona z my\u015bl\u0105 o maksymalnej trwa\u0142o\u015bci, g\u0142\u0119bokim po\u0142ysku i bezpiecznej aplikacji. Produkt jest kompatybilny z <strong data-start=\"485\" data-end=\"556\">lakierem samochodowym, foli\u0105 PPF, plastikiem, karbonem oraz metalem<\/strong>, dzi\u0119ki czemu idealnie sprawdzi si\u0119 zar\u00f3wno w studiu detailingowym, jak i przy profesjonalnym u\u017cytku indywidualnym.<\/p>\n<p data-start=\"674\" data-end=\"991\">Formu\u0142a TRINITY oparta jest na <strong data-start=\"705\" data-end=\"771\">nano diamentach, nanorurkach w\u0119glowych oraz elastycznej matrycy<\/strong>, kt\u00f3re tworz\u0105 odporn\u0105, szklist\u0105 warstw\u0119 ochronn\u0105. Pow\u0142oka zapewnia <strong data-start=\"839\" data-end=\"866\">silny efekt hydrofobowy<\/strong>, wysok\u0105 odporno\u015b\u0107 na <strong data-start=\"888\" data-end=\"909\">promieniowanie UV<\/strong>, chemi\u0119 oraz <strong data-start=\"923\" data-end=\"943\">mikro zarysowania<\/strong>, jednocze\u015bnie podbijaj\u0105c g\u0142\u0119bi\u0119 koloru lakieru.<\/p>\n<hr data-start=\"838\" data-end=\"841\" \/>\n<h2 data-start=\"1947\" data-end=\"1986\">Instrukcja aplikacji \u2013 krok po kroku<\/h2>\n<ol data-start=\"1988\" data-end=\"3245\">\n<li data-start=\"1988\" data-end=\"2076\">\n<p data-start=\"1991\" data-end=\"2076\"><strong data-start=\"1991\" data-end=\"2020\">Odt\u0142uszczanie powierzchni<\/strong><br data-start=\"2020\" data-end=\"2023\" \/>Dok\u0142adnie odt\u0142u\u015b\u0107 lakier przy u\u017cyciu roztworu IPA.<\/p>\n<\/li>\n<li data-start=\"2078\" data-end=\"2201\">\n<p data-start=\"2081\" data-end=\"2201\"><strong data-start=\"2081\" data-end=\"2107\">Przygotowanie produktu<\/strong><br data-start=\"2107\" data-end=\"2110\" \/>Wstrz\u0105\u015bnij butelk\u0105 i nanie\u015b <strong data-start=\"2141\" data-end=\"2156\">8\u201310 kropli<\/strong> pow\u0142oki na aplikator z mikrofibry lub g\u0105bki.<\/p>\n<\/li>\n<li data-start=\"2203\" data-end=\"2317\">\n<p data-start=\"2206\" data-end=\"2317\"><strong data-start=\"2206\" data-end=\"2227\">Aplikacja pow\u0142oki<\/strong><br data-start=\"2227\" data-end=\"2230\" \/>Pracuj na sekcjach ok. <strong data-start=\"2256\" data-end=\"2270\">50 \u00d7 50 cm<\/strong>, stosuj\u0105c metod\u0119 krzy\u017cow\u0105 (pionowo + poziomo).<\/p>\n<\/li>\n<li data-start=\"2319\" data-end=\"2436\">\n<p data-start=\"2322\" data-end=\"2436\"><strong data-start=\"2322\" data-end=\"2339\">Czas wi\u0105zania<\/strong><br data-start=\"2339\" data-end=\"2342\" \/>Odczekaj <strong data-start=\"2354\" data-end=\"2371\">30\u2013120 sekund<\/strong> (w zale\u017cno\u015bci od warunk\u00f3w), a\u017c powierzchnia stanie si\u0119 satynowa.<\/p>\n<\/li>\n<li data-start=\"2438\" data-end=\"2684\">\n<p data-start=\"2441\" data-end=\"2684\"><strong data-start=\"2441\" data-end=\"2461\">Dotarcie pow\u0142oki<\/strong><br data-start=\"2461\" data-end=\"2464\" \/>U\u017cyj <strong data-start=\"2472\" data-end=\"2502\">nowych, g\u0142adkich mikrofibr<\/strong>:<br data-start=\"2503\" data-end=\"2506\" \/>\u2013 pierwsz\u0105 usu\u0144 nadmiar produktu<br data-start=\"2541\" data-end=\"2544\" \/>\u2013 drug\u0105 wypoleruj powierzchni\u0119 lekkimi, kolistymi ruchami bez nacisku<br data-start=\"2616\" data-end=\"2619\" \/>Pracuj przy \u015bwietle inspekcyjnym, aby wyeliminowa\u0107 high-spoty.<\/p>\n<\/li>\n<li data-start=\"2686\" data-end=\"2803\">\n<p data-start=\"2689\" data-end=\"2803\"><strong data-start=\"2689\" data-end=\"2718\">Warstwowanie (opcjonalne)<\/strong><br data-start=\"2718\" data-end=\"2721\" \/>Mo\u017cliwa aplikacja do <strong data-start=\"2745\" data-end=\"2757\">2 warstw<\/strong>, z zachowaniem minimum <strong data-start=\"2781\" data-end=\"2802\">1 godziny przerwy<\/strong>.<\/p>\n<\/li>\n<li data-start=\"2805\" data-end=\"2936\">\n<p data-start=\"2808\" data-end=\"2936\"><strong data-start=\"2808\" data-end=\"2831\">Wst\u0119pne utwardzenie<\/strong><br data-start=\"2831\" data-end=\"2834\" \/>Po aplikacji pozostaw auto w suchym miejscu na <strong data-start=\"2884\" data-end=\"2896\">8 godzin<\/strong> \u2013 bez kontaktu z wod\u0105, chemi\u0105 i kurzem.<\/p>\n<\/li>\n<li data-start=\"2938\" data-end=\"3067\">\n<p data-start=\"2941\" data-end=\"3067\"><strong data-start=\"2941\" data-end=\"2962\">Pe\u0142ne utwardzenie<\/strong><br data-start=\"2962\" data-end=\"2965\" \/>Pe\u0142na trwa\u0142o\u015b\u0107 pow\u0142oki po <strong data-start=\"2994\" data-end=\"3006\">7 dniach<\/strong>. W tym czasie nie myj auta ani nie aplikuj innych produkt\u00f3w.<\/p>\n<\/li>\n<li data-start=\"3069\" data-end=\"3245\">\n<p data-start=\"3072\" data-end=\"3245\"><strong data-start=\"3072\" data-end=\"3095\">Piel\u0119gnacja pow\u0142oki<\/strong><br data-start=\"3095\" data-end=\"3098\" \/>Stosuj szampony o pH <strong data-start=\"3122\" data-end=\"3129\">4\u20137<\/strong>. Unikaj silnie zasadowych \u015brodk\u00f3w i pian o skrajnych warto\u015bciach pH (chyba \u017ce zostan\u0105 natychmiast zneutralizowane).<\/p>\n<\/li>\n<\/ol>\n<hr class=\"\" data-start=\"2439\" data-end=\"2442\" \/>\n<h2 data-start=\"3252\" data-end=\"3277\">Warunki przechowywania<\/h2>\n<ul data-start=\"3279\" data-end=\"3582\">\n<li data-start=\"3279\" data-end=\"3326\">\n<p data-start=\"3281\" data-end=\"3326\">przechowywa\u0107 w suchym i zacienionym miejscu<\/p>\n<\/li>\n<li data-start=\"3327\" data-end=\"3371\">\n<p data-start=\"3329\" data-end=\"3371\">po otwarciu zu\u017cy\u0107 w ci\u0105gu <strong data-start=\"3355\" data-end=\"3369\">3 miesi\u0119cy<\/strong><\/p>\n<\/li>\n<li data-start=\"3372\" data-end=\"3421\">\n<p data-start=\"3374\" data-end=\"3421\">temperatura przechowywania: <strong data-start=\"3402\" data-end=\"3419\">+5\u00b0C do +25\u00b0C<\/strong><\/p>\n<\/li>\n<li data-start=\"3422\" data-end=\"3502\">\n<p data-start=\"3424\" data-end=\"3502\">trwa\u0142o\u015b\u0107 ochrony: <strong data-start=\"3442\" data-end=\"3454\">do 3 lat<\/strong> (w zale\u017cno\u015bci od liczby warstw i piel\u0119gnacji)<\/p>\n<\/li>\n<li data-start=\"3503\" data-end=\"3582\">\n<p data-start=\"3505\" data-end=\"3582\">osad lub zm\u0119tnienie to zjawisko naturalne i <strong data-start=\"3549\" data-end=\"3582\">nie wp\u0142ywa na jako\u015b\u0107 produktu<\/strong><\/p>\n<\/li>\n<\/ul>\n<hr data-start=\"3584\" data-end=\"3587\" \/>\n<p data-start=\"3193\" data-end=\"3213\"><strong data-start=\"61\" data-end=\"89\">Trinity Graphene Coating<\/strong> to profesjonalnej klasy pow\u0142oka ceramiczna. Zapewnia do <strong data-start=\"174\" data-end=\"191\" data-is-only-node=\"\">3 lat ochrony<\/strong>, ekstremalny po\u0142ysk oraz silny efekt hydrofobowy. Chroni <strong data-start=\"249\" data-end=\"288\">lakier, felgi i elementy plastikowe<\/strong> przed promieniowaniem UV, chemi\u0105 oraz zabrudzeniami. <strong data-start=\"342\" data-end=\"363\">\u0141atwa w aplikacji<\/strong>, bezpieczna dla wszystkich zewn\u0119trznych powierzchni pojazdu.<\/p>\n[\/vc_column_text][nectar_cta btn_style=&#8221;basic&#8221; heading_tag=&#8221;h6&#8243; border_radius=&#8221;10&#8243; button_color=&#8221;default&#8221; text_color=&#8221;#fbb921&#8243; text_color_hover=&#8221;#ffffff&#8221; button_border_color=&#8221;#fbb921&#8243; button_border_color_hover=&#8221;#ffffff&#8221; button_border_thickness=&#8221;4px&#8221; link_type=&#8221;regular&#8221; alignment=&#8221;center&#8221; alignment_tablet=&#8221;default&#8221; alignment_phone=&#8221;default&#8221; constrain_group_3=&#8221;yes&#8221; display=&#8221;block&#8221; display_tablet=&#8221;inherit&#8221; display_phone=&#8221;inherit&#8221; icon_family=&#8221;linecons&#8221; class=&#8221;buy-button&#8221; font_size_desktop=&#8221;20&#8243; link_text=&#8221;Kupuj w Autoryzowanych Sklepach&#8221; padding_top=&#8221;11&#8243; padding_bottom=&#8221;11&#8243; padding_left=&#8221;11&#8243; padding_right=&#8221;11&#8243; icon_linecons=&#8221;vc_li vc_li-star&#8221; font_size_phone=&#8221;1rem&#8221;][vc_column_text css=&#8221;&#8221; text_direction=&#8221;default&#8221;]\n<div class=\"ws-nav\" style=\"text-align: center;\"><a class=\"ws-nav__btn ws-nav__btn--prev\" href=\"https:\/\/goodstuff.com.pl\/pl\/produkty\/zewnetrzne\/traffic-film-remover\/\">\u2190 POPRZEDNI <\/a><br \/>\n<a class=\"ws-nav__btn ws-nav__btn--next\" href=\"https:\/\/goodstuff.com.pl\/pl\/produkty\/zewnetrzne\/ice-breaker\/\">NAST\u0118PNY\u2192<\/a><\/div>\n[\/vc_column_text][\/vc_column_inner][\/vc_row_inner][\/vc_column][\/vc_row]\n","protected":false},"excerpt":{"rendered":"<p>[vc_row type=&#8221;full_width_background&#8221; full_screen_row_position=&#8221;middle&#8221; column_margin=&#8221;default&#8221; column_direction=&#8221;default&#8221; column_direction_tablet=&#8221;default&#8221; column_direction_phone=&#8221;default&#8221; bg_color=&#8221;#212121&#8243; bg_image=&#8221;32770&#8243; bg_position=&#8221;left top&#8221; background_image_loading=&#8221;lazy-load&#8221; bg_repeat=&#8221;no-repeat&#8221; scene_position=&#8221;center&#8221; top_padding=&#8221;4%&#8221; bottom_padding=&#8221;6%&#8221; text_color=&#8221;light&#8221; text_align=&#8221;left&#8221; row_border_radius=&#8221;none&#8221; row_border_radius_applies=&#8221;bg&#8221; overflow=&#8221;visible&#8221; color_overlay=&#8221;#212121&#8243; overlay_strength=&#8221;0.8&#8243; gradient_direction=&#8221;left_to_right&#8221; shape_divider_position=&#8221;bottom&#8221; bg_image_animation=&#8221;none&#8221; parallax_bg=&#8221;true&#8221; parallax_bg_speed=&#8221;fast&#8221; shape_type=&#8221;&#8221; gradient_type=&#8221;default&#8221;][vc_column&#8230;<\/p>\n","protected":false},"author":1,"featured_media":32719,"parent":32760,"menu_order":0,"comment_status":"closed","ping_status":"closed","template":"","meta":{"footnotes":""},"class_list":["post-32739","page","type-page","status-publish","has-post-thumbnail"],"publishpress_future_action":{"enabled":false,"date":"2026-04-15 14:01:16","action":"change-status","newStatus":"draft","terms":[],"taxonomy":"translation_priority","extraData":[]},"publishpress_future_workflow_manual_trigger":{"enabledWorkflows":[]},"_links":{"self":[{"href":"https:\/\/goodstuff.com.pl\/pl\/wp-json\/wp\/v2\/pages\/32739","targetHints":{"allow":["GET"]}}],"collection":[{"href":"https:\/\/goodstuff.com.pl\/pl\/wp-json\/wp\/v2\/pages"}],"about":[{"href":"https:\/\/goodstuff.com.pl\/pl\/wp-json\/wp\/v2\/types\/page"}],"author":[{"embeddable":true,"href":"https:\/\/goodstuff.com.pl\/pl\/wp-json\/wp\/v2\/users\/1"}],"replies":[{"embeddable":true,"href":"https:\/\/goodstuff.com.pl\/pl\/wp-json\/wp\/v2\/comments?post=32739"}],"version-history":[{"count":13,"href":"https:\/\/goodstuff.com.pl\/pl\/wp-json\/wp\/v2\/pages\/32739\/revisions"}],"predecessor-version":[{"id":33923,"href":"https:\/\/goodstuff.com.pl\/pl\/wp-json\/wp\/v2\/pages\/32739\/revisions\/33923"}],"up":[{"embeddable":true,"href":"https:\/\/goodstuff.com.pl\/pl\/wp-json\/wp\/v2\/pages\/32760"}],"wp:featuredmedia":[{"embeddable":true,"href":"https:\/\/goodstuff.com.pl\/pl\/wp-json\/wp\/v2\/media\/32719"}],"wp:attachment":[{"href":"https:\/\/goodstuff.com.pl\/pl\/wp-json\/wp\/v2\/media?parent=32739"}],"curies":[{"name":"wp","href":"https:\/\/api.w.org\/{rel}","templated":true}]}}